{"id":986,"date":"2013-01-28T14:31:47","date_gmt":"2013-01-28T12:31:47","guid":{"rendered":"http:\/\/www.budokwai.fi\/taekwondo\/?page_id=986"},"modified":"2026-04-08T22:32:08","modified_gmt":"2026-04-08T19:32:08","slug":"oheispalvelut","status":"publish","type":"page","link":"https:\/\/www.budokwai.fi\/taekwondo\/seura\/oheispalvelut\/","title":{"rendered":"Lajiesittelyt ja syntym\u00e4p\u00e4iv\u00e4t"},"content":{"rendered":"\n<p>Tarjoamme j\u00e4senhankintana lajiesittelyj\u00e4 kouluille, p\u00e4iv\u00e4kodeille, yrityksille ja yksityisille henkil\u00f6lle, esim. polttariporukalle. J\u00e4rjest\u00e4mme my\u00f6s suosittuja ja edullisia taekwondo-syntym\u00e4p\u00e4ivi\u00e4.<\/p>\n\n\n\n<div class=\"wp-block-greenshift-blocks-row gspb_row gspb_row-id-gsbp-5391d17\" id=\"gspb_row-id-gsbp-5391d17\"><div class=\"gspb_row__content\"> \n<div class=\"wp-block-greenshift-blocks-row-column gspb_row__col--6 gspb_col-id-gsbp-8e75466\" id=\"gspb_col-id-gsbp-8e75466\">\n<h4 id=\"gspb_heading-id-gsbp-cbdea39\" class=\"gspb_heading gspb_heading-id-gsbp-cbdea39 \">Koulut ja p\u00e4iv\u00e4kodit<\/h4>\n\n\n\n<p>Tarjoamme kouluille lajiesittelypaketin ammattitaitoisen ohjaajan opastuksella. Tunti sis\u00e4lt\u00e4\u00e4 lajinomaisen alkul\u00e4mmittelyn, potkutekniikkaa, k\u00e4sitekniikkaa sek\u00e4 hikisen potkujumpan ja loppuj\u00e4\u00e4hdyttelyn. Lis\u00e4ksi tarjoamme halutessa yksinkertaista itsepuolustusharjoittelua.<\/p>\n\n\n\n<p>Harjoitukset suunnitellaan jokaiselle ik\u00e4ryhm\u00e4lle sopivalla tavalla. Harjoituksen kestoksi sopii 45 min &#8211; 1h 30 min.<\/p>\n\n\n\n<p>Esittelyt tapahtuvat ensisijaisesti Budokwai Taekwondon salilla (Uhril\u00e4hteenkatu 2), tai tarvittaessa koulun omissa tiloissa.<\/p>\n\n\n\n<h5 class=\"wp-block-heading\" id=\"hinnat\">Hinnat<\/h5>\n\n\n\n<p><strong>P\u00e4iv\u00e4kodit ja alakoukoulut<\/strong><\/p>\n\n\n\n<ul class=\"wp-block-list\">\n<li>Sovittavissa erikseen<\/li>\n<\/ul>\n\n\n\n<p><strong>Yl\u00e4koulut, 2-asteen ja 3-asteen opistot<\/strong><\/p>\n\n\n\n<ul class=\"wp-block-list\">\n<li><strong>3 \u20ac\/oppilas<\/strong> (min 50 \u20ac\/tunti)<\/li>\n\n\n\n<li>liikuntap\u00e4iv\u00e4t <strong>175 \u20ac\/p\u00e4iv\u00e4<\/strong><\/li>\n<\/ul>\n\n\n\n<p><strong>Yhteyshenkil\u00f6<\/strong><br>Sami Kiikola&nbsp;<br>044-3322117<br>taekwondo(at)budokwai.fi<\/p>\n<\/div>\n\n\n\n<div class=\"wp-block-greenshift-blocks-row-column gspb_row__col--6 gspb_col-id-gsbp-8aaa4b7\" id=\"gspb_col-id-gsbp-8aaa4b7\">\n<div class=\"wp-block-greenshift-blocks-image gspb_image gspb_image-id-gsbp-c327287\" id=\"gspb_image-id-gsbp-c327287\"><img decoding=\"async\" src=\"https:\/\/www.budokwai.fi\/taekwondo\/wp-content\/uploads\/2013\/01\/Minttupotkiinetti.jpg\" data-src=\"\" alt=\"\" loading=\"lazy\" width=\"576\" height=\"940\"\/><\/div>\n<\/div>\n <\/div><\/div>\n\n\n\n<div class=\"wp-block-greenshift-blocks-row gspb_row gspb_row-id-gsbp-e9dbceb\" id=\"gspb_row-id-gsbp-e9dbceb\"><div class=\"gspb_row__content\"> \n<div class=\"wp-block-greenshift-blocks-row-column gspb_row__col--6 gspb_col-id-gsbp-5601616\" id=\"gspb_col-id-gsbp-5601616\">\n<h4 class=\"wp-block-heading\" id=\"taekwondo-syntymapaivat\">Taekwondo-syntym\u00e4p\u00e4iv\u00e4t<\/h4>\n\n\n\n<p>Supersuosituilla taekwondo-syntym\u00e4p\u00e4ivill\u00e4 koulutetut ja kokeneet ohjaajat ohjaavat lapsille , j\u00e4rjest\u00e4j\u00e4n toiveiden ja vieraiden ik\u00e4tason \/ m\u00e4\u00e4r\u00e4n mukaan.<\/p>\n\n\n\n<p>-Taekwondotekniikkaa (potkuja, torjuntoja, ly\u00f6ntej\u00e4, murskausta)<\/p>\n\n\n\n<p>-Liikunnallisia leikkej\u00e4 ja temppurata<\/p>\n\n\n\n<p>-Lasersotaa (kev\u00e4isin ja kes\u00e4ll\u00e4, emme saa salia aivan pime\u00e4ksi)<\/p>\n\n\n\n<p><em>Huom! lasersota samalla kertaa maksaa 50\u20ac lis\u00e4maksun, <\/em><\/p>\n\n\n\n<p><em>koska vaatii enemm\u00e4n valmisteluja<\/em> ja kaksi ihmist\u00e4.<\/p>\n\n\n\n<h5 class=\"wp-block-heading\" id=\"hinnat\">Hinnat<\/h5>\n\n\n\n<ul class=\"wp-block-list\">\n<li><strong>120 \u20ac <\/strong> 1,5h (max. 10 henkil\u00f6\u00e4) + 50\u20ac jos halutaan lasersota <\/li>\n\n\n\n<li><strong>170 \u20ac<\/strong> 2h (max. 20 henkil\u00f6\u00e4)+ 50\u20ac jos halutaan lasersota<\/li>\n<\/ul>\n\n\n\n<p><strong>Sis\u00e4lt\u00e4\u00e4<\/strong><\/p>\n\n\n\n<ul class=\"wp-block-list\">\n<li>Tarjoiluastiat ,lautaset ,mukit ja aterimet tarvittaessa<\/li>\n\n\n\n<li>Kaikille vieraille kaksi ilmaista taekwondon kokeilukertaa<\/li>\n<\/ul>\n\n\n\n<p><strong>Yhteystiedot<\/strong><br>Syntym\u00e4p\u00e4iv\u00e4t voi varata salilla p\u00e4ivyst\u00e4jilt\u00e4 tai ottamalla yhteytt\u00e4:<\/p>\n\n\n\n<p>Sami Kiikola\u00a0<br>044-3322117<br>taekwondo@budokwai.fi<\/p>\n<\/div>\n\n\n\n<div class=\"wp-block-greenshift-blocks-row-column gspb_row__col--6 gspb_col-id-gsbp-23df598\" id=\"gspb_col-id-gsbp-23df598\">\n<h4 class=\"wp-block-heading\" id=\"yritykset-ja-yksityiset-asiakkaat\">Yritykset ja yksityiset asiakkaat<\/h4>\n\n\n\n<p>Yrityksille ja yksityisille henkil\u00f6ille tarjoamme toiveiden mukaista ohjelmaa hikisist\u00e4 lajiesittelyist\u00e4 lajin omaiseen liikuvuusharjoitteluun, tai vaikkapa extreme polttareille haasteotteluja ja murskausta.<\/p>\n\n\n\n<p>Yrityksille ja yksityisille henkil\u00f6ille hinta sovitaan aina tapauskohtaisesti.<\/p>\n\n\n\n<p>Sami Kiikola&nbsp;<br>044-3322117<br>taekwondo(at)budokwai.fi<\/p>\n<\/div>\n <\/div><\/div>\n\n\n\n<p><\/p>\n","protected":false},"excerpt":{"rendered":"<p>Tarjoamme j\u00e4senhankintana lajiesittelyj\u00e4 kouluille, p\u00e4iv\u00e4kodeille, yrityksille ja yksityisille henkil\u00f6lle, esim. polttariporukalle. J\u00e4rjest\u00e4mme my\u00f6s suosittuja ja edullisia taekwondo-syntym\u00e4p\u00e4ivi\u00e4.<\/p>\n","protected":false},"author":13,"featured_media":0,"parent":178,"menu_order":0,"comment_status":"closed","ping_status":"open","template":"","meta":{"_gspb_post_css":"#gspb_row-id-gsbp-5391d17,#gspb_row-id-gsbp-e9dbceb{justify-content:space-between;margin-top:0;display:flex;flex-wrap:wrap;margin-bottom:0}#gspb_row-id-gsbp-5391d17>.gspb_row__content{display:flex;justify-content:space-between;margin:0 auto;width:100%;flex-wrap:wrap}.gspb_row{position:relative}div[id^=gspb_col-id]{box-sizing:border-box;position:relative;padding:var(--gs-row-column-padding, 15px min(3vw, 20px))}#gspb_col-id-gsbp-8e75466.gspb_row__col--6{width:50%}@media (max-width:575.98px){#gspb_col-id-gsbp-8e75466.gspb_row__col--6{width:100%}}#gspb_col-id-gsbp-8aaa4b7.gspb_row__col--6{width:50%}@media (max-width:575.98px){#gspb_col-id-gsbp-8aaa4b7.gspb_row__col--6{width:100%}}#gspb_row-id-gsbp-e9dbceb>.gspb_row__content{display:flex;justify-content:space-between;margin:0 auto;width:100%;flex-wrap:wrap}body.gspb-bodyfront #gspb_row-id-gsbp-5391d17>.gspb_row__content,body.gspb-bodyfront #gspb_row-id-gsbp-e9dbceb>.gspb_row__content{width:var(--theme-container-width, 1200px);max-width:var(--theme-normal-container-max-width, 1200px)}#gspb_col-id-gsbp-5601616.gspb_row__col--6{width:50%}@media (max-width:575.98px){#gspb_col-id-gsbp-5601616.gspb_row__col--6{width:100%}}#gspb_col-id-gsbp-23df598.gspb_row__col--6{width:50%}@media (max-width:575.98px){#gspb_col-id-gsbp-23df598.gspb_row__col--6{width:100%}}","footnotes":""},"class_list":["post-986","page","type-page","status-publish","hentry"],"blocksy_meta":[],"jetpack_shortlink":"https:\/\/wp.me\/P2Mq3v-fU","jetpack_sharing_enabled":true,"_links":{"self":[{"href":"https:\/\/www.budokwai.fi\/taekwondo\/wp-json\/wp\/v2\/pages\/986","targetHints":{"allow":["GET"]}}],"collection":[{"href":"https:\/\/www.budokwai.fi\/taekwondo\/wp-json\/wp\/v2\/pages"}],"about":[{"href":"https:\/\/www.budokwai.fi\/taekwondo\/wp-json\/wp\/v2\/types\/page"}],"author":[{"embeddable":true,"href":"https:\/\/www.budokwai.fi\/taekwondo\/wp-json\/wp\/v2\/users\/13"}],"replies":[{"embeddable":true,"href":"https:\/\/www.budokwai.fi\/taekwondo\/wp-json\/wp\/v2\/comments?post=986"}],"version-history":[{"count":37,"href":"https:\/\/www.budokwai.fi\/taekwondo\/wp-json\/wp\/v2\/pages\/986\/revisions"}],"predecessor-version":[{"id":12063,"href":"https:\/\/www.budokwai.fi\/taekwondo\/wp-json\/wp\/v2\/pages\/986\/revisions\/12063"}],"up":[{"embeddable":true,"href":"https:\/\/www.budokwai.fi\/taekwondo\/wp-json\/wp\/v2\/pages\/178"}],"wp:attachment":[{"href":"https:\/\/www.budokwai.fi\/taekwondo\/wp-json\/wp\/v2\/media?parent=986"}],"curies":[{"name":"wp","href":"https:\/\/api.w.org\/{rel}","templated":true}]}}