{"id":9,"date":"2012-08-14T00:16:52","date_gmt":"2012-08-13T21:16:52","guid":{"rendered":"http:\/\/whm09.louhi.net\/~budokwai\/taekwondo\/wp\/?page_id=9"},"modified":"2026-04-05T21:57:35","modified_gmt":"2026-04-05T18:57:35","slug":"harjoitusajat","status":"publish","type":"page","link":"https:\/\/www.budokwai.fi\/taekwondo\/harjoitusajat\/","title":{"rendered":"Harjoitusajat"},"content":{"rendered":"\n<div class=\"wp-block-greenshift-blocks-row gspb_row gspb_row-id-gsbp-d520d24\" id=\"gspb_row-id-gsbp-d520d24\"><div class=\"gspb_row__content\"> \n<div class=\"wp-block-greenshift-blocks-row-column gspb_row__col--12 gspb_col-id-gsbp-5f20514\" id=\"gspb_col-id-gsbp-5f20514\">\n<p class=\"has-text-align-center has-medium-font-size\"><strong>5.1.-31.5.2026 (KOULURYHM\u00c4T 6.1.-17.5)<\/strong><\/p>\n<\/div>\n <\/div><\/div>\n\n\n\n<figure class=\"wp-block-table has-small-font-size\"><table class=\"has-border-color has-palette-color-4-border-color\" style=\"border-width:1px\"><tbody><tr><td><strong>Aika<\/strong><\/td><td><strong>Kentt\u00e4<\/strong><\/td><td><strong>Harjoitus<\/strong><\/td><td><strong>Ohjaaja(t)<\/strong><\/td><\/tr><tr><td><strong>MAANANTAI<\/strong><\/td><td><\/td><td><\/td><td><\/td><\/tr><tr><td>17.00 &#8211; 17.45<\/td><td>1+2<\/td><td><strong>6-11-v. YLEISTREENI <\/strong>(Vihre\u00e4t ja ylemm\u00e4t vy\u00f6t)<\/td><td>Sami, Aada<\/td><\/tr><tr><td>17.45 &#8211; 18.30<\/td><td>1<\/td><td><strong>6-8-v. YLEISTREENI <\/strong>(Valkoiset &#8211; keltaiset vy\u00f6t)<\/td><td>Sami, Aada<\/td><\/tr><tr><td>17.45 &#8211; 18.30<\/td><td>2<\/td><td><strong>9-11-v. YLEISTREENI <\/strong>(Valkoiset &#8211; keltaiset vy\u00f6t)<\/td><td>Paavo, Noel<\/td><\/tr><tr><td>18.30 &#8211; 19.30<\/td><td>1+2<\/td><td><strong>Yli 12-v. YLEISTREENI <\/strong>(Siniset ja ylemm\u00e4t vy\u00f6t)<\/td><td><br>Miia, Olli<\/td><\/tr><tr><td>19.30 &#8211; 20.45<\/td><td>1<\/td><td><strong>KILPARYHM\u00c4 OTTELU<\/strong> <br><strong>(<mark style=\"background-color:rgba(0, 0, 0, 0);color:#ff6900\" class=\"has-inline-color\">Vain kilparyhm\u00e4n j\u00e4senet<\/mark>)<\/strong><\/td><td>Roosa<\/td><\/tr><tr><td>19.30 &#8211; 20.30<\/td><td>2<\/td><td><strong>LIIKESARJAT, kilpailjoille<\/strong> (Liikesarjakilpailijat)<\/td><td>Miia, Olli<\/td><\/tr><tr><td><strong>TIISTAI<\/strong><\/td><td><\/td><td><\/td><td><\/td><\/tr><tr><td>16.00 &#8211; 17.00<\/td><td><mark style=\"background-color:rgba(0, 0, 0, 0);color:#ff6900\" class=\"has-inline-color\"><strong>Uittamon koulu<\/strong><\/mark><\/td><td><strong>6-12-v.<\/strong><\/td><td>Kiira<\/td><\/tr><tr><td>17.00 &#8211; 18.00<\/td><td>1<\/td><td><strong>6-9-v. OTTELU\/YLEISTREENI<\/strong> (Kaikki)<\/td><td>Emil, <\/td><\/tr><tr><td>18.00 &#8211; 19.00<\/td><td>1<\/td><td>Yli 12-v Alkeiskurssi , 4 viikon ilmainen kokeilujakso<br>Kurssit koko kev\u00e4\u00e4n , voit liitty\u00e4 mukaan milloin vain.<\/td><td>Miia<\/td><\/tr><tr><td>18.00 &#8211; 19.00<\/td><td>2<\/td><td>Yli 12-v. YLEISTREENI \/ alkeisjatko<br>Valkoiset &#8211; Vihre\u00e4t vy\u00f6t<\/td><td>Sami<\/td><\/tr><tr><td>19.00 &#8211; 20..00<\/td><td>1<\/td><td>Liikesarja harjoitus <br>Vy\u00f6vaatimus: Keltainen vy\u00f6<\/td><td>Linda<\/td><\/tr><tr><td>19.00 &#8211; 20..00<\/td><td>2<\/td><td><strong>Yli 15-v. KAMPPAILU <\/strong>(Kaikki)<\/td><td>Lauri<\/td><\/tr><tr><td><strong>KESKIVIIKKO<\/strong><\/td><td><\/td><td><\/td><td><\/td><\/tr><tr><td>16.00 &#8211; 17.00<\/td><td><mark style=\"background-color:rgba(0, 0, 0, 0);color:#ff6900\" class=\"has-inline-color\"><strong>W\u00e4ino A:n koulu<\/strong><\/mark><\/td><td><strong>6-12-v.<\/strong><\/td><td>Ossi<\/td><\/tr><tr><td>17.00 &#8211; 18.00<\/td><td>1<\/td><td><strong>9-11-v. YLEISTREENI<\/strong> (Kaikki vy\u00f6t)<\/td><td>Iitu, Martta, Aitu<\/td><\/tr><tr><td>17.15 &#8211; 18.00<\/td><td>2<\/td><td><strong>4-6-v. LIIKKARI<\/strong><\/td><td>Niko<\/td><\/tr><tr><td>18.00 &#8211; 19.15<\/td><td>1+2<\/td><td><strong>Yli 10-v. OTTELU<\/strong> (Kaikki)<\/td><td>Ahmed,  Kari-Matti<\/td><\/tr><tr><td>19.15 &#8211; 20.30<\/td><td>1+2<\/td><td><strong>Yli 12-v. YLEISTREENI<\/strong> (kaikki vy\u00f6t , + 6-11v siniset + ylemm\u00e4t)<\/td><td>Jari, Kari-Matti, Iitu<\/td><\/tr><tr><td><strong>TORSTAI<\/strong><\/td><td><\/td><td><\/td><td><\/td><\/tr><tr><td>16.00 &#8211; 17.00<\/td><td><mark style=\"background-color:rgba(0, 0, 0, 0);color:#ff6900\" class=\"has-inline-color\"><strong>P\u00e4\u00e4skyvuoren koulu<\/strong><\/mark><\/td><td><strong>6-12-v.<\/strong><\/td><td>Nicolas<\/td><\/tr><tr><td>17.00 &#8211; 18.00<\/td><td>1<\/td><td><strong>10-13-v. OTTELU<\/strong> (Kaikki)<\/td><td>Veeti Va., Veeti Vi.<\/td><\/tr><tr><td>17.00 &#8211; 18.00<\/td><td>2<\/td><td><strong>6-8-v. YLEISTREENI<\/strong> (Kaikki vy\u00f6t)<\/td><td>Martta, Ewan<\/td><\/tr><tr><td>18.00 &#8211; 19.15<\/td><td>1<\/td><td><strong>KILPARYHM\u00c4 OTTELU<\/strong> <br><strong>(<mark style=\"background-color:rgba(0, 0, 0, 0);color:#ff6900\" class=\"has-inline-color\">Vain kilparyhm\u00e4n j\u00e4senet<\/mark>)<\/strong><\/td><td>Roosa<\/td><\/tr><tr><td>18.00 &#8211; 19.00<\/td><td>2<\/td><td>Itsepuolustus<\/td><td>Antti<\/td><\/tr><tr><td>19.15 &#8211; 20.15<\/td><td>1<\/td><td><strong>Yli 12-v. YLEISTREENI<\/strong><br> (keltaiset +ylemm\u00e4t vy\u00f6t)<\/td><td>Jari, Kari-Matti, Iitu<\/td><\/tr><tr><td><strong>PERJANTAI<\/strong><\/td><td><\/td><td><\/td><td><\/td><\/tr><tr><td><\/td><td><\/td><td><\/td><td><\/td><\/tr><tr><td>17.00 &#8211; 18.15<\/td><td>1<\/td><td><strong>KILPARYHM\u00c4 OTTELU<\/strong> <br><strong>(<mark style=\"background-color:rgba(0, 0, 0, 0);color:#ff6900\" class=\"has-inline-color\">Vain kilparyhm\u00e4n j\u00e4senet<\/mark>)<\/strong><\/td><td>Roosa<\/td><\/tr><tr><td>17.00 &#8211; 18.00<\/td><td>2<\/td><td>LIIKESARJAT, Taeguk 1-8 (Kaikki<\/td><td>Emil<\/td><\/tr><tr><td>18.00 &#8211; 19.15<\/td><td>1+2<\/td><td>LIIKESARJAT, kilpailjoille<br>tai kilpailuun haluaville<\/td><td>Emil<\/td><\/tr><tr><td><strong>LAUANTAI<\/strong><\/td><td><\/td><td><\/td><td><\/td><\/tr><tr><td>10.00 &#8211; 11.20<\/td><td>1+2<\/td><td><strong>General training for childen<\/strong> (For all, teaching in English)<\/td><td>Elom, Ada<\/td><\/tr><tr><td>10.30 &#8211; 13.00<\/td><td>1+2<\/td><td>Dan-treenit punaiset ja mustat vy\u00f6t<br>24.1, 14.3 ja 23.5<\/td><td>Krista<\/td><\/tr><tr><td>12.00 &#8211; 15.00<\/td><td>1+2<\/td><td><strong>Yli 13-v. ITSEPUOLUSTUS<\/strong> (Kaikki vy\u00f6t) <br><mark style=\"background-color:rgba(0, 0, 0, 0);color:#ff6900\" class=\"has-inline-color\">(<\/mark><mark style=\"background-color:rgba(0, 0, 0, 0);color:#00d084\" class=\"has-inline-color\">HUOM! 18.1 su<\/mark><mark style=\"background-color:rgba(0, 0, 0, 0);color:#ff6900\" class=\"has-inline-color\">, 28.2 la, 21.3 la, 18.4 la ja 9.5 la)<\/mark><\/td><td>Marko<\/td><\/tr><tr><td><strong>SUNNUNTAI<\/strong><\/td><td><\/td><td><\/td><td><\/td><\/tr><tr><td>11.30 &#8211; 12.30<\/td><td><mark style=\"background-color:rgba(0, 0, 0, 0);color:#ff6900\" class=\"has-inline-color\"><strong>Pansion koulu<\/strong><\/mark><\/td><td><strong>6-12-v.<\/strong><\/td><td>Nicolas<\/td><\/tr><tr><td>13.00 &#8211; 14.00<\/td><td><mark style=\"background-color:rgba(0, 0, 0, 0);color:#ff6900\" class=\"has-inline-color\"><strong>Aunelan koulu<\/strong><\/mark><\/td><td><strong>6-12-v.<\/strong><\/td><td>Nicolas<\/td><\/tr><tr><td>13.00 &#8211; 14.00<\/td><td><mark style=\"background-color:rgba(0, 0, 0, 0);color:#ff6900\" class=\"has-inline-color\"><strong>Hepokullan koulu<\/strong><\/mark><\/td><td><strong>6-12-v.<\/strong><\/td><td>Emil<\/td><\/tr><tr><td>15.00 &#8211; 16.00<\/td><td><mark style=\"background-color:rgba(0, 0, 0, 0);color:#ff6900\" class=\"has-inline-color\"><strong>P\u00e4\u00e4skyvuoren koulu<\/strong><\/mark><\/td><td><strong>6-12-v.<\/strong><\/td><td>Nicolas<\/td><\/tr><tr><td>15.00 &#8211; 16.00<\/td><td><strong><mark style=\"background-color:rgba(0, 0, 0, 0);color:#ff6900\" class=\"has-inline-color\">Nummenpakan koulu<\/mark><\/strong><\/td><td><strong>6-12-v.<\/strong><\/td><td><br>Emil<\/td><\/tr><tr><td>16.30 &#8211; 17.30<\/td><td><mark style=\"background-color:rgba(0, 0, 0, 0);color:#ff6900\" class=\"has-inline-color\"><strong>Lyseon koulu<br>(Pallivahan yksikk\u00f6)<\/strong><\/mark><\/td><td><strong>6-12-v.<\/strong><\/td><td>Emil<\/td><\/tr><tr><td>15.00 &#8211; 15.45<\/td><td>1+2<\/td><td><strong>1-6-v. PERHERYHM\u00c4<\/strong> (Lapsi + huoltaja)<\/td><td>Tanja,Niko, Nicolas,Elina<\/td><\/tr><tr><td>16.00 &#8211; 17.00<\/td><td>1+2<\/td><td><strong>Yli 12-v. ITSEPUOLUSTUS<\/strong> (Kaikki) <br><strong>(<mark style=\"background-color:rgba(0, 0, 0, 0);color:#ff6900\" class=\"has-inline-color\">Vain parittomat viikot<\/mark>)<\/strong><\/td><td>Tom<\/td><\/tr><tr><td>16.00 &#8211; 17.00<\/td><td>1+2<\/td><td><strong>LIIKESARJAT<\/strong>, <strong>my\u00f6s ryhm\u00e4t ja parit<\/strong> (Kaikki) <br><strong>(<mark style=\"background-color:rgba(0, 0, 0, 0);color:#ff6900\" class=\"has-inline-color\">Vain parillisina viikkoina<\/mark>)<\/strong><\/td><td>Martta, Kiira<\/td><\/tr><tr><td>17.15- 18.30<\/td><td>1+2<\/td><td><strong>Yli 12-v. AKROBATIA JA TRIKKAUS<\/strong> (Kaikki)<\/td><td>Arto, Ahmed<\/td><\/tr><tr><td>18.30 &#8211; 19.15<\/td><td>1+2<\/td><td><strong>KEHONHUOLTO<\/strong> (Kaikki)<\/td><td>Pia<\/td><\/tr><\/tbody><\/table><\/figure>\n\n\n\n<p><\/p>\n\n\n\n<h5 id=\"gspb_heading-id-gsbp-7a03a19\" class=\"gspb_heading gspb_heading-id-gsbp-7a03a19 \">MyClub -kalenteri ja -ilmoittautumiset<\/h5>\n\n\n\n<!-- myClub embed JS - start -->\n<div class=\"myclub-embed\" data-url=\"https:\/\/budokwai-tk.myclub.fi\/event_embeds\/34502?token=2a2d457ab63184f350f2d08bff012b351c85ae6d\"><\/div>\n<script>(function(d, s, id) { var js, mjs = d.getElementsByTagName(s)[0]; if (d.getElementById(id)) return; js = d.createElement(s); js.id = id; js.async = true; js.src = \"https:\/\/d2ubdm6yoox6gh.cloudfront.net\/assets\/myclub-embed.js\"; mjs.parentNode.insertBefore(js, mjs); }(document, 'script', 'myclub-embed-js'));<\/script>\n<!-- myClub embed JS - end -->\n\n\n\n<p><\/p>\n","protected":false},"excerpt":{"rendered":"<p>Aika Kentt\u00e4 Harjoitus Ohjaaja(t) MAANANTAI 17.00 &#8211; 17.45 1+2 6-11-v. YLEISTREENI (Vihre\u00e4t ja ylemm\u00e4t vy\u00f6t) Sami, Aada 17.45 &#8211; 18.30 1 6-8-v. YLEISTREENI (Valkoiset &#8211; keltaiset vy\u00f6t) Sami, Aada 17.45 &#8211; 18.30 2 9-11-v. YLEISTREENI (Valkoiset &#8211; keltaiset vy\u00f6t) Paavo, Noel 18.30 &#8211; 19.30 1+2 Yli 12-v. YLEISTREENI (Siniset ja ylemm\u00e4t vy\u00f6t) Miia, Olli 19.30 [&hellip;]<\/p>\n","protected":false},"author":1,"featured_media":0,"parent":0,"menu_order":0,"comment_status":"open","ping_status":"open","template":"","meta":{"_gspb_post_css":"#gspb_row-id-gsbp-d520d24{justify-content:space-between;margin-top:0;margin-bottom:0;display:flex;flex-wrap:wrap}#gspb_row-id-gsbp-d520d24>.gspb_row__content{display:flex;justify-content:space-between;margin:0 auto;width:100%;flex-wrap:wrap}.gspb_row{position:relative}div[id^=gspb_col-id]{box-sizing:border-box;position:relative;padding:var(--gs-row-column-padding, 15px min(3vw, 20px))}body.gspb-bodyfront #gspb_row-id-gsbp-d520d24>.gspb_row__content{width:var(--theme-container-width, 1200px);max-width:var(--theme-normal-container-max-width, 1200px)}#gspb_col-id-gsbp-5f20514.gspb_row__col--12{width:100%}@media (max-width:575.98px){#gspb_col-id-gsbp-5f20514.gspb_row__col--12{width:100%}}#gspb_heading-id-gsbp-7a03a19{margin-bottom:0}","footnotes":""},"class_list":["post-9","page","type-page","status-publish","hentry"],"blocksy_meta":[],"jetpack_shortlink":"https:\/\/wp.me\/P2Mq3v-9","jetpack_sharing_enabled":true,"_links":{"self":[{"href":"https:\/\/www.budokwai.fi\/taekwondo\/wp-json\/wp\/v2\/pages\/9","targetHints":{"allow":["GET"]}}],"collection":[{"href":"https:\/\/www.budokwai.fi\/taekwondo\/wp-json\/wp\/v2\/pages"}],"about":[{"href":"https:\/\/www.budokwai.fi\/taekwondo\/wp-json\/wp\/v2\/types\/page"}],"author":[{"embeddable":true,"href":"https:\/\/www.budokwai.fi\/taekwondo\/wp-json\/wp\/v2\/users\/1"}],"replies":[{"embeddable":true,"href":"https:\/\/www.budokwai.fi\/taekwondo\/wp-json\/wp\/v2\/comments?post=9"}],"version-history":[{"count":181,"href":"https:\/\/www.budokwai.fi\/taekwondo\/wp-json\/wp\/v2\/pages\/9\/revisions"}],"predecessor-version":[{"id":12054,"href":"https:\/\/www.budokwai.fi\/taekwondo\/wp-json\/wp\/v2\/pages\/9\/revisions\/12054"}],"wp:attachment":[{"href":"https:\/\/www.budokwai.fi\/taekwondo\/wp-json\/wp\/v2\/media?parent=9"}],"curies":[{"name":"wp","href":"https:\/\/api.w.org\/{rel}","templated":true}]}}