{"id":3065,"date":"2015-09-05T15:20:51","date_gmt":"2015-09-05T12:20:51","guid":{"rendered":"http:\/\/www.budokwai.fi\/taekwondo\/?page_id=3065"},"modified":"2020-10-06T03:52:39","modified_gmt":"2020-10-06T00:52:39","slug":"seuravaatteet","status":"publish","type":"page","link":"https:\/\/www.budokwai.fi\/taekwondo\/seura\/seuravaatteet\/","title":{"rendered":"Seuravaatteet"},"content":{"rendered":"<p>Budokwai Taekwondon seuravaatemalliston tuotteet ovat tilattavissa yhteistilauksena 1-2 kertaa kaudessa. Salin infopisteelt\u00e4 voi ostaa seuran t-paitoja my\u00f6s muina aikoina. Seuravaatetilaus maksetaan etuk\u00e4teen ja vaatteet ovat noudettavissa muutaman viikon kuluttua tilauksen umpeuduttua. Kokeilumallit l\u00f6ytyv\u00e4t p\u00e4\u00e4salilta. Seuravaatteet voi tilata lasten, naisten ja unisex kokoina.<\/p>\n<ul>\n<li>Takki 62 \u20ac<\/li>\n<li>Huppari, vetoketjulla tai ilman 33 \u20ac<\/li>\n<li>T-paita, tekninen 18 \u20ac<\/li>\n<li>T-paita, puuvilla 15 \u20ac<\/li>\n<li>T-paita, pikee (musta, rinnassa py\u00f6re\u00e4 seuran logo) 30 \u20ac<\/li>\n<li>Housut, aikuisten malli 30 \u20ac<\/li>\n<li>Housut, lasten malli 25 \u20ac<\/li>\n<li>Pipo (kirkkaan sininen, seuran logo heijastin painatuksella) 15 \u20ac<\/li>\n<\/ul>\n<p><img loading=\"lazy\" decoding=\"async\" class=\"alignleft wp-image-7002\" src=\"http:\/\/www.budokwai.fi\/taekwondo\/wp\/wp-content\/uploads\/2018\/12\/IMG_20181210_203943-300x400.jpg\" alt=\"\" width=\"251\" height=\"335\" \/><img loading=\"lazy\" decoding=\"async\" class=\"alignleft wp-image-7003\" src=\"http:\/\/www.budokwai.fi\/taekwondo\/wp\/wp-content\/uploads\/2018\/12\/IMG_20181210_203959-300x400.jpg\" alt=\"\" width=\"251\" height=\"335\" \/><\/p>\n\n\n<figure class=\"wp-block-gallery aligncenter columns-3 is-cropped wp-block-gallery-1 is-layout-flex wp-block-gallery-is-layout-flex\"><ul class=\"blocks-gallery-grid\"><li class=\"blocks-gallery-item\"><figure><img loading=\"lazy\" decoding=\"async\" width=\"600\" height=\"800\" src=\"https:\/\/www.staging4.budokwai.fi\/taekwondo\/wp-content\/uploads\/2020\/09\/IMG-20200915-WA0001-600x800.jpg\" alt=\"\" data-id=\"9070\" data-full-url=\"https:\/\/www.staging4.budokwai.fi\/taekwondo\/wp-content\/uploads\/2020\/09\/IMG-20200915-WA0001.jpg\" data-link=\"http:\/\/www.budokwai.fi\/taekwondo\/seura\/seuravaatteet\/img-20200915-wa0001\/\" class=\"wp-image-9070\" srcset=\"https:\/\/www.budokwai.fi\/taekwondo\/wp-content\/uploads\/2020\/09\/IMG-20200915-WA0001-600x800.jpg 600w, https:\/\/www.budokwai.fi\/taekwondo\/wp-content\/uploads\/2020\/09\/IMG-20200915-WA0001-300x400.jpg 300w, https:\/\/www.budokwai.fi\/taekwondo\/wp-content\/uploads\/2020\/09\/IMG-20200915-WA0001-768x1023.jpg 768w, https:\/\/www.budokwai.fi\/taekwondo\/wp-content\/uploads\/2020\/09\/IMG-20200915-WA0001-1153x1536.jpg 1153w, https:\/\/www.budokwai.fi\/taekwondo\/wp-content\/uploads\/2020\/09\/IMG-20200915-WA0001.jpg 1200w\" sizes=\"auto, (max-width: 600px) 100vw, 600px\" \/><\/figure><\/li><li class=\"blocks-gallery-item\"><figure><img loading=\"lazy\" decoding=\"async\" width=\"600\" height=\"800\" src=\"https:\/\/www.staging4.budokwai.fi\/taekwondo\/wp-content\/uploads\/2020\/09\/IMG-20200915-WA0015-600x800.jpg\" alt=\"\" data-id=\"9069\" data-full-url=\"https:\/\/www.staging4.budokwai.fi\/taekwondo\/wp-content\/uploads\/2020\/09\/IMG-20200915-WA0015.jpg\" data-link=\"http:\/\/www.budokwai.fi\/taekwondo\/seura\/seuravaatteet\/img-20200915-wa0015\/\" class=\"wp-image-9069\" srcset=\"https:\/\/www.budokwai.fi\/taekwondo\/wp-content\/uploads\/2020\/09\/IMG-20200915-WA0015-600x800.jpg 600w, https:\/\/www.budokwai.fi\/taekwondo\/wp-content\/uploads\/2020\/09\/IMG-20200915-WA0015-300x400.jpg 300w, https:\/\/www.budokwai.fi\/taekwondo\/wp-content\/uploads\/2020\/09\/IMG-20200915-WA0015-768x1023.jpg 768w, https:\/\/www.budokwai.fi\/taekwondo\/wp-content\/uploads\/2020\/09\/IMG-20200915-WA0015-1153x1536.jpg 1153w, https:\/\/www.budokwai.fi\/taekwondo\/wp-content\/uploads\/2020\/09\/IMG-20200915-WA0015.jpg 1200w\" sizes=\"auto, (max-width: 600px) 100vw, 600px\" \/><\/figure><\/li><li class=\"blocks-gallery-item\"><figure><img loading=\"lazy\" decoding=\"async\" width=\"600\" height=\"800\" src=\"https:\/\/www.staging4.budokwai.fi\/taekwondo\/wp-content\/uploads\/2020\/09\/IMG-20200915-WA0014-600x800.jpg\" alt=\"\" data-id=\"9068\" data-full-url=\"https:\/\/www.staging4.budokwai.fi\/taekwondo\/wp-content\/uploads\/2020\/09\/IMG-20200915-WA0014.jpg\" data-link=\"http:\/\/www.budokwai.fi\/taekwondo\/seura\/seuravaatteet\/img-20200915-wa0014\/\" class=\"wp-image-9068\" srcset=\"https:\/\/www.budokwai.fi\/taekwondo\/wp-content\/uploads\/2020\/09\/IMG-20200915-WA0014-600x800.jpg 600w, https:\/\/www.budokwai.fi\/taekwondo\/wp-content\/uploads\/2020\/09\/IMG-20200915-WA0014-300x400.jpg 300w, https:\/\/www.budokwai.fi\/taekwondo\/wp-content\/uploads\/2020\/09\/IMG-20200915-WA0014-768x1023.jpg 768w, https:\/\/www.budokwai.fi\/taekwondo\/wp-content\/uploads\/2020\/09\/IMG-20200915-WA0014-1153x1536.jpg 1153w, https:\/\/www.budokwai.fi\/taekwondo\/wp-content\/uploads\/2020\/09\/IMG-20200915-WA0014.jpg 1200w\" sizes=\"auto, (max-width: 600px) 100vw, 600px\" \/><figcaption class=\"blocks-gallery-item__caption\">V\u00e4ri todellisuudessa kirkkaan sininen<\/figcaption><\/figure><\/li><li class=\"blocks-gallery-item\"><figure><img loading=\"lazy\" decoding=\"async\" width=\"600\" height=\"800\" src=\"https:\/\/www.staging4.budokwai.fi\/taekwondo\/wp-content\/uploads\/2020\/09\/IMG-20200915-WA0013-600x800.jpg\" alt=\"\" data-id=\"9067\" data-full-url=\"https:\/\/www.staging4.budokwai.fi\/taekwondo\/wp-content\/uploads\/2020\/09\/IMG-20200915-WA0013.jpg\" data-link=\"http:\/\/www.budokwai.fi\/taekwondo\/seura\/seuravaatteet\/img-20200915-wa0013\/\" class=\"wp-image-9067\" srcset=\"https:\/\/www.budokwai.fi\/taekwondo\/wp-content\/uploads\/2020\/09\/IMG-20200915-WA0013-600x800.jpg 600w, https:\/\/www.budokwai.fi\/taekwondo\/wp-content\/uploads\/2020\/09\/IMG-20200915-WA0013-300x400.jpg 300w, https:\/\/www.budokwai.fi\/taekwondo\/wp-content\/uploads\/2020\/09\/IMG-20200915-WA0013-768x1023.jpg 768w, https:\/\/www.budokwai.fi\/taekwondo\/wp-content\/uploads\/2020\/09\/IMG-20200915-WA0013-1153x1536.jpg 1153w, https:\/\/www.budokwai.fi\/taekwondo\/wp-content\/uploads\/2020\/09\/IMG-20200915-WA0013.jpg 1200w\" sizes=\"auto, (max-width: 600px) 100vw, 600px\" \/><\/figure><\/li><li class=\"blocks-gallery-item\"><figure><img loading=\"lazy\" decoding=\"async\" width=\"600\" height=\"800\" src=\"https:\/\/www.staging4.budokwai.fi\/taekwondo\/wp-content\/uploads\/2020\/09\/IMG-20200915-WA0012-600x800.jpg\" alt=\"\" data-id=\"9066\" data-full-url=\"https:\/\/www.staging4.budokwai.fi\/taekwondo\/wp-content\/uploads\/2020\/09\/IMG-20200915-WA0012.jpg\" data-link=\"http:\/\/www.budokwai.fi\/taekwondo\/seura\/seuravaatteet\/img-20200915-wa0012\/\" class=\"wp-image-9066\" srcset=\"https:\/\/www.budokwai.fi\/taekwondo\/wp-content\/uploads\/2020\/09\/IMG-20200915-WA0012-600x800.jpg 600w, https:\/\/www.budokwai.fi\/taekwondo\/wp-content\/uploads\/2020\/09\/IMG-20200915-WA0012-300x400.jpg 300w, https:\/\/www.budokwai.fi\/taekwondo\/wp-content\/uploads\/2020\/09\/IMG-20200915-WA0012-768x1023.jpg 768w, https:\/\/www.budokwai.fi\/taekwondo\/wp-content\/uploads\/2020\/09\/IMG-20200915-WA0012-1153x1536.jpg 1153w, https:\/\/www.budokwai.fi\/taekwondo\/wp-content\/uploads\/2020\/09\/IMG-20200915-WA0012.jpg 1200w\" sizes=\"auto, (max-width: 600px) 100vw, 600px\" \/><\/figure><\/li><li class=\"blocks-gallery-item\"><figure><img loading=\"lazy\" decoding=\"async\" width=\"600\" height=\"800\" src=\"https:\/\/www.staging4.budokwai.fi\/taekwondo\/wp-content\/uploads\/2020\/09\/IMG-20200915-WA0011-600x800.jpg\" alt=\"\" data-id=\"9065\" data-full-url=\"https:\/\/www.staging4.budokwai.fi\/taekwondo\/wp-content\/uploads\/2020\/09\/IMG-20200915-WA0011.jpg\" data-link=\"http:\/\/www.budokwai.fi\/taekwondo\/seura\/seuravaatteet\/img-20200915-wa0011\/\" class=\"wp-image-9065\" srcset=\"https:\/\/www.budokwai.fi\/taekwondo\/wp-content\/uploads\/2020\/09\/IMG-20200915-WA0011-600x800.jpg 600w, https:\/\/www.budokwai.fi\/taekwondo\/wp-content\/uploads\/2020\/09\/IMG-20200915-WA0011-300x400.jpg 300w, https:\/\/www.budokwai.fi\/taekwondo\/wp-content\/uploads\/2020\/09\/IMG-20200915-WA0011-768x1023.jpg 768w, https:\/\/www.budokwai.fi\/taekwondo\/wp-content\/uploads\/2020\/09\/IMG-20200915-WA0011-1153x1536.jpg 1153w, https:\/\/www.budokwai.fi\/taekwondo\/wp-content\/uploads\/2020\/09\/IMG-20200915-WA0011.jpg 1200w\" sizes=\"auto, (max-width: 600px) 100vw, 600px\" \/><\/figure><\/li><\/ul><\/figure>\n\n\n","protected":false},"excerpt":{"rendered":"<p>Budokwai Taekwondon seuravaatemalliston tuotteet ovat tilattavissa yhteistilauksena 1-2 kertaa kaudessa. Salin infopisteelt\u00e4 voi ostaa seuran t-paitoja my\u00f6s muina aikoina. Seuravaatetilaus maksetaan etuk\u00e4teen ja vaatteet ovat noudettavissa muutaman viikon kuluttua tilauksen umpeuduttua. Kokeilumallit l\u00f6ytyv\u00e4t p\u00e4\u00e4salilta. Seuravaatteet voi tilata lasten, naisten ja unisex kokoina. Takki 62 \u20ac Huppari, vetoketjulla tai ilman 33 \u20ac T-paita, tekninen 18 \u20ac [&hellip;]<\/p>\n","protected":false},"author":1,"featured_media":0,"parent":178,"menu_order":0,"comment_status":"closed","ping_status":"closed","template":"","meta":{"_gspb_post_css":"","footnotes":""},"class_list":["post-3065","page","type-page","status-publish","hentry"],"blocksy_meta":[],"jetpack_shortlink":"https:\/\/wp.me\/P2Mq3v-Nr","jetpack_sharing_enabled":true,"_links":{"self":[{"href":"https:\/\/www.budokwai.fi\/taekwondo\/wp-json\/wp\/v2\/pages\/3065","targetHints":{"allow":["GET"]}}],"collection":[{"href":"https:\/\/www.budokwai.fi\/taekwondo\/wp-json\/wp\/v2\/pages"}],"about":[{"href":"https:\/\/www.budokwai.fi\/taekwondo\/wp-json\/wp\/v2\/types\/page"}],"author":[{"embeddable":true,"href":"https:\/\/www.budokwai.fi\/taekwondo\/wp-json\/wp\/v2\/users\/1"}],"replies":[{"embeddable":true,"href":"https:\/\/www.budokwai.fi\/taekwondo\/wp-json\/wp\/v2\/comments?post=3065"}],"version-history":[{"count":17,"href":"https:\/\/www.budokwai.fi\/taekwondo\/wp-json\/wp\/v2\/pages\/3065\/revisions"}],"predecessor-version":[{"id":9128,"href":"https:\/\/www.budokwai.fi\/taekwondo\/wp-json\/wp\/v2\/pages\/3065\/revisions\/9128"}],"up":[{"embeddable":true,"href":"https:\/\/www.budokwai.fi\/taekwondo\/wp-json\/wp\/v2\/pages\/178"}],"wp:attachment":[{"href":"https:\/\/www.budokwai.fi\/taekwondo\/wp-json\/wp\/v2\/media?parent=3065"}],"curies":[{"name":"wp","href":"https:\/\/api.w.org\/{rel}","templated":true}]}}