{"id":98,"date":"2015-10-13T23:13:22","date_gmt":"2015-10-13T20:13:22","guid":{"rendered":"http:\/\/www.budokwai.fi\/karate\/wp\/?page_id=98"},"modified":"2015-10-24T22:51:03","modified_gmt":"2015-10-24T19:51:03","slug":"budokwaikarate_wadoryu","status":"publish","type":"page","link":"https:\/\/www.budokwai.fi\/karate\/budokwaikarate_wadoryu\/","title":{"rendered":"Wadoryu tyylisuunta"},"content":{"rendered":"<p>Budokwai ry:n karatejaoston tyylisuunta on Wadoryu, Rauhan koulu. Karaten tyylisuunnista Wadoryu on nuorin viidest\u00e4 maailmalla eniten harjoitellusta tyylisuunnasta. N\u00e4ihin tyylisuuntiin kuuluu Okinawa Gojuryu, Shitoryu, Shotokan, Kyokushinkai ja Wadoryu. Wadoryu -tyylisuunnan kehitti nykyiseen muotoonsa sensei Ohtsuka, joka oli Gichin Funakoshin oppilas. Tyylisuunta levisi l\u00e4hinn\u00e4 Japanin yliopistojen kautta, miss\u00e4 sit\u00e4 harjoiteltiin noin nelj\u00e4 vuotta opiskelun aikana. Harjoittelussa keskityttiin olennaisiin asioihin ja tehokkuuteen.<\/p>\n<p>Wadoryu on hyvin pelkistetty tyylisuunta. Tekniikat ovat suoraviivaiset, samoin liikkuminen. Wadoryun ehk\u00e4 oleellisin piirre ovat v\u00e4ist\u00e4v\u00e4t tekniikat. Hy\u00f6kk\u00e4yksen linjalta v\u00e4istet\u00e4\u00e4n sivulle mahdollisimman taloudellisella liikkeell\u00e4. Samalla usein tehd\u00e4\u00e4n vastahy\u00f6kk\u00e4ys. V\u00e4ist\u00e4misen etuna on, ett\u00e4 kun sen oikein suorittaa, ei joudu kovien kontaktien kohteeksi.<\/p>\n<p>JKF Wado-kai sivut l\u00f6yd\u00e4t <a href=\"http:\/\/www.karatedo.co.jp\/wado\/w_eng\/e_index.htm\" target=\"_blank\">t\u00e4\u00e4lt\u00e4<\/a>.<br \/>\nLis\u00e4\u00e4 Wadoryu tietoa l\u00f6yd\u00e4t <a href=\"http:\/\/www.karateliitto.fi\/karate\/tyylisuuntia\/wadoryu\/\" target=\"_blank\">t\u00e4\u00e4lt\u00e4<\/a> Suomen Karateliiton sivuilta.<\/p>\n<p>&nbsp;<\/p>\n","protected":false},"excerpt":{"rendered":"<p>Budokwai ry:n karatejaoston tyylisuunta on Wadoryu, Rauhan koulu. Karaten tyylisuunnista Wadoryu on nuorin viidest\u00e4 maailmalla eniten harjoitellusta tyylisuunnasta. N\u00e4ihin tyylisuuntiin kuuluu Okinawa Gojuryu, Shitoryu, Shotokan, Kyokushinkai ja Wadoryu. Wadoryu -tyylisuunnan kehitti nykyiseen muotoonsa sensei Ohtsuka, joka oli Gichin Funakoshin oppilas. Tyylisuunta levisi l\u00e4hinn\u00e4 Japanin yliopistojen kautta, miss\u00e4 sit\u00e4 harjoiteltiin noin nelj\u00e4 vuotta opiskelun aikana. Harjoittelussa&#8230;  <a class=\"excerpt-read-more\" href=\"https:\/\/www.budokwai.fi\/karate\/budokwaikarate_wadoryu\/\" title=\"Wadoryu tyylisuunta\">Lue lis\u00e4\u00e4 &raquo;<\/a><\/p>\n","protected":false},"author":3,"featured_media":0,"parent":0,"menu_order":0,"comment_status":"closed","ping_status":"closed","template":"","meta":{"_acf_changed":false,"_monsterinsights_skip_tracking":false,"_monsterinsights_sitenote_active":false,"_monsterinsights_sitenote_note":"","_monsterinsights_sitenote_category":0,"footnotes":""},"class_list":["post-98","page","type-page","status-publish","hentry"],"acf":[],"yoast_head":"<!-- This site is optimized with the Yoast SEO plugin v27.4 - https:\/\/yoast.com\/product\/yoast-seo-wordpress\/ -->\n<title>Wadoryu tyylisuunta - Budokwai Karate<\/title>\n<meta name=\"robots\" content=\"index, follow, max-snippet:-1, max-image-preview:large, max-video-preview:-1\" \/>\n<link rel=\"canonical\" href=\"https:\/\/www.budokwai.fi\/karate\/budokwaikarate_wadoryu\/\" \/>\n<meta property=\"og:locale\" content=\"fi_FI\" \/>\n<meta property=\"og:type\" content=\"article\" \/>\n<meta property=\"og:title\" content=\"Wadoryu tyylisuunta - Budokwai Karate\" \/>\n<meta property=\"og:description\" content=\"Budokwai ry:n karatejaoston tyylisuunta on Wadoryu, Rauhan koulu. Karaten tyylisuunnista Wadoryu on nuorin viidest\u00e4 maailmalla eniten harjoitellusta tyylisuunnasta. N\u00e4ihin tyylisuuntiin kuuluu Okinawa Gojuryu, Shitoryu, Shotokan, Kyokushinkai ja Wadoryu. Wadoryu -tyylisuunnan kehitti nykyiseen muotoonsa sensei Ohtsuka, joka oli Gichin Funakoshin oppilas. Tyylisuunta levisi l\u00e4hinn\u00e4 Japanin yliopistojen kautta, miss\u00e4 sit\u00e4 harjoiteltiin noin nelj\u00e4 vuotta opiskelun aikana. Harjoittelussa... Lue lis\u00e4\u00e4 &raquo;\" \/>\n<meta property=\"og:url\" content=\"https:\/\/www.budokwai.fi\/karate\/budokwaikarate_wadoryu\/\" \/>\n<meta property=\"og:site_name\" content=\"Budokwai Karate\" \/>\n<meta property=\"article:publisher\" content=\"https:\/\/www.facebook.com\/budokwaikarateturku\/\" \/>\n<meta property=\"article:modified_time\" content=\"2015-10-24T19:51:03+00:00\" \/>\n<meta property=\"og:image\" content=\"https:\/\/www.budokwai.fi\/karate\/wp\/wp-content\/uploads\/2017\/06\/Budokwai_karate2.png\" \/>\n\t<meta property=\"og:image:width\" content=\"395\" \/>\n\t<meta property=\"og:image:height\" content=\"390\" \/>\n\t<meta property=\"og:image:type\" content=\"image\/png\" \/>\n<meta name=\"twitter:card\" content=\"summary_large_image\" \/>\n<meta name=\"twitter:label1\" content=\"Est. reading time\" \/>\n\t<meta name=\"twitter:data1\" content=\"1 minute\" \/>\n<script type=\"application\/ld+json\" class=\"yoast-schema-graph\">{\"@context\":\"https:\\\/\\\/schema.org\",\"@graph\":[{\"@type\":\"WebPage\",\"@id\":\"https:\\\/\\\/www.budokwai.fi\\\/karate\\\/budokwaikarate_wadoryu\\\/\",\"url\":\"https:\\\/\\\/www.budokwai.fi\\\/karate\\\/budokwaikarate_wadoryu\\\/\",\"name\":\"Wadoryu tyylisuunta - Budokwai Karate\",\"isPartOf\":{\"@id\":\"https:\\\/\\\/www.budokwai.fi\\\/karate\\\/#website\"},\"datePublished\":\"2015-10-13T20:13:22+00:00\",\"dateModified\":\"2015-10-24T19:51:03+00:00\",\"breadcrumb\":{\"@id\":\"https:\\\/\\\/www.budokwai.fi\\\/karate\\\/budokwaikarate_wadoryu\\\/#breadcrumb\"},\"inLanguage\":\"en-US\",\"potentialAction\":[{\"@type\":\"ReadAction\",\"target\":[\"https:\\\/\\\/www.budokwai.fi\\\/karate\\\/budokwaikarate_wadoryu\\\/\"]}]},{\"@type\":\"BreadcrumbList\",\"@id\":\"https:\\\/\\\/www.budokwai.fi\\\/karate\\\/budokwaikarate_wadoryu\\\/#breadcrumb\",\"itemListElement\":[{\"@type\":\"ListItem\",\"position\":1,\"name\":\"Home\",\"item\":\"https:\\\/\\\/www.budokwai.fi\\\/karate\\\/\"},{\"@type\":\"ListItem\",\"position\":2,\"name\":\"Wadoryu tyylisuunta\"}]},{\"@type\":\"WebSite\",\"@id\":\"https:\\\/\\\/www.budokwai.fi\\\/karate\\\/#website\",\"url\":\"https:\\\/\\\/www.budokwai.fi\\\/karate\\\/\",\"name\":\"Budokwai Karate\",\"description\":\"Budokwai karate\",\"potentialAction\":[{\"@type\":\"SearchAction\",\"target\":{\"@type\":\"EntryPoint\",\"urlTemplate\":\"https:\\\/\\\/www.budokwai.fi\\\/karate\\\/?s={search_term_string}\"},\"query-input\":{\"@type\":\"PropertyValueSpecification\",\"valueRequired\":true,\"valueName\":\"search_term_string\"}}],\"inLanguage\":\"en-US\"}]}<\/script>\n<!-- \/ Yoast SEO plugin. -->","yoast_head_json":{"title":"Wadoryu tyylisuunta - Budokwai Karate","robots":{"index":"index","follow":"follow","max-snippet":"max-snippet:-1","max-image-preview":"max-image-preview:large","max-video-preview":"max-video-preview:-1"},"canonical":"https:\/\/www.budokwai.fi\/karate\/budokwaikarate_wadoryu\/","og_locale":"fi_FI","og_type":"article","og_title":"Wadoryu tyylisuunta - Budokwai Karate","og_description":"Budokwai ry:n karatejaoston tyylisuunta on Wadoryu, Rauhan koulu. Karaten tyylisuunnista Wadoryu on nuorin viidest\u00e4 maailmalla eniten harjoitellusta tyylisuunnasta. N\u00e4ihin tyylisuuntiin kuuluu Okinawa Gojuryu, Shitoryu, Shotokan, Kyokushinkai ja Wadoryu. Wadoryu -tyylisuunnan kehitti nykyiseen muotoonsa sensei Ohtsuka, joka oli Gichin Funakoshin oppilas. Tyylisuunta levisi l\u00e4hinn\u00e4 Japanin yliopistojen kautta, miss\u00e4 sit\u00e4 harjoiteltiin noin nelj\u00e4 vuotta opiskelun aikana. Harjoittelussa... Lue lis\u00e4\u00e4 &raquo;","og_url":"https:\/\/www.budokwai.fi\/karate\/budokwaikarate_wadoryu\/","og_site_name":"Budokwai Karate","article_publisher":"https:\/\/www.facebook.com\/budokwaikarateturku\/","article_modified_time":"2015-10-24T19:51:03+00:00","og_image":[{"width":395,"height":390,"url":"https:\/\/www.budokwai.fi\/karate\/wp\/wp-content\/uploads\/2017\/06\/Budokwai_karate2.png","type":"image\/png"}],"twitter_card":"summary_large_image","twitter_misc":{"Est. reading time":"1 minute"},"schema":{"@context":"https:\/\/schema.org","@graph":[{"@type":"WebPage","@id":"https:\/\/www.budokwai.fi\/karate\/budokwaikarate_wadoryu\/","url":"https:\/\/www.budokwai.fi\/karate\/budokwaikarate_wadoryu\/","name":"Wadoryu tyylisuunta - Budokwai Karate","isPartOf":{"@id":"https:\/\/www.budokwai.fi\/karate\/#website"},"datePublished":"2015-10-13T20:13:22+00:00","dateModified":"2015-10-24T19:51:03+00:00","breadcrumb":{"@id":"https:\/\/www.budokwai.fi\/karate\/budokwaikarate_wadoryu\/#breadcrumb"},"inLanguage":"en-US","potentialAction":[{"@type":"ReadAction","target":["https:\/\/www.budokwai.fi\/karate\/budokwaikarate_wadoryu\/"]}]},{"@type":"BreadcrumbList","@id":"https:\/\/www.budokwai.fi\/karate\/budokwaikarate_wadoryu\/#breadcrumb","itemListElement":[{"@type":"ListItem","position":1,"name":"Home","item":"https:\/\/www.budokwai.fi\/karate\/"},{"@type":"ListItem","position":2,"name":"Wadoryu tyylisuunta"}]},{"@type":"WebSite","@id":"https:\/\/www.budokwai.fi\/karate\/#website","url":"https:\/\/www.budokwai.fi\/karate\/","name":"Budokwai Karate","description":"Budokwai karate","potentialAction":[{"@type":"SearchAction","target":{"@type":"EntryPoint","urlTemplate":"https:\/\/www.budokwai.fi\/karate\/?s={search_term_string}"},"query-input":{"@type":"PropertyValueSpecification","valueRequired":true,"valueName":"search_term_string"}}],"inLanguage":"en-US"}]}},"_links":{"self":[{"href":"https:\/\/www.budokwai.fi\/karate\/wp-json\/wp\/v2\/pages\/98","targetHints":{"allow":["GET"]}}],"collection":[{"href":"https:\/\/www.budokwai.fi\/karate\/wp-json\/wp\/v2\/pages"}],"about":[{"href":"https:\/\/www.budokwai.fi\/karate\/wp-json\/wp\/v2\/types\/page"}],"author":[{"embeddable":true,"href":"https:\/\/www.budokwai.fi\/karate\/wp-json\/wp\/v2\/users\/3"}],"replies":[{"embeddable":true,"href":"https:\/\/www.budokwai.fi\/karate\/wp-json\/wp\/v2\/comments?post=98"}],"version-history":[{"count":4,"href":"https:\/\/www.budokwai.fi\/karate\/wp-json\/wp\/v2\/pages\/98\/revisions"}],"predecessor-version":[{"id":540,"href":"https:\/\/www.budokwai.fi\/karate\/wp-json\/wp\/v2\/pages\/98\/revisions\/540"}],"wp:attachment":[{"href":"https:\/\/www.budokwai.fi\/karate\/wp-json\/wp\/v2\/media?parent=98"}],"curies":[{"name":"wp","href":"https:\/\/api.w.org\/{rel}","templated":true}]}}