{"id":96,"date":"2015-10-13T23:13:11","date_gmt":"2015-10-13T20:13:11","guid":{"rendered":"http:\/\/www.budokwai.fi\/karate\/wp\/?page_id=96"},"modified":"2015-10-24T22:50:19","modified_gmt":"2015-10-24T19:50:19","slug":"budokwaikarate_historia","status":"publish","type":"page","link":"https:\/\/www.budokwai.fi\/karate\/budokwaikarate_historia\/","title":{"rendered":"Budokwain historia"},"content":{"rendered":"<a href=\"http:\/\/www.budokwai.fi\/karate\/wp\/wp-content\/uploads\/2015\/10\/bkw_logo.gif\"><img loading=\"lazy\" decoding=\"async\" class=\"size-full wp-image-533 aligncenter\" src=\"http:\/\/www.budokwai.fi\/karate\/wp\/wp-content\/uploads\/2015\/10\/bkw_logo.gif\" alt=\"bkw_logo\" width=\"120\" height=\"122\" \/><\/a>\n<p>Turun Budokwain juuret ovat alunperin judossa: 16.8.1962 perustettiin Turun Judoseura ry (yhdistysrekisterinumero 84817).<\/p>\n<p>Hieman my\u00f6hemmin perustettiin Turun Akateeminen Judokerho ry, joka sitten yhdistyi Turun Judoseuraan vuonna 1972. Tuolloin judon lis\u00e4ksi tuli mukaan my\u00f6s karate. Yhdistymisen my\u00f6t\u00e4 seuran nimeksi p\u00e4\u00e4tettiin nimikilpailun j\u00e4lkeen antaa Budokwai ry.<br \/>\nT\u00e4ll\u00f6in lakkautettiin yhdistyrekisterist\u00e4 Turun Judoseura (10.10.1972).<\/p>\n<p>Turun Budokwai oli ensimm\u00e4inen it\u00e4maisia kamppailulajeja edustava turkulaisseura. Nyky\u00e4\u00e4n Budokwain lajivalikoimaan kuuluu karate ja taekwondo.<\/p>\n<p>Ja mik\u00e4 merkitt\u00e4vint\u00e4 <strong>Budokwai ry on Suomen vanhin rekister\u00f6ity Budoseura!<\/strong> 50 -vuotissyntym\u00e4p\u00e4ivi\u00e4 vietettiin 16.8.2012.<\/p>\n<p>&nbsp;<\/p>\n<p><strong>T\u00e4ss\u00e4 Budokwain eri vaiheita vuosien takaa:<\/strong><\/p>\n<table style=\"height: 337px; background-color: #ffffff;\" width=\"560\">\n<tbody>\n<tr>\n<td style=\"width: 70px;\">1962<\/td>\n<td>Turun Judoseura perustetaan 16.8.1962<\/td>\n<\/tr>\n<tr>\n<td>\u00a01964<\/td>\n<td>Osa Turun Judoseuran harjoittelijoista erkanee seurasta ja perustaa uuden seuran, Turun Akateeminen judokerho perustetaan<\/td>\n<\/tr>\n<tr>\n<td>\u00a01970<\/td>\n<td>Turun Akateeminen judokerho j\u00e4rjest\u00e4\u00e4 ensimm\u00e4isen karatekurssin<\/td>\n<\/tr>\n<tr>\n<td>\u00a01972<\/td>\n<td>Turun Akateeminen judokerho ja Turun judoseura yhdistyv\u00e4t Turun Budokwaiksi Helmikuussa. Lajivalikoimaan kuuluivat silloin Judo, Karate, Aikido. Uuden nimen rekister\u00f6itymisp\u00e4iv\u00e4 on 18.8.1972.<\/td>\n<\/tr>\n<tr>\n<td>\u00a01976<\/td>\n<td>Ilpo Jalamo l\u00e4htee Budokwaista ja perustaa oman karateseura Shaolinin<\/td>\n<\/tr>\n<tr>\n<td>\u00a01979<\/td>\n<td>Rolf Koivum\u00e4ki l\u00e4htee Budokwaista ja perustaa oman karateseura Sankukain<\/td>\n<\/tr>\n<tr>\n<td>\u00a01981<\/td>\n<td>Mikko Sepp\u00e4l\u00e4 l\u00e4htee Budokwaista ja perustaa Judoseura Judokain<\/td>\n<\/tr>\n<tr>\n<td>1990<\/td>\n<td>Seuran lajivalikoimiin tulee mukaan Taekwondo<\/td>\n<\/tr>\n<tr>\n<td>1991<\/td>\n<td>Budokwain Petteri Silenius perustaa Turun Aikikain<\/td>\n<\/tr>\n<tr>\n<td>1993<\/td>\n<td>Suurin osa Budokwain aikido harjoittelijoista siirtyy Aikikaihin<\/td>\n<\/tr>\n<tr>\n<td>\u00a01995<\/td>\n<td>Osa Taekwondon kilpailijoista erkanee Budokwaista perustaen uuden seuran Turku Taekwondo Team<\/td>\n<\/tr>\n<tr>\n<td>1997<\/td>\n<td>Aikido harrastajat siirtyv\u00e4t harjoittelemaan Yamatokaihin<\/td>\n<\/tr>\n<tr>\n<td>1999<\/td>\n<td>Judo jaosto erkanee Budokwaista ja yhdistyen Judokaihin. T\u00e4ll\u00f6in perustetaan uusi seura, Turun Judoseura.<\/td>\n<\/tr>\n<tr>\n<td>2000<\/td>\n<td>Turun Taekwondo Team yhdistyy Budokwain Taekwondo jaostoon<\/td>\n<\/tr>\n<\/tbody>\n<\/table>\n<p>&nbsp;<\/p>\n","protected":false},"excerpt":{"rendered":"<p>Turun Budokwain juuret ovat alunperin judossa: 16.8.1962 perustettiin Turun Judoseura ry (yhdistysrekisterinumero 84817). Hieman my\u00f6hemmin perustettiin Turun Akateeminen Judokerho ry, joka sitten yhdistyi Turun Judoseuraan vuonna 1972. Tuolloin judon lis\u00e4ksi tuli mukaan my\u00f6s karate. Yhdistymisen my\u00f6t\u00e4 seuran nimeksi p\u00e4\u00e4tettiin nimikilpailun j\u00e4lkeen antaa Budokwai ry. T\u00e4ll\u00f6in lakkautettiin yhdistyrekisterist\u00e4 Turun Judoseura (10.10.1972). Turun Budokwai oli ensimm\u00e4inen it\u00e4maisia&#8230;  <a class=\"excerpt-read-more\" href=\"https:\/\/www.budokwai.fi\/karate\/budokwaikarate_historia\/\" title=\"Budokwain historia\">Lue lis\u00e4\u00e4 &raquo;<\/a><\/p>\n","protected":false},"author":3,"featured_media":63,"parent":0,"menu_order":0,"comment_status":"closed","ping_status":"closed","template":"","meta":{"_acf_changed":false,"_monsterinsights_skip_tracking":false,"_monsterinsights_sitenote_active":false,"_monsterinsights_sitenote_note":"","_monsterinsights_sitenote_category":0,"footnotes":""},"class_list":["post-96","page","type-page","status-publish","has-post-thumbnail","hentry"],"acf":[],"yoast_head":"<!-- This site is optimized with the Yoast SEO plugin v27.5 - https:\/\/yoast.com\/product\/yoast-seo-wordpress\/ -->\n<title>Budokwain historia - Budokwai Karate<\/title>\n<meta name=\"robots\" content=\"index, follow, max-snippet:-1, max-image-preview:large, max-video-preview:-1\" \/>\n<link rel=\"canonical\" href=\"https:\/\/www.budokwai.fi\/karate\/budokwaikarate_historia\/\" \/>\n<meta property=\"og:locale\" content=\"fi_FI\" \/>\n<meta property=\"og:type\" content=\"article\" \/>\n<meta property=\"og:title\" content=\"Budokwain historia - Budokwai Karate\" \/>\n<meta property=\"og:description\" content=\"Turun Budokwain juuret ovat alunperin judossa: 16.8.1962 perustettiin Turun Judoseura ry (yhdistysrekisterinumero 84817). Hieman my\u00f6hemmin perustettiin Turun Akateeminen Judokerho ry, joka sitten yhdistyi Turun Judoseuraan vuonna 1972. Tuolloin judon lis\u00e4ksi tuli mukaan my\u00f6s karate. Yhdistymisen my\u00f6t\u00e4 seuran nimeksi p\u00e4\u00e4tettiin nimikilpailun j\u00e4lkeen antaa Budokwai ry. T\u00e4ll\u00f6in lakkautettiin yhdistyrekisterist\u00e4 Turun Judoseura (10.10.1972). Turun Budokwai oli ensimm\u00e4inen it\u00e4maisia... Lue lis\u00e4\u00e4 &raquo;\" \/>\n<meta property=\"og:url\" content=\"https:\/\/www.budokwai.fi\/karate\/budokwaikarate_historia\/\" \/>\n<meta property=\"og:site_name\" content=\"Budokwai Karate\" \/>\n<meta property=\"article:publisher\" content=\"https:\/\/www.facebook.com\/budokwaikarateturku\/\" \/>\n<meta property=\"article:modified_time\" content=\"2015-10-24T19:50:19+00:00\" \/>\n<meta property=\"og:image\" content=\"https:\/\/www.budokwai.fi\/karate\/wp\/wp-content\/uploads\/2015\/10\/WebSivut_paasivukuva_maismakick_02a.jpg\" \/>\n\t<meta property=\"og:image:width\" content=\"1200\" \/>\n\t<meta property=\"og:image:height\" content=\"450\" \/>\n\t<meta property=\"og:image:type\" content=\"image\/jpeg\" \/>\n<meta name=\"twitter:card\" content=\"summary_large_image\" \/>\n<meta name=\"twitter:label1\" content=\"Est. reading time\" \/>\n\t<meta name=\"twitter:data1\" content=\"1 minute\" \/>\n<script type=\"application\/ld+json\" class=\"yoast-schema-graph\">{\"@context\":\"https:\\\/\\\/schema.org\",\"@graph\":[{\"@type\":\"WebPage\",\"@id\":\"https:\\\/\\\/www.budokwai.fi\\\/karate\\\/budokwaikarate_historia\\\/\",\"url\":\"https:\\\/\\\/www.budokwai.fi\\\/karate\\\/budokwaikarate_historia\\\/\",\"name\":\"Budokwain historia - Budokwai Karate\",\"isPartOf\":{\"@id\":\"https:\\\/\\\/www.budokwai.fi\\\/karate\\\/#website\"},\"primaryImageOfPage\":{\"@id\":\"https:\\\/\\\/www.budokwai.fi\\\/karate\\\/budokwaikarate_historia\\\/#primaryimage\"},\"image\":{\"@id\":\"https:\\\/\\\/www.budokwai.fi\\\/karate\\\/budokwaikarate_historia\\\/#primaryimage\"},\"thumbnailUrl\":\"https:\\\/\\\/www.budokwai.fi\\\/karate\\\/wp\\\/wp-content\\\/uploads\\\/2015\\\/10\\\/WebSivut_paasivukuva_maismakick_02a.jpg\",\"datePublished\":\"2015-10-13T20:13:11+00:00\",\"dateModified\":\"2015-10-24T19:50:19+00:00\",\"breadcrumb\":{\"@id\":\"https:\\\/\\\/www.budokwai.fi\\\/karate\\\/budokwaikarate_historia\\\/#breadcrumb\"},\"inLanguage\":\"en-US\",\"potentialAction\":[{\"@type\":\"ReadAction\",\"target\":[\"https:\\\/\\\/www.budokwai.fi\\\/karate\\\/budokwaikarate_historia\\\/\"]}]},{\"@type\":\"ImageObject\",\"inLanguage\":\"en-US\",\"@id\":\"https:\\\/\\\/www.budokwai.fi\\\/karate\\\/budokwaikarate_historia\\\/#primaryimage\",\"url\":\"https:\\\/\\\/www.budokwai.fi\\\/karate\\\/wp\\\/wp-content\\\/uploads\\\/2015\\\/10\\\/WebSivut_paasivukuva_maismakick_02a.jpg\",\"contentUrl\":\"https:\\\/\\\/www.budokwai.fi\\\/karate\\\/wp\\\/wp-content\\\/uploads\\\/2015\\\/10\\\/WebSivut_paasivukuva_maismakick_02a.jpg\",\"width\":1200,\"height\":450},{\"@type\":\"BreadcrumbList\",\"@id\":\"https:\\\/\\\/www.budokwai.fi\\\/karate\\\/budokwaikarate_historia\\\/#breadcrumb\",\"itemListElement\":[{\"@type\":\"ListItem\",\"position\":1,\"name\":\"Home\",\"item\":\"https:\\\/\\\/www.budokwai.fi\\\/karate\\\/\"},{\"@type\":\"ListItem\",\"position\":2,\"name\":\"Budokwain historia\"}]},{\"@type\":\"WebSite\",\"@id\":\"https:\\\/\\\/www.budokwai.fi\\\/karate\\\/#website\",\"url\":\"https:\\\/\\\/www.budokwai.fi\\\/karate\\\/\",\"name\":\"Budokwai Karate\",\"description\":\"Budokwai karate\",\"potentialAction\":[{\"@type\":\"SearchAction\",\"target\":{\"@type\":\"EntryPoint\",\"urlTemplate\":\"https:\\\/\\\/www.budokwai.fi\\\/karate\\\/?s={search_term_string}\"},\"query-input\":{\"@type\":\"PropertyValueSpecification\",\"valueRequired\":true,\"valueName\":\"search_term_string\"}}],\"inLanguage\":\"en-US\"}]}<\/script>\n<!-- \/ Yoast SEO plugin. -->","yoast_head_json":{"title":"Budokwain historia - Budokwai Karate","robots":{"index":"index","follow":"follow","max-snippet":"max-snippet:-1","max-image-preview":"max-image-preview:large","max-video-preview":"max-video-preview:-1"},"canonical":"https:\/\/www.budokwai.fi\/karate\/budokwaikarate_historia\/","og_locale":"fi_FI","og_type":"article","og_title":"Budokwain historia - Budokwai Karate","og_description":"Turun Budokwain juuret ovat alunperin judossa: 16.8.1962 perustettiin Turun Judoseura ry (yhdistysrekisterinumero 84817). Hieman my\u00f6hemmin perustettiin Turun Akateeminen Judokerho ry, joka sitten yhdistyi Turun Judoseuraan vuonna 1972. Tuolloin judon lis\u00e4ksi tuli mukaan my\u00f6s karate. Yhdistymisen my\u00f6t\u00e4 seuran nimeksi p\u00e4\u00e4tettiin nimikilpailun j\u00e4lkeen antaa Budokwai ry. T\u00e4ll\u00f6in lakkautettiin yhdistyrekisterist\u00e4 Turun Judoseura (10.10.1972). Turun Budokwai oli ensimm\u00e4inen it\u00e4maisia... Lue lis\u00e4\u00e4 &raquo;","og_url":"https:\/\/www.budokwai.fi\/karate\/budokwaikarate_historia\/","og_site_name":"Budokwai Karate","article_publisher":"https:\/\/www.facebook.com\/budokwaikarateturku\/","article_modified_time":"2015-10-24T19:50:19+00:00","og_image":[{"width":1200,"height":450,"url":"https:\/\/www.budokwai.fi\/karate\/wp\/wp-content\/uploads\/2015\/10\/WebSivut_paasivukuva_maismakick_02a.jpg","type":"image\/jpeg"}],"twitter_card":"summary_large_image","twitter_misc":{"Est. reading time":"1 minute"},"schema":{"@context":"https:\/\/schema.org","@graph":[{"@type":"WebPage","@id":"https:\/\/www.budokwai.fi\/karate\/budokwaikarate_historia\/","url":"https:\/\/www.budokwai.fi\/karate\/budokwaikarate_historia\/","name":"Budokwain historia - Budokwai Karate","isPartOf":{"@id":"https:\/\/www.budokwai.fi\/karate\/#website"},"primaryImageOfPage":{"@id":"https:\/\/www.budokwai.fi\/karate\/budokwaikarate_historia\/#primaryimage"},"image":{"@id":"https:\/\/www.budokwai.fi\/karate\/budokwaikarate_historia\/#primaryimage"},"thumbnailUrl":"https:\/\/www.budokwai.fi\/karate\/wp\/wp-content\/uploads\/2015\/10\/WebSivut_paasivukuva_maismakick_02a.jpg","datePublished":"2015-10-13T20:13:11+00:00","dateModified":"2015-10-24T19:50:19+00:00","breadcrumb":{"@id":"https:\/\/www.budokwai.fi\/karate\/budokwaikarate_historia\/#breadcrumb"},"inLanguage":"en-US","potentialAction":[{"@type":"ReadAction","target":["https:\/\/www.budokwai.fi\/karate\/budokwaikarate_historia\/"]}]},{"@type":"ImageObject","inLanguage":"en-US","@id":"https:\/\/www.budokwai.fi\/karate\/budokwaikarate_historia\/#primaryimage","url":"https:\/\/www.budokwai.fi\/karate\/wp\/wp-content\/uploads\/2015\/10\/WebSivut_paasivukuva_maismakick_02a.jpg","contentUrl":"https:\/\/www.budokwai.fi\/karate\/wp\/wp-content\/uploads\/2015\/10\/WebSivut_paasivukuva_maismakick_02a.jpg","width":1200,"height":450},{"@type":"BreadcrumbList","@id":"https:\/\/www.budokwai.fi\/karate\/budokwaikarate_historia\/#breadcrumb","itemListElement":[{"@type":"ListItem","position":1,"name":"Home","item":"https:\/\/www.budokwai.fi\/karate\/"},{"@type":"ListItem","position":2,"name":"Budokwain historia"}]},{"@type":"WebSite","@id":"https:\/\/www.budokwai.fi\/karate\/#website","url":"https:\/\/www.budokwai.fi\/karate\/","name":"Budokwai Karate","description":"Budokwai karate","potentialAction":[{"@type":"SearchAction","target":{"@type":"EntryPoint","urlTemplate":"https:\/\/www.budokwai.fi\/karate\/?s={search_term_string}"},"query-input":{"@type":"PropertyValueSpecification","valueRequired":true,"valueName":"search_term_string"}}],"inLanguage":"en-US"}]}},"_links":{"self":[{"href":"https:\/\/www.budokwai.fi\/karate\/wp-json\/wp\/v2\/pages\/96","targetHints":{"allow":["GET"]}}],"collection":[{"href":"https:\/\/www.budokwai.fi\/karate\/wp-json\/wp\/v2\/pages"}],"about":[{"href":"https:\/\/www.budokwai.fi\/karate\/wp-json\/wp\/v2\/types\/page"}],"author":[{"embeddable":true,"href":"https:\/\/www.budokwai.fi\/karate\/wp-json\/wp\/v2\/users\/3"}],"replies":[{"embeddable":true,"href":"https:\/\/www.budokwai.fi\/karate\/wp-json\/wp\/v2\/comments?post=96"}],"version-history":[{"count":5,"href":"https:\/\/www.budokwai.fi\/karate\/wp-json\/wp\/v2\/pages\/96\/revisions"}],"predecessor-version":[{"id":537,"href":"https:\/\/www.budokwai.fi\/karate\/wp-json\/wp\/v2\/pages\/96\/revisions\/537"}],"wp:featuredmedia":[{"embeddable":true,"href":"https:\/\/www.budokwai.fi\/karate\/wp-json\/wp\/v2\/media\/63"}],"wp:attachment":[{"href":"https:\/\/www.budokwai.fi\/karate\/wp-json\/wp\/v2\/media?parent=96"}],"curies":[{"name":"wp","href":"https:\/\/api.w.org\/{rel}","templated":true}]}}