{"id":94,"date":"2015-10-13T23:12:52","date_gmt":"2015-10-13T20:12:52","guid":{"rendered":"http:\/\/www.budokwai.fi\/karate\/wp\/?page_id=94"},"modified":"2020-10-01T23:05:11","modified_gmt":"2020-10-01T20:05:11","slug":"mustat-vyot","status":"publish","type":"page","link":"https:\/\/www.budokwai.fi\/karate\/mustat-vyot\/","title":{"rendered":"Budokwai Karaten harjoituksia ohjaavat mustat vy\u00f6t"},"content":{"rendered":"<h2><\/h2>\n<p><strong>MUSTA 3. dan, Mika Rintam\u00e4ki<\/strong><\/p>\n<table style=\"border-collapse: collapse; width: 100%;\">\n<tbody>\n<tr>\n<td style=\"width: 100%;\"><a href=\"http:\/\/www.budokwai.fi\/karate\/wp\/wp-content\/uploads\/2020\/10\/Mika_2019_small-1.png\"><img loading=\"lazy\" decoding=\"async\" class=\"alignleft  wp-image-4079\" src=\"http:\/\/www.budokwai.fi\/karate\/wp\/wp-content\/uploads\/2020\/10\/Mika_2019_small-1.png\" alt=\"\" width=\"320\" height=\"419\" srcset=\"https:\/\/www.budokwai.fi\/karate\/wp\/wp-content\/uploads\/2020\/10\/Mika_2019_small-1.png 482w, https:\/\/www.budokwai.fi\/karate\/wp\/wp-content\/uploads\/2020\/10\/Mika_2019_small-1-229x300.png 229w\" sizes=\"auto, (max-width: 320px) 100vw, 320px\" \/><\/a><\/td>\n<\/tr>\n<\/tbody>\n<\/table>\n<p>Ensimm\u00e4isen kerran Mika on suorittanut 2.dan 1993 (toisen kerran Wadokai kokeessa helmikuussa 2015).<br \/>\nWadokai 3.dan tason Mika suoritti vy\u00f6kokeessa toukokuussa 2018.<\/p>\n<p><strong>MUSTA 1.dan, Anssi Ruusuvuori<\/strong><\/p>\n<img loading=\"lazy\" decoding=\"async\" class=\"alignnone  wp-image-518\" src=\"http:\/\/www.budokwai.fi\/karate\/wp\/wp-content\/uploads\/2015\/10\/henkilo_anssi2008.jpg\" alt=\"henkilo_anssi2008\" width=\"231\" height=\"319\" \/>\n<p>Ensimm\u00e4isen kerran Anssi on suorittanut 1.dan 1998.<br \/>\nWadokai 1.dan tason Anssi vahvisti vy\u00f6kokeessa marraskuussa 2014.<\/p>\n<p><strong>MUSTA 1.dan, Erkki Virkki<\/strong><\/p>\n<img loading=\"lazy\" decoding=\"async\" class=\"alignnone  wp-image-522\" src=\"http:\/\/www.budokwai.fi\/karate\/wp\/wp-content\/uploads\/2015\/10\/henkilo_erkki_virkki011.jpg\" alt=\"henkilo_erkki_virkki01\" width=\"227\" height=\"296\" \/>\n<p>Ensimm\u00e4isen kerran Erkki on suorittanut 1.dan tason 2003.<br \/>\nWadokai 1.dan tason Erkki vahvisti vy\u00f6kokeessa marraskuussa 2014.<\/p>\n<p><strong>MUSTA 1.dan, Jarkko J\u00e4rvinen<\/strong><\/p>\n<img loading=\"lazy\" decoding=\"async\" class=\"alignnone wp-image-519\" src=\"http:\/\/www.budokwai.fi\/karate\/wp\/wp-content\/uploads\/2015\/10\/jarvinen_jarkko05.png\" alt=\"jarvinen_jarkko05\" width=\"224\" height=\"323\" \/>\n<p>Wadokai 1.dan Jarkko suoritti vy\u00f6kokeessa helmikuussa 2015.<\/p>\n<p><strong><br \/>\nMUSTA 1.dan, Ismo Laitakari<br \/>\n<a href=\"http:\/\/www.budokwai.fi\/karate\/wp\/wp-content\/uploads\/2015\/10\/henkilo_laitakari_ismo02.png\"><img loading=\"lazy\" decoding=\"async\" class=\"alignleft  wp-image-387\" src=\"http:\/\/www.budokwai.fi\/karate\/wp\/wp-content\/uploads\/2015\/10\/henkilo_laitakari_ismo02.png\" alt=\"\" width=\"211\" height=\"294\" \/><\/a><\/strong><\/p>\n<p>Wadokai 1.dan vy\u00f6n Ismo suoritti vy\u00f6kokeessa toukokuussa 2018.<\/p>\n","protected":false},"excerpt":{"rendered":"<p>MUSTA 3. dan, Mika Rintam\u00e4ki Ensimm\u00e4isen kerran Mika on suorittanut 2.dan 1993 (toisen kerran Wadokai kokeessa helmikuussa 2015). Wadokai 3.dan tason Mika suoritti vy\u00f6kokeessa toukokuussa 2018. MUSTA 1.dan, Anssi Ruusuvuori Ensimm\u00e4isen kerran Anssi on suorittanut 1.dan 1998. Wadokai 1.dan tason Anssi vahvisti vy\u00f6kokeessa marraskuussa 2014. MUSTA 1.dan, Erkki Virkki Ensimm\u00e4isen kerran Erkki on suorittanut 1.dan&#8230;  <a class=\"excerpt-read-more\" href=\"https:\/\/www.budokwai.fi\/karate\/mustat-vyot\/\" title=\"Budokwai Karaten harjoituksia ohjaavat mustat vy\u00f6t\">Lue lis\u00e4\u00e4 &raquo;<\/a><\/p>\n","protected":false},"author":3,"featured_media":0,"parent":0,"menu_order":0,"comment_status":"closed","ping_status":"closed","template":"","meta":{"_acf_changed":false,"_monsterinsights_skip_tracking":false,"_monsterinsights_sitenote_active":false,"_monsterinsights_sitenote_note":"","_monsterinsights_sitenote_category":0,"footnotes":""},"class_list":["post-94","page","type-page","status-publish","hentry"],"acf":[],"yoast_head":"<!-- This site is optimized with the Yoast SEO plugin v27.4 - https:\/\/yoast.com\/product\/yoast-seo-wordpress\/ -->\n<title>Budokwai Karaten harjoituksia ohjaavat mustat vy\u00f6t - Budokwai Karate<\/title>\n<meta name=\"robots\" content=\"index, follow, max-snippet:-1, max-image-preview:large, max-video-preview:-1\" \/>\n<link rel=\"canonical\" href=\"https:\/\/www.budokwai.fi\/karate\/mustat-vyot\/\" \/>\n<meta property=\"og:locale\" content=\"fi_FI\" \/>\n<meta property=\"og:type\" content=\"article\" \/>\n<meta property=\"og:title\" content=\"Budokwai Karaten harjoituksia ohjaavat mustat vy\u00f6t - Budokwai Karate\" \/>\n<meta property=\"og:description\" content=\"MUSTA 3. dan, Mika Rintam\u00e4ki Ensimm\u00e4isen kerran Mika on suorittanut 2.dan 1993 (toisen kerran Wadokai kokeessa helmikuussa 2015). Wadokai 3.dan tason Mika suoritti vy\u00f6kokeessa toukokuussa 2018. MUSTA 1.dan, Anssi Ruusuvuori Ensimm\u00e4isen kerran Anssi on suorittanut 1.dan 1998. Wadokai 1.dan tason Anssi vahvisti vy\u00f6kokeessa marraskuussa 2014. MUSTA 1.dan, Erkki Virkki Ensimm\u00e4isen kerran Erkki on suorittanut 1.dan... Lue lis\u00e4\u00e4 &raquo;\" \/>\n<meta property=\"og:url\" content=\"https:\/\/www.budokwai.fi\/karate\/mustat-vyot\/\" \/>\n<meta property=\"og:site_name\" content=\"Budokwai Karate\" \/>\n<meta property=\"article:publisher\" content=\"https:\/\/www.facebook.com\/budokwaikarateturku\/\" \/>\n<meta property=\"article:modified_time\" content=\"2020-10-01T20:05:11+00:00\" \/>\n<meta property=\"og:image\" content=\"http:\/\/www.budokwai.fi\/karate\/wp\/wp-content\/uploads\/2020\/10\/Mika_2019_small-1.png\" \/>\n<meta name=\"twitter:card\" content=\"summary_large_image\" \/>\n<script type=\"application\/ld+json\" class=\"yoast-schema-graph\">{\"@context\":\"https:\\\/\\\/schema.org\",\"@graph\":[{\"@type\":\"WebPage\",\"@id\":\"https:\\\/\\\/www.budokwai.fi\\\/karate\\\/mustat-vyot\\\/\",\"url\":\"https:\\\/\\\/www.budokwai.fi\\\/karate\\\/mustat-vyot\\\/\",\"name\":\"Budokwai Karaten harjoituksia ohjaavat mustat vy\u00f6t - Budokwai Karate\",\"isPartOf\":{\"@id\":\"https:\\\/\\\/www.budokwai.fi\\\/karate\\\/#website\"},\"primaryImageOfPage\":{\"@id\":\"https:\\\/\\\/www.budokwai.fi\\\/karate\\\/mustat-vyot\\\/#primaryimage\"},\"image\":{\"@id\":\"https:\\\/\\\/www.budokwai.fi\\\/karate\\\/mustat-vyot\\\/#primaryimage\"},\"thumbnailUrl\":\"http:\\\/\\\/www.budokwai.fi\\\/karate\\\/wp\\\/wp-content\\\/uploads\\\/2020\\\/10\\\/Mika_2019_small-1.png\",\"datePublished\":\"2015-10-13T20:12:52+00:00\",\"dateModified\":\"2020-10-01T20:05:11+00:00\",\"breadcrumb\":{\"@id\":\"https:\\\/\\\/www.budokwai.fi\\\/karate\\\/mustat-vyot\\\/#breadcrumb\"},\"inLanguage\":\"en-US\",\"potentialAction\":[{\"@type\":\"ReadAction\",\"target\":[\"https:\\\/\\\/www.budokwai.fi\\\/karate\\\/mustat-vyot\\\/\"]}]},{\"@type\":\"ImageObject\",\"inLanguage\":\"en-US\",\"@id\":\"https:\\\/\\\/www.budokwai.fi\\\/karate\\\/mustat-vyot\\\/#primaryimage\",\"url\":\"https:\\\/\\\/www.budokwai.fi\\\/karate\\\/wp\\\/wp-content\\\/uploads\\\/2020\\\/10\\\/Mika_2019_small-1.png\",\"contentUrl\":\"https:\\\/\\\/www.budokwai.fi\\\/karate\\\/wp\\\/wp-content\\\/uploads\\\/2020\\\/10\\\/Mika_2019_small-1.png\",\"width\":482,\"height\":631},{\"@type\":\"BreadcrumbList\",\"@id\":\"https:\\\/\\\/www.budokwai.fi\\\/karate\\\/mustat-vyot\\\/#breadcrumb\",\"itemListElement\":[{\"@type\":\"ListItem\",\"position\":1,\"name\":\"Home\",\"item\":\"https:\\\/\\\/www.budokwai.fi\\\/karate\\\/\"},{\"@type\":\"ListItem\",\"position\":2,\"name\":\"Budokwai Karaten harjoituksia ohjaavat mustat vy\u00f6t\"}]},{\"@type\":\"WebSite\",\"@id\":\"https:\\\/\\\/www.budokwai.fi\\\/karate\\\/#website\",\"url\":\"https:\\\/\\\/www.budokwai.fi\\\/karate\\\/\",\"name\":\"Budokwai Karate\",\"description\":\"Budokwai karate\",\"potentialAction\":[{\"@type\":\"SearchAction\",\"target\":{\"@type\":\"EntryPoint\",\"urlTemplate\":\"https:\\\/\\\/www.budokwai.fi\\\/karate\\\/?s={search_term_string}\"},\"query-input\":{\"@type\":\"PropertyValueSpecification\",\"valueRequired\":true,\"valueName\":\"search_term_string\"}}],\"inLanguage\":\"en-US\"}]}<\/script>\n<!-- \/ Yoast SEO plugin. -->","yoast_head_json":{"title":"Budokwai Karaten harjoituksia ohjaavat mustat vy\u00f6t - Budokwai Karate","robots":{"index":"index","follow":"follow","max-snippet":"max-snippet:-1","max-image-preview":"max-image-preview:large","max-video-preview":"max-video-preview:-1"},"canonical":"https:\/\/www.budokwai.fi\/karate\/mustat-vyot\/","og_locale":"fi_FI","og_type":"article","og_title":"Budokwai Karaten harjoituksia ohjaavat mustat vy\u00f6t - Budokwai Karate","og_description":"MUSTA 3. dan, Mika Rintam\u00e4ki Ensimm\u00e4isen kerran Mika on suorittanut 2.dan 1993 (toisen kerran Wadokai kokeessa helmikuussa 2015). Wadokai 3.dan tason Mika suoritti vy\u00f6kokeessa toukokuussa 2018. MUSTA 1.dan, Anssi Ruusuvuori Ensimm\u00e4isen kerran Anssi on suorittanut 1.dan 1998. Wadokai 1.dan tason Anssi vahvisti vy\u00f6kokeessa marraskuussa 2014. MUSTA 1.dan, Erkki Virkki Ensimm\u00e4isen kerran Erkki on suorittanut 1.dan... Lue lis\u00e4\u00e4 &raquo;","og_url":"https:\/\/www.budokwai.fi\/karate\/mustat-vyot\/","og_site_name":"Budokwai Karate","article_publisher":"https:\/\/www.facebook.com\/budokwaikarateturku\/","article_modified_time":"2020-10-01T20:05:11+00:00","og_image":[{"url":"http:\/\/www.budokwai.fi\/karate\/wp\/wp-content\/uploads\/2020\/10\/Mika_2019_small-1.png","type":"","width":"","height":""}],"twitter_card":"summary_large_image","schema":{"@context":"https:\/\/schema.org","@graph":[{"@type":"WebPage","@id":"https:\/\/www.budokwai.fi\/karate\/mustat-vyot\/","url":"https:\/\/www.budokwai.fi\/karate\/mustat-vyot\/","name":"Budokwai Karaten harjoituksia ohjaavat mustat vy\u00f6t - Budokwai Karate","isPartOf":{"@id":"https:\/\/www.budokwai.fi\/karate\/#website"},"primaryImageOfPage":{"@id":"https:\/\/www.budokwai.fi\/karate\/mustat-vyot\/#primaryimage"},"image":{"@id":"https:\/\/www.budokwai.fi\/karate\/mustat-vyot\/#primaryimage"},"thumbnailUrl":"http:\/\/www.budokwai.fi\/karate\/wp\/wp-content\/uploads\/2020\/10\/Mika_2019_small-1.png","datePublished":"2015-10-13T20:12:52+00:00","dateModified":"2020-10-01T20:05:11+00:00","breadcrumb":{"@id":"https:\/\/www.budokwai.fi\/karate\/mustat-vyot\/#breadcrumb"},"inLanguage":"en-US","potentialAction":[{"@type":"ReadAction","target":["https:\/\/www.budokwai.fi\/karate\/mustat-vyot\/"]}]},{"@type":"ImageObject","inLanguage":"en-US","@id":"https:\/\/www.budokwai.fi\/karate\/mustat-vyot\/#primaryimage","url":"https:\/\/www.budokwai.fi\/karate\/wp\/wp-content\/uploads\/2020\/10\/Mika_2019_small-1.png","contentUrl":"https:\/\/www.budokwai.fi\/karate\/wp\/wp-content\/uploads\/2020\/10\/Mika_2019_small-1.png","width":482,"height":631},{"@type":"BreadcrumbList","@id":"https:\/\/www.budokwai.fi\/karate\/mustat-vyot\/#breadcrumb","itemListElement":[{"@type":"ListItem","position":1,"name":"Home","item":"https:\/\/www.budokwai.fi\/karate\/"},{"@type":"ListItem","position":2,"name":"Budokwai Karaten harjoituksia ohjaavat mustat vy\u00f6t"}]},{"@type":"WebSite","@id":"https:\/\/www.budokwai.fi\/karate\/#website","url":"https:\/\/www.budokwai.fi\/karate\/","name":"Budokwai Karate","description":"Budokwai karate","potentialAction":[{"@type":"SearchAction","target":{"@type":"EntryPoint","urlTemplate":"https:\/\/www.budokwai.fi\/karate\/?s={search_term_string}"},"query-input":{"@type":"PropertyValueSpecification","valueRequired":true,"valueName":"search_term_string"}}],"inLanguage":"en-US"}]}},"_links":{"self":[{"href":"https:\/\/www.budokwai.fi\/karate\/wp-json\/wp\/v2\/pages\/94","targetHints":{"allow":["GET"]}}],"collection":[{"href":"https:\/\/www.budokwai.fi\/karate\/wp-json\/wp\/v2\/pages"}],"about":[{"href":"https:\/\/www.budokwai.fi\/karate\/wp-json\/wp\/v2\/types\/page"}],"author":[{"embeddable":true,"href":"https:\/\/www.budokwai.fi\/karate\/wp-json\/wp\/v2\/users\/3"}],"replies":[{"embeddable":true,"href":"https:\/\/www.budokwai.fi\/karate\/wp-json\/wp\/v2\/comments?post=94"}],"version-history":[{"count":8,"href":"https:\/\/www.budokwai.fi\/karate\/wp-json\/wp\/v2\/pages\/94\/revisions"}],"predecessor-version":[{"id":4086,"href":"https:\/\/www.budokwai.fi\/karate\/wp-json\/wp\/v2\/pages\/94\/revisions\/4086"}],"wp:attachment":[{"href":"https:\/\/www.budokwai.fi\/karate\/wp-json\/wp\/v2\/media?parent=94"}],"curies":[{"name":"wp","href":"https:\/\/api.w.org\/{rel}","templated":true}]}}