{"id":782,"date":"2015-12-20T01:36:16","date_gmt":"2015-12-19T23:36:16","guid":{"rendered":"http:\/\/www.budokwai.fi\/karate\/wp\/?page_id=782"},"modified":"2017-04-09T23:58:03","modified_gmt":"2017-04-09T20:58:03","slug":"paritekniikat","status":"publish","type":"page","link":"https:\/\/www.budokwai.fi\/karate\/paritekniikat\/","title":{"rendered":"Paritekniikat"},"content":{"rendered":"<h2>Vy\u00f6kokeessa vaadittavat paritekniikat ovat:<\/h2>\n<ul>\n<li>Ippon Kumitet<\/li>\n<li>Maegeri uket<\/li>\n<li>Ohyo Kumitet<\/li>\n<li>Kihon kumitet<\/li>\n<\/ul>\n<h2>Ippon Kumite (1-6)<\/h2>\n<ul>\n<li><a href=\"http:\/\/www.budokwai.fi\/karate\/wp\/yhden-askeleen-ottelu-ippon-kumite\/\">Yleist\u00e4 Ippon Kumitesta<\/a><\/li>\n<li><a href=\"http:\/\/www.budokwai.fi\/karate\/wp\/ippon-kumite-1\/\">Chudan uke ipponme (1.)<\/a><\/li>\n<li><a href=\"http:\/\/www.budokwai.fi\/karate\/wp\/ippon-kumite-2\/\">Chudan uke nihonme (2.)<\/a><\/li>\n<li><a href=\"http:\/\/www.budokwai.fi\/karate\/wp\/ippon-kumite-3\/\">Jodan uke ipponme (3.)<\/a><\/li>\n<li><a href=\"http:\/\/www.budokwai.fi\/karate\/wp\/ippon-kumite-4\/\">Jodan uke nihonme (4.)<\/a><\/li>\n<li><a href=\"http:\/\/www.budokwai.fi\/karate\/wp\/ippon-kumite-5\/\">Jodan uke sanbonme (5.)<\/a><\/li>\n<li><a href=\"http:\/\/www.budokwai.fi\/karate\/wp\/ippon-kumite-6\/\">Jodan uke yonhonme (6.)<\/a><\/li>\n<\/ul>\n<h2>Maegeri uke (1-6)<\/h2>\n<ul>\n<li><a href=\"http:\/\/www.budokwai.fi\/karate\/wp\/yhden-askeleen-ottelu-ippon-kumite\/\">Yleist\u00e4 maegeri ukesta<\/a><\/li>\n<li><a href=\"http:\/\/www.budokwai.fi\/karate\/wp\/maegeri-uke-1\/\">Maegeri uke ipponme (1.)<\/a><\/li>\n<li><a href=\"http:\/\/www.budokwai.fi\/karate\/wp\/maegeri-uke-2\/\">Maegeri uke nihonme (2.)<\/a><\/li>\n<li><a href=\"http:\/\/www.budokwai.fi\/karate\/wp\/maegeri-uke-3\/\">Maegeri uke sanbonme (3.)<\/a><\/li>\n<li><a href=\"http:\/\/www.budokwai.fi\/karate\/wp\/maegeri-uke-4\/\">Maegeri uke yohonme (4.)<\/a><\/li>\n<li><a href=\"http:\/\/www.budokwai.fi\/karate\/wp\/maegeri-uke-5\/\">Maegeri uke gohonme (5.)<\/a><\/li>\n<li><a href=\"http:\/\/www.budokwai.fi\/karate\/wp\/maegeri-uke-6\/\">Maegeri uke ropponme (6.)<\/a><\/li>\n<\/ul>\n<h2>Ohyo Kumite (1-8)<\/h2>\n<ul>\n<li><a href=\"http:\/\/www.budokwai.fi\/karate\/wp\/ohyo-kumite-yleista\/\">Yleist\u00e4 Ohyo kumitesta<\/a><\/li>\n<li><a href=\"http:\/\/www.budokwai.fi\/karate\/wp\/ohyo-kumite-1\/\">Ohyo Kumite ipponme (1.)<\/a><\/li>\n<li><a href=\"http:\/\/www.budokwai.fi\/karate\/wp\/ohyo-kumite-2\/\">Ohyo Kumite nihonme (2.)<\/a><\/li>\n<li><a href=\"http:\/\/www.budokwai.fi\/karate\/wp\/ohyo-kumite-3\/\">Ohyo Kumite sanbonme (3.)<\/a><\/li>\n<li><a href=\"http:\/\/www.budokwai.fi\/karate\/wp\/ohyo-kumite-4\/\">Ohyo Kumite yohonme (4.)<\/a><\/li>\n<li><a href=\"http:\/\/www.budokwai.fi\/karate\/wp\/ohyo-kumite-5\/\">Ohyo Kumite Gohonme (5.)<\/a><\/li>\n<li><a href=\"http:\/\/www.budokwai.fi\/karate\/wp\/ohyo-kumite-6\/\">Ohyo Kumite ropponme (6.)<\/a><\/li>\n<li><a href=\"http:\/\/www.budokwai.fi\/karate\/wp\/ohyo-kumite-7\/\">Ohyo Kumite nanahonme (7.)<\/a><\/li>\n<li><a href=\"http:\/\/www.budokwai.fi\/karate\/wp\/ohyo-kumite-8\/\">Ohyo Kumite happonme (8.)<\/a><\/li>\n<\/ul>\n<h2>Kihon Kumite (1-10)<\/h2>\n<ul>\n<li><a href=\"http:\/\/www.budokwai.fi\/karate\/wp\/kihon-kumite-yleista\/\">Yleist\u00e4 Kihon Kumitesta<\/a><\/li>\n<li><a href=\"http:\/\/www.budokwai.fi\/karate\/wp\/kihon-kumite-1\/\">Kihon Kumite ipponme (1.)<\/a><\/li>\n<li><a href=\"http:\/\/www.budokwai.fi\/karate\/wp\/kihon-kumite-2\/\">Kihon Kumite nihonme (2.)<\/a><\/li>\n<li><a href=\"http:\/\/www.budokwai.fi\/karate\/wp\/kihon-kumite-3\/\">Kihon Kumite sanbonme (3.)<\/a><\/li>\n<li><a href=\"http:\/\/www.budokwai.fi\/karate\/wp\/kihon-kumite-4\/\">Kihon Kumite yohonme (4.)<\/a><\/li>\n<li><a href=\"http:\/\/www.budokwai.fi\/karate\/wp\/kihon-kumite-5\/\">Kihon Kumite gohonme (5.)<\/a><\/li>\n<li><a href=\"http:\/\/www.budokwai.fi\/karate\/wp\/kihon-kumite-6\/\">Kihon Kumite ropponme (6.)<\/a><\/li>\n<li><a href=\"http:\/\/www.budokwai.fi\/karate\/wp\/kihon-kumite-7\/\">Kihon Kumite nanahonme (7.)<\/a><\/li>\n<li><a href=\"http:\/\/www.budokwai.fi\/karate\/wp\/kihon-kumite-8\/\">Kihon Kumite happonme (8.)<\/a><\/li>\n<li><a href=\"http:\/\/www.budokwai.fi\/karate\/wp\/kihon-kumite-9\/\">Kihon Kumite kyuhonme (9.)<\/a><\/li>\n<li><a href=\"http:\/\/www.budokwai.fi\/karate\/wp\/kihon-kumite-10\/\">Kihon Kumite jupponme (10.)<\/a><\/li>\n<\/ul>\n<p>&nbsp;<\/p>\n","protected":false},"excerpt":{"rendered":"<p>Vy\u00f6kokeessa vaadittavat paritekniikat ovat: Ippon Kumitet Maegeri uket Ohyo Kumitet Kihon kumitet Ippon Kumite (1-6) Yleist\u00e4 Ippon Kumitesta Chudan uke ipponme (1.) Chudan uke nihonme (2.) Jodan uke ipponme (3.) Jodan uke nihonme (4.) Jodan uke sanbonme (5.) Jodan uke yonhonme (6.) Maegeri uke (1-6) Yleist\u00e4 maegeri ukesta Maegeri uke ipponme (1.) Maegeri uke nihonme&#8230;  <a class=\"excerpt-read-more\" href=\"https:\/\/www.budokwai.fi\/karate\/paritekniikat\/\" title=\"Paritekniikat\">Lue lis\u00e4\u00e4 &raquo;<\/a><\/p>\n","protected":false},"author":2,"featured_media":0,"parent":0,"menu_order":0,"comment_status":"closed","ping_status":"closed","template":"full-width.php","meta":{"_acf_changed":false,"_monsterinsights_skip_tracking":false,"_monsterinsights_sitenote_active":false,"_monsterinsights_sitenote_note":"","_monsterinsights_sitenote_category":0,"footnotes":""},"class_list":["post-782","page","type-page","status-publish","hentry"],"acf":[],"yoast_head":"<!-- This site is optimized with the Yoast SEO plugin v27.5 - https:\/\/yoast.com\/product\/yoast-seo-wordpress\/ -->\n<title>Paritekniikat - Budokwai Karate<\/title>\n<meta name=\"robots\" content=\"index, follow, max-snippet:-1, max-image-preview:large, max-video-preview:-1\" \/>\n<link rel=\"canonical\" href=\"https:\/\/www.budokwai.fi\/karate\/paritekniikat\/\" \/>\n<meta property=\"og:locale\" content=\"fi_FI\" \/>\n<meta property=\"og:type\" content=\"article\" \/>\n<meta property=\"og:title\" content=\"Paritekniikat - Budokwai Karate\" \/>\n<meta property=\"og:description\" content=\"Vy\u00f6kokeessa vaadittavat paritekniikat ovat: Ippon Kumitet Maegeri uket Ohyo Kumitet Kihon kumitet Ippon Kumite (1-6) Yleist\u00e4 Ippon Kumitesta Chudan uke ipponme (1.) Chudan uke nihonme (2.) Jodan uke ipponme (3.) Jodan uke nihonme (4.) Jodan uke sanbonme (5.) Jodan uke yonhonme (6.) Maegeri uke (1-6) Yleist\u00e4 maegeri ukesta Maegeri uke ipponme (1.) Maegeri uke nihonme... Lue lis\u00e4\u00e4 &raquo;\" \/>\n<meta property=\"og:url\" content=\"https:\/\/www.budokwai.fi\/karate\/paritekniikat\/\" \/>\n<meta property=\"og:site_name\" content=\"Budokwai Karate\" \/>\n<meta property=\"article:publisher\" content=\"https:\/\/www.facebook.com\/budokwaikarateturku\/\" \/>\n<meta property=\"article:modified_time\" content=\"2017-04-09T20:58:03+00:00\" \/>\n<meta property=\"og:image\" content=\"https:\/\/www.budokwai.fi\/karate\/wp\/wp-content\/uploads\/2017\/06\/Budokwai_karate2.png\" \/>\n\t<meta property=\"og:image:width\" content=\"395\" \/>\n\t<meta property=\"og:image:height\" content=\"390\" \/>\n\t<meta property=\"og:image:type\" content=\"image\/png\" \/>\n<meta name=\"twitter:card\" content=\"summary_large_image\" \/>\n<meta name=\"twitter:label1\" content=\"Est. reading time\" \/>\n\t<meta name=\"twitter:data1\" content=\"1 minute\" \/>\n<script type=\"application\/ld+json\" class=\"yoast-schema-graph\">{\"@context\":\"https:\\\/\\\/schema.org\",\"@graph\":[{\"@type\":\"WebPage\",\"@id\":\"https:\\\/\\\/www.budokwai.fi\\\/karate\\\/paritekniikat\\\/\",\"url\":\"https:\\\/\\\/www.budokwai.fi\\\/karate\\\/paritekniikat\\\/\",\"name\":\"Paritekniikat - Budokwai Karate\",\"isPartOf\":{\"@id\":\"https:\\\/\\\/www.budokwai.fi\\\/karate\\\/#website\"},\"datePublished\":\"2015-12-19T23:36:16+00:00\",\"dateModified\":\"2017-04-09T20:58:03+00:00\",\"breadcrumb\":{\"@id\":\"https:\\\/\\\/www.budokwai.fi\\\/karate\\\/paritekniikat\\\/#breadcrumb\"},\"inLanguage\":\"en-US\",\"potentialAction\":[{\"@type\":\"ReadAction\",\"target\":[\"https:\\\/\\\/www.budokwai.fi\\\/karate\\\/paritekniikat\\\/\"]}]},{\"@type\":\"BreadcrumbList\",\"@id\":\"https:\\\/\\\/www.budokwai.fi\\\/karate\\\/paritekniikat\\\/#breadcrumb\",\"itemListElement\":[{\"@type\":\"ListItem\",\"position\":1,\"name\":\"Home\",\"item\":\"https:\\\/\\\/www.budokwai.fi\\\/karate\\\/\"},{\"@type\":\"ListItem\",\"position\":2,\"name\":\"Paritekniikat\"}]},{\"@type\":\"WebSite\",\"@id\":\"https:\\\/\\\/www.budokwai.fi\\\/karate\\\/#website\",\"url\":\"https:\\\/\\\/www.budokwai.fi\\\/karate\\\/\",\"name\":\"Budokwai Karate\",\"description\":\"Budokwai karate\",\"potentialAction\":[{\"@type\":\"SearchAction\",\"target\":{\"@type\":\"EntryPoint\",\"urlTemplate\":\"https:\\\/\\\/www.budokwai.fi\\\/karate\\\/?s={search_term_string}\"},\"query-input\":{\"@type\":\"PropertyValueSpecification\",\"valueRequired\":true,\"valueName\":\"search_term_string\"}}],\"inLanguage\":\"en-US\"}]}<\/script>\n<!-- \/ Yoast SEO plugin. -->","yoast_head_json":{"title":"Paritekniikat - Budokwai Karate","robots":{"index":"index","follow":"follow","max-snippet":"max-snippet:-1","max-image-preview":"max-image-preview:large","max-video-preview":"max-video-preview:-1"},"canonical":"https:\/\/www.budokwai.fi\/karate\/paritekniikat\/","og_locale":"fi_FI","og_type":"article","og_title":"Paritekniikat - Budokwai Karate","og_description":"Vy\u00f6kokeessa vaadittavat paritekniikat ovat: Ippon Kumitet Maegeri uket Ohyo Kumitet Kihon kumitet Ippon Kumite (1-6) Yleist\u00e4 Ippon Kumitesta Chudan uke ipponme (1.) Chudan uke nihonme (2.) Jodan uke ipponme (3.) Jodan uke nihonme (4.) Jodan uke sanbonme (5.) Jodan uke yonhonme (6.) Maegeri uke (1-6) Yleist\u00e4 maegeri ukesta Maegeri uke ipponme (1.) Maegeri uke nihonme... Lue lis\u00e4\u00e4 &raquo;","og_url":"https:\/\/www.budokwai.fi\/karate\/paritekniikat\/","og_site_name":"Budokwai Karate","article_publisher":"https:\/\/www.facebook.com\/budokwaikarateturku\/","article_modified_time":"2017-04-09T20:58:03+00:00","og_image":[{"width":395,"height":390,"url":"https:\/\/www.budokwai.fi\/karate\/wp\/wp-content\/uploads\/2017\/06\/Budokwai_karate2.png","type":"image\/png"}],"twitter_card":"summary_large_image","twitter_misc":{"Est. reading time":"1 minute"},"schema":{"@context":"https:\/\/schema.org","@graph":[{"@type":"WebPage","@id":"https:\/\/www.budokwai.fi\/karate\/paritekniikat\/","url":"https:\/\/www.budokwai.fi\/karate\/paritekniikat\/","name":"Paritekniikat - Budokwai Karate","isPartOf":{"@id":"https:\/\/www.budokwai.fi\/karate\/#website"},"datePublished":"2015-12-19T23:36:16+00:00","dateModified":"2017-04-09T20:58:03+00:00","breadcrumb":{"@id":"https:\/\/www.budokwai.fi\/karate\/paritekniikat\/#breadcrumb"},"inLanguage":"en-US","potentialAction":[{"@type":"ReadAction","target":["https:\/\/www.budokwai.fi\/karate\/paritekniikat\/"]}]},{"@type":"BreadcrumbList","@id":"https:\/\/www.budokwai.fi\/karate\/paritekniikat\/#breadcrumb","itemListElement":[{"@type":"ListItem","position":1,"name":"Home","item":"https:\/\/www.budokwai.fi\/karate\/"},{"@type":"ListItem","position":2,"name":"Paritekniikat"}]},{"@type":"WebSite","@id":"https:\/\/www.budokwai.fi\/karate\/#website","url":"https:\/\/www.budokwai.fi\/karate\/","name":"Budokwai Karate","description":"Budokwai karate","potentialAction":[{"@type":"SearchAction","target":{"@type":"EntryPoint","urlTemplate":"https:\/\/www.budokwai.fi\/karate\/?s={search_term_string}"},"query-input":{"@type":"PropertyValueSpecification","valueRequired":true,"valueName":"search_term_string"}}],"inLanguage":"en-US"}]}},"_links":{"self":[{"href":"https:\/\/www.budokwai.fi\/karate\/wp-json\/wp\/v2\/pages\/782","targetHints":{"allow":["GET"]}}],"collection":[{"href":"https:\/\/www.budokwai.fi\/karate\/wp-json\/wp\/v2\/pages"}],"about":[{"href":"https:\/\/www.budokwai.fi\/karate\/wp-json\/wp\/v2\/types\/page"}],"author":[{"embeddable":true,"href":"https:\/\/www.budokwai.fi\/karate\/wp-json\/wp\/v2\/users\/2"}],"replies":[{"embeddable":true,"href":"https:\/\/www.budokwai.fi\/karate\/wp-json\/wp\/v2\/comments?post=782"}],"version-history":[{"count":22,"href":"https:\/\/www.budokwai.fi\/karate\/wp-json\/wp\/v2\/pages\/782\/revisions"}],"predecessor-version":[{"id":1369,"href":"https:\/\/www.budokwai.fi\/karate\/wp-json\/wp\/v2\/pages\/782\/revisions\/1369"}],"wp:attachment":[{"href":"https:\/\/www.budokwai.fi\/karate\/wp-json\/wp\/v2\/media?parent=782"}],"curies":[{"name":"wp","href":"https:\/\/api.w.org\/{rel}","templated":true}]}}