{"id":720,"date":"2015-10-30T23:43:31","date_gmt":"2015-10-30T21:43:31","guid":{"rendered":"http:\/\/www.budokwai.fi\/karate\/wp\/?page_id=720"},"modified":"2017-04-09T23:08:51","modified_gmt":"2017-04-09T20:08:51","slug":"ohyo-kumite-8","status":"publish","type":"page","link":"https:\/\/www.budokwai.fi\/karate\/ohyo-kumite-8\/","title":{"rendered":"Ohyo kumite 8"},"content":{"rendered":"<p><strong>Sanallisesti<\/strong><\/p>\n<p>H: Migi hamni gamae<br \/>\nHy\u00f6kk\u00e4\u00e4j\u00e4 hy\u00f6kk\u00e4\u00e4 surikomi ashibarailla ja jatkaa hy\u00f6kk\u00e4yst\u00e4 takajalan ashibarailla, josta oikean jalan ushirogeri chudan. Ushirogeria palauttaessa k\u00e4\u00e4nnyt\u00e4\u00e4n kohti vastustajaa, suojataan hy\u00f6kk\u00e4yst\u00e4 oikealla k\u00e4dell\u00e4 siirt\u00e4m\u00e4ll\u00e4 vastustajan etummaista k\u00e4tt\u00e4 sivulle, horjuttamalla vastustajaa oikean polven avulla ja ly\u00f6m\u00e4ll\u00e4 gyakuzuki chudan.<\/p>\n<p>P: Hidari hamni gamae<br \/>\nPyyhk\u00e4isyt v\u00e4istet\u00e4\u00e4n askeleilla taakse.<\/p>\n<p>&nbsp;<\/p>\n<p><strong>Kuvilla<\/strong><\/p>\n<img loading=\"lazy\" decoding=\"async\" class=\"alignnone size-medium wp-image-1239\" src=\"http:\/\/www.budokwai.fi\/karate\/wp\/wp-content\/uploads\/2017\/04\/ohyo.kumite.8.clip_.000-300x245.jpg\" alt=\"\" width=\"300\" height=\"245\" srcset=\"https:\/\/www.budokwai.fi\/karate\/wp\/wp-content\/uploads\/2017\/04\/ohyo.kumite.8.clip_.000-300x245.jpg 300w, https:\/\/www.budokwai.fi\/karate\/wp\/wp-content\/uploads\/2017\/04\/ohyo.kumite.8.clip_.000.jpg 305w\" sizes=\"auto, (max-width: 300px) 100vw, 300px\" \/> <img loading=\"lazy\" decoding=\"async\" class=\"alignnone size-medium wp-image-1238\" src=\"http:\/\/www.budokwai.fi\/karate\/wp\/wp-content\/uploads\/2017\/04\/ohyo.kumite.8.clip_.001-300x245.jpg\" alt=\"\" width=\"300\" height=\"245\" srcset=\"https:\/\/www.budokwai.fi\/karate\/wp\/wp-content\/uploads\/2017\/04\/ohyo.kumite.8.clip_.001-300x245.jpg 300w, https:\/\/www.budokwai.fi\/karate\/wp\/wp-content\/uploads\/2017\/04\/ohyo.kumite.8.clip_.001.jpg 305w\" sizes=\"auto, (max-width: 300px) 100vw, 300px\" \/> <img loading=\"lazy\" decoding=\"async\" class=\"alignnone size-medium wp-image-1237\" src=\"http:\/\/www.budokwai.fi\/karate\/wp\/wp-content\/uploads\/2017\/04\/ohyo.kumite.8.clip_.002-300x245.jpg\" alt=\"\" width=\"300\" height=\"245\" srcset=\"https:\/\/www.budokwai.fi\/karate\/wp\/wp-content\/uploads\/2017\/04\/ohyo.kumite.8.clip_.002-300x245.jpg 300w, https:\/\/www.budokwai.fi\/karate\/wp\/wp-content\/uploads\/2017\/04\/ohyo.kumite.8.clip_.002.jpg 305w\" sizes=\"auto, (max-width: 300px) 100vw, 300px\" \/> <img loading=\"lazy\" decoding=\"async\" class=\"alignnone size-medium wp-image-1236\" src=\"http:\/\/www.budokwai.fi\/karate\/wp\/wp-content\/uploads\/2017\/04\/ohyo.kumite.8.clip_.003-300x245.jpg\" alt=\"\" width=\"300\" height=\"245\" srcset=\"https:\/\/www.budokwai.fi\/karate\/wp\/wp-content\/uploads\/2017\/04\/ohyo.kumite.8.clip_.003-300x245.jpg 300w, https:\/\/www.budokwai.fi\/karate\/wp\/wp-content\/uploads\/2017\/04\/ohyo.kumite.8.clip_.003.jpg 305w\" sizes=\"auto, (max-width: 300px) 100vw, 300px\" \/> <img loading=\"lazy\" decoding=\"async\" class=\"alignnone size-medium wp-image-1235\" src=\"http:\/\/www.budokwai.fi\/karate\/wp\/wp-content\/uploads\/2017\/04\/ohyo.kumite.8.clip_.004-300x245.jpg\" alt=\"\" width=\"300\" height=\"245\" srcset=\"https:\/\/www.budokwai.fi\/karate\/wp\/wp-content\/uploads\/2017\/04\/ohyo.kumite.8.clip_.004-300x245.jpg 300w, https:\/\/www.budokwai.fi\/karate\/wp\/wp-content\/uploads\/2017\/04\/ohyo.kumite.8.clip_.004.jpg 305w\" sizes=\"auto, (max-width: 300px) 100vw, 300px\" \/> <img loading=\"lazy\" decoding=\"async\" class=\"alignnone size-medium wp-image-1234\" src=\"http:\/\/www.budokwai.fi\/karate\/wp\/wp-content\/uploads\/2017\/04\/ohyo.kumite.8.clip_.005-300x245.jpg\" alt=\"\" width=\"300\" height=\"245\" srcset=\"https:\/\/www.budokwai.fi\/karate\/wp\/wp-content\/uploads\/2017\/04\/ohyo.kumite.8.clip_.005-300x245.jpg 300w, https:\/\/www.budokwai.fi\/karate\/wp\/wp-content\/uploads\/2017\/04\/ohyo.kumite.8.clip_.005.jpg 305w\" sizes=\"auto, (max-width: 300px) 100vw, 300px\" \/> <img loading=\"lazy\" decoding=\"async\" class=\"alignnone size-medium wp-image-1233\" src=\"http:\/\/www.budokwai.fi\/karate\/wp\/wp-content\/uploads\/2017\/04\/ohyo.kumite.8.clip_.006-300x245.jpg\" alt=\"\" width=\"300\" height=\"245\" srcset=\"https:\/\/www.budokwai.fi\/karate\/wp\/wp-content\/uploads\/2017\/04\/ohyo.kumite.8.clip_.006-300x245.jpg 300w, https:\/\/www.budokwai.fi\/karate\/wp\/wp-content\/uploads\/2017\/04\/ohyo.kumite.8.clip_.006.jpg 305w\" sizes=\"auto, (max-width: 300px) 100vw, 300px\" \/> <img loading=\"lazy\" decoding=\"async\" class=\"alignnone size-medium wp-image-1232\" src=\"http:\/\/www.budokwai.fi\/karate\/wp\/wp-content\/uploads\/2017\/04\/ohyo.kumite.8.clip_.007-300x245.jpg\" alt=\"\" width=\"300\" height=\"245\" srcset=\"https:\/\/www.budokwai.fi\/karate\/wp\/wp-content\/uploads\/2017\/04\/ohyo.kumite.8.clip_.007-300x245.jpg 300w, https:\/\/www.budokwai.fi\/karate\/wp\/wp-content\/uploads\/2017\/04\/ohyo.kumite.8.clip_.007.jpg 305w\" sizes=\"auto, (max-width: 300px) 100vw, 300px\" \/> <img loading=\"lazy\" decoding=\"async\" class=\"alignnone size-medium wp-image-1231\" src=\"http:\/\/www.budokwai.fi\/karate\/wp\/wp-content\/uploads\/2017\/04\/ohyo.kumite.8.clip_.008-300x245.jpg\" alt=\"\" width=\"300\" height=\"245\" srcset=\"https:\/\/www.budokwai.fi\/karate\/wp\/wp-content\/uploads\/2017\/04\/ohyo.kumite.8.clip_.008-300x245.jpg 300w, https:\/\/www.budokwai.fi\/karate\/wp\/wp-content\/uploads\/2017\/04\/ohyo.kumite.8.clip_.008.jpg 305w\" sizes=\"auto, (max-width: 300px) 100vw, 300px\" \/> <img loading=\"lazy\" decoding=\"async\" class=\"alignnone size-medium wp-image-1230\" src=\"http:\/\/www.budokwai.fi\/karate\/wp\/wp-content\/uploads\/2017\/04\/ohyo.kumite.8.clip_.009-300x245.jpg\" alt=\"\" width=\"300\" height=\"245\" srcset=\"https:\/\/www.budokwai.fi\/karate\/wp\/wp-content\/uploads\/2017\/04\/ohyo.kumite.8.clip_.009-300x245.jpg 300w, https:\/\/www.budokwai.fi\/karate\/wp\/wp-content\/uploads\/2017\/04\/ohyo.kumite.8.clip_.009.jpg 305w\" sizes=\"auto, (max-width: 300px) 100vw, 300px\" \/>\n","protected":false},"excerpt":{"rendered":"<p>Sanallisesti H: Migi hamni gamae Hy\u00f6kk\u00e4\u00e4j\u00e4 hy\u00f6kk\u00e4\u00e4 surikomi ashibarailla ja jatkaa hy\u00f6kk\u00e4yst\u00e4 takajalan ashibarailla, josta oikean jalan ushirogeri chudan. Ushirogeria palauttaessa k\u00e4\u00e4nnyt\u00e4\u00e4n kohti vastustajaa, suojataan hy\u00f6kk\u00e4yst\u00e4 oikealla k\u00e4dell\u00e4 siirt\u00e4m\u00e4ll\u00e4 vastustajan etummaista k\u00e4tt\u00e4 sivulle, horjuttamalla vastustajaa oikean polven avulla ja ly\u00f6m\u00e4ll\u00e4 gyakuzuki chudan. P: Hidari hamni gamae Pyyhk\u00e4isyt v\u00e4istet\u00e4\u00e4n askeleilla taakse. &nbsp; Kuvilla<\/p>\n","protected":false},"author":3,"featured_media":0,"parent":0,"menu_order":0,"comment_status":"closed","ping_status":"closed","template":"full-width.php","meta":{"_acf_changed":false,"_monsterinsights_skip_tracking":false,"_monsterinsights_sitenote_active":false,"_monsterinsights_sitenote_note":"","_monsterinsights_sitenote_category":0,"footnotes":""},"class_list":["post-720","page","type-page","status-publish","hentry"],"acf":[],"yoast_head":"<!-- This site is optimized with the Yoast SEO plugin v27.5 - https:\/\/yoast.com\/product\/yoast-seo-wordpress\/ -->\n<title>Ohyo kumite 8 - Budokwai Karate<\/title>\n<meta name=\"robots\" content=\"index, follow, max-snippet:-1, max-image-preview:large, max-video-preview:-1\" \/>\n<link rel=\"canonical\" href=\"https:\/\/www.budokwai.fi\/karate\/ohyo-kumite-8\/\" \/>\n<meta property=\"og:locale\" content=\"fi_FI\" \/>\n<meta property=\"og:type\" content=\"article\" \/>\n<meta property=\"og:title\" content=\"Ohyo kumite 8 - Budokwai Karate\" \/>\n<meta property=\"og:description\" content=\"Sanallisesti H: Migi hamni gamae Hy\u00f6kk\u00e4\u00e4j\u00e4 hy\u00f6kk\u00e4\u00e4 surikomi ashibarailla ja jatkaa hy\u00f6kk\u00e4yst\u00e4 takajalan ashibarailla, josta oikean jalan ushirogeri chudan. Ushirogeria palauttaessa k\u00e4\u00e4nnyt\u00e4\u00e4n kohti vastustajaa, suojataan hy\u00f6kk\u00e4yst\u00e4 oikealla k\u00e4dell\u00e4 siirt\u00e4m\u00e4ll\u00e4 vastustajan etummaista k\u00e4tt\u00e4 sivulle, horjuttamalla vastustajaa oikean polven avulla ja ly\u00f6m\u00e4ll\u00e4 gyakuzuki chudan. P: Hidari hamni gamae Pyyhk\u00e4isyt v\u00e4istet\u00e4\u00e4n askeleilla taakse. &nbsp; Kuvilla\" \/>\n<meta property=\"og:url\" content=\"https:\/\/www.budokwai.fi\/karate\/ohyo-kumite-8\/\" \/>\n<meta property=\"og:site_name\" content=\"Budokwai Karate\" \/>\n<meta property=\"article:publisher\" content=\"https:\/\/www.facebook.com\/budokwaikarateturku\/\" \/>\n<meta property=\"article:modified_time\" content=\"2017-04-09T20:08:51+00:00\" \/>\n<meta property=\"og:image\" content=\"http:\/\/www.budokwai.fi\/karate\/wp\/wp-content\/uploads\/2017\/04\/ohyo.kumite.8.clip_.000-300x245.jpg\" \/>\n<meta name=\"twitter:card\" content=\"summary_large_image\" \/>\n<script type=\"application\/ld+json\" class=\"yoast-schema-graph\">{\"@context\":\"https:\\\/\\\/schema.org\",\"@graph\":[{\"@type\":\"WebPage\",\"@id\":\"https:\\\/\\\/www.budokwai.fi\\\/karate\\\/ohyo-kumite-8\\\/\",\"url\":\"https:\\\/\\\/www.budokwai.fi\\\/karate\\\/ohyo-kumite-8\\\/\",\"name\":\"Ohyo kumite 8 - Budokwai Karate\",\"isPartOf\":{\"@id\":\"https:\\\/\\\/www.budokwai.fi\\\/karate\\\/#website\"},\"primaryImageOfPage\":{\"@id\":\"https:\\\/\\\/www.budokwai.fi\\\/karate\\\/ohyo-kumite-8\\\/#primaryimage\"},\"image\":{\"@id\":\"https:\\\/\\\/www.budokwai.fi\\\/karate\\\/ohyo-kumite-8\\\/#primaryimage\"},\"thumbnailUrl\":\"http:\\\/\\\/www.budokwai.fi\\\/karate\\\/wp\\\/wp-content\\\/uploads\\\/2017\\\/04\\\/ohyo.kumite.8.clip_.000-300x245.jpg\",\"datePublished\":\"2015-10-30T21:43:31+00:00\",\"dateModified\":\"2017-04-09T20:08:51+00:00\",\"breadcrumb\":{\"@id\":\"https:\\\/\\\/www.budokwai.fi\\\/karate\\\/ohyo-kumite-8\\\/#breadcrumb\"},\"inLanguage\":\"en-US\",\"potentialAction\":[{\"@type\":\"ReadAction\",\"target\":[\"https:\\\/\\\/www.budokwai.fi\\\/karate\\\/ohyo-kumite-8\\\/\"]}]},{\"@type\":\"ImageObject\",\"inLanguage\":\"en-US\",\"@id\":\"https:\\\/\\\/www.budokwai.fi\\\/karate\\\/ohyo-kumite-8\\\/#primaryimage\",\"url\":\"https:\\\/\\\/www.budokwai.fi\\\/karate\\\/wp\\\/wp-content\\\/uploads\\\/2017\\\/04\\\/ohyo.kumite.8.clip_.000.jpg\",\"contentUrl\":\"https:\\\/\\\/www.budokwai.fi\\\/karate\\\/wp\\\/wp-content\\\/uploads\\\/2017\\\/04\\\/ohyo.kumite.8.clip_.000.jpg\",\"width\":305,\"height\":249},{\"@type\":\"BreadcrumbList\",\"@id\":\"https:\\\/\\\/www.budokwai.fi\\\/karate\\\/ohyo-kumite-8\\\/#breadcrumb\",\"itemListElement\":[{\"@type\":\"ListItem\",\"position\":1,\"name\":\"Home\",\"item\":\"https:\\\/\\\/www.budokwai.fi\\\/karate\\\/\"},{\"@type\":\"ListItem\",\"position\":2,\"name\":\"Ohyo kumite 8\"}]},{\"@type\":\"WebSite\",\"@id\":\"https:\\\/\\\/www.budokwai.fi\\\/karate\\\/#website\",\"url\":\"https:\\\/\\\/www.budokwai.fi\\\/karate\\\/\",\"name\":\"Budokwai Karate\",\"description\":\"Budokwai karate\",\"potentialAction\":[{\"@type\":\"SearchAction\",\"target\":{\"@type\":\"EntryPoint\",\"urlTemplate\":\"https:\\\/\\\/www.budokwai.fi\\\/karate\\\/?s={search_term_string}\"},\"query-input\":{\"@type\":\"PropertyValueSpecification\",\"valueRequired\":true,\"valueName\":\"search_term_string\"}}],\"inLanguage\":\"en-US\"}]}<\/script>\n<!-- \/ Yoast SEO plugin. -->","yoast_head_json":{"title":"Ohyo kumite 8 - Budokwai Karate","robots":{"index":"index","follow":"follow","max-snippet":"max-snippet:-1","max-image-preview":"max-image-preview:large","max-video-preview":"max-video-preview:-1"},"canonical":"https:\/\/www.budokwai.fi\/karate\/ohyo-kumite-8\/","og_locale":"fi_FI","og_type":"article","og_title":"Ohyo kumite 8 - Budokwai Karate","og_description":"Sanallisesti H: Migi hamni gamae Hy\u00f6kk\u00e4\u00e4j\u00e4 hy\u00f6kk\u00e4\u00e4 surikomi ashibarailla ja jatkaa hy\u00f6kk\u00e4yst\u00e4 takajalan ashibarailla, josta oikean jalan ushirogeri chudan. Ushirogeria palauttaessa k\u00e4\u00e4nnyt\u00e4\u00e4n kohti vastustajaa, suojataan hy\u00f6kk\u00e4yst\u00e4 oikealla k\u00e4dell\u00e4 siirt\u00e4m\u00e4ll\u00e4 vastustajan etummaista k\u00e4tt\u00e4 sivulle, horjuttamalla vastustajaa oikean polven avulla ja ly\u00f6m\u00e4ll\u00e4 gyakuzuki chudan. P: Hidari hamni gamae Pyyhk\u00e4isyt v\u00e4istet\u00e4\u00e4n askeleilla taakse. &nbsp; Kuvilla","og_url":"https:\/\/www.budokwai.fi\/karate\/ohyo-kumite-8\/","og_site_name":"Budokwai Karate","article_publisher":"https:\/\/www.facebook.com\/budokwaikarateturku\/","article_modified_time":"2017-04-09T20:08:51+00:00","og_image":[{"url":"http:\/\/www.budokwai.fi\/karate\/wp\/wp-content\/uploads\/2017\/04\/ohyo.kumite.8.clip_.000-300x245.jpg","type":"","width":"","height":""}],"twitter_card":"summary_large_image","schema":{"@context":"https:\/\/schema.org","@graph":[{"@type":"WebPage","@id":"https:\/\/www.budokwai.fi\/karate\/ohyo-kumite-8\/","url":"https:\/\/www.budokwai.fi\/karate\/ohyo-kumite-8\/","name":"Ohyo kumite 8 - Budokwai Karate","isPartOf":{"@id":"https:\/\/www.budokwai.fi\/karate\/#website"},"primaryImageOfPage":{"@id":"https:\/\/www.budokwai.fi\/karate\/ohyo-kumite-8\/#primaryimage"},"image":{"@id":"https:\/\/www.budokwai.fi\/karate\/ohyo-kumite-8\/#primaryimage"},"thumbnailUrl":"http:\/\/www.budokwai.fi\/karate\/wp\/wp-content\/uploads\/2017\/04\/ohyo.kumite.8.clip_.000-300x245.jpg","datePublished":"2015-10-30T21:43:31+00:00","dateModified":"2017-04-09T20:08:51+00:00","breadcrumb":{"@id":"https:\/\/www.budokwai.fi\/karate\/ohyo-kumite-8\/#breadcrumb"},"inLanguage":"en-US","potentialAction":[{"@type":"ReadAction","target":["https:\/\/www.budokwai.fi\/karate\/ohyo-kumite-8\/"]}]},{"@type":"ImageObject","inLanguage":"en-US","@id":"https:\/\/www.budokwai.fi\/karate\/ohyo-kumite-8\/#primaryimage","url":"https:\/\/www.budokwai.fi\/karate\/wp\/wp-content\/uploads\/2017\/04\/ohyo.kumite.8.clip_.000.jpg","contentUrl":"https:\/\/www.budokwai.fi\/karate\/wp\/wp-content\/uploads\/2017\/04\/ohyo.kumite.8.clip_.000.jpg","width":305,"height":249},{"@type":"BreadcrumbList","@id":"https:\/\/www.budokwai.fi\/karate\/ohyo-kumite-8\/#breadcrumb","itemListElement":[{"@type":"ListItem","position":1,"name":"Home","item":"https:\/\/www.budokwai.fi\/karate\/"},{"@type":"ListItem","position":2,"name":"Ohyo kumite 8"}]},{"@type":"WebSite","@id":"https:\/\/www.budokwai.fi\/karate\/#website","url":"https:\/\/www.budokwai.fi\/karate\/","name":"Budokwai Karate","description":"Budokwai karate","potentialAction":[{"@type":"SearchAction","target":{"@type":"EntryPoint","urlTemplate":"https:\/\/www.budokwai.fi\/karate\/?s={search_term_string}"},"query-input":{"@type":"PropertyValueSpecification","valueRequired":true,"valueName":"search_term_string"}}],"inLanguage":"en-US"}]}},"_links":{"self":[{"href":"https:\/\/www.budokwai.fi\/karate\/wp-json\/wp\/v2\/pages\/720","targetHints":{"allow":["GET"]}}],"collection":[{"href":"https:\/\/www.budokwai.fi\/karate\/wp-json\/wp\/v2\/pages"}],"about":[{"href":"https:\/\/www.budokwai.fi\/karate\/wp-json\/wp\/v2\/types\/page"}],"author":[{"embeddable":true,"href":"https:\/\/www.budokwai.fi\/karate\/wp-json\/wp\/v2\/users\/3"}],"replies":[{"embeddable":true,"href":"https:\/\/www.budokwai.fi\/karate\/wp-json\/wp\/v2\/comments?post=720"}],"version-history":[{"count":3,"href":"https:\/\/www.budokwai.fi\/karate\/wp-json\/wp\/v2\/pages\/720\/revisions"}],"predecessor-version":[{"id":1240,"href":"https:\/\/www.budokwai.fi\/karate\/wp-json\/wp\/v2\/pages\/720\/revisions\/1240"}],"wp:attachment":[{"href":"https:\/\/www.budokwai.fi\/karate\/wp-json\/wp\/v2\/media?parent=720"}],"curies":[{"name":"wp","href":"https:\/\/api.w.org\/{rel}","templated":true}]}}