{"id":716,"date":"2015-10-30T23:42:17","date_gmt":"2015-10-30T21:42:17","guid":{"rendered":"http:\/\/www.budokwai.fi\/karate\/wp\/?page_id=716"},"modified":"2017-04-09T23:02:38","modified_gmt":"2017-04-09T20:02:38","slug":"ohyo-kumite-6","status":"publish","type":"page","link":"https:\/\/www.budokwai.fi\/karate\/ohyo-kumite-6\/","title":{"rendered":"Ohyo kumite 6"},"content":{"rendered":"<p><strong>Sanallisesti<\/strong><\/p>\n<p>H: Hidari hamni gamae<br \/>\nSurikomi maegeri chudan, gyakuzuki jodan, surikomi ashibarai, mawashigeri jodan.<br \/>\nHy\u00f6kk\u00e4ys aloitetaan kiinnitt\u00e4m\u00e4ll\u00e4 vastustajan huomio chudan \u2013korkeuteen ja jatkamalla v\u00e4litt\u00f6m\u00e4sti hy\u00f6kk\u00e4yst\u00e4 siirt\u00e4m\u00e4ll\u00e4 vastustajan painopistett\u00e4 taakse pitk\u00e4ll\u00e4 jodan gyakuzukilla. Gyakuzukin palautuksen kanssa samanaikaisesti pyyhk\u00e4ist\u00e4\u00e4n vasemmalla jalalla puolustajan etujalkaa vastustajan tasapainon horjuttamiseksi\/rintamasuunnan k\u00e4\u00e4nt\u00e4miseksi. Hy\u00f6kk\u00e4yst\u00e4 jatketaan oikean jalan jodan mawashigerilla.<\/p>\n<p>P: Hidari hamni gamae<br \/>\nEnsimm\u00e4inen hy\u00f6kk\u00e4ys (surikomi maegeri chudan) v\u00e4istet\u00e4\u00e4n askeleella taakse ilman torjuntaa; toinen hy\u00f6kk\u00e4ys (gyakuzuki yodan) torjutaan ly\u00f6nnin suuntaisella oikean k\u00e4den shuto uchi ukella.<\/p>\n<p>&nbsp;<\/p>\n<p><strong>Kuvilla<\/strong><\/p>\n<img loading=\"lazy\" decoding=\"async\" class=\"alignnone size-medium wp-image-1217\" src=\"http:\/\/www.budokwai.fi\/karate\/wp\/wp-content\/uploads\/2017\/04\/ohyo.kumite.6.clip_.000-300x245.jpg\" alt=\"\" width=\"300\" height=\"245\" srcset=\"https:\/\/www.budokwai.fi\/karate\/wp\/wp-content\/uploads\/2017\/04\/ohyo.kumite.6.clip_.000-300x245.jpg 300w, https:\/\/www.budokwai.fi\/karate\/wp\/wp-content\/uploads\/2017\/04\/ohyo.kumite.6.clip_.000.jpg 305w\" sizes=\"auto, (max-width: 300px) 100vw, 300px\" \/> <img loading=\"lazy\" decoding=\"async\" class=\"alignnone size-medium wp-image-1215\" src=\"http:\/\/www.budokwai.fi\/karate\/wp\/wp-content\/uploads\/2017\/04\/ohyo.kumite.6.clip_.002-300x245.jpg\" alt=\"\" width=\"300\" height=\"245\" srcset=\"https:\/\/www.budokwai.fi\/karate\/wp\/wp-content\/uploads\/2017\/04\/ohyo.kumite.6.clip_.002-300x245.jpg 300w, https:\/\/www.budokwai.fi\/karate\/wp\/wp-content\/uploads\/2017\/04\/ohyo.kumite.6.clip_.002.jpg 305w\" sizes=\"auto, (max-width: 300px) 100vw, 300px\" \/> <img loading=\"lazy\" decoding=\"async\" class=\"alignnone size-medium wp-image-1216\" src=\"http:\/\/www.budokwai.fi\/karate\/wp\/wp-content\/uploads\/2017\/04\/ohyo.kumite.6.clip_.001-300x245.jpg\" alt=\"\" width=\"300\" height=\"245\" srcset=\"https:\/\/www.budokwai.fi\/karate\/wp\/wp-content\/uploads\/2017\/04\/ohyo.kumite.6.clip_.001-300x245.jpg 300w, https:\/\/www.budokwai.fi\/karate\/wp\/wp-content\/uploads\/2017\/04\/ohyo.kumite.6.clip_.001.jpg 305w\" sizes=\"auto, (max-width: 300px) 100vw, 300px\" \/> <img loading=\"lazy\" decoding=\"async\" class=\"alignnone size-medium wp-image-1214\" src=\"http:\/\/www.budokwai.fi\/karate\/wp\/wp-content\/uploads\/2017\/04\/ohyo.kumite.6.clip_.003-300x245.jpg\" alt=\"\" width=\"300\" height=\"245\" srcset=\"https:\/\/www.budokwai.fi\/karate\/wp\/wp-content\/uploads\/2017\/04\/ohyo.kumite.6.clip_.003-300x245.jpg 300w, https:\/\/www.budokwai.fi\/karate\/wp\/wp-content\/uploads\/2017\/04\/ohyo.kumite.6.clip_.003.jpg 305w\" sizes=\"auto, (max-width: 300px) 100vw, 300px\" \/> <img loading=\"lazy\" decoding=\"async\" class=\"alignnone size-medium wp-image-1213\" src=\"http:\/\/www.budokwai.fi\/karate\/wp\/wp-content\/uploads\/2017\/04\/ohyo.kumite.6.clip_.004-300x245.jpg\" alt=\"\" width=\"300\" height=\"245\" srcset=\"https:\/\/www.budokwai.fi\/karate\/wp\/wp-content\/uploads\/2017\/04\/ohyo.kumite.6.clip_.004-300x245.jpg 300w, https:\/\/www.budokwai.fi\/karate\/wp\/wp-content\/uploads\/2017\/04\/ohyo.kumite.6.clip_.004.jpg 305w\" sizes=\"auto, (max-width: 300px) 100vw, 300px\" \/> <img loading=\"lazy\" decoding=\"async\" class=\"alignnone size-medium wp-image-1212\" src=\"http:\/\/www.budokwai.fi\/karate\/wp\/wp-content\/uploads\/2017\/04\/ohyo.kumite.6.clip_.005-300x245.jpg\" alt=\"\" width=\"300\" height=\"245\" srcset=\"https:\/\/www.budokwai.fi\/karate\/wp\/wp-content\/uploads\/2017\/04\/ohyo.kumite.6.clip_.005-300x245.jpg 300w, https:\/\/www.budokwai.fi\/karate\/wp\/wp-content\/uploads\/2017\/04\/ohyo.kumite.6.clip_.005.jpg 305w\" sizes=\"auto, (max-width: 300px) 100vw, 300px\" \/> <img loading=\"lazy\" decoding=\"async\" class=\"alignnone size-medium wp-image-1211\" src=\"http:\/\/www.budokwai.fi\/karate\/wp\/wp-content\/uploads\/2017\/04\/ohyo.kumite.6.clip_.006-300x245.jpg\" alt=\"\" width=\"300\" height=\"245\" srcset=\"https:\/\/www.budokwai.fi\/karate\/wp\/wp-content\/uploads\/2017\/04\/ohyo.kumite.6.clip_.006-300x245.jpg 300w, https:\/\/www.budokwai.fi\/karate\/wp\/wp-content\/uploads\/2017\/04\/ohyo.kumite.6.clip_.006.jpg 305w\" sizes=\"auto, (max-width: 300px) 100vw, 300px\" \/> <img loading=\"lazy\" decoding=\"async\" class=\"alignnone size-medium wp-image-1209\" src=\"http:\/\/www.budokwai.fi\/karate\/wp\/wp-content\/uploads\/2017\/04\/ohyo.kumite.5.clip_.000-300x245.jpg\" alt=\"\" width=\"300\" height=\"245\" srcset=\"https:\/\/www.budokwai.fi\/karate\/wp\/wp-content\/uploads\/2017\/04\/ohyo.kumite.5.clip_.000-300x245.jpg 300w, https:\/\/www.budokwai.fi\/karate\/wp\/wp-content\/uploads\/2017\/04\/ohyo.kumite.5.clip_.000.jpg 305w\" sizes=\"auto, (max-width: 300px) 100vw, 300px\" \/>\n","protected":false},"excerpt":{"rendered":"<p>Sanallisesti H: Hidari hamni gamae Surikomi maegeri chudan, gyakuzuki jodan, surikomi ashibarai, mawashigeri jodan. Hy\u00f6kk\u00e4ys aloitetaan kiinnitt\u00e4m\u00e4ll\u00e4 vastustajan huomio chudan \u2013korkeuteen ja jatkamalla v\u00e4litt\u00f6m\u00e4sti hy\u00f6kk\u00e4yst\u00e4 siirt\u00e4m\u00e4ll\u00e4 vastustajan painopistett\u00e4 taakse pitk\u00e4ll\u00e4 jodan gyakuzukilla. Gyakuzukin palautuksen kanssa samanaikaisesti pyyhk\u00e4ist\u00e4\u00e4n vasemmalla jalalla puolustajan etujalkaa vastustajan tasapainon horjuttamiseksi\/rintamasuunnan k\u00e4\u00e4nt\u00e4miseksi. Hy\u00f6kk\u00e4yst\u00e4 jatketaan oikean jalan jodan mawashigerilla. P: Hidari hamni gamae&#8230;  <a class=\"excerpt-read-more\" href=\"https:\/\/www.budokwai.fi\/karate\/ohyo-kumite-6\/\" title=\"Ohyo kumite 6\">Lue lis\u00e4\u00e4 &raquo;<\/a><\/p>\n","protected":false},"author":3,"featured_media":0,"parent":0,"menu_order":0,"comment_status":"closed","ping_status":"closed","template":"full-width.php","meta":{"_acf_changed":false,"_monsterinsights_skip_tracking":false,"_monsterinsights_sitenote_active":false,"_monsterinsights_sitenote_note":"","_monsterinsights_sitenote_category":0,"footnotes":""},"class_list":["post-716","page","type-page","status-publish","hentry"],"acf":[],"yoast_head":"<!-- This site is optimized with the Yoast SEO plugin v27.5 - https:\/\/yoast.com\/product\/yoast-seo-wordpress\/ -->\n<title>Ohyo kumite 6 - Budokwai Karate<\/title>\n<meta name=\"robots\" content=\"index, follow, max-snippet:-1, max-image-preview:large, max-video-preview:-1\" \/>\n<link rel=\"canonical\" href=\"https:\/\/www.budokwai.fi\/karate\/ohyo-kumite-6\/\" \/>\n<meta property=\"og:locale\" content=\"fi_FI\" \/>\n<meta property=\"og:type\" content=\"article\" \/>\n<meta property=\"og:title\" content=\"Ohyo kumite 6 - Budokwai Karate\" \/>\n<meta property=\"og:description\" content=\"Sanallisesti H: Hidari hamni gamae Surikomi maegeri chudan, gyakuzuki jodan, surikomi ashibarai, mawashigeri jodan. Hy\u00f6kk\u00e4ys aloitetaan kiinnitt\u00e4m\u00e4ll\u00e4 vastustajan huomio chudan \u2013korkeuteen ja jatkamalla v\u00e4litt\u00f6m\u00e4sti hy\u00f6kk\u00e4yst\u00e4 siirt\u00e4m\u00e4ll\u00e4 vastustajan painopistett\u00e4 taakse pitk\u00e4ll\u00e4 jodan gyakuzukilla. Gyakuzukin palautuksen kanssa samanaikaisesti pyyhk\u00e4ist\u00e4\u00e4n vasemmalla jalalla puolustajan etujalkaa vastustajan tasapainon horjuttamiseksi\/rintamasuunnan k\u00e4\u00e4nt\u00e4miseksi. Hy\u00f6kk\u00e4yst\u00e4 jatketaan oikean jalan jodan mawashigerilla. P: Hidari hamni gamae... Lue lis\u00e4\u00e4 &raquo;\" \/>\n<meta property=\"og:url\" content=\"https:\/\/www.budokwai.fi\/karate\/ohyo-kumite-6\/\" \/>\n<meta property=\"og:site_name\" content=\"Budokwai Karate\" \/>\n<meta property=\"article:publisher\" content=\"https:\/\/www.facebook.com\/budokwaikarateturku\/\" \/>\n<meta property=\"article:modified_time\" content=\"2017-04-09T20:02:38+00:00\" \/>\n<meta property=\"og:image\" content=\"http:\/\/www.budokwai.fi\/karate\/wp\/wp-content\/uploads\/2017\/04\/ohyo.kumite.6.clip_.000-300x245.jpg\" \/>\n<meta name=\"twitter:card\" content=\"summary_large_image\" \/>\n<meta name=\"twitter:label1\" content=\"Est. reading time\" \/>\n\t<meta name=\"twitter:data1\" content=\"1 minute\" \/>\n<script type=\"application\/ld+json\" class=\"yoast-schema-graph\">{\"@context\":\"https:\\\/\\\/schema.org\",\"@graph\":[{\"@type\":\"WebPage\",\"@id\":\"https:\\\/\\\/www.budokwai.fi\\\/karate\\\/ohyo-kumite-6\\\/\",\"url\":\"https:\\\/\\\/www.budokwai.fi\\\/karate\\\/ohyo-kumite-6\\\/\",\"name\":\"Ohyo kumite 6 - Budokwai Karate\",\"isPartOf\":{\"@id\":\"https:\\\/\\\/www.budokwai.fi\\\/karate\\\/#website\"},\"primaryImageOfPage\":{\"@id\":\"https:\\\/\\\/www.budokwai.fi\\\/karate\\\/ohyo-kumite-6\\\/#primaryimage\"},\"image\":{\"@id\":\"https:\\\/\\\/www.budokwai.fi\\\/karate\\\/ohyo-kumite-6\\\/#primaryimage\"},\"thumbnailUrl\":\"http:\\\/\\\/www.budokwai.fi\\\/karate\\\/wp\\\/wp-content\\\/uploads\\\/2017\\\/04\\\/ohyo.kumite.6.clip_.000-300x245.jpg\",\"datePublished\":\"2015-10-30T21:42:17+00:00\",\"dateModified\":\"2017-04-09T20:02:38+00:00\",\"breadcrumb\":{\"@id\":\"https:\\\/\\\/www.budokwai.fi\\\/karate\\\/ohyo-kumite-6\\\/#breadcrumb\"},\"inLanguage\":\"en-US\",\"potentialAction\":[{\"@type\":\"ReadAction\",\"target\":[\"https:\\\/\\\/www.budokwai.fi\\\/karate\\\/ohyo-kumite-6\\\/\"]}]},{\"@type\":\"ImageObject\",\"inLanguage\":\"en-US\",\"@id\":\"https:\\\/\\\/www.budokwai.fi\\\/karate\\\/ohyo-kumite-6\\\/#primaryimage\",\"url\":\"https:\\\/\\\/www.budokwai.fi\\\/karate\\\/wp\\\/wp-content\\\/uploads\\\/2017\\\/04\\\/ohyo.kumite.6.clip_.000.jpg\",\"contentUrl\":\"https:\\\/\\\/www.budokwai.fi\\\/karate\\\/wp\\\/wp-content\\\/uploads\\\/2017\\\/04\\\/ohyo.kumite.6.clip_.000.jpg\",\"width\":305,\"height\":249},{\"@type\":\"BreadcrumbList\",\"@id\":\"https:\\\/\\\/www.budokwai.fi\\\/karate\\\/ohyo-kumite-6\\\/#breadcrumb\",\"itemListElement\":[{\"@type\":\"ListItem\",\"position\":1,\"name\":\"Home\",\"item\":\"https:\\\/\\\/www.budokwai.fi\\\/karate\\\/\"},{\"@type\":\"ListItem\",\"position\":2,\"name\":\"Ohyo kumite 6\"}]},{\"@type\":\"WebSite\",\"@id\":\"https:\\\/\\\/www.budokwai.fi\\\/karate\\\/#website\",\"url\":\"https:\\\/\\\/www.budokwai.fi\\\/karate\\\/\",\"name\":\"Budokwai Karate\",\"description\":\"Budokwai karate\",\"potentialAction\":[{\"@type\":\"SearchAction\",\"target\":{\"@type\":\"EntryPoint\",\"urlTemplate\":\"https:\\\/\\\/www.budokwai.fi\\\/karate\\\/?s={search_term_string}\"},\"query-input\":{\"@type\":\"PropertyValueSpecification\",\"valueRequired\":true,\"valueName\":\"search_term_string\"}}],\"inLanguage\":\"en-US\"}]}<\/script>\n<!-- \/ Yoast SEO plugin. -->","yoast_head_json":{"title":"Ohyo kumite 6 - Budokwai Karate","robots":{"index":"index","follow":"follow","max-snippet":"max-snippet:-1","max-image-preview":"max-image-preview:large","max-video-preview":"max-video-preview:-1"},"canonical":"https:\/\/www.budokwai.fi\/karate\/ohyo-kumite-6\/","og_locale":"fi_FI","og_type":"article","og_title":"Ohyo kumite 6 - Budokwai Karate","og_description":"Sanallisesti H: Hidari hamni gamae Surikomi maegeri chudan, gyakuzuki jodan, surikomi ashibarai, mawashigeri jodan. Hy\u00f6kk\u00e4ys aloitetaan kiinnitt\u00e4m\u00e4ll\u00e4 vastustajan huomio chudan \u2013korkeuteen ja jatkamalla v\u00e4litt\u00f6m\u00e4sti hy\u00f6kk\u00e4yst\u00e4 siirt\u00e4m\u00e4ll\u00e4 vastustajan painopistett\u00e4 taakse pitk\u00e4ll\u00e4 jodan gyakuzukilla. Gyakuzukin palautuksen kanssa samanaikaisesti pyyhk\u00e4ist\u00e4\u00e4n vasemmalla jalalla puolustajan etujalkaa vastustajan tasapainon horjuttamiseksi\/rintamasuunnan k\u00e4\u00e4nt\u00e4miseksi. Hy\u00f6kk\u00e4yst\u00e4 jatketaan oikean jalan jodan mawashigerilla. P: Hidari hamni gamae... Lue lis\u00e4\u00e4 &raquo;","og_url":"https:\/\/www.budokwai.fi\/karate\/ohyo-kumite-6\/","og_site_name":"Budokwai Karate","article_publisher":"https:\/\/www.facebook.com\/budokwaikarateturku\/","article_modified_time":"2017-04-09T20:02:38+00:00","og_image":[{"url":"http:\/\/www.budokwai.fi\/karate\/wp\/wp-content\/uploads\/2017\/04\/ohyo.kumite.6.clip_.000-300x245.jpg","type":"","width":"","height":""}],"twitter_card":"summary_large_image","twitter_misc":{"Est. reading time":"1 minute"},"schema":{"@context":"https:\/\/schema.org","@graph":[{"@type":"WebPage","@id":"https:\/\/www.budokwai.fi\/karate\/ohyo-kumite-6\/","url":"https:\/\/www.budokwai.fi\/karate\/ohyo-kumite-6\/","name":"Ohyo kumite 6 - Budokwai Karate","isPartOf":{"@id":"https:\/\/www.budokwai.fi\/karate\/#website"},"primaryImageOfPage":{"@id":"https:\/\/www.budokwai.fi\/karate\/ohyo-kumite-6\/#primaryimage"},"image":{"@id":"https:\/\/www.budokwai.fi\/karate\/ohyo-kumite-6\/#primaryimage"},"thumbnailUrl":"http:\/\/www.budokwai.fi\/karate\/wp\/wp-content\/uploads\/2017\/04\/ohyo.kumite.6.clip_.000-300x245.jpg","datePublished":"2015-10-30T21:42:17+00:00","dateModified":"2017-04-09T20:02:38+00:00","breadcrumb":{"@id":"https:\/\/www.budokwai.fi\/karate\/ohyo-kumite-6\/#breadcrumb"},"inLanguage":"en-US","potentialAction":[{"@type":"ReadAction","target":["https:\/\/www.budokwai.fi\/karate\/ohyo-kumite-6\/"]}]},{"@type":"ImageObject","inLanguage":"en-US","@id":"https:\/\/www.budokwai.fi\/karate\/ohyo-kumite-6\/#primaryimage","url":"https:\/\/www.budokwai.fi\/karate\/wp\/wp-content\/uploads\/2017\/04\/ohyo.kumite.6.clip_.000.jpg","contentUrl":"https:\/\/www.budokwai.fi\/karate\/wp\/wp-content\/uploads\/2017\/04\/ohyo.kumite.6.clip_.000.jpg","width":305,"height":249},{"@type":"BreadcrumbList","@id":"https:\/\/www.budokwai.fi\/karate\/ohyo-kumite-6\/#breadcrumb","itemListElement":[{"@type":"ListItem","position":1,"name":"Home","item":"https:\/\/www.budokwai.fi\/karate\/"},{"@type":"ListItem","position":2,"name":"Ohyo kumite 6"}]},{"@type":"WebSite","@id":"https:\/\/www.budokwai.fi\/karate\/#website","url":"https:\/\/www.budokwai.fi\/karate\/","name":"Budokwai Karate","description":"Budokwai karate","potentialAction":[{"@type":"SearchAction","target":{"@type":"EntryPoint","urlTemplate":"https:\/\/www.budokwai.fi\/karate\/?s={search_term_string}"},"query-input":{"@type":"PropertyValueSpecification","valueRequired":true,"valueName":"search_term_string"}}],"inLanguage":"en-US"}]}},"_links":{"self":[{"href":"https:\/\/www.budokwai.fi\/karate\/wp-json\/wp\/v2\/pages\/716","targetHints":{"allow":["GET"]}}],"collection":[{"href":"https:\/\/www.budokwai.fi\/karate\/wp-json\/wp\/v2\/pages"}],"about":[{"href":"https:\/\/www.budokwai.fi\/karate\/wp-json\/wp\/v2\/types\/page"}],"author":[{"embeddable":true,"href":"https:\/\/www.budokwai.fi\/karate\/wp-json\/wp\/v2\/users\/3"}],"replies":[{"embeddable":true,"href":"https:\/\/www.budokwai.fi\/karate\/wp-json\/wp\/v2\/comments?post=716"}],"version-history":[{"count":2,"href":"https:\/\/www.budokwai.fi\/karate\/wp-json\/wp\/v2\/pages\/716\/revisions"}],"predecessor-version":[{"id":1218,"href":"https:\/\/www.budokwai.fi\/karate\/wp-json\/wp\/v2\/pages\/716\/revisions\/1218"}],"wp:attachment":[{"href":"https:\/\/www.budokwai.fi\/karate\/wp-json\/wp\/v2\/media?parent=716"}],"curies":[{"name":"wp","href":"https:\/\/api.w.org\/{rel}","templated":true}]}}