{"id":714,"date":"2015-10-30T23:41:37","date_gmt":"2015-10-30T21:41:37","guid":{"rendered":"http:\/\/www.budokwai.fi\/karate\/wp\/?page_id=714"},"modified":"2017-04-09T23:00:39","modified_gmt":"2017-04-09T20:00:39","slug":"ohyo-kumite-5","status":"publish","type":"page","link":"https:\/\/www.budokwai.fi\/karate\/ohyo-kumite-5\/","title":{"rendered":"Ohyo kumite 5"},"content":{"rendered":"<p><strong>Sanallisesti<\/strong><\/p>\n<p>H: Hidari hamni gamae<br \/>\nAskel gyakuzuki chudan, surikomi maegeri chudan.<\/p>\n<p>P: Hidari hamni gamae<br \/>\nHy\u00f6kk\u00e4\u00e4j\u00e4n gyakuzuki torjutaan hy\u00f6kk\u00e4yksen suuntaisella uchi ukella v\u00e4ist\u00e4m\u00e4ll\u00e4 hy\u00f6kk\u00e4yst\u00e4 askeleella taakse ja surikomi maegeri v\u00e4istet\u00e4\u00e4n askeleella puolustajasta n\u00e4hden potkun vasemmalle puolelle ja varmistamalla v\u00e4ist\u00f6 hy\u00f6kk\u00e4yksen suuntaisella vasemman k\u00e4den teisho gedanbarai \u2013torjunnalla. Puolustajan vastahy\u00f6kk\u00e4yksen\u00e4 oikean k\u00e4den haitozuki chudan otteluasennosta ja uraken yodan jolloin oikea jalka siirtyy vasemman viereen ly\u00f6nnin hetkell\u00e4. Vastahy\u00f6kk\u00e4yst\u00e4 jatketaan tarttumalla vasemmalla k\u00e4dell\u00e4 vastustajaa olkap\u00e4\u00e4st\u00e4 ja laskeutumalla alas oikean polven varaan siirt\u00e4en vastustajan painopisteett\u00e4 taakse. Vastustaja kaadetaan kiert\u00e4m\u00e4ll\u00e4 vasemmalle pois kaadon suunnasta puolustajan vasenta polvea ja nostamalla oikealla k\u00e4dell\u00e4 hy\u00f6kk\u00e4\u00e4j\u00e4n oikean jalan polvitaipeesta; oikean k\u00e4den nosto jatketaan shuto \u2013ly\u00f6ntin\u00e4 vastustajan kasvoihin.<\/p>\n<p>&nbsp;<\/p>\n<p><strong>Kuvilla<\/strong><\/p>\n<img loading=\"lazy\" decoding=\"async\" class=\"alignnone size-medium wp-image-1209\" src=\"http:\/\/www.budokwai.fi\/karate\/wp\/wp-content\/uploads\/2017\/04\/ohyo.kumite.5.clip_.000-300x245.jpg\" alt=\"\" width=\"300\" height=\"245\" srcset=\"https:\/\/www.budokwai.fi\/karate\/wp\/wp-content\/uploads\/2017\/04\/ohyo.kumite.5.clip_.000-300x245.jpg 300w, https:\/\/www.budokwai.fi\/karate\/wp\/wp-content\/uploads\/2017\/04\/ohyo.kumite.5.clip_.000.jpg 305w\" sizes=\"auto, (max-width: 300px) 100vw, 300px\" \/> <img loading=\"lazy\" decoding=\"async\" class=\"alignnone size-medium wp-image-1208\" src=\"http:\/\/www.budokwai.fi\/karate\/wp\/wp-content\/uploads\/2017\/04\/ohyo.kumite.5.clip_.001-300x245.jpg\" alt=\"\" width=\"300\" height=\"245\" srcset=\"https:\/\/www.budokwai.fi\/karate\/wp\/wp-content\/uploads\/2017\/04\/ohyo.kumite.5.clip_.001-300x245.jpg 300w, https:\/\/www.budokwai.fi\/karate\/wp\/wp-content\/uploads\/2017\/04\/ohyo.kumite.5.clip_.001.jpg 305w\" sizes=\"auto, (max-width: 300px) 100vw, 300px\" \/> <img loading=\"lazy\" decoding=\"async\" class=\"alignnone size-medium wp-image-1207\" src=\"http:\/\/www.budokwai.fi\/karate\/wp\/wp-content\/uploads\/2017\/04\/ohyo.kumite.5.clip_.002-300x245.jpg\" alt=\"\" width=\"300\" height=\"245\" srcset=\"https:\/\/www.budokwai.fi\/karate\/wp\/wp-content\/uploads\/2017\/04\/ohyo.kumite.5.clip_.002-300x245.jpg 300w, https:\/\/www.budokwai.fi\/karate\/wp\/wp-content\/uploads\/2017\/04\/ohyo.kumite.5.clip_.002.jpg 305w\" sizes=\"auto, (max-width: 300px) 100vw, 300px\" \/> <img loading=\"lazy\" decoding=\"async\" class=\"alignnone size-medium wp-image-1206\" src=\"http:\/\/www.budokwai.fi\/karate\/wp\/wp-content\/uploads\/2017\/04\/ohyo.kumite.5.clip_.003-300x245.jpg\" alt=\"\" width=\"300\" height=\"245\" srcset=\"https:\/\/www.budokwai.fi\/karate\/wp\/wp-content\/uploads\/2017\/04\/ohyo.kumite.5.clip_.003-300x245.jpg 300w, https:\/\/www.budokwai.fi\/karate\/wp\/wp-content\/uploads\/2017\/04\/ohyo.kumite.5.clip_.003.jpg 305w\" sizes=\"auto, (max-width: 300px) 100vw, 300px\" \/> <img loading=\"lazy\" decoding=\"async\" class=\"alignnone size-medium wp-image-1205\" src=\"http:\/\/www.budokwai.fi\/karate\/wp\/wp-content\/uploads\/2017\/04\/ohyo.kumite.5.clip_.004-300x245.jpg\" alt=\"\" width=\"300\" height=\"245\" srcset=\"https:\/\/www.budokwai.fi\/karate\/wp\/wp-content\/uploads\/2017\/04\/ohyo.kumite.5.clip_.004-300x245.jpg 300w, https:\/\/www.budokwai.fi\/karate\/wp\/wp-content\/uploads\/2017\/04\/ohyo.kumite.5.clip_.004.jpg 305w\" sizes=\"auto, (max-width: 300px) 100vw, 300px\" \/> <img loading=\"lazy\" decoding=\"async\" class=\"alignnone size-medium wp-image-1204\" src=\"http:\/\/www.budokwai.fi\/karate\/wp\/wp-content\/uploads\/2017\/04\/ohyo.kumite.5.clip_.005-300x245.jpg\" alt=\"\" width=\"300\" height=\"245\" srcset=\"https:\/\/www.budokwai.fi\/karate\/wp\/wp-content\/uploads\/2017\/04\/ohyo.kumite.5.clip_.005-300x245.jpg 300w, https:\/\/www.budokwai.fi\/karate\/wp\/wp-content\/uploads\/2017\/04\/ohyo.kumite.5.clip_.005.jpg 305w\" sizes=\"auto, (max-width: 300px) 100vw, 300px\" \/> <img loading=\"lazy\" decoding=\"async\" class=\"alignnone size-medium wp-image-1203\" src=\"http:\/\/www.budokwai.fi\/karate\/wp\/wp-content\/uploads\/2017\/04\/ohyo.kumite.5.clip_.006-300x245.jpg\" alt=\"\" width=\"300\" height=\"245\" srcset=\"https:\/\/www.budokwai.fi\/karate\/wp\/wp-content\/uploads\/2017\/04\/ohyo.kumite.5.clip_.006-300x245.jpg 300w, https:\/\/www.budokwai.fi\/karate\/wp\/wp-content\/uploads\/2017\/04\/ohyo.kumite.5.clip_.006.jpg 305w\" sizes=\"auto, (max-width: 300px) 100vw, 300px\" \/> <img loading=\"lazy\" decoding=\"async\" class=\"alignnone size-medium wp-image-1201\" src=\"http:\/\/www.budokwai.fi\/karate\/wp\/wp-content\/uploads\/2017\/04\/ohyo.kumite.5.clip_.008-300x245.jpg\" alt=\"\" width=\"300\" height=\"245\" srcset=\"https:\/\/www.budokwai.fi\/karate\/wp\/wp-content\/uploads\/2017\/04\/ohyo.kumite.5.clip_.008-300x245.jpg 300w, https:\/\/www.budokwai.fi\/karate\/wp\/wp-content\/uploads\/2017\/04\/ohyo.kumite.5.clip_.008.jpg 305w\" sizes=\"auto, (max-width: 300px) 100vw, 300px\" \/> <img loading=\"lazy\" decoding=\"async\" class=\"alignnone size-medium wp-image-1202\" src=\"http:\/\/www.budokwai.fi\/karate\/wp\/wp-content\/uploads\/2017\/04\/ohyo.kumite.5.clip_.007-300x245.jpg\" alt=\"\" width=\"300\" height=\"245\" srcset=\"https:\/\/www.budokwai.fi\/karate\/wp\/wp-content\/uploads\/2017\/04\/ohyo.kumite.5.clip_.007-300x245.jpg 300w, https:\/\/www.budokwai.fi\/karate\/wp\/wp-content\/uploads\/2017\/04\/ohyo.kumite.5.clip_.007.jpg 305w\" sizes=\"auto, (max-width: 300px) 100vw, 300px\" \/> <img loading=\"lazy\" decoding=\"async\" class=\"alignnone size-medium wp-image-1200\" src=\"http:\/\/www.budokwai.fi\/karate\/wp\/wp-content\/uploads\/2017\/04\/ohyo.kumite.5.clip_.009-300x245.jpg\" alt=\"\" width=\"300\" height=\"245\" srcset=\"https:\/\/www.budokwai.fi\/karate\/wp\/wp-content\/uploads\/2017\/04\/ohyo.kumite.5.clip_.009-300x245.jpg 300w, https:\/\/www.budokwai.fi\/karate\/wp\/wp-content\/uploads\/2017\/04\/ohyo.kumite.5.clip_.009.jpg 305w\" sizes=\"auto, (max-width: 300px) 100vw, 300px\" \/> <img loading=\"lazy\" decoding=\"async\" class=\"alignnone size-medium wp-image-1199\" src=\"http:\/\/www.budokwai.fi\/karate\/wp\/wp-content\/uploads\/2017\/04\/ohyo.kumite.5.clip_.010-300x245.jpg\" alt=\"\" width=\"300\" height=\"245\" srcset=\"https:\/\/www.budokwai.fi\/karate\/wp\/wp-content\/uploads\/2017\/04\/ohyo.kumite.5.clip_.010-300x245.jpg 300w, https:\/\/www.budokwai.fi\/karate\/wp\/wp-content\/uploads\/2017\/04\/ohyo.kumite.5.clip_.010.jpg 305w\" sizes=\"auto, (max-width: 300px) 100vw, 300px\" \/> <img loading=\"lazy\" decoding=\"async\" class=\"alignnone size-medium wp-image-1198\" src=\"http:\/\/www.budokwai.fi\/karate\/wp\/wp-content\/uploads\/2017\/04\/ohyo.kumite.5.clip_.011-300x245.jpg\" alt=\"\" width=\"300\" height=\"245\" srcset=\"https:\/\/www.budokwai.fi\/karate\/wp\/wp-content\/uploads\/2017\/04\/ohyo.kumite.5.clip_.011-300x245.jpg 300w, https:\/\/www.budokwai.fi\/karate\/wp\/wp-content\/uploads\/2017\/04\/ohyo.kumite.5.clip_.011.jpg 305w\" sizes=\"auto, (max-width: 300px) 100vw, 300px\" \/> <img loading=\"lazy\" decoding=\"async\" class=\"alignnone size-medium wp-image-1197\" src=\"http:\/\/www.budokwai.fi\/karate\/wp\/wp-content\/uploads\/2017\/04\/ohyo.kumite.5.clip_.012-300x245.jpg\" alt=\"\" width=\"300\" height=\"245\" srcset=\"https:\/\/www.budokwai.fi\/karate\/wp\/wp-content\/uploads\/2017\/04\/ohyo.kumite.5.clip_.012-300x245.jpg 300w, https:\/\/www.budokwai.fi\/karate\/wp\/wp-content\/uploads\/2017\/04\/ohyo.kumite.5.clip_.012.jpg 305w\" sizes=\"auto, (max-width: 300px) 100vw, 300px\" \/> <img loading=\"lazy\" decoding=\"async\" class=\"alignnone size-medium wp-image-1196\" src=\"http:\/\/www.budokwai.fi\/karate\/wp\/wp-content\/uploads\/2017\/04\/ohyo.kumite.5.clip_.013-300x245.jpg\" alt=\"\" width=\"300\" height=\"245\" srcset=\"https:\/\/www.budokwai.fi\/karate\/wp\/wp-content\/uploads\/2017\/04\/ohyo.kumite.5.clip_.013-300x245.jpg 300w, https:\/\/www.budokwai.fi\/karate\/wp\/wp-content\/uploads\/2017\/04\/ohyo.kumite.5.clip_.013.jpg 305w\" sizes=\"auto, (max-width: 300px) 100vw, 300px\" \/>\n","protected":false},"excerpt":{"rendered":"<p>Sanallisesti H: Hidari hamni gamae Askel gyakuzuki chudan, surikomi maegeri chudan. P: Hidari hamni gamae Hy\u00f6kk\u00e4\u00e4j\u00e4n gyakuzuki torjutaan hy\u00f6kk\u00e4yksen suuntaisella uchi ukella v\u00e4ist\u00e4m\u00e4ll\u00e4 hy\u00f6kk\u00e4yst\u00e4 askeleella taakse ja surikomi maegeri v\u00e4istet\u00e4\u00e4n askeleella puolustajasta n\u00e4hden potkun vasemmalle puolelle ja varmistamalla v\u00e4ist\u00f6 hy\u00f6kk\u00e4yksen suuntaisella vasemman k\u00e4den teisho gedanbarai \u2013torjunnalla. Puolustajan vastahy\u00f6kk\u00e4yksen\u00e4 oikean k\u00e4den haitozuki chudan otteluasennosta ja uraken&#8230;  <a class=\"excerpt-read-more\" href=\"https:\/\/www.budokwai.fi\/karate\/ohyo-kumite-5\/\" title=\"Ohyo kumite 5\">Lue lis\u00e4\u00e4 &raquo;<\/a><\/p>\n","protected":false},"author":3,"featured_media":0,"parent":0,"menu_order":0,"comment_status":"closed","ping_status":"closed","template":"full-width.php","meta":{"_acf_changed":false,"_monsterinsights_skip_tracking":false,"_monsterinsights_sitenote_active":false,"_monsterinsights_sitenote_note":"","_monsterinsights_sitenote_category":0,"footnotes":""},"class_list":["post-714","page","type-page","status-publish","hentry"],"acf":[],"yoast_head":"<!-- This site is optimized with the Yoast SEO plugin v27.5 - https:\/\/yoast.com\/product\/yoast-seo-wordpress\/ -->\n<title>Ohyo kumite 5 - Budokwai Karate<\/title>\n<meta name=\"robots\" content=\"index, follow, max-snippet:-1, max-image-preview:large, max-video-preview:-1\" \/>\n<link rel=\"canonical\" href=\"https:\/\/www.budokwai.fi\/karate\/ohyo-kumite-5\/\" \/>\n<meta property=\"og:locale\" content=\"fi_FI\" \/>\n<meta property=\"og:type\" content=\"article\" \/>\n<meta property=\"og:title\" content=\"Ohyo kumite 5 - Budokwai Karate\" \/>\n<meta property=\"og:description\" content=\"Sanallisesti H: Hidari hamni gamae Askel gyakuzuki chudan, surikomi maegeri chudan. P: Hidari hamni gamae Hy\u00f6kk\u00e4\u00e4j\u00e4n gyakuzuki torjutaan hy\u00f6kk\u00e4yksen suuntaisella uchi ukella v\u00e4ist\u00e4m\u00e4ll\u00e4 hy\u00f6kk\u00e4yst\u00e4 askeleella taakse ja surikomi maegeri v\u00e4istet\u00e4\u00e4n askeleella puolustajasta n\u00e4hden potkun vasemmalle puolelle ja varmistamalla v\u00e4ist\u00f6 hy\u00f6kk\u00e4yksen suuntaisella vasemman k\u00e4den teisho gedanbarai \u2013torjunnalla. Puolustajan vastahy\u00f6kk\u00e4yksen\u00e4 oikean k\u00e4den haitozuki chudan otteluasennosta ja uraken... Lue lis\u00e4\u00e4 &raquo;\" \/>\n<meta property=\"og:url\" content=\"https:\/\/www.budokwai.fi\/karate\/ohyo-kumite-5\/\" \/>\n<meta property=\"og:site_name\" content=\"Budokwai Karate\" \/>\n<meta property=\"article:publisher\" content=\"https:\/\/www.facebook.com\/budokwaikarateturku\/\" \/>\n<meta property=\"article:modified_time\" content=\"2017-04-09T20:00:39+00:00\" \/>\n<meta property=\"og:image\" content=\"http:\/\/www.budokwai.fi\/karate\/wp\/wp-content\/uploads\/2017\/04\/ohyo.kumite.5.clip_.000-300x245.jpg\" \/>\n<meta name=\"twitter:card\" content=\"summary_large_image\" \/>\n<meta name=\"twitter:label1\" content=\"Est. reading time\" \/>\n\t<meta name=\"twitter:data1\" content=\"1 minute\" \/>\n<script type=\"application\/ld+json\" class=\"yoast-schema-graph\">{\"@context\":\"https:\\\/\\\/schema.org\",\"@graph\":[{\"@type\":\"WebPage\",\"@id\":\"https:\\\/\\\/www.budokwai.fi\\\/karate\\\/ohyo-kumite-5\\\/\",\"url\":\"https:\\\/\\\/www.budokwai.fi\\\/karate\\\/ohyo-kumite-5\\\/\",\"name\":\"Ohyo kumite 5 - Budokwai Karate\",\"isPartOf\":{\"@id\":\"https:\\\/\\\/www.budokwai.fi\\\/karate\\\/#website\"},\"primaryImageOfPage\":{\"@id\":\"https:\\\/\\\/www.budokwai.fi\\\/karate\\\/ohyo-kumite-5\\\/#primaryimage\"},\"image\":{\"@id\":\"https:\\\/\\\/www.budokwai.fi\\\/karate\\\/ohyo-kumite-5\\\/#primaryimage\"},\"thumbnailUrl\":\"http:\\\/\\\/www.budokwai.fi\\\/karate\\\/wp\\\/wp-content\\\/uploads\\\/2017\\\/04\\\/ohyo.kumite.5.clip_.000-300x245.jpg\",\"datePublished\":\"2015-10-30T21:41:37+00:00\",\"dateModified\":\"2017-04-09T20:00:39+00:00\",\"breadcrumb\":{\"@id\":\"https:\\\/\\\/www.budokwai.fi\\\/karate\\\/ohyo-kumite-5\\\/#breadcrumb\"},\"inLanguage\":\"en-US\",\"potentialAction\":[{\"@type\":\"ReadAction\",\"target\":[\"https:\\\/\\\/www.budokwai.fi\\\/karate\\\/ohyo-kumite-5\\\/\"]}]},{\"@type\":\"ImageObject\",\"inLanguage\":\"en-US\",\"@id\":\"https:\\\/\\\/www.budokwai.fi\\\/karate\\\/ohyo-kumite-5\\\/#primaryimage\",\"url\":\"https:\\\/\\\/www.budokwai.fi\\\/karate\\\/wp\\\/wp-content\\\/uploads\\\/2017\\\/04\\\/ohyo.kumite.5.clip_.000.jpg\",\"contentUrl\":\"https:\\\/\\\/www.budokwai.fi\\\/karate\\\/wp\\\/wp-content\\\/uploads\\\/2017\\\/04\\\/ohyo.kumite.5.clip_.000.jpg\",\"width\":305,\"height\":249},{\"@type\":\"BreadcrumbList\",\"@id\":\"https:\\\/\\\/www.budokwai.fi\\\/karate\\\/ohyo-kumite-5\\\/#breadcrumb\",\"itemListElement\":[{\"@type\":\"ListItem\",\"position\":1,\"name\":\"Home\",\"item\":\"https:\\\/\\\/www.budokwai.fi\\\/karate\\\/\"},{\"@type\":\"ListItem\",\"position\":2,\"name\":\"Ohyo kumite 5\"}]},{\"@type\":\"WebSite\",\"@id\":\"https:\\\/\\\/www.budokwai.fi\\\/karate\\\/#website\",\"url\":\"https:\\\/\\\/www.budokwai.fi\\\/karate\\\/\",\"name\":\"Budokwai Karate\",\"description\":\"Budokwai karate\",\"potentialAction\":[{\"@type\":\"SearchAction\",\"target\":{\"@type\":\"EntryPoint\",\"urlTemplate\":\"https:\\\/\\\/www.budokwai.fi\\\/karate\\\/?s={search_term_string}\"},\"query-input\":{\"@type\":\"PropertyValueSpecification\",\"valueRequired\":true,\"valueName\":\"search_term_string\"}}],\"inLanguage\":\"en-US\"}]}<\/script>\n<!-- \/ Yoast SEO plugin. -->","yoast_head_json":{"title":"Ohyo kumite 5 - Budokwai Karate","robots":{"index":"index","follow":"follow","max-snippet":"max-snippet:-1","max-image-preview":"max-image-preview:large","max-video-preview":"max-video-preview:-1"},"canonical":"https:\/\/www.budokwai.fi\/karate\/ohyo-kumite-5\/","og_locale":"fi_FI","og_type":"article","og_title":"Ohyo kumite 5 - Budokwai Karate","og_description":"Sanallisesti H: Hidari hamni gamae Askel gyakuzuki chudan, surikomi maegeri chudan. P: Hidari hamni gamae Hy\u00f6kk\u00e4\u00e4j\u00e4n gyakuzuki torjutaan hy\u00f6kk\u00e4yksen suuntaisella uchi ukella v\u00e4ist\u00e4m\u00e4ll\u00e4 hy\u00f6kk\u00e4yst\u00e4 askeleella taakse ja surikomi maegeri v\u00e4istet\u00e4\u00e4n askeleella puolustajasta n\u00e4hden potkun vasemmalle puolelle ja varmistamalla v\u00e4ist\u00f6 hy\u00f6kk\u00e4yksen suuntaisella vasemman k\u00e4den teisho gedanbarai \u2013torjunnalla. Puolustajan vastahy\u00f6kk\u00e4yksen\u00e4 oikean k\u00e4den haitozuki chudan otteluasennosta ja uraken... Lue lis\u00e4\u00e4 &raquo;","og_url":"https:\/\/www.budokwai.fi\/karate\/ohyo-kumite-5\/","og_site_name":"Budokwai Karate","article_publisher":"https:\/\/www.facebook.com\/budokwaikarateturku\/","article_modified_time":"2017-04-09T20:00:39+00:00","og_image":[{"url":"http:\/\/www.budokwai.fi\/karate\/wp\/wp-content\/uploads\/2017\/04\/ohyo.kumite.5.clip_.000-300x245.jpg","type":"","width":"","height":""}],"twitter_card":"summary_large_image","twitter_misc":{"Est. reading time":"1 minute"},"schema":{"@context":"https:\/\/schema.org","@graph":[{"@type":"WebPage","@id":"https:\/\/www.budokwai.fi\/karate\/ohyo-kumite-5\/","url":"https:\/\/www.budokwai.fi\/karate\/ohyo-kumite-5\/","name":"Ohyo kumite 5 - Budokwai Karate","isPartOf":{"@id":"https:\/\/www.budokwai.fi\/karate\/#website"},"primaryImageOfPage":{"@id":"https:\/\/www.budokwai.fi\/karate\/ohyo-kumite-5\/#primaryimage"},"image":{"@id":"https:\/\/www.budokwai.fi\/karate\/ohyo-kumite-5\/#primaryimage"},"thumbnailUrl":"http:\/\/www.budokwai.fi\/karate\/wp\/wp-content\/uploads\/2017\/04\/ohyo.kumite.5.clip_.000-300x245.jpg","datePublished":"2015-10-30T21:41:37+00:00","dateModified":"2017-04-09T20:00:39+00:00","breadcrumb":{"@id":"https:\/\/www.budokwai.fi\/karate\/ohyo-kumite-5\/#breadcrumb"},"inLanguage":"en-US","potentialAction":[{"@type":"ReadAction","target":["https:\/\/www.budokwai.fi\/karate\/ohyo-kumite-5\/"]}]},{"@type":"ImageObject","inLanguage":"en-US","@id":"https:\/\/www.budokwai.fi\/karate\/ohyo-kumite-5\/#primaryimage","url":"https:\/\/www.budokwai.fi\/karate\/wp\/wp-content\/uploads\/2017\/04\/ohyo.kumite.5.clip_.000.jpg","contentUrl":"https:\/\/www.budokwai.fi\/karate\/wp\/wp-content\/uploads\/2017\/04\/ohyo.kumite.5.clip_.000.jpg","width":305,"height":249},{"@type":"BreadcrumbList","@id":"https:\/\/www.budokwai.fi\/karate\/ohyo-kumite-5\/#breadcrumb","itemListElement":[{"@type":"ListItem","position":1,"name":"Home","item":"https:\/\/www.budokwai.fi\/karate\/"},{"@type":"ListItem","position":2,"name":"Ohyo kumite 5"}]},{"@type":"WebSite","@id":"https:\/\/www.budokwai.fi\/karate\/#website","url":"https:\/\/www.budokwai.fi\/karate\/","name":"Budokwai Karate","description":"Budokwai karate","potentialAction":[{"@type":"SearchAction","target":{"@type":"EntryPoint","urlTemplate":"https:\/\/www.budokwai.fi\/karate\/?s={search_term_string}"},"query-input":{"@type":"PropertyValueSpecification","valueRequired":true,"valueName":"search_term_string"}}],"inLanguage":"en-US"}]}},"_links":{"self":[{"href":"https:\/\/www.budokwai.fi\/karate\/wp-json\/wp\/v2\/pages\/714","targetHints":{"allow":["GET"]}}],"collection":[{"href":"https:\/\/www.budokwai.fi\/karate\/wp-json\/wp\/v2\/pages"}],"about":[{"href":"https:\/\/www.budokwai.fi\/karate\/wp-json\/wp\/v2\/types\/page"}],"author":[{"embeddable":true,"href":"https:\/\/www.budokwai.fi\/karate\/wp-json\/wp\/v2\/users\/3"}],"replies":[{"embeddable":true,"href":"https:\/\/www.budokwai.fi\/karate\/wp-json\/wp\/v2\/comments?post=714"}],"version-history":[{"count":2,"href":"https:\/\/www.budokwai.fi\/karate\/wp-json\/wp\/v2\/pages\/714\/revisions"}],"predecessor-version":[{"id":1210,"href":"https:\/\/www.budokwai.fi\/karate\/wp-json\/wp\/v2\/pages\/714\/revisions\/1210"}],"wp:attachment":[{"href":"https:\/\/www.budokwai.fi\/karate\/wp-json\/wp\/v2\/media?parent=714"}],"curies":[{"name":"wp","href":"https:\/\/api.w.org\/{rel}","templated":true}]}}