{"id":712,"date":"2015-10-30T23:41:01","date_gmt":"2015-10-30T21:41:01","guid":{"rendered":"http:\/\/www.budokwai.fi\/karate\/wp\/?page_id=712"},"modified":"2017-04-09T22:57:38","modified_gmt":"2017-04-09T19:57:38","slug":"ohyo-kumite-4","status":"publish","type":"page","link":"https:\/\/www.budokwai.fi\/karate\/ohyo-kumite-4\/","title":{"rendered":"Ohyo kumite 4"},"content":{"rendered":"<p><strong>Sanallisesti<\/strong><\/p>\n<p>H: Migi hamni gamae<br \/>\nAskel eteen ja uraken yodan oikealla k\u00e4dell\u00e4. Urakenin palautuksen aikana tartutaan vasemmalla k\u00e4dell\u00e4 vastustajan olkavarresta ja ly\u00f6d\u00e4\u00e4n gyakuzuki chudan oikealla k\u00e4dell\u00e4. Toinen hy\u00f6kk\u00e4ys aloitetaan k\u00e4\u00e4nt\u00e4m\u00e4ll\u00e4 rintamasuunta kohti vastustajaa, ottamalla oikealla k\u00e4dell\u00e4 ote vastustajan niskasta ja horjuttamalla vastustajaa vet\u00e4m\u00e4ll\u00e4 alas kohti oikean jalan hizageri chudan \u2013potkua. Potkun j\u00e4lkeen vastustajaa ty\u00f6nnet\u00e4\u00e4n edell\u00e4 alas ja ly\u00f6d\u00e4\u00e4n oikealla k\u00e4dell\u00e4 empizuki niskaan.<\/p>\n<p>P: Migi hamni gamae<br \/>\nPuolustaja torjuu hy\u00f6kk\u00e4\u00e4j\u00e4n urakenin oikan k\u00e4den empiuke \u2013torjunnalla.<\/p>\n<p>(Hy\u00f6kk\u00e4\u00e4j\u00e4n toisella hy\u00f6kk\u00e4ysosalla on painopisteen pysytt\u00e4v\u00e4 alhaalla polvipotkun aikana ja empizukissa huomioitava etujalalla alavartalon suojaus).<\/p>\n<p>&nbsp;<\/p>\n<p><strong>Kuvilla<\/strong><\/p>\n<img loading=\"lazy\" decoding=\"async\" class=\"alignnone size-medium wp-image-1194\" src=\"http:\/\/www.budokwai.fi\/karate\/wp\/wp-content\/uploads\/2017\/04\/ohyo.kumite.4.clip_.000-300x245.jpg\" alt=\"\" width=\"300\" height=\"245\" srcset=\"https:\/\/www.budokwai.fi\/karate\/wp\/wp-content\/uploads\/2017\/04\/ohyo.kumite.4.clip_.000-300x245.jpg 300w, https:\/\/www.budokwai.fi\/karate\/wp\/wp-content\/uploads\/2017\/04\/ohyo.kumite.4.clip_.000.jpg 305w\" sizes=\"auto, (max-width: 300px) 100vw, 300px\" \/> <img loading=\"lazy\" decoding=\"async\" class=\"alignnone size-medium wp-image-1193\" src=\"http:\/\/www.budokwai.fi\/karate\/wp\/wp-content\/uploads\/2017\/04\/ohyo.kumite.4.clip_.001-300x245.jpg\" alt=\"\" width=\"300\" height=\"245\" srcset=\"https:\/\/www.budokwai.fi\/karate\/wp\/wp-content\/uploads\/2017\/04\/ohyo.kumite.4.clip_.001-300x245.jpg 300w, https:\/\/www.budokwai.fi\/karate\/wp\/wp-content\/uploads\/2017\/04\/ohyo.kumite.4.clip_.001.jpg 305w\" sizes=\"auto, (max-width: 300px) 100vw, 300px\" \/> <img loading=\"lazy\" decoding=\"async\" class=\"alignnone size-medium wp-image-1192\" src=\"http:\/\/www.budokwai.fi\/karate\/wp\/wp-content\/uploads\/2017\/04\/ohyo.kumite.4.clip_.002-300x245.jpg\" alt=\"\" width=\"300\" height=\"245\" srcset=\"https:\/\/www.budokwai.fi\/karate\/wp\/wp-content\/uploads\/2017\/04\/ohyo.kumite.4.clip_.002-300x245.jpg 300w, https:\/\/www.budokwai.fi\/karate\/wp\/wp-content\/uploads\/2017\/04\/ohyo.kumite.4.clip_.002.jpg 305w\" sizes=\"auto, (max-width: 300px) 100vw, 300px\" \/> <img loading=\"lazy\" decoding=\"async\" class=\"alignnone size-medium wp-image-1191\" src=\"http:\/\/www.budokwai.fi\/karate\/wp\/wp-content\/uploads\/2017\/04\/ohyo.kumite.4.clip_.003-300x245.jpg\" alt=\"\" width=\"300\" height=\"245\" srcset=\"https:\/\/www.budokwai.fi\/karate\/wp\/wp-content\/uploads\/2017\/04\/ohyo.kumite.4.clip_.003-300x245.jpg 300w, https:\/\/www.budokwai.fi\/karate\/wp\/wp-content\/uploads\/2017\/04\/ohyo.kumite.4.clip_.003.jpg 305w\" sizes=\"auto, (max-width: 300px) 100vw, 300px\" \/> <img loading=\"lazy\" decoding=\"async\" class=\"alignnone size-medium wp-image-1190\" src=\"http:\/\/www.budokwai.fi\/karate\/wp\/wp-content\/uploads\/2017\/04\/ohyo.kumite.4.clip_.004-300x245.jpg\" alt=\"\" width=\"300\" height=\"245\" srcset=\"https:\/\/www.budokwai.fi\/karate\/wp\/wp-content\/uploads\/2017\/04\/ohyo.kumite.4.clip_.004-300x245.jpg 300w, https:\/\/www.budokwai.fi\/karate\/wp\/wp-content\/uploads\/2017\/04\/ohyo.kumite.4.clip_.004.jpg 305w\" sizes=\"auto, (max-width: 300px) 100vw, 300px\" \/> <img loading=\"lazy\" decoding=\"async\" class=\"alignnone size-medium wp-image-1189\" src=\"http:\/\/www.budokwai.fi\/karate\/wp\/wp-content\/uploads\/2017\/04\/ohyo.kumite.4.clip_.005-300x245.jpg\" alt=\"\" width=\"300\" height=\"245\" srcset=\"https:\/\/www.budokwai.fi\/karate\/wp\/wp-content\/uploads\/2017\/04\/ohyo.kumite.4.clip_.005-300x245.jpg 300w, https:\/\/www.budokwai.fi\/karate\/wp\/wp-content\/uploads\/2017\/04\/ohyo.kumite.4.clip_.005.jpg 305w\" sizes=\"auto, (max-width: 300px) 100vw, 300px\" \/> <img loading=\"lazy\" decoding=\"async\" class=\"alignnone size-medium wp-image-1188\" src=\"http:\/\/www.budokwai.fi\/karate\/wp\/wp-content\/uploads\/2017\/04\/ohyo.kumite.4.clip_.006-300x245.jpg\" alt=\"\" width=\"300\" height=\"245\" srcset=\"https:\/\/www.budokwai.fi\/karate\/wp\/wp-content\/uploads\/2017\/04\/ohyo.kumite.4.clip_.006-300x245.jpg 300w, https:\/\/www.budokwai.fi\/karate\/wp\/wp-content\/uploads\/2017\/04\/ohyo.kumite.4.clip_.006.jpg 305w\" sizes=\"auto, (max-width: 300px) 100vw, 300px\" \/> <img loading=\"lazy\" decoding=\"async\" class=\"alignnone size-medium wp-image-1187\" src=\"http:\/\/www.budokwai.fi\/karate\/wp\/wp-content\/uploads\/2017\/04\/ohyo.kumite.4.clip_.007-300x245.jpg\" alt=\"\" width=\"300\" height=\"245\" srcset=\"https:\/\/www.budokwai.fi\/karate\/wp\/wp-content\/uploads\/2017\/04\/ohyo.kumite.4.clip_.007-300x245.jpg 300w, https:\/\/www.budokwai.fi\/karate\/wp\/wp-content\/uploads\/2017\/04\/ohyo.kumite.4.clip_.007.jpg 305w\" sizes=\"auto, (max-width: 300px) 100vw, 300px\" \/> <img loading=\"lazy\" decoding=\"async\" class=\"alignnone size-medium wp-image-1186\" src=\"http:\/\/www.budokwai.fi\/karate\/wp\/wp-content\/uploads\/2017\/04\/ohyo.kumite.4.clip_.008-300x245.jpg\" alt=\"\" width=\"300\" height=\"245\" srcset=\"https:\/\/www.budokwai.fi\/karate\/wp\/wp-content\/uploads\/2017\/04\/ohyo.kumite.4.clip_.008-300x245.jpg 300w, https:\/\/www.budokwai.fi\/karate\/wp\/wp-content\/uploads\/2017\/04\/ohyo.kumite.4.clip_.008.jpg 305w\" sizes=\"auto, (max-width: 300px) 100vw, 300px\" \/> <img loading=\"lazy\" decoding=\"async\" class=\"alignnone size-medium wp-image-1185\" src=\"http:\/\/www.budokwai.fi\/karate\/wp\/wp-content\/uploads\/2017\/04\/ohyo.kumite.4.clip_.009-300x245.jpg\" alt=\"\" width=\"300\" height=\"245\" srcset=\"https:\/\/www.budokwai.fi\/karate\/wp\/wp-content\/uploads\/2017\/04\/ohyo.kumite.4.clip_.009-300x245.jpg 300w, https:\/\/www.budokwai.fi\/karate\/wp\/wp-content\/uploads\/2017\/04\/ohyo.kumite.4.clip_.009.jpg 305w\" sizes=\"auto, (max-width: 300px) 100vw, 300px\" \/>\n","protected":false},"excerpt":{"rendered":"<p>Sanallisesti H: Migi hamni gamae Askel eteen ja uraken yodan oikealla k\u00e4dell\u00e4. Urakenin palautuksen aikana tartutaan vasemmalla k\u00e4dell\u00e4 vastustajan olkavarresta ja ly\u00f6d\u00e4\u00e4n gyakuzuki chudan oikealla k\u00e4dell\u00e4. Toinen hy\u00f6kk\u00e4ys aloitetaan k\u00e4\u00e4nt\u00e4m\u00e4ll\u00e4 rintamasuunta kohti vastustajaa, ottamalla oikealla k\u00e4dell\u00e4 ote vastustajan niskasta ja horjuttamalla vastustajaa vet\u00e4m\u00e4ll\u00e4 alas kohti oikean jalan hizageri chudan \u2013potkua. Potkun j\u00e4lkeen vastustajaa ty\u00f6nnet\u00e4\u00e4n edell\u00e4&#8230;  <a class=\"excerpt-read-more\" href=\"https:\/\/www.budokwai.fi\/karate\/ohyo-kumite-4\/\" title=\"Ohyo kumite 4\">Lue lis\u00e4\u00e4 &raquo;<\/a><\/p>\n","protected":false},"author":3,"featured_media":0,"parent":0,"menu_order":0,"comment_status":"closed","ping_status":"closed","template":"full-width.php","meta":{"_acf_changed":false,"_monsterinsights_skip_tracking":false,"_monsterinsights_sitenote_active":false,"_monsterinsights_sitenote_note":"","_monsterinsights_sitenote_category":0,"footnotes":""},"class_list":["post-712","page","type-page","status-publish","hentry"],"acf":[],"yoast_head":"<!-- This site is optimized with the Yoast SEO plugin v27.5 - https:\/\/yoast.com\/product\/yoast-seo-wordpress\/ -->\n<title>Ohyo kumite 4 - Budokwai Karate<\/title>\n<meta name=\"robots\" content=\"index, follow, max-snippet:-1, max-image-preview:large, max-video-preview:-1\" \/>\n<link rel=\"canonical\" href=\"https:\/\/www.budokwai.fi\/karate\/ohyo-kumite-4\/\" \/>\n<meta property=\"og:locale\" content=\"fi_FI\" \/>\n<meta property=\"og:type\" content=\"article\" \/>\n<meta property=\"og:title\" content=\"Ohyo kumite 4 - Budokwai Karate\" \/>\n<meta property=\"og:description\" content=\"Sanallisesti H: Migi hamni gamae Askel eteen ja uraken yodan oikealla k\u00e4dell\u00e4. Urakenin palautuksen aikana tartutaan vasemmalla k\u00e4dell\u00e4 vastustajan olkavarresta ja ly\u00f6d\u00e4\u00e4n gyakuzuki chudan oikealla k\u00e4dell\u00e4. Toinen hy\u00f6kk\u00e4ys aloitetaan k\u00e4\u00e4nt\u00e4m\u00e4ll\u00e4 rintamasuunta kohti vastustajaa, ottamalla oikealla k\u00e4dell\u00e4 ote vastustajan niskasta ja horjuttamalla vastustajaa vet\u00e4m\u00e4ll\u00e4 alas kohti oikean jalan hizageri chudan \u2013potkua. Potkun j\u00e4lkeen vastustajaa ty\u00f6nnet\u00e4\u00e4n edell\u00e4... Lue lis\u00e4\u00e4 &raquo;\" \/>\n<meta property=\"og:url\" content=\"https:\/\/www.budokwai.fi\/karate\/ohyo-kumite-4\/\" \/>\n<meta property=\"og:site_name\" content=\"Budokwai Karate\" \/>\n<meta property=\"article:publisher\" content=\"https:\/\/www.facebook.com\/budokwaikarateturku\/\" \/>\n<meta property=\"article:modified_time\" content=\"2017-04-09T19:57:38+00:00\" \/>\n<meta property=\"og:image\" content=\"http:\/\/www.budokwai.fi\/karate\/wp\/wp-content\/uploads\/2017\/04\/ohyo.kumite.4.clip_.000-300x245.jpg\" \/>\n<meta name=\"twitter:card\" content=\"summary_large_image\" \/>\n<meta name=\"twitter:label1\" content=\"Est. reading time\" \/>\n\t<meta name=\"twitter:data1\" content=\"1 minute\" \/>\n<script type=\"application\/ld+json\" class=\"yoast-schema-graph\">{\"@context\":\"https:\\\/\\\/schema.org\",\"@graph\":[{\"@type\":\"WebPage\",\"@id\":\"https:\\\/\\\/www.budokwai.fi\\\/karate\\\/ohyo-kumite-4\\\/\",\"url\":\"https:\\\/\\\/www.budokwai.fi\\\/karate\\\/ohyo-kumite-4\\\/\",\"name\":\"Ohyo kumite 4 - Budokwai Karate\",\"isPartOf\":{\"@id\":\"https:\\\/\\\/www.budokwai.fi\\\/karate\\\/#website\"},\"primaryImageOfPage\":{\"@id\":\"https:\\\/\\\/www.budokwai.fi\\\/karate\\\/ohyo-kumite-4\\\/#primaryimage\"},\"image\":{\"@id\":\"https:\\\/\\\/www.budokwai.fi\\\/karate\\\/ohyo-kumite-4\\\/#primaryimage\"},\"thumbnailUrl\":\"http:\\\/\\\/www.budokwai.fi\\\/karate\\\/wp\\\/wp-content\\\/uploads\\\/2017\\\/04\\\/ohyo.kumite.4.clip_.000-300x245.jpg\",\"datePublished\":\"2015-10-30T21:41:01+00:00\",\"dateModified\":\"2017-04-09T19:57:38+00:00\",\"breadcrumb\":{\"@id\":\"https:\\\/\\\/www.budokwai.fi\\\/karate\\\/ohyo-kumite-4\\\/#breadcrumb\"},\"inLanguage\":\"en-US\",\"potentialAction\":[{\"@type\":\"ReadAction\",\"target\":[\"https:\\\/\\\/www.budokwai.fi\\\/karate\\\/ohyo-kumite-4\\\/\"]}]},{\"@type\":\"ImageObject\",\"inLanguage\":\"en-US\",\"@id\":\"https:\\\/\\\/www.budokwai.fi\\\/karate\\\/ohyo-kumite-4\\\/#primaryimage\",\"url\":\"https:\\\/\\\/www.budokwai.fi\\\/karate\\\/wp\\\/wp-content\\\/uploads\\\/2017\\\/04\\\/ohyo.kumite.4.clip_.000.jpg\",\"contentUrl\":\"https:\\\/\\\/www.budokwai.fi\\\/karate\\\/wp\\\/wp-content\\\/uploads\\\/2017\\\/04\\\/ohyo.kumite.4.clip_.000.jpg\",\"width\":305,\"height\":249},{\"@type\":\"BreadcrumbList\",\"@id\":\"https:\\\/\\\/www.budokwai.fi\\\/karate\\\/ohyo-kumite-4\\\/#breadcrumb\",\"itemListElement\":[{\"@type\":\"ListItem\",\"position\":1,\"name\":\"Home\",\"item\":\"https:\\\/\\\/www.budokwai.fi\\\/karate\\\/\"},{\"@type\":\"ListItem\",\"position\":2,\"name\":\"Ohyo kumite 4\"}]},{\"@type\":\"WebSite\",\"@id\":\"https:\\\/\\\/www.budokwai.fi\\\/karate\\\/#website\",\"url\":\"https:\\\/\\\/www.budokwai.fi\\\/karate\\\/\",\"name\":\"Budokwai Karate\",\"description\":\"Budokwai karate\",\"potentialAction\":[{\"@type\":\"SearchAction\",\"target\":{\"@type\":\"EntryPoint\",\"urlTemplate\":\"https:\\\/\\\/www.budokwai.fi\\\/karate\\\/?s={search_term_string}\"},\"query-input\":{\"@type\":\"PropertyValueSpecification\",\"valueRequired\":true,\"valueName\":\"search_term_string\"}}],\"inLanguage\":\"en-US\"}]}<\/script>\n<!-- \/ Yoast SEO plugin. -->","yoast_head_json":{"title":"Ohyo kumite 4 - Budokwai Karate","robots":{"index":"index","follow":"follow","max-snippet":"max-snippet:-1","max-image-preview":"max-image-preview:large","max-video-preview":"max-video-preview:-1"},"canonical":"https:\/\/www.budokwai.fi\/karate\/ohyo-kumite-4\/","og_locale":"fi_FI","og_type":"article","og_title":"Ohyo kumite 4 - Budokwai Karate","og_description":"Sanallisesti H: Migi hamni gamae Askel eteen ja uraken yodan oikealla k\u00e4dell\u00e4. Urakenin palautuksen aikana tartutaan vasemmalla k\u00e4dell\u00e4 vastustajan olkavarresta ja ly\u00f6d\u00e4\u00e4n gyakuzuki chudan oikealla k\u00e4dell\u00e4. Toinen hy\u00f6kk\u00e4ys aloitetaan k\u00e4\u00e4nt\u00e4m\u00e4ll\u00e4 rintamasuunta kohti vastustajaa, ottamalla oikealla k\u00e4dell\u00e4 ote vastustajan niskasta ja horjuttamalla vastustajaa vet\u00e4m\u00e4ll\u00e4 alas kohti oikean jalan hizageri chudan \u2013potkua. Potkun j\u00e4lkeen vastustajaa ty\u00f6nnet\u00e4\u00e4n edell\u00e4... Lue lis\u00e4\u00e4 &raquo;","og_url":"https:\/\/www.budokwai.fi\/karate\/ohyo-kumite-4\/","og_site_name":"Budokwai Karate","article_publisher":"https:\/\/www.facebook.com\/budokwaikarateturku\/","article_modified_time":"2017-04-09T19:57:38+00:00","og_image":[{"url":"http:\/\/www.budokwai.fi\/karate\/wp\/wp-content\/uploads\/2017\/04\/ohyo.kumite.4.clip_.000-300x245.jpg","type":"","width":"","height":""}],"twitter_card":"summary_large_image","twitter_misc":{"Est. reading time":"1 minute"},"schema":{"@context":"https:\/\/schema.org","@graph":[{"@type":"WebPage","@id":"https:\/\/www.budokwai.fi\/karate\/ohyo-kumite-4\/","url":"https:\/\/www.budokwai.fi\/karate\/ohyo-kumite-4\/","name":"Ohyo kumite 4 - Budokwai Karate","isPartOf":{"@id":"https:\/\/www.budokwai.fi\/karate\/#website"},"primaryImageOfPage":{"@id":"https:\/\/www.budokwai.fi\/karate\/ohyo-kumite-4\/#primaryimage"},"image":{"@id":"https:\/\/www.budokwai.fi\/karate\/ohyo-kumite-4\/#primaryimage"},"thumbnailUrl":"http:\/\/www.budokwai.fi\/karate\/wp\/wp-content\/uploads\/2017\/04\/ohyo.kumite.4.clip_.000-300x245.jpg","datePublished":"2015-10-30T21:41:01+00:00","dateModified":"2017-04-09T19:57:38+00:00","breadcrumb":{"@id":"https:\/\/www.budokwai.fi\/karate\/ohyo-kumite-4\/#breadcrumb"},"inLanguage":"en-US","potentialAction":[{"@type":"ReadAction","target":["https:\/\/www.budokwai.fi\/karate\/ohyo-kumite-4\/"]}]},{"@type":"ImageObject","inLanguage":"en-US","@id":"https:\/\/www.budokwai.fi\/karate\/ohyo-kumite-4\/#primaryimage","url":"https:\/\/www.budokwai.fi\/karate\/wp\/wp-content\/uploads\/2017\/04\/ohyo.kumite.4.clip_.000.jpg","contentUrl":"https:\/\/www.budokwai.fi\/karate\/wp\/wp-content\/uploads\/2017\/04\/ohyo.kumite.4.clip_.000.jpg","width":305,"height":249},{"@type":"BreadcrumbList","@id":"https:\/\/www.budokwai.fi\/karate\/ohyo-kumite-4\/#breadcrumb","itemListElement":[{"@type":"ListItem","position":1,"name":"Home","item":"https:\/\/www.budokwai.fi\/karate\/"},{"@type":"ListItem","position":2,"name":"Ohyo kumite 4"}]},{"@type":"WebSite","@id":"https:\/\/www.budokwai.fi\/karate\/#website","url":"https:\/\/www.budokwai.fi\/karate\/","name":"Budokwai Karate","description":"Budokwai karate","potentialAction":[{"@type":"SearchAction","target":{"@type":"EntryPoint","urlTemplate":"https:\/\/www.budokwai.fi\/karate\/?s={search_term_string}"},"query-input":{"@type":"PropertyValueSpecification","valueRequired":true,"valueName":"search_term_string"}}],"inLanguage":"en-US"}]}},"_links":{"self":[{"href":"https:\/\/www.budokwai.fi\/karate\/wp-json\/wp\/v2\/pages\/712","targetHints":{"allow":["GET"]}}],"collection":[{"href":"https:\/\/www.budokwai.fi\/karate\/wp-json\/wp\/v2\/pages"}],"about":[{"href":"https:\/\/www.budokwai.fi\/karate\/wp-json\/wp\/v2\/types\/page"}],"author":[{"embeddable":true,"href":"https:\/\/www.budokwai.fi\/karate\/wp-json\/wp\/v2\/users\/3"}],"replies":[{"embeddable":true,"href":"https:\/\/www.budokwai.fi\/karate\/wp-json\/wp\/v2\/comments?post=712"}],"version-history":[{"count":2,"href":"https:\/\/www.budokwai.fi\/karate\/wp-json\/wp\/v2\/pages\/712\/revisions"}],"predecessor-version":[{"id":1195,"href":"https:\/\/www.budokwai.fi\/karate\/wp-json\/wp\/v2\/pages\/712\/revisions\/1195"}],"wp:attachment":[{"href":"https:\/\/www.budokwai.fi\/karate\/wp-json\/wp\/v2\/media?parent=712"}],"curies":[{"name":"wp","href":"https:\/\/api.w.org\/{rel}","templated":true}]}}