{"id":710,"date":"2015-10-30T23:40:26","date_gmt":"2015-10-30T21:40:26","guid":{"rendered":"http:\/\/www.budokwai.fi\/karate\/wp\/?page_id=710"},"modified":"2017-04-09T22:54:24","modified_gmt":"2017-04-09T19:54:24","slug":"ohyo-kumite-3","status":"publish","type":"page","link":"https:\/\/www.budokwai.fi\/karate\/ohyo-kumite-3\/","title":{"rendered":"Ohyo kumite 3"},"content":{"rendered":"<p><strong>Sanallisesti<\/strong><\/p>\n<p>H: Hidari hamni gamae<br \/>\nJunzuki yodan &#8211; gyakuzuki chudan. Puolustajan vastahy\u00f6kk\u00e4yksen tullessa oma hy\u00f6kk\u00e4ys tobikomizukin alle ly\u00f6nti\u00e4 v\u00e4ist\u00e4en ja vastustaja kaadetaan nostamalla vasemmalla k\u00e4dell\u00e4 polvitaipeesta ja ohjaamalla oikealla k\u00e4dell\u00e4 vastustaja alas. Uken kaatuessa ly\u00f6d\u00e4\u00e4n oikean k\u00e4den uraken jodan polviasennossa.<\/p>\n<p>P: Migi hamni gamae<br \/>\nEnsimm\u00e4isen hy\u00f6kk\u00e4yksen (junzuki) tullessa puolustaja v\u00e4ist\u00e4\u00e4 askeleella taakse ja torjuu ly\u00f6nnin suuntaisesti shuto uchi uken vasemmalla k\u00e4dell\u00e4.<br \/>\nVastahy\u00f6kk\u00e4yksen\u00e4 tobikomizuki yodan.<\/p>\n<p>(Ensimm\u00e4isell\u00e4 hy\u00f6kk\u00e4ysosalla, junzuki yodan-gyakuzuki chudan, on hy\u00f6k\u00e4tt\u00e4v\u00e4 riitt\u00e4v\u00e4n pitk\u00e4lle, jotta uken painopistett\u00e4 saadaan siirretty\u00e4 taaksep\u00e4in. Painopisteen siirrytty\u00e4 taakse uken on vastahy\u00f6kk\u00e4yst\u00e4 tehdess\u00e4\u00e4n ponnistettava eteenp\u00e4in. Hy\u00f6kk\u00e4\u00e4j\u00e4n on liikuttava puolustajan vastahy\u00f6kk\u00e4yksen aikana eteenp\u00e4in siten, ett\u00e4 kaato voidaan suorittaa niin l\u00e4helt\u00e4 vastustajaa kuin mahdollista).<\/p>\n<p>&nbsp;<\/p>\n<p><strong>Kuvilla<\/strong><\/p>\n<img loading=\"lazy\" decoding=\"async\" class=\"alignnone size-medium wp-image-1183\" src=\"http:\/\/www.budokwai.fi\/karate\/wp\/wp-content\/uploads\/2017\/04\/ohyo.kumite.3.clip_.000-300x245.jpg\" alt=\"\" width=\"300\" height=\"245\" srcset=\"https:\/\/www.budokwai.fi\/karate\/wp\/wp-content\/uploads\/2017\/04\/ohyo.kumite.3.clip_.000-300x245.jpg 300w, https:\/\/www.budokwai.fi\/karate\/wp\/wp-content\/uploads\/2017\/04\/ohyo.kumite.3.clip_.000.jpg 305w\" sizes=\"auto, (max-width: 300px) 100vw, 300px\" \/> <img loading=\"lazy\" decoding=\"async\" class=\"alignnone size-medium wp-image-1182\" src=\"http:\/\/www.budokwai.fi\/karate\/wp\/wp-content\/uploads\/2017\/04\/ohyo.kumite.3.clip_.001-300x245.jpg\" alt=\"\" width=\"300\" height=\"245\" srcset=\"https:\/\/www.budokwai.fi\/karate\/wp\/wp-content\/uploads\/2017\/04\/ohyo.kumite.3.clip_.001-300x245.jpg 300w, https:\/\/www.budokwai.fi\/karate\/wp\/wp-content\/uploads\/2017\/04\/ohyo.kumite.3.clip_.001.jpg 305w\" sizes=\"auto, (max-width: 300px) 100vw, 300px\" \/> <img loading=\"lazy\" decoding=\"async\" class=\"alignnone size-medium wp-image-1181\" src=\"http:\/\/www.budokwai.fi\/karate\/wp\/wp-content\/uploads\/2017\/04\/ohyo.kumite.3.clip_.002-300x245.jpg\" alt=\"\" width=\"300\" height=\"245\" srcset=\"https:\/\/www.budokwai.fi\/karate\/wp\/wp-content\/uploads\/2017\/04\/ohyo.kumite.3.clip_.002-300x245.jpg 300w, https:\/\/www.budokwai.fi\/karate\/wp\/wp-content\/uploads\/2017\/04\/ohyo.kumite.3.clip_.002.jpg 305w\" sizes=\"auto, (max-width: 300px) 100vw, 300px\" \/> <img loading=\"lazy\" decoding=\"async\" class=\"alignnone size-medium wp-image-1180\" src=\"http:\/\/www.budokwai.fi\/karate\/wp\/wp-content\/uploads\/2017\/04\/ohyo.kumite.3.clip_.003-300x245.jpg\" alt=\"\" width=\"300\" height=\"245\" srcset=\"https:\/\/www.budokwai.fi\/karate\/wp\/wp-content\/uploads\/2017\/04\/ohyo.kumite.3.clip_.003-300x245.jpg 300w, https:\/\/www.budokwai.fi\/karate\/wp\/wp-content\/uploads\/2017\/04\/ohyo.kumite.3.clip_.003.jpg 305w\" sizes=\"auto, (max-width: 300px) 100vw, 300px\" \/> <img loading=\"lazy\" decoding=\"async\" class=\"alignnone size-medium wp-image-1179\" src=\"http:\/\/www.budokwai.fi\/karate\/wp\/wp-content\/uploads\/2017\/04\/ohyo.kumite.3.clip_.004-300x245.jpg\" alt=\"\" width=\"300\" height=\"245\" srcset=\"https:\/\/www.budokwai.fi\/karate\/wp\/wp-content\/uploads\/2017\/04\/ohyo.kumite.3.clip_.004-300x245.jpg 300w, https:\/\/www.budokwai.fi\/karate\/wp\/wp-content\/uploads\/2017\/04\/ohyo.kumite.3.clip_.004.jpg 305w\" sizes=\"auto, (max-width: 300px) 100vw, 300px\" \/> <img loading=\"lazy\" decoding=\"async\" class=\"alignnone size-medium wp-image-1178\" src=\"http:\/\/www.budokwai.fi\/karate\/wp\/wp-content\/uploads\/2017\/04\/ohyo.kumite.3.clip_.005-300x245.jpg\" alt=\"\" width=\"300\" height=\"245\" srcset=\"https:\/\/www.budokwai.fi\/karate\/wp\/wp-content\/uploads\/2017\/04\/ohyo.kumite.3.clip_.005-300x245.jpg 300w, https:\/\/www.budokwai.fi\/karate\/wp\/wp-content\/uploads\/2017\/04\/ohyo.kumite.3.clip_.005.jpg 305w\" sizes=\"auto, (max-width: 300px) 100vw, 300px\" \/> <img loading=\"lazy\" decoding=\"async\" class=\"alignnone size-medium wp-image-1177\" src=\"http:\/\/www.budokwai.fi\/karate\/wp\/wp-content\/uploads\/2017\/04\/ohyo.kumite.3.clip_.006-300x245.jpg\" alt=\"\" width=\"300\" height=\"245\" srcset=\"https:\/\/www.budokwai.fi\/karate\/wp\/wp-content\/uploads\/2017\/04\/ohyo.kumite.3.clip_.006-300x245.jpg 300w, https:\/\/www.budokwai.fi\/karate\/wp\/wp-content\/uploads\/2017\/04\/ohyo.kumite.3.clip_.006.jpg 305w\" sizes=\"auto, (max-width: 300px) 100vw, 300px\" \/> <img loading=\"lazy\" decoding=\"async\" class=\"alignnone size-medium wp-image-1176\" src=\"http:\/\/www.budokwai.fi\/karate\/wp\/wp-content\/uploads\/2017\/04\/ohyo.kumite.3.clip_.007-300x245.jpg\" alt=\"\" width=\"300\" height=\"245\" srcset=\"https:\/\/www.budokwai.fi\/karate\/wp\/wp-content\/uploads\/2017\/04\/ohyo.kumite.3.clip_.007-300x245.jpg 300w, https:\/\/www.budokwai.fi\/karate\/wp\/wp-content\/uploads\/2017\/04\/ohyo.kumite.3.clip_.007.jpg 305w\" sizes=\"auto, (max-width: 300px) 100vw, 300px\" \/> <img loading=\"lazy\" decoding=\"async\" class=\"alignnone size-medium wp-image-1175\" src=\"http:\/\/www.budokwai.fi\/karate\/wp\/wp-content\/uploads\/2017\/04\/ohyo.kumite.3.clip_.008-300x245.jpg\" alt=\"\" width=\"300\" height=\"245\" srcset=\"https:\/\/www.budokwai.fi\/karate\/wp\/wp-content\/uploads\/2017\/04\/ohyo.kumite.3.clip_.008-300x245.jpg 300w, https:\/\/www.budokwai.fi\/karate\/wp\/wp-content\/uploads\/2017\/04\/ohyo.kumite.3.clip_.008.jpg 305w\" sizes=\"auto, (max-width: 300px) 100vw, 300px\" \/> <img loading=\"lazy\" decoding=\"async\" class=\"alignnone size-medium wp-image-1174\" src=\"http:\/\/www.budokwai.fi\/karate\/wp\/wp-content\/uploads\/2017\/04\/ohyo.kumite.3.clip_.009-300x245.jpg\" alt=\"\" width=\"300\" height=\"245\" srcset=\"https:\/\/www.budokwai.fi\/karate\/wp\/wp-content\/uploads\/2017\/04\/ohyo.kumite.3.clip_.009-300x245.jpg 300w, https:\/\/www.budokwai.fi\/karate\/wp\/wp-content\/uploads\/2017\/04\/ohyo.kumite.3.clip_.009.jpg 305w\" sizes=\"auto, (max-width: 300px) 100vw, 300px\" \/> <img loading=\"lazy\" decoding=\"async\" class=\"alignnone size-medium wp-image-1173\" src=\"http:\/\/www.budokwai.fi\/karate\/wp\/wp-content\/uploads\/2017\/04\/ohyo.kumite.3.clip_.010-300x245.jpg\" alt=\"\" width=\"300\" height=\"245\" srcset=\"https:\/\/www.budokwai.fi\/karate\/wp\/wp-content\/uploads\/2017\/04\/ohyo.kumite.3.clip_.010-300x245.jpg 300w, https:\/\/www.budokwai.fi\/karate\/wp\/wp-content\/uploads\/2017\/04\/ohyo.kumite.3.clip_.010.jpg 305w\" sizes=\"auto, (max-width: 300px) 100vw, 300px\" \/>\n","protected":false},"excerpt":{"rendered":"<p>Sanallisesti H: Hidari hamni gamae Junzuki yodan &#8211; gyakuzuki chudan. Puolustajan vastahy\u00f6kk\u00e4yksen tullessa oma hy\u00f6kk\u00e4ys tobikomizukin alle ly\u00f6nti\u00e4 v\u00e4ist\u00e4en ja vastustaja kaadetaan nostamalla vasemmalla k\u00e4dell\u00e4 polvitaipeesta ja ohjaamalla oikealla k\u00e4dell\u00e4 vastustaja alas. Uken kaatuessa ly\u00f6d\u00e4\u00e4n oikean k\u00e4den uraken jodan polviasennossa. P: Migi hamni gamae Ensimm\u00e4isen hy\u00f6kk\u00e4yksen (junzuki) tullessa puolustaja v\u00e4ist\u00e4\u00e4 askeleella taakse ja torjuu ly\u00f6nnin&#8230;  <a class=\"excerpt-read-more\" href=\"https:\/\/www.budokwai.fi\/karate\/ohyo-kumite-3\/\" title=\"Ohyo kumite 3\">Lue lis\u00e4\u00e4 &raquo;<\/a><\/p>\n","protected":false},"author":3,"featured_media":0,"parent":0,"menu_order":0,"comment_status":"closed","ping_status":"closed","template":"full-width.php","meta":{"_acf_changed":false,"_monsterinsights_skip_tracking":false,"_monsterinsights_sitenote_active":false,"_monsterinsights_sitenote_note":"","_monsterinsights_sitenote_category":0,"footnotes":""},"class_list":["post-710","page","type-page","status-publish","hentry"],"acf":[],"yoast_head":"<!-- This site is optimized with the Yoast SEO plugin v27.5 - https:\/\/yoast.com\/product\/yoast-seo-wordpress\/ -->\n<title>Ohyo kumite 3 - Budokwai Karate<\/title>\n<meta name=\"robots\" content=\"index, follow, max-snippet:-1, max-image-preview:large, max-video-preview:-1\" \/>\n<link rel=\"canonical\" href=\"https:\/\/www.budokwai.fi\/karate\/ohyo-kumite-3\/\" \/>\n<meta property=\"og:locale\" content=\"fi_FI\" \/>\n<meta property=\"og:type\" content=\"article\" \/>\n<meta property=\"og:title\" content=\"Ohyo kumite 3 - Budokwai Karate\" \/>\n<meta property=\"og:description\" content=\"Sanallisesti H: Hidari hamni gamae Junzuki yodan &#8211; gyakuzuki chudan. Puolustajan vastahy\u00f6kk\u00e4yksen tullessa oma hy\u00f6kk\u00e4ys tobikomizukin alle ly\u00f6nti\u00e4 v\u00e4ist\u00e4en ja vastustaja kaadetaan nostamalla vasemmalla k\u00e4dell\u00e4 polvitaipeesta ja ohjaamalla oikealla k\u00e4dell\u00e4 vastustaja alas. Uken kaatuessa ly\u00f6d\u00e4\u00e4n oikean k\u00e4den uraken jodan polviasennossa. P: Migi hamni gamae Ensimm\u00e4isen hy\u00f6kk\u00e4yksen (junzuki) tullessa puolustaja v\u00e4ist\u00e4\u00e4 askeleella taakse ja torjuu ly\u00f6nnin... Lue lis\u00e4\u00e4 &raquo;\" \/>\n<meta property=\"og:url\" content=\"https:\/\/www.budokwai.fi\/karate\/ohyo-kumite-3\/\" \/>\n<meta property=\"og:site_name\" content=\"Budokwai Karate\" \/>\n<meta property=\"article:publisher\" content=\"https:\/\/www.facebook.com\/budokwaikarateturku\/\" \/>\n<meta property=\"article:modified_time\" content=\"2017-04-09T19:54:24+00:00\" \/>\n<meta property=\"og:image\" content=\"http:\/\/www.budokwai.fi\/karate\/wp\/wp-content\/uploads\/2017\/04\/ohyo.kumite.3.clip_.000-300x245.jpg\" \/>\n<meta name=\"twitter:card\" content=\"summary_large_image\" \/>\n<meta name=\"twitter:label1\" content=\"Est. reading time\" \/>\n\t<meta name=\"twitter:data1\" content=\"1 minute\" \/>\n<script type=\"application\/ld+json\" class=\"yoast-schema-graph\">{\"@context\":\"https:\\\/\\\/schema.org\",\"@graph\":[{\"@type\":\"WebPage\",\"@id\":\"https:\\\/\\\/www.budokwai.fi\\\/karate\\\/ohyo-kumite-3\\\/\",\"url\":\"https:\\\/\\\/www.budokwai.fi\\\/karate\\\/ohyo-kumite-3\\\/\",\"name\":\"Ohyo kumite 3 - Budokwai Karate\",\"isPartOf\":{\"@id\":\"https:\\\/\\\/www.budokwai.fi\\\/karate\\\/#website\"},\"primaryImageOfPage\":{\"@id\":\"https:\\\/\\\/www.budokwai.fi\\\/karate\\\/ohyo-kumite-3\\\/#primaryimage\"},\"image\":{\"@id\":\"https:\\\/\\\/www.budokwai.fi\\\/karate\\\/ohyo-kumite-3\\\/#primaryimage\"},\"thumbnailUrl\":\"http:\\\/\\\/www.budokwai.fi\\\/karate\\\/wp\\\/wp-content\\\/uploads\\\/2017\\\/04\\\/ohyo.kumite.3.clip_.000-300x245.jpg\",\"datePublished\":\"2015-10-30T21:40:26+00:00\",\"dateModified\":\"2017-04-09T19:54:24+00:00\",\"breadcrumb\":{\"@id\":\"https:\\\/\\\/www.budokwai.fi\\\/karate\\\/ohyo-kumite-3\\\/#breadcrumb\"},\"inLanguage\":\"en-US\",\"potentialAction\":[{\"@type\":\"ReadAction\",\"target\":[\"https:\\\/\\\/www.budokwai.fi\\\/karate\\\/ohyo-kumite-3\\\/\"]}]},{\"@type\":\"ImageObject\",\"inLanguage\":\"en-US\",\"@id\":\"https:\\\/\\\/www.budokwai.fi\\\/karate\\\/ohyo-kumite-3\\\/#primaryimage\",\"url\":\"https:\\\/\\\/www.budokwai.fi\\\/karate\\\/wp\\\/wp-content\\\/uploads\\\/2017\\\/04\\\/ohyo.kumite.3.clip_.000.jpg\",\"contentUrl\":\"https:\\\/\\\/www.budokwai.fi\\\/karate\\\/wp\\\/wp-content\\\/uploads\\\/2017\\\/04\\\/ohyo.kumite.3.clip_.000.jpg\",\"width\":305,\"height\":249},{\"@type\":\"BreadcrumbList\",\"@id\":\"https:\\\/\\\/www.budokwai.fi\\\/karate\\\/ohyo-kumite-3\\\/#breadcrumb\",\"itemListElement\":[{\"@type\":\"ListItem\",\"position\":1,\"name\":\"Home\",\"item\":\"https:\\\/\\\/www.budokwai.fi\\\/karate\\\/\"},{\"@type\":\"ListItem\",\"position\":2,\"name\":\"Ohyo kumite 3\"}]},{\"@type\":\"WebSite\",\"@id\":\"https:\\\/\\\/www.budokwai.fi\\\/karate\\\/#website\",\"url\":\"https:\\\/\\\/www.budokwai.fi\\\/karate\\\/\",\"name\":\"Budokwai Karate\",\"description\":\"Budokwai karate\",\"potentialAction\":[{\"@type\":\"SearchAction\",\"target\":{\"@type\":\"EntryPoint\",\"urlTemplate\":\"https:\\\/\\\/www.budokwai.fi\\\/karate\\\/?s={search_term_string}\"},\"query-input\":{\"@type\":\"PropertyValueSpecification\",\"valueRequired\":true,\"valueName\":\"search_term_string\"}}],\"inLanguage\":\"en-US\"}]}<\/script>\n<!-- \/ Yoast SEO plugin. -->","yoast_head_json":{"title":"Ohyo kumite 3 - Budokwai Karate","robots":{"index":"index","follow":"follow","max-snippet":"max-snippet:-1","max-image-preview":"max-image-preview:large","max-video-preview":"max-video-preview:-1"},"canonical":"https:\/\/www.budokwai.fi\/karate\/ohyo-kumite-3\/","og_locale":"fi_FI","og_type":"article","og_title":"Ohyo kumite 3 - Budokwai Karate","og_description":"Sanallisesti H: Hidari hamni gamae Junzuki yodan &#8211; gyakuzuki chudan. Puolustajan vastahy\u00f6kk\u00e4yksen tullessa oma hy\u00f6kk\u00e4ys tobikomizukin alle ly\u00f6nti\u00e4 v\u00e4ist\u00e4en ja vastustaja kaadetaan nostamalla vasemmalla k\u00e4dell\u00e4 polvitaipeesta ja ohjaamalla oikealla k\u00e4dell\u00e4 vastustaja alas. Uken kaatuessa ly\u00f6d\u00e4\u00e4n oikean k\u00e4den uraken jodan polviasennossa. P: Migi hamni gamae Ensimm\u00e4isen hy\u00f6kk\u00e4yksen (junzuki) tullessa puolustaja v\u00e4ist\u00e4\u00e4 askeleella taakse ja torjuu ly\u00f6nnin... Lue lis\u00e4\u00e4 &raquo;","og_url":"https:\/\/www.budokwai.fi\/karate\/ohyo-kumite-3\/","og_site_name":"Budokwai Karate","article_publisher":"https:\/\/www.facebook.com\/budokwaikarateturku\/","article_modified_time":"2017-04-09T19:54:24+00:00","og_image":[{"url":"http:\/\/www.budokwai.fi\/karate\/wp\/wp-content\/uploads\/2017\/04\/ohyo.kumite.3.clip_.000-300x245.jpg","type":"","width":"","height":""}],"twitter_card":"summary_large_image","twitter_misc":{"Est. reading time":"1 minute"},"schema":{"@context":"https:\/\/schema.org","@graph":[{"@type":"WebPage","@id":"https:\/\/www.budokwai.fi\/karate\/ohyo-kumite-3\/","url":"https:\/\/www.budokwai.fi\/karate\/ohyo-kumite-3\/","name":"Ohyo kumite 3 - Budokwai Karate","isPartOf":{"@id":"https:\/\/www.budokwai.fi\/karate\/#website"},"primaryImageOfPage":{"@id":"https:\/\/www.budokwai.fi\/karate\/ohyo-kumite-3\/#primaryimage"},"image":{"@id":"https:\/\/www.budokwai.fi\/karate\/ohyo-kumite-3\/#primaryimage"},"thumbnailUrl":"http:\/\/www.budokwai.fi\/karate\/wp\/wp-content\/uploads\/2017\/04\/ohyo.kumite.3.clip_.000-300x245.jpg","datePublished":"2015-10-30T21:40:26+00:00","dateModified":"2017-04-09T19:54:24+00:00","breadcrumb":{"@id":"https:\/\/www.budokwai.fi\/karate\/ohyo-kumite-3\/#breadcrumb"},"inLanguage":"en-US","potentialAction":[{"@type":"ReadAction","target":["https:\/\/www.budokwai.fi\/karate\/ohyo-kumite-3\/"]}]},{"@type":"ImageObject","inLanguage":"en-US","@id":"https:\/\/www.budokwai.fi\/karate\/ohyo-kumite-3\/#primaryimage","url":"https:\/\/www.budokwai.fi\/karate\/wp\/wp-content\/uploads\/2017\/04\/ohyo.kumite.3.clip_.000.jpg","contentUrl":"https:\/\/www.budokwai.fi\/karate\/wp\/wp-content\/uploads\/2017\/04\/ohyo.kumite.3.clip_.000.jpg","width":305,"height":249},{"@type":"BreadcrumbList","@id":"https:\/\/www.budokwai.fi\/karate\/ohyo-kumite-3\/#breadcrumb","itemListElement":[{"@type":"ListItem","position":1,"name":"Home","item":"https:\/\/www.budokwai.fi\/karate\/"},{"@type":"ListItem","position":2,"name":"Ohyo kumite 3"}]},{"@type":"WebSite","@id":"https:\/\/www.budokwai.fi\/karate\/#website","url":"https:\/\/www.budokwai.fi\/karate\/","name":"Budokwai Karate","description":"Budokwai karate","potentialAction":[{"@type":"SearchAction","target":{"@type":"EntryPoint","urlTemplate":"https:\/\/www.budokwai.fi\/karate\/?s={search_term_string}"},"query-input":{"@type":"PropertyValueSpecification","valueRequired":true,"valueName":"search_term_string"}}],"inLanguage":"en-US"}]}},"_links":{"self":[{"href":"https:\/\/www.budokwai.fi\/karate\/wp-json\/wp\/v2\/pages\/710","targetHints":{"allow":["GET"]}}],"collection":[{"href":"https:\/\/www.budokwai.fi\/karate\/wp-json\/wp\/v2\/pages"}],"about":[{"href":"https:\/\/www.budokwai.fi\/karate\/wp-json\/wp\/v2\/types\/page"}],"author":[{"embeddable":true,"href":"https:\/\/www.budokwai.fi\/karate\/wp-json\/wp\/v2\/users\/3"}],"replies":[{"embeddable":true,"href":"https:\/\/www.budokwai.fi\/karate\/wp-json\/wp\/v2\/comments?post=710"}],"version-history":[{"count":2,"href":"https:\/\/www.budokwai.fi\/karate\/wp-json\/wp\/v2\/pages\/710\/revisions"}],"predecessor-version":[{"id":1184,"href":"https:\/\/www.budokwai.fi\/karate\/wp-json\/wp\/v2\/pages\/710\/revisions\/1184"}],"wp:attachment":[{"href":"https:\/\/www.budokwai.fi\/karate\/wp-json\/wp\/v2\/media?parent=710"}],"curies":[{"name":"wp","href":"https:\/\/api.w.org\/{rel}","templated":true}]}}