{"id":690,"date":"2015-10-30T23:28:24","date_gmt":"2015-10-30T21:28:24","guid":{"rendered":"http:\/\/www.budokwai.fi\/karate\/wp\/?page_id=690"},"modified":"2017-04-09T22:46:09","modified_gmt":"2017-04-09T19:46:09","slug":"maegeri-uke-6","status":"publish","type":"page","link":"https:\/\/www.budokwai.fi\/karate\/maegeri-uke-6\/","title":{"rendered":"Maegeri uke 6"},"content":{"rendered":"<h2>Maegeri uke ropponme (6.)<\/h2>\n<p>&nbsp;<\/p>\n<p><strong>Sanallisesti<\/strong><br \/>\nH: Hidari hamni gamae<br \/>\nsurikomi maegeri chudan<\/p>\n<p>P: Hidari hamni gamae<br \/>\nHy\u00f6kk\u00e4yslinjalta v\u00e4istet\u00e4\u00e4n puolustajasta n\u00e4hden potkun oikealle puolelle torjumalla hy\u00f6kk\u00e4yst\u00e4 vasemman k\u00e4den gedan barai \u2013torjunnalla. Vastahy\u00f6kk\u00e4yksen\u00e4 tehd\u00e4\u00e4n oikean k\u00e4den gyakuzuki chudan v\u00e4litt\u00f6m\u00e4sti v\u00e4ist\u00f6n ja torjunnan j\u00e4lkeen. Gyakuzukin aikana varmistetaan omaa suojausta pit\u00e4m\u00e4ll\u00e4 vasemman k\u00e4den k\u00e4mmensyrj\u00e4 (shuto!) hy\u00f6kk\u00e4\u00e4j\u00e4n vasemman k\u00e4den kyyn\u00e4rvarrella.<\/p>\n<p>(V\u00e4ist\u00f6 ja torjunta suoritetaan pystyakseliperiaatteen mukaisesti s\u00e4ilytt\u00e4en et\u00e4isyys vastustajaan vastahy\u00f6kk\u00e4yksen onnistumiseksi).<\/p>\n<p>&nbsp;<\/p>\n<p><strong>Kuvilla<\/strong><\/p>\n<img loading=\"lazy\" decoding=\"async\" class=\"alignnone size-medium wp-image-1149\" src=\"http:\/\/www.budokwai.fi\/karate\/wp\/wp-content\/uploads\/2017\/04\/maegeri.uke_.6.clip_.000-300x245.jpg\" alt=\"\" width=\"300\" height=\"245\" srcset=\"https:\/\/www.budokwai.fi\/karate\/wp\/wp-content\/uploads\/2017\/04\/maegeri.uke_.6.clip_.000-300x245.jpg 300w, https:\/\/www.budokwai.fi\/karate\/wp\/wp-content\/uploads\/2017\/04\/maegeri.uke_.6.clip_.000.jpg 305w\" sizes=\"auto, (max-width: 300px) 100vw, 300px\" \/> <img loading=\"lazy\" decoding=\"async\" class=\"alignnone size-medium wp-image-1148\" src=\"http:\/\/www.budokwai.fi\/karate\/wp\/wp-content\/uploads\/2017\/04\/maegeri.uke_.6.clip_.001-300x245.jpg\" alt=\"\" width=\"300\" height=\"245\" srcset=\"https:\/\/www.budokwai.fi\/karate\/wp\/wp-content\/uploads\/2017\/04\/maegeri.uke_.6.clip_.001-300x245.jpg 300w, https:\/\/www.budokwai.fi\/karate\/wp\/wp-content\/uploads\/2017\/04\/maegeri.uke_.6.clip_.001.jpg 305w\" sizes=\"auto, (max-width: 300px) 100vw, 300px\" \/> <img loading=\"lazy\" decoding=\"async\" class=\"alignnone size-medium wp-image-1147\" src=\"http:\/\/www.budokwai.fi\/karate\/wp\/wp-content\/uploads\/2017\/04\/maegeri.uke_.6.clip_.002-300x245.jpg\" alt=\"\" width=\"300\" height=\"245\" srcset=\"https:\/\/www.budokwai.fi\/karate\/wp\/wp-content\/uploads\/2017\/04\/maegeri.uke_.6.clip_.002-300x245.jpg 300w, https:\/\/www.budokwai.fi\/karate\/wp\/wp-content\/uploads\/2017\/04\/maegeri.uke_.6.clip_.002.jpg 305w\" sizes=\"auto, (max-width: 300px) 100vw, 300px\" \/> <img loading=\"lazy\" decoding=\"async\" class=\"alignnone size-medium wp-image-1146\" src=\"http:\/\/www.budokwai.fi\/karate\/wp\/wp-content\/uploads\/2017\/04\/maegeri.uke_.6.clip_.003-300x245.jpg\" alt=\"\" width=\"300\" height=\"245\" srcset=\"https:\/\/www.budokwai.fi\/karate\/wp\/wp-content\/uploads\/2017\/04\/maegeri.uke_.6.clip_.003-300x245.jpg 300w, https:\/\/www.budokwai.fi\/karate\/wp\/wp-content\/uploads\/2017\/04\/maegeri.uke_.6.clip_.003.jpg 305w\" sizes=\"auto, (max-width: 300px) 100vw, 300px\" \/> <img loading=\"lazy\" decoding=\"async\" class=\"alignnone size-medium wp-image-1145\" src=\"http:\/\/www.budokwai.fi\/karate\/wp\/wp-content\/uploads\/2017\/04\/maegeri.uke_.6.clip_.004-300x245.jpg\" alt=\"\" width=\"300\" height=\"245\" srcset=\"https:\/\/www.budokwai.fi\/karate\/wp\/wp-content\/uploads\/2017\/04\/maegeri.uke_.6.clip_.004-300x245.jpg 300w, https:\/\/www.budokwai.fi\/karate\/wp\/wp-content\/uploads\/2017\/04\/maegeri.uke_.6.clip_.004.jpg 305w\" sizes=\"auto, (max-width: 300px) 100vw, 300px\" \/> <img loading=\"lazy\" decoding=\"async\" class=\"alignnone size-medium wp-image-1143\" src=\"http:\/\/www.budokwai.fi\/karate\/wp\/wp-content\/uploads\/2017\/04\/maegeri.uke_.6.clip_.006-300x245.jpg\" alt=\"\" width=\"300\" height=\"245\" srcset=\"https:\/\/www.budokwai.fi\/karate\/wp\/wp-content\/uploads\/2017\/04\/maegeri.uke_.6.clip_.006-300x245.jpg 300w, https:\/\/www.budokwai.fi\/karate\/wp\/wp-content\/uploads\/2017\/04\/maegeri.uke_.6.clip_.006.jpg 305w\" sizes=\"auto, (max-width: 300px) 100vw, 300px\" \/>\n","protected":false},"excerpt":{"rendered":"<p>Maegeri uke ropponme (6.) &nbsp; Sanallisesti H: Hidari hamni gamae surikomi maegeri chudan P: Hidari hamni gamae Hy\u00f6kk\u00e4yslinjalta v\u00e4istet\u00e4\u00e4n puolustajasta n\u00e4hden potkun oikealle puolelle torjumalla hy\u00f6kk\u00e4yst\u00e4 vasemman k\u00e4den gedan barai \u2013torjunnalla. Vastahy\u00f6kk\u00e4yksen\u00e4 tehd\u00e4\u00e4n oikean k\u00e4den gyakuzuki chudan v\u00e4litt\u00f6m\u00e4sti v\u00e4ist\u00f6n ja torjunnan j\u00e4lkeen. Gyakuzukin aikana varmistetaan omaa suojausta pit\u00e4m\u00e4ll\u00e4 vasemman k\u00e4den k\u00e4mmensyrj\u00e4 (shuto!) hy\u00f6kk\u00e4\u00e4j\u00e4n vasemman k\u00e4den&#8230;  <a class=\"excerpt-read-more\" href=\"https:\/\/www.budokwai.fi\/karate\/maegeri-uke-6\/\" title=\"Maegeri uke 6\">Lue lis\u00e4\u00e4 &raquo;<\/a><\/p>\n","protected":false},"author":3,"featured_media":0,"parent":0,"menu_order":0,"comment_status":"closed","ping_status":"closed","template":"full-width.php","meta":{"_acf_changed":false,"_monsterinsights_skip_tracking":false,"_monsterinsights_sitenote_active":false,"_monsterinsights_sitenote_note":"","_monsterinsights_sitenote_category":0,"footnotes":""},"class_list":["post-690","page","type-page","status-publish","hentry"],"acf":[],"yoast_head":"<!-- This site is optimized with the Yoast SEO plugin v27.5 - https:\/\/yoast.com\/product\/yoast-seo-wordpress\/ -->\n<title>Maegeri uke 6 - Budokwai Karate<\/title>\n<meta name=\"robots\" content=\"index, follow, max-snippet:-1, max-image-preview:large, max-video-preview:-1\" \/>\n<link rel=\"canonical\" href=\"https:\/\/www.budokwai.fi\/karate\/maegeri-uke-6\/\" \/>\n<meta property=\"og:locale\" content=\"fi_FI\" \/>\n<meta property=\"og:type\" content=\"article\" \/>\n<meta property=\"og:title\" content=\"Maegeri uke 6 - Budokwai Karate\" \/>\n<meta property=\"og:description\" content=\"Maegeri uke ropponme (6.) &nbsp; Sanallisesti H: Hidari hamni gamae surikomi maegeri chudan P: Hidari hamni gamae Hy\u00f6kk\u00e4yslinjalta v\u00e4istet\u00e4\u00e4n puolustajasta n\u00e4hden potkun oikealle puolelle torjumalla hy\u00f6kk\u00e4yst\u00e4 vasemman k\u00e4den gedan barai \u2013torjunnalla. Vastahy\u00f6kk\u00e4yksen\u00e4 tehd\u00e4\u00e4n oikean k\u00e4den gyakuzuki chudan v\u00e4litt\u00f6m\u00e4sti v\u00e4ist\u00f6n ja torjunnan j\u00e4lkeen. Gyakuzukin aikana varmistetaan omaa suojausta pit\u00e4m\u00e4ll\u00e4 vasemman k\u00e4den k\u00e4mmensyrj\u00e4 (shuto!) hy\u00f6kk\u00e4\u00e4j\u00e4n vasemman k\u00e4den... Lue lis\u00e4\u00e4 &raquo;\" \/>\n<meta property=\"og:url\" content=\"https:\/\/www.budokwai.fi\/karate\/maegeri-uke-6\/\" \/>\n<meta property=\"og:site_name\" content=\"Budokwai Karate\" \/>\n<meta property=\"article:publisher\" content=\"https:\/\/www.facebook.com\/budokwaikarateturku\/\" \/>\n<meta property=\"article:modified_time\" content=\"2017-04-09T19:46:09+00:00\" \/>\n<meta property=\"og:image\" content=\"http:\/\/www.budokwai.fi\/karate\/wp\/wp-content\/uploads\/2017\/04\/maegeri.uke_.6.clip_.000-300x245.jpg\" \/>\n<meta name=\"twitter:card\" content=\"summary_large_image\" \/>\n<meta name=\"twitter:label1\" content=\"Est. reading time\" \/>\n\t<meta name=\"twitter:data1\" content=\"1 minute\" \/>\n<script type=\"application\/ld+json\" class=\"yoast-schema-graph\">{\"@context\":\"https:\\\/\\\/schema.org\",\"@graph\":[{\"@type\":\"WebPage\",\"@id\":\"https:\\\/\\\/www.budokwai.fi\\\/karate\\\/maegeri-uke-6\\\/\",\"url\":\"https:\\\/\\\/www.budokwai.fi\\\/karate\\\/maegeri-uke-6\\\/\",\"name\":\"Maegeri uke 6 - Budokwai Karate\",\"isPartOf\":{\"@id\":\"https:\\\/\\\/www.budokwai.fi\\\/karate\\\/#website\"},\"primaryImageOfPage\":{\"@id\":\"https:\\\/\\\/www.budokwai.fi\\\/karate\\\/maegeri-uke-6\\\/#primaryimage\"},\"image\":{\"@id\":\"https:\\\/\\\/www.budokwai.fi\\\/karate\\\/maegeri-uke-6\\\/#primaryimage\"},\"thumbnailUrl\":\"http:\\\/\\\/www.budokwai.fi\\\/karate\\\/wp\\\/wp-content\\\/uploads\\\/2017\\\/04\\\/maegeri.uke_.6.clip_.000-300x245.jpg\",\"datePublished\":\"2015-10-30T21:28:24+00:00\",\"dateModified\":\"2017-04-09T19:46:09+00:00\",\"breadcrumb\":{\"@id\":\"https:\\\/\\\/www.budokwai.fi\\\/karate\\\/maegeri-uke-6\\\/#breadcrumb\"},\"inLanguage\":\"en-US\",\"potentialAction\":[{\"@type\":\"ReadAction\",\"target\":[\"https:\\\/\\\/www.budokwai.fi\\\/karate\\\/maegeri-uke-6\\\/\"]}]},{\"@type\":\"ImageObject\",\"inLanguage\":\"en-US\",\"@id\":\"https:\\\/\\\/www.budokwai.fi\\\/karate\\\/maegeri-uke-6\\\/#primaryimage\",\"url\":\"https:\\\/\\\/www.budokwai.fi\\\/karate\\\/wp\\\/wp-content\\\/uploads\\\/2017\\\/04\\\/maegeri.uke_.6.clip_.000.jpg\",\"contentUrl\":\"https:\\\/\\\/www.budokwai.fi\\\/karate\\\/wp\\\/wp-content\\\/uploads\\\/2017\\\/04\\\/maegeri.uke_.6.clip_.000.jpg\",\"width\":305,\"height\":249},{\"@type\":\"BreadcrumbList\",\"@id\":\"https:\\\/\\\/www.budokwai.fi\\\/karate\\\/maegeri-uke-6\\\/#breadcrumb\",\"itemListElement\":[{\"@type\":\"ListItem\",\"position\":1,\"name\":\"Home\",\"item\":\"https:\\\/\\\/www.budokwai.fi\\\/karate\\\/\"},{\"@type\":\"ListItem\",\"position\":2,\"name\":\"Maegeri uke 6\"}]},{\"@type\":\"WebSite\",\"@id\":\"https:\\\/\\\/www.budokwai.fi\\\/karate\\\/#website\",\"url\":\"https:\\\/\\\/www.budokwai.fi\\\/karate\\\/\",\"name\":\"Budokwai Karate\",\"description\":\"Budokwai karate\",\"potentialAction\":[{\"@type\":\"SearchAction\",\"target\":{\"@type\":\"EntryPoint\",\"urlTemplate\":\"https:\\\/\\\/www.budokwai.fi\\\/karate\\\/?s={search_term_string}\"},\"query-input\":{\"@type\":\"PropertyValueSpecification\",\"valueRequired\":true,\"valueName\":\"search_term_string\"}}],\"inLanguage\":\"en-US\"}]}<\/script>\n<!-- \/ Yoast SEO plugin. -->","yoast_head_json":{"title":"Maegeri uke 6 - Budokwai Karate","robots":{"index":"index","follow":"follow","max-snippet":"max-snippet:-1","max-image-preview":"max-image-preview:large","max-video-preview":"max-video-preview:-1"},"canonical":"https:\/\/www.budokwai.fi\/karate\/maegeri-uke-6\/","og_locale":"fi_FI","og_type":"article","og_title":"Maegeri uke 6 - Budokwai Karate","og_description":"Maegeri uke ropponme (6.) &nbsp; Sanallisesti H: Hidari hamni gamae surikomi maegeri chudan P: Hidari hamni gamae Hy\u00f6kk\u00e4yslinjalta v\u00e4istet\u00e4\u00e4n puolustajasta n\u00e4hden potkun oikealle puolelle torjumalla hy\u00f6kk\u00e4yst\u00e4 vasemman k\u00e4den gedan barai \u2013torjunnalla. Vastahy\u00f6kk\u00e4yksen\u00e4 tehd\u00e4\u00e4n oikean k\u00e4den gyakuzuki chudan v\u00e4litt\u00f6m\u00e4sti v\u00e4ist\u00f6n ja torjunnan j\u00e4lkeen. Gyakuzukin aikana varmistetaan omaa suojausta pit\u00e4m\u00e4ll\u00e4 vasemman k\u00e4den k\u00e4mmensyrj\u00e4 (shuto!) hy\u00f6kk\u00e4\u00e4j\u00e4n vasemman k\u00e4den... Lue lis\u00e4\u00e4 &raquo;","og_url":"https:\/\/www.budokwai.fi\/karate\/maegeri-uke-6\/","og_site_name":"Budokwai Karate","article_publisher":"https:\/\/www.facebook.com\/budokwaikarateturku\/","article_modified_time":"2017-04-09T19:46:09+00:00","og_image":[{"url":"http:\/\/www.budokwai.fi\/karate\/wp\/wp-content\/uploads\/2017\/04\/maegeri.uke_.6.clip_.000-300x245.jpg","type":"","width":"","height":""}],"twitter_card":"summary_large_image","twitter_misc":{"Est. reading time":"1 minute"},"schema":{"@context":"https:\/\/schema.org","@graph":[{"@type":"WebPage","@id":"https:\/\/www.budokwai.fi\/karate\/maegeri-uke-6\/","url":"https:\/\/www.budokwai.fi\/karate\/maegeri-uke-6\/","name":"Maegeri uke 6 - Budokwai Karate","isPartOf":{"@id":"https:\/\/www.budokwai.fi\/karate\/#website"},"primaryImageOfPage":{"@id":"https:\/\/www.budokwai.fi\/karate\/maegeri-uke-6\/#primaryimage"},"image":{"@id":"https:\/\/www.budokwai.fi\/karate\/maegeri-uke-6\/#primaryimage"},"thumbnailUrl":"http:\/\/www.budokwai.fi\/karate\/wp\/wp-content\/uploads\/2017\/04\/maegeri.uke_.6.clip_.000-300x245.jpg","datePublished":"2015-10-30T21:28:24+00:00","dateModified":"2017-04-09T19:46:09+00:00","breadcrumb":{"@id":"https:\/\/www.budokwai.fi\/karate\/maegeri-uke-6\/#breadcrumb"},"inLanguage":"en-US","potentialAction":[{"@type":"ReadAction","target":["https:\/\/www.budokwai.fi\/karate\/maegeri-uke-6\/"]}]},{"@type":"ImageObject","inLanguage":"en-US","@id":"https:\/\/www.budokwai.fi\/karate\/maegeri-uke-6\/#primaryimage","url":"https:\/\/www.budokwai.fi\/karate\/wp\/wp-content\/uploads\/2017\/04\/maegeri.uke_.6.clip_.000.jpg","contentUrl":"https:\/\/www.budokwai.fi\/karate\/wp\/wp-content\/uploads\/2017\/04\/maegeri.uke_.6.clip_.000.jpg","width":305,"height":249},{"@type":"BreadcrumbList","@id":"https:\/\/www.budokwai.fi\/karate\/maegeri-uke-6\/#breadcrumb","itemListElement":[{"@type":"ListItem","position":1,"name":"Home","item":"https:\/\/www.budokwai.fi\/karate\/"},{"@type":"ListItem","position":2,"name":"Maegeri uke 6"}]},{"@type":"WebSite","@id":"https:\/\/www.budokwai.fi\/karate\/#website","url":"https:\/\/www.budokwai.fi\/karate\/","name":"Budokwai Karate","description":"Budokwai karate","potentialAction":[{"@type":"SearchAction","target":{"@type":"EntryPoint","urlTemplate":"https:\/\/www.budokwai.fi\/karate\/?s={search_term_string}"},"query-input":{"@type":"PropertyValueSpecification","valueRequired":true,"valueName":"search_term_string"}}],"inLanguage":"en-US"}]}},"_links":{"self":[{"href":"https:\/\/www.budokwai.fi\/karate\/wp-json\/wp\/v2\/pages\/690","targetHints":{"allow":["GET"]}}],"collection":[{"href":"https:\/\/www.budokwai.fi\/karate\/wp-json\/wp\/v2\/pages"}],"about":[{"href":"https:\/\/www.budokwai.fi\/karate\/wp-json\/wp\/v2\/types\/page"}],"author":[{"embeddable":true,"href":"https:\/\/www.budokwai.fi\/karate\/wp-json\/wp\/v2\/users\/3"}],"replies":[{"embeddable":true,"href":"https:\/\/www.budokwai.fi\/karate\/wp-json\/wp\/v2\/comments?post=690"}],"version-history":[{"count":5,"href":"https:\/\/www.budokwai.fi\/karate\/wp-json\/wp\/v2\/pages\/690\/revisions"}],"predecessor-version":[{"id":1151,"href":"https:\/\/www.budokwai.fi\/karate\/wp-json\/wp\/v2\/pages\/690\/revisions\/1151"}],"wp:attachment":[{"href":"https:\/\/www.budokwai.fi\/karate\/wp-json\/wp\/v2\/media?parent=690"}],"curies":[{"name":"wp","href":"https:\/\/api.w.org\/{rel}","templated":true}]}}