{"id":686,"date":"2015-10-30T23:26:57","date_gmt":"2015-10-30T21:26:57","guid":{"rendered":"http:\/\/www.budokwai.fi\/karate\/wp\/?page_id=686"},"modified":"2017-04-09T22:41:24","modified_gmt":"2017-04-09T19:41:24","slug":"maegeri-uke-4","status":"publish","type":"page","link":"https:\/\/www.budokwai.fi\/karate\/maegeri-uke-4\/","title":{"rendered":"Maegeri uke 4"},"content":{"rendered":"<h2>Maegeri uke yohonme (4.)<\/h2>\n<p><strong>Sanallisesti<\/strong><br \/>\nH: Hidari hamni gamae,\u00a0maegeri chudan<\/p>\n<p>P: Hidari hamni gamae<br \/>\nHy\u00f6kk\u00e4yksen tullessa liu\u2019utetaan suoraan potkua vastaan varmistamalla vasemmalla k\u00e4dell\u00e4 omaa suojausta ja est\u00e4m\u00e4ll\u00e4 hy\u00f6kk\u00e4\u00e4j\u00e4n polven nosto painamalla polvea alas. Samanaikaisesti tehd\u00e4\u00e4n oikean k\u00e4den gyakuzuki chudan.<\/p>\n<p>(Tavoitteena on ajoittaa puolustajan vastahy\u00f6kk\u00e4ys siten, ett\u00e4 k\u00e4sitekniikat ovat samanaikaiset ja suoritus ajoitettu ennen kuin hy\u00f6kk\u00e4\u00e4j\u00e4n polvi nousee chudan \u2013korkeuteen)<\/p>\n<p>&nbsp;<\/p>\n<p><strong>Kuvilla<\/strong><\/p>\n<img loading=\"lazy\" decoding=\"async\" class=\"alignnone size-medium wp-image-1131\" src=\"http:\/\/www.budokwai.fi\/karate\/wp\/wp-content\/uploads\/2017\/04\/maegeri.uke_.4.clip_.000-300x245.jpg\" alt=\"\" width=\"300\" height=\"245\" srcset=\"https:\/\/www.budokwai.fi\/karate\/wp\/wp-content\/uploads\/2017\/04\/maegeri.uke_.4.clip_.000-300x245.jpg 300w, https:\/\/www.budokwai.fi\/karate\/wp\/wp-content\/uploads\/2017\/04\/maegeri.uke_.4.clip_.000.jpg 305w\" sizes=\"auto, (max-width: 300px) 100vw, 300px\" \/> <img loading=\"lazy\" decoding=\"async\" class=\"alignnone size-medium wp-image-1129\" src=\"http:\/\/www.budokwai.fi\/karate\/wp\/wp-content\/uploads\/2017\/04\/maegeri.uke_.4.clip_.002-300x245.jpg\" alt=\"\" width=\"300\" height=\"245\" srcset=\"https:\/\/www.budokwai.fi\/karate\/wp\/wp-content\/uploads\/2017\/04\/maegeri.uke_.4.clip_.002-300x245.jpg 300w, https:\/\/www.budokwai.fi\/karate\/wp\/wp-content\/uploads\/2017\/04\/maegeri.uke_.4.clip_.002.jpg 305w\" sizes=\"auto, (max-width: 300px) 100vw, 300px\" \/> <img loading=\"lazy\" decoding=\"async\" class=\"alignnone size-medium wp-image-1130\" src=\"http:\/\/www.budokwai.fi\/karate\/wp\/wp-content\/uploads\/2017\/04\/maegeri.uke_.4.clip_.001-300x245.jpg\" alt=\"\" width=\"300\" height=\"245\" srcset=\"https:\/\/www.budokwai.fi\/karate\/wp\/wp-content\/uploads\/2017\/04\/maegeri.uke_.4.clip_.001-300x245.jpg 300w, https:\/\/www.budokwai.fi\/karate\/wp\/wp-content\/uploads\/2017\/04\/maegeri.uke_.4.clip_.001.jpg 305w\" sizes=\"auto, (max-width: 300px) 100vw, 300px\" \/> <img loading=\"lazy\" decoding=\"async\" class=\"alignnone size-medium wp-image-1128\" src=\"http:\/\/www.budokwai.fi\/karate\/wp\/wp-content\/uploads\/2017\/04\/maegeri.uke_.4.clip_.003-300x245.jpg\" alt=\"\" width=\"300\" height=\"245\" srcset=\"https:\/\/www.budokwai.fi\/karate\/wp\/wp-content\/uploads\/2017\/04\/maegeri.uke_.4.clip_.003-300x245.jpg 300w, https:\/\/www.budokwai.fi\/karate\/wp\/wp-content\/uploads\/2017\/04\/maegeri.uke_.4.clip_.003.jpg 305w\" sizes=\"auto, (max-width: 300px) 100vw, 300px\" \/> <img loading=\"lazy\" decoding=\"async\" class=\"alignnone size-medium wp-image-1127\" src=\"http:\/\/www.budokwai.fi\/karate\/wp\/wp-content\/uploads\/2017\/04\/maegeri.uke_.4.clip_.004-300x245.jpg\" alt=\"\" width=\"300\" height=\"245\" srcset=\"https:\/\/www.budokwai.fi\/karate\/wp\/wp-content\/uploads\/2017\/04\/maegeri.uke_.4.clip_.004-300x245.jpg 300w, https:\/\/www.budokwai.fi\/karate\/wp\/wp-content\/uploads\/2017\/04\/maegeri.uke_.4.clip_.004.jpg 305w\" sizes=\"auto, (max-width: 300px) 100vw, 300px\" \/>\n","protected":false},"excerpt":{"rendered":"<p>Maegeri uke yohonme (4.) Sanallisesti H: Hidari hamni gamae,\u00a0maegeri chudan P: Hidari hamni gamae Hy\u00f6kk\u00e4yksen tullessa liu\u2019utetaan suoraan potkua vastaan varmistamalla vasemmalla k\u00e4dell\u00e4 omaa suojausta ja est\u00e4m\u00e4ll\u00e4 hy\u00f6kk\u00e4\u00e4j\u00e4n polven nosto painamalla polvea alas. Samanaikaisesti tehd\u00e4\u00e4n oikean k\u00e4den gyakuzuki chudan. (Tavoitteena on ajoittaa puolustajan vastahy\u00f6kk\u00e4ys siten, ett\u00e4 k\u00e4sitekniikat ovat samanaikaiset ja suoritus ajoitettu ennen kuin hy\u00f6kk\u00e4\u00e4j\u00e4n&#8230;  <a class=\"excerpt-read-more\" href=\"https:\/\/www.budokwai.fi\/karate\/maegeri-uke-4\/\" title=\"Maegeri uke 4\">Lue lis\u00e4\u00e4 &raquo;<\/a><\/p>\n","protected":false},"author":3,"featured_media":0,"parent":0,"menu_order":0,"comment_status":"closed","ping_status":"closed","template":"full-width.php","meta":{"_acf_changed":false,"_monsterinsights_skip_tracking":false,"_monsterinsights_sitenote_active":false,"_monsterinsights_sitenote_note":"","_monsterinsights_sitenote_category":0,"footnotes":""},"class_list":["post-686","page","type-page","status-publish","hentry"],"acf":[],"yoast_head":"<!-- This site is optimized with the Yoast SEO plugin v27.5 - https:\/\/yoast.com\/product\/yoast-seo-wordpress\/ -->\n<title>Maegeri uke 4 - Budokwai Karate<\/title>\n<meta name=\"robots\" content=\"index, follow, max-snippet:-1, max-image-preview:large, max-video-preview:-1\" \/>\n<link rel=\"canonical\" href=\"https:\/\/www.budokwai.fi\/karate\/maegeri-uke-4\/\" \/>\n<meta property=\"og:locale\" content=\"fi_FI\" \/>\n<meta property=\"og:type\" content=\"article\" \/>\n<meta property=\"og:title\" content=\"Maegeri uke 4 - Budokwai Karate\" \/>\n<meta property=\"og:description\" content=\"Maegeri uke yohonme (4.) Sanallisesti H: Hidari hamni gamae,\u00a0maegeri chudan P: Hidari hamni gamae Hy\u00f6kk\u00e4yksen tullessa liu\u2019utetaan suoraan potkua vastaan varmistamalla vasemmalla k\u00e4dell\u00e4 omaa suojausta ja est\u00e4m\u00e4ll\u00e4 hy\u00f6kk\u00e4\u00e4j\u00e4n polven nosto painamalla polvea alas. Samanaikaisesti tehd\u00e4\u00e4n oikean k\u00e4den gyakuzuki chudan. (Tavoitteena on ajoittaa puolustajan vastahy\u00f6kk\u00e4ys siten, ett\u00e4 k\u00e4sitekniikat ovat samanaikaiset ja suoritus ajoitettu ennen kuin hy\u00f6kk\u00e4\u00e4j\u00e4n... Lue lis\u00e4\u00e4 &raquo;\" \/>\n<meta property=\"og:url\" content=\"https:\/\/www.budokwai.fi\/karate\/maegeri-uke-4\/\" \/>\n<meta property=\"og:site_name\" content=\"Budokwai Karate\" \/>\n<meta property=\"article:publisher\" content=\"https:\/\/www.facebook.com\/budokwaikarateturku\/\" \/>\n<meta property=\"article:modified_time\" content=\"2017-04-09T19:41:24+00:00\" \/>\n<meta property=\"og:image\" content=\"http:\/\/www.budokwai.fi\/karate\/wp\/wp-content\/uploads\/2017\/04\/maegeri.uke_.4.clip_.000-300x245.jpg\" \/>\n<meta name=\"twitter:card\" content=\"summary_large_image\" \/>\n<script type=\"application\/ld+json\" class=\"yoast-schema-graph\">{\"@context\":\"https:\\\/\\\/schema.org\",\"@graph\":[{\"@type\":\"WebPage\",\"@id\":\"https:\\\/\\\/www.budokwai.fi\\\/karate\\\/maegeri-uke-4\\\/\",\"url\":\"https:\\\/\\\/www.budokwai.fi\\\/karate\\\/maegeri-uke-4\\\/\",\"name\":\"Maegeri uke 4 - Budokwai Karate\",\"isPartOf\":{\"@id\":\"https:\\\/\\\/www.budokwai.fi\\\/karate\\\/#website\"},\"primaryImageOfPage\":{\"@id\":\"https:\\\/\\\/www.budokwai.fi\\\/karate\\\/maegeri-uke-4\\\/#primaryimage\"},\"image\":{\"@id\":\"https:\\\/\\\/www.budokwai.fi\\\/karate\\\/maegeri-uke-4\\\/#primaryimage\"},\"thumbnailUrl\":\"http:\\\/\\\/www.budokwai.fi\\\/karate\\\/wp\\\/wp-content\\\/uploads\\\/2017\\\/04\\\/maegeri.uke_.4.clip_.000-300x245.jpg\",\"datePublished\":\"2015-10-30T21:26:57+00:00\",\"dateModified\":\"2017-04-09T19:41:24+00:00\",\"breadcrumb\":{\"@id\":\"https:\\\/\\\/www.budokwai.fi\\\/karate\\\/maegeri-uke-4\\\/#breadcrumb\"},\"inLanguage\":\"en-US\",\"potentialAction\":[{\"@type\":\"ReadAction\",\"target\":[\"https:\\\/\\\/www.budokwai.fi\\\/karate\\\/maegeri-uke-4\\\/\"]}]},{\"@type\":\"ImageObject\",\"inLanguage\":\"en-US\",\"@id\":\"https:\\\/\\\/www.budokwai.fi\\\/karate\\\/maegeri-uke-4\\\/#primaryimage\",\"url\":\"https:\\\/\\\/www.budokwai.fi\\\/karate\\\/wp\\\/wp-content\\\/uploads\\\/2017\\\/04\\\/maegeri.uke_.4.clip_.000.jpg\",\"contentUrl\":\"https:\\\/\\\/www.budokwai.fi\\\/karate\\\/wp\\\/wp-content\\\/uploads\\\/2017\\\/04\\\/maegeri.uke_.4.clip_.000.jpg\",\"width\":305,\"height\":249},{\"@type\":\"BreadcrumbList\",\"@id\":\"https:\\\/\\\/www.budokwai.fi\\\/karate\\\/maegeri-uke-4\\\/#breadcrumb\",\"itemListElement\":[{\"@type\":\"ListItem\",\"position\":1,\"name\":\"Home\",\"item\":\"https:\\\/\\\/www.budokwai.fi\\\/karate\\\/\"},{\"@type\":\"ListItem\",\"position\":2,\"name\":\"Maegeri uke 4\"}]},{\"@type\":\"WebSite\",\"@id\":\"https:\\\/\\\/www.budokwai.fi\\\/karate\\\/#website\",\"url\":\"https:\\\/\\\/www.budokwai.fi\\\/karate\\\/\",\"name\":\"Budokwai Karate\",\"description\":\"Budokwai karate\",\"potentialAction\":[{\"@type\":\"SearchAction\",\"target\":{\"@type\":\"EntryPoint\",\"urlTemplate\":\"https:\\\/\\\/www.budokwai.fi\\\/karate\\\/?s={search_term_string}\"},\"query-input\":{\"@type\":\"PropertyValueSpecification\",\"valueRequired\":true,\"valueName\":\"search_term_string\"}}],\"inLanguage\":\"en-US\"}]}<\/script>\n<!-- \/ Yoast SEO plugin. -->","yoast_head_json":{"title":"Maegeri uke 4 - Budokwai Karate","robots":{"index":"index","follow":"follow","max-snippet":"max-snippet:-1","max-image-preview":"max-image-preview:large","max-video-preview":"max-video-preview:-1"},"canonical":"https:\/\/www.budokwai.fi\/karate\/maegeri-uke-4\/","og_locale":"fi_FI","og_type":"article","og_title":"Maegeri uke 4 - Budokwai Karate","og_description":"Maegeri uke yohonme (4.) Sanallisesti H: Hidari hamni gamae,\u00a0maegeri chudan P: Hidari hamni gamae Hy\u00f6kk\u00e4yksen tullessa liu\u2019utetaan suoraan potkua vastaan varmistamalla vasemmalla k\u00e4dell\u00e4 omaa suojausta ja est\u00e4m\u00e4ll\u00e4 hy\u00f6kk\u00e4\u00e4j\u00e4n polven nosto painamalla polvea alas. Samanaikaisesti tehd\u00e4\u00e4n oikean k\u00e4den gyakuzuki chudan. (Tavoitteena on ajoittaa puolustajan vastahy\u00f6kk\u00e4ys siten, ett\u00e4 k\u00e4sitekniikat ovat samanaikaiset ja suoritus ajoitettu ennen kuin hy\u00f6kk\u00e4\u00e4j\u00e4n... Lue lis\u00e4\u00e4 &raquo;","og_url":"https:\/\/www.budokwai.fi\/karate\/maegeri-uke-4\/","og_site_name":"Budokwai Karate","article_publisher":"https:\/\/www.facebook.com\/budokwaikarateturku\/","article_modified_time":"2017-04-09T19:41:24+00:00","og_image":[{"url":"http:\/\/www.budokwai.fi\/karate\/wp\/wp-content\/uploads\/2017\/04\/maegeri.uke_.4.clip_.000-300x245.jpg","type":"","width":"","height":""}],"twitter_card":"summary_large_image","schema":{"@context":"https:\/\/schema.org","@graph":[{"@type":"WebPage","@id":"https:\/\/www.budokwai.fi\/karate\/maegeri-uke-4\/","url":"https:\/\/www.budokwai.fi\/karate\/maegeri-uke-4\/","name":"Maegeri uke 4 - Budokwai Karate","isPartOf":{"@id":"https:\/\/www.budokwai.fi\/karate\/#website"},"primaryImageOfPage":{"@id":"https:\/\/www.budokwai.fi\/karate\/maegeri-uke-4\/#primaryimage"},"image":{"@id":"https:\/\/www.budokwai.fi\/karate\/maegeri-uke-4\/#primaryimage"},"thumbnailUrl":"http:\/\/www.budokwai.fi\/karate\/wp\/wp-content\/uploads\/2017\/04\/maegeri.uke_.4.clip_.000-300x245.jpg","datePublished":"2015-10-30T21:26:57+00:00","dateModified":"2017-04-09T19:41:24+00:00","breadcrumb":{"@id":"https:\/\/www.budokwai.fi\/karate\/maegeri-uke-4\/#breadcrumb"},"inLanguage":"en-US","potentialAction":[{"@type":"ReadAction","target":["https:\/\/www.budokwai.fi\/karate\/maegeri-uke-4\/"]}]},{"@type":"ImageObject","inLanguage":"en-US","@id":"https:\/\/www.budokwai.fi\/karate\/maegeri-uke-4\/#primaryimage","url":"https:\/\/www.budokwai.fi\/karate\/wp\/wp-content\/uploads\/2017\/04\/maegeri.uke_.4.clip_.000.jpg","contentUrl":"https:\/\/www.budokwai.fi\/karate\/wp\/wp-content\/uploads\/2017\/04\/maegeri.uke_.4.clip_.000.jpg","width":305,"height":249},{"@type":"BreadcrumbList","@id":"https:\/\/www.budokwai.fi\/karate\/maegeri-uke-4\/#breadcrumb","itemListElement":[{"@type":"ListItem","position":1,"name":"Home","item":"https:\/\/www.budokwai.fi\/karate\/"},{"@type":"ListItem","position":2,"name":"Maegeri uke 4"}]},{"@type":"WebSite","@id":"https:\/\/www.budokwai.fi\/karate\/#website","url":"https:\/\/www.budokwai.fi\/karate\/","name":"Budokwai Karate","description":"Budokwai karate","potentialAction":[{"@type":"SearchAction","target":{"@type":"EntryPoint","urlTemplate":"https:\/\/www.budokwai.fi\/karate\/?s={search_term_string}"},"query-input":{"@type":"PropertyValueSpecification","valueRequired":true,"valueName":"search_term_string"}}],"inLanguage":"en-US"}]}},"_links":{"self":[{"href":"https:\/\/www.budokwai.fi\/karate\/wp-json\/wp\/v2\/pages\/686","targetHints":{"allow":["GET"]}}],"collection":[{"href":"https:\/\/www.budokwai.fi\/karate\/wp-json\/wp\/v2\/pages"}],"about":[{"href":"https:\/\/www.budokwai.fi\/karate\/wp-json\/wp\/v2\/types\/page"}],"author":[{"embeddable":true,"href":"https:\/\/www.budokwai.fi\/karate\/wp-json\/wp\/v2\/users\/3"}],"replies":[{"embeddable":true,"href":"https:\/\/www.budokwai.fi\/karate\/wp-json\/wp\/v2\/comments?post=686"}],"version-history":[{"count":2,"href":"https:\/\/www.budokwai.fi\/karate\/wp-json\/wp\/v2\/pages\/686\/revisions"}],"predecessor-version":[{"id":1132,"href":"https:\/\/www.budokwai.fi\/karate\/wp-json\/wp\/v2\/pages\/686\/revisions\/1132"}],"wp:attachment":[{"href":"https:\/\/www.budokwai.fi\/karate\/wp-json\/wp\/v2\/media?parent=686"}],"curies":[{"name":"wp","href":"https:\/\/api.w.org\/{rel}","templated":true}]}}