{"id":68,"date":"2015-10-12T23:40:55","date_gmt":"2015-10-12T20:40:55","guid":{"rendered":"http:\/\/www.budokwai.fi\/karate\/wp\/?page_id=68"},"modified":"2017-06-06T21:22:55","modified_gmt":"2017-06-06T18:22:55","slug":"lasten-peruskurssi","status":"publish","type":"page","link":"https:\/\/www.budokwai.fi\/karate\/aloittaminen\/lasten-peruskurssi\/","title":{"rendered":"Lasten ja Nuorten peruskurssit"},"content":{"rendered":"<h2><\/h2>\n<p><a href=\"http:\/\/www.budokwai.fi\/karate\/wp\/wp-content\/uploads\/2015\/10\/pk_nuoret_01.jpg\"><img loading=\"lazy\" decoding=\"async\" class=\"size-medium wp-image-503 alignleft\" src=\"http:\/\/www.budokwai.fi\/karate\/wp\/wp-content\/uploads\/2015\/10\/pk_nuoret_01-282x300.jpg\" alt=\"pk_nuoret_01\" width=\"282\" height=\"300\" srcset=\"https:\/\/www.budokwai.fi\/karate\/wp\/wp-content\/uploads\/2015\/10\/pk_nuoret_01-282x300.jpg 282w, https:\/\/www.budokwai.fi\/karate\/wp\/wp-content\/uploads\/2015\/10\/pk_nuoret_01.jpg 494w\" sizes=\"auto, (max-width: 282px) 100vw, 282px\" \/><\/a>\u00a0Juniorikaratessa yhdistyv\u00e4t liikkumisen riemu, leikkimielisyys ja tutustuminen monipuoliseen ja teknisesti vaativaan kamppailulajiin.<\/p>\n<p>&nbsp;<\/p>\n<p>&nbsp;<\/p>\n<p>&nbsp;<\/p>\n<p>&nbsp;<\/p>\n<p>&nbsp;<\/p>\n<p>&nbsp;<\/p>\n<p>&nbsp;<\/p>\n<p>&nbsp;<\/p>\n<p><a href=\"http:\/\/www.budokwai.fi\/karate\/wp\/wp-content\/uploads\/2015\/10\/pk_nuoret_02.jpg\"><img loading=\"lazy\" decoding=\"async\" class=\"size-medium wp-image-502 alignright\" src=\"http:\/\/www.budokwai.fi\/karate\/wp\/wp-content\/uploads\/2015\/10\/pk_nuoret_02-300x179.jpg\" alt=\"pk_nuoret_02\" width=\"300\" height=\"179\" srcset=\"https:\/\/www.budokwai.fi\/karate\/wp\/wp-content\/uploads\/2015\/10\/pk_nuoret_02-300x179.jpg 300w, https:\/\/www.budokwai.fi\/karate\/wp\/wp-content\/uploads\/2015\/10\/pk_nuoret_02.jpg 400w\" sizes=\"auto, (max-width: 300px) 100vw, 300px\" \/><\/a>\u00a0Juniorikaraten er\u00e4s t\u00e4rke\u00e4 p\u00e4\u00e4m\u00e4\u00e4r\u00e4 on lapsen liikunnallisten taitojen, nopeuden, ketteryyden ja motoriikan kehitt\u00e4minen monipuolisesti harjoittelemalla.<\/p>\n<p>&nbsp;<\/p>\n<p>&nbsp;<\/p>\n<p>&nbsp;<\/p>\n<p><a href=\"http:\/\/www.budokwai.fi\/karate\/wp\/wp-content\/uploads\/2015\/10\/pk_nuoret_03.jpg\"><img loading=\"lazy\" decoding=\"async\" class=\"size-medium wp-image-501 alignleft\" src=\"http:\/\/www.budokwai.fi\/karate\/wp\/wp-content\/uploads\/2015\/10\/pk_nuoret_03-263x300.jpg\" alt=\"pk_nuoret_03\" width=\"263\" height=\"300\" srcset=\"https:\/\/www.budokwai.fi\/karate\/wp\/wp-content\/uploads\/2015\/10\/pk_nuoret_03-263x300.jpg 263w, https:\/\/www.budokwai.fi\/karate\/wp\/wp-content\/uploads\/2015\/10\/pk_nuoret_03.jpg 399w\" sizes=\"auto, (max-width: 263px) 100vw, 263px\" \/><\/a>\u00a0Harjoituksen sis\u00e4ll\u00f6st\u00e4 n. puolet ajasta k\u00e4ytet\u00e4\u00e4n karatetekniikoiden oppimiseen. Toinen puoli harjoitusajasta k\u00e4ytet\u00e4\u00e4n muihin liikunnallisiin harjoitteisiin jotka kehitt\u00e4v\u00e4t tasapainoa, koordinaatiota sek\u00e4 venyvyytt\u00e4.<\/p>\n<p>&nbsp;<\/p>\n<p>&nbsp;<\/p>\n<p>&nbsp;<\/p>\n<p>&nbsp;<\/p>\n<p>&nbsp;<\/p>\n<p>&nbsp;<\/p>\n<p><a href=\"http:\/\/www.budokwai.fi\/karate\/wp\/wp-content\/uploads\/2015\/10\/pk_nuoret_04.jpg\"><img loading=\"lazy\" decoding=\"async\" class=\"size-medium wp-image-500 alignright\" src=\"http:\/\/www.budokwai.fi\/karate\/wp\/wp-content\/uploads\/2015\/10\/pk_nuoret_04-300x191.jpg\" alt=\"pk_nuoret_04\" width=\"300\" height=\"191\" srcset=\"https:\/\/www.budokwai.fi\/karate\/wp\/wp-content\/uploads\/2015\/10\/pk_nuoret_04-300x191.jpg 300w, https:\/\/www.budokwai.fi\/karate\/wp\/wp-content\/uploads\/2015\/10\/pk_nuoret_04.jpg 400w\" sizes=\"auto, (max-width: 300px) 100vw, 300px\" \/><\/a>\u00a0Liikunnallisten taitojen ohella my\u00f6s lapsen sosiaaliset taidot kehittyv\u00e4t, sill\u00e4 karatessa toisen huomioon ottaminen ja vastustajan kunnioittaminen ovat olennaisen keskeisess\u00e4 roolissa. Lis\u00e4ksi lajille ominainen salikuri opettaa lapsille keskittymiskyky\u00e4 sek\u00e4 ryhm\u00e4ss\u00e4 toimimista.<\/p>\n<p>&nbsp;<\/p>\n<p>&nbsp;<\/p>\n<p>&nbsp;<\/p>\n<a href=\"http:\/\/www.budokwai.fi\/karate\/wp\/wp-content\/uploads\/2015\/10\/pk_nuoret_07.jpg\"><img loading=\"lazy\" decoding=\"async\" class=\"alignnone size-medium wp-image-499\" src=\"http:\/\/www.budokwai.fi\/karate\/wp\/wp-content\/uploads\/2015\/10\/pk_nuoret_07-251x300.jpg\" alt=\"pk_nuoret_07\" width=\"251\" height=\"300\" srcset=\"https:\/\/www.budokwai.fi\/karate\/wp\/wp-content\/uploads\/2015\/10\/pk_nuoret_07-251x300.jpg 251w, https:\/\/www.budokwai.fi\/karate\/wp\/wp-content\/uploads\/2015\/10\/pk_nuoret_07.jpg 295w\" sizes=\"auto, (max-width: 251px) 100vw, 251px\" \/><\/a>\u00a0<a href=\"http:\/\/www.budokwai.fi\/karate\/wp\/wp-content\/uploads\/2015\/10\/pk_nuoret_05.jpg\"><img loading=\"lazy\" decoding=\"async\" class=\"alignnone size-medium wp-image-498\" src=\"http:\/\/www.budokwai.fi\/karate\/wp\/wp-content\/uploads\/2015\/10\/pk_nuoret_05-196x300.jpg\" alt=\"pk_nuoret_05\" width=\"196\" height=\"300\" srcset=\"https:\/\/www.budokwai.fi\/karate\/wp\/wp-content\/uploads\/2015\/10\/pk_nuoret_05-196x300.jpg 196w, https:\/\/www.budokwai.fi\/karate\/wp\/wp-content\/uploads\/2015\/10\/pk_nuoret_05.jpg 296w\" sizes=\"auto, (max-width: 196px) 100vw, 196px\" \/><\/a>\n<p>&nbsp;<\/p>\n","protected":false},"excerpt":{"rendered":"<p>\u00a0Juniorikaratessa yhdistyv\u00e4t liikkumisen riemu, leikkimielisyys ja tutustuminen monipuoliseen ja teknisesti vaativaan kamppailulajiin. &nbsp; &nbsp; &nbsp; &nbsp; &nbsp; &nbsp; &nbsp; &nbsp; \u00a0Juniorikaraten er\u00e4s t\u00e4rke\u00e4 p\u00e4\u00e4m\u00e4\u00e4r\u00e4 on lapsen liikunnallisten taitojen, nopeuden, ketteryyden ja motoriikan kehitt\u00e4minen monipuolisesti harjoittelemalla. &nbsp; &nbsp; &nbsp; \u00a0Harjoituksen sis\u00e4ll\u00f6st\u00e4 n. puolet ajasta k\u00e4ytet\u00e4\u00e4n karatetekniikoiden oppimiseen. Toinen puoli harjoitusajasta k\u00e4ytet\u00e4\u00e4n muihin liikunnallisiin harjoitteisiin jotka kehitt\u00e4v\u00e4t&#8230;  <a class=\"excerpt-read-more\" href=\"https:\/\/www.budokwai.fi\/karate\/aloittaminen\/lasten-peruskurssi\/\" title=\"Lasten ja Nuorten peruskurssit\">Lue lis\u00e4\u00e4 &raquo;<\/a><\/p>\n","protected":false},"author":3,"featured_media":70,"parent":48,"menu_order":0,"comment_status":"closed","ping_status":"closed","template":"","meta":{"_acf_changed":false,"_monsterinsights_skip_tracking":false,"_monsterinsights_sitenote_active":false,"_monsterinsights_sitenote_note":"","_monsterinsights_sitenote_category":0,"footnotes":""},"class_list":["post-68","page","type-page","status-publish","has-post-thumbnail","hentry"],"acf":[],"yoast_head":"<!-- This site is optimized with the Yoast SEO plugin v27.4 - https:\/\/yoast.com\/product\/yoast-seo-wordpress\/ -->\n<title>Lasten ja Nuorten peruskurssit - Budokwai Karate<\/title>\n<meta name=\"robots\" content=\"index, follow, max-snippet:-1, max-image-preview:large, max-video-preview:-1\" \/>\n<link rel=\"canonical\" href=\"https:\/\/www.budokwai.fi\/karate\/aloittaminen\/lasten-peruskurssi\/\" \/>\n<meta property=\"og:locale\" content=\"fi_FI\" \/>\n<meta property=\"og:type\" content=\"article\" \/>\n<meta property=\"og:title\" content=\"Lasten ja Nuorten peruskurssit - Budokwai Karate\" \/>\n<meta property=\"og:description\" content=\"\u00a0Juniorikaratessa yhdistyv\u00e4t liikkumisen riemu, leikkimielisyys ja tutustuminen monipuoliseen ja teknisesti vaativaan kamppailulajiin. &nbsp; &nbsp; &nbsp; &nbsp; &nbsp; &nbsp; &nbsp; &nbsp; \u00a0Juniorikaraten er\u00e4s t\u00e4rke\u00e4 p\u00e4\u00e4m\u00e4\u00e4r\u00e4 on lapsen liikunnallisten taitojen, nopeuden, ketteryyden ja motoriikan kehitt\u00e4minen monipuolisesti harjoittelemalla. &nbsp; &nbsp; &nbsp; \u00a0Harjoituksen sis\u00e4ll\u00f6st\u00e4 n. puolet ajasta k\u00e4ytet\u00e4\u00e4n karatetekniikoiden oppimiseen. Toinen puoli harjoitusajasta k\u00e4ytet\u00e4\u00e4n muihin liikunnallisiin harjoitteisiin jotka kehitt\u00e4v\u00e4t... Lue lis\u00e4\u00e4 &raquo;\" \/>\n<meta property=\"og:url\" content=\"https:\/\/www.budokwai.fi\/karate\/aloittaminen\/lasten-peruskurssi\/\" \/>\n<meta property=\"og:site_name\" content=\"Budokwai Karate\" \/>\n<meta property=\"article:publisher\" content=\"https:\/\/www.facebook.com\/budokwaikarateturku\/\" \/>\n<meta property=\"article:modified_time\" content=\"2017-06-06T18:22:55+00:00\" \/>\n<meta property=\"og:image\" content=\"https:\/\/www.budokwai.fi\/karate\/wp\/wp-content\/uploads\/2015\/10\/Site_Featured_Image_junnut01.jpg\" \/>\n\t<meta property=\"og:image:width\" content=\"1024\" \/>\n\t<meta property=\"og:image:height\" content=\"670\" \/>\n\t<meta property=\"og:image:type\" content=\"image\/jpeg\" \/>\n<meta name=\"twitter:card\" content=\"summary_large_image\" \/>\n<meta name=\"twitter:label1\" content=\"Est. reading time\" \/>\n\t<meta name=\"twitter:data1\" content=\"1 minute\" \/>\n<script type=\"application\/ld+json\" class=\"yoast-schema-graph\">{\"@context\":\"https:\\\/\\\/schema.org\",\"@graph\":[{\"@type\":\"WebPage\",\"@id\":\"https:\\\/\\\/www.budokwai.fi\\\/karate\\\/aloittaminen\\\/lasten-peruskurssi\\\/\",\"url\":\"https:\\\/\\\/www.budokwai.fi\\\/karate\\\/aloittaminen\\\/lasten-peruskurssi\\\/\",\"name\":\"Lasten ja Nuorten peruskurssit - Budokwai Karate\",\"isPartOf\":{\"@id\":\"https:\\\/\\\/www.budokwai.fi\\\/karate\\\/#website\"},\"primaryImageOfPage\":{\"@id\":\"https:\\\/\\\/www.budokwai.fi\\\/karate\\\/aloittaminen\\\/lasten-peruskurssi\\\/#primaryimage\"},\"image\":{\"@id\":\"https:\\\/\\\/www.budokwai.fi\\\/karate\\\/aloittaminen\\\/lasten-peruskurssi\\\/#primaryimage\"},\"thumbnailUrl\":\"https:\\\/\\\/www.budokwai.fi\\\/karate\\\/wp\\\/wp-content\\\/uploads\\\/2015\\\/10\\\/Site_Featured_Image_junnut01.jpg\",\"datePublished\":\"2015-10-12T20:40:55+00:00\",\"dateModified\":\"2017-06-06T18:22:55+00:00\",\"breadcrumb\":{\"@id\":\"https:\\\/\\\/www.budokwai.fi\\\/karate\\\/aloittaminen\\\/lasten-peruskurssi\\\/#breadcrumb\"},\"inLanguage\":\"en-US\",\"potentialAction\":[{\"@type\":\"ReadAction\",\"target\":[\"https:\\\/\\\/www.budokwai.fi\\\/karate\\\/aloittaminen\\\/lasten-peruskurssi\\\/\"]}]},{\"@type\":\"ImageObject\",\"inLanguage\":\"en-US\",\"@id\":\"https:\\\/\\\/www.budokwai.fi\\\/karate\\\/aloittaminen\\\/lasten-peruskurssi\\\/#primaryimage\",\"url\":\"https:\\\/\\\/www.budokwai.fi\\\/karate\\\/wp\\\/wp-content\\\/uploads\\\/2015\\\/10\\\/Site_Featured_Image_junnut01.jpg\",\"contentUrl\":\"https:\\\/\\\/www.budokwai.fi\\\/karate\\\/wp\\\/wp-content\\\/uploads\\\/2015\\\/10\\\/Site_Featured_Image_junnut01.jpg\",\"width\":1024,\"height\":670},{\"@type\":\"BreadcrumbList\",\"@id\":\"https:\\\/\\\/www.budokwai.fi\\\/karate\\\/aloittaminen\\\/lasten-peruskurssi\\\/#breadcrumb\",\"itemListElement\":[{\"@type\":\"ListItem\",\"position\":1,\"name\":\"Home\",\"item\":\"https:\\\/\\\/www.budokwai.fi\\\/karate\\\/\"},{\"@type\":\"ListItem\",\"position\":2,\"name\":\"Aloittaminen\",\"item\":\"https:\\\/\\\/www.budokwai.fi\\\/karate\\\/aloittaminen\\\/\"},{\"@type\":\"ListItem\",\"position\":3,\"name\":\"Lasten ja Nuorten peruskurssit\"}]},{\"@type\":\"WebSite\",\"@id\":\"https:\\\/\\\/www.budokwai.fi\\\/karate\\\/#website\",\"url\":\"https:\\\/\\\/www.budokwai.fi\\\/karate\\\/\",\"name\":\"Budokwai Karate\",\"description\":\"Budokwai karate\",\"potentialAction\":[{\"@type\":\"SearchAction\",\"target\":{\"@type\":\"EntryPoint\",\"urlTemplate\":\"https:\\\/\\\/www.budokwai.fi\\\/karate\\\/?s={search_term_string}\"},\"query-input\":{\"@type\":\"PropertyValueSpecification\",\"valueRequired\":true,\"valueName\":\"search_term_string\"}}],\"inLanguage\":\"en-US\"}]}<\/script>\n<!-- \/ Yoast SEO plugin. -->","yoast_head_json":{"title":"Lasten ja Nuorten peruskurssit - Budokwai Karate","robots":{"index":"index","follow":"follow","max-snippet":"max-snippet:-1","max-image-preview":"max-image-preview:large","max-video-preview":"max-video-preview:-1"},"canonical":"https:\/\/www.budokwai.fi\/karate\/aloittaminen\/lasten-peruskurssi\/","og_locale":"fi_FI","og_type":"article","og_title":"Lasten ja Nuorten peruskurssit - Budokwai Karate","og_description":"\u00a0Juniorikaratessa yhdistyv\u00e4t liikkumisen riemu, leikkimielisyys ja tutustuminen monipuoliseen ja teknisesti vaativaan kamppailulajiin. &nbsp; &nbsp; &nbsp; &nbsp; &nbsp; &nbsp; &nbsp; &nbsp; \u00a0Juniorikaraten er\u00e4s t\u00e4rke\u00e4 p\u00e4\u00e4m\u00e4\u00e4r\u00e4 on lapsen liikunnallisten taitojen, nopeuden, ketteryyden ja motoriikan kehitt\u00e4minen monipuolisesti harjoittelemalla. &nbsp; &nbsp; &nbsp; \u00a0Harjoituksen sis\u00e4ll\u00f6st\u00e4 n. puolet ajasta k\u00e4ytet\u00e4\u00e4n karatetekniikoiden oppimiseen. Toinen puoli harjoitusajasta k\u00e4ytet\u00e4\u00e4n muihin liikunnallisiin harjoitteisiin jotka kehitt\u00e4v\u00e4t... Lue lis\u00e4\u00e4 &raquo;","og_url":"https:\/\/www.budokwai.fi\/karate\/aloittaminen\/lasten-peruskurssi\/","og_site_name":"Budokwai Karate","article_publisher":"https:\/\/www.facebook.com\/budokwaikarateturku\/","article_modified_time":"2017-06-06T18:22:55+00:00","og_image":[{"width":1024,"height":670,"url":"https:\/\/www.budokwai.fi\/karate\/wp\/wp-content\/uploads\/2015\/10\/Site_Featured_Image_junnut01.jpg","type":"image\/jpeg"}],"twitter_card":"summary_large_image","twitter_misc":{"Est. reading time":"1 minute"},"schema":{"@context":"https:\/\/schema.org","@graph":[{"@type":"WebPage","@id":"https:\/\/www.budokwai.fi\/karate\/aloittaminen\/lasten-peruskurssi\/","url":"https:\/\/www.budokwai.fi\/karate\/aloittaminen\/lasten-peruskurssi\/","name":"Lasten ja Nuorten peruskurssit - Budokwai Karate","isPartOf":{"@id":"https:\/\/www.budokwai.fi\/karate\/#website"},"primaryImageOfPage":{"@id":"https:\/\/www.budokwai.fi\/karate\/aloittaminen\/lasten-peruskurssi\/#primaryimage"},"image":{"@id":"https:\/\/www.budokwai.fi\/karate\/aloittaminen\/lasten-peruskurssi\/#primaryimage"},"thumbnailUrl":"https:\/\/www.budokwai.fi\/karate\/wp\/wp-content\/uploads\/2015\/10\/Site_Featured_Image_junnut01.jpg","datePublished":"2015-10-12T20:40:55+00:00","dateModified":"2017-06-06T18:22:55+00:00","breadcrumb":{"@id":"https:\/\/www.budokwai.fi\/karate\/aloittaminen\/lasten-peruskurssi\/#breadcrumb"},"inLanguage":"en-US","potentialAction":[{"@type":"ReadAction","target":["https:\/\/www.budokwai.fi\/karate\/aloittaminen\/lasten-peruskurssi\/"]}]},{"@type":"ImageObject","inLanguage":"en-US","@id":"https:\/\/www.budokwai.fi\/karate\/aloittaminen\/lasten-peruskurssi\/#primaryimage","url":"https:\/\/www.budokwai.fi\/karate\/wp\/wp-content\/uploads\/2015\/10\/Site_Featured_Image_junnut01.jpg","contentUrl":"https:\/\/www.budokwai.fi\/karate\/wp\/wp-content\/uploads\/2015\/10\/Site_Featured_Image_junnut01.jpg","width":1024,"height":670},{"@type":"BreadcrumbList","@id":"https:\/\/www.budokwai.fi\/karate\/aloittaminen\/lasten-peruskurssi\/#breadcrumb","itemListElement":[{"@type":"ListItem","position":1,"name":"Home","item":"https:\/\/www.budokwai.fi\/karate\/"},{"@type":"ListItem","position":2,"name":"Aloittaminen","item":"https:\/\/www.budokwai.fi\/karate\/aloittaminen\/"},{"@type":"ListItem","position":3,"name":"Lasten ja Nuorten peruskurssit"}]},{"@type":"WebSite","@id":"https:\/\/www.budokwai.fi\/karate\/#website","url":"https:\/\/www.budokwai.fi\/karate\/","name":"Budokwai Karate","description":"Budokwai karate","potentialAction":[{"@type":"SearchAction","target":{"@type":"EntryPoint","urlTemplate":"https:\/\/www.budokwai.fi\/karate\/?s={search_term_string}"},"query-input":{"@type":"PropertyValueSpecification","valueRequired":true,"valueName":"search_term_string"}}],"inLanguage":"en-US"}]}},"_links":{"self":[{"href":"https:\/\/www.budokwai.fi\/karate\/wp-json\/wp\/v2\/pages\/68","targetHints":{"allow":["GET"]}}],"collection":[{"href":"https:\/\/www.budokwai.fi\/karate\/wp-json\/wp\/v2\/pages"}],"about":[{"href":"https:\/\/www.budokwai.fi\/karate\/wp-json\/wp\/v2\/types\/page"}],"author":[{"embeddable":true,"href":"https:\/\/www.budokwai.fi\/karate\/wp-json\/wp\/v2\/users\/3"}],"replies":[{"embeddable":true,"href":"https:\/\/www.budokwai.fi\/karate\/wp-json\/wp\/v2\/comments?post=68"}],"version-history":[{"count":5,"href":"https:\/\/www.budokwai.fi\/karate\/wp-json\/wp\/v2\/pages\/68\/revisions"}],"predecessor-version":[{"id":620,"href":"https:\/\/www.budokwai.fi\/karate\/wp-json\/wp\/v2\/pages\/68\/revisions\/620"}],"up":[{"embeddable":true,"href":"https:\/\/www.budokwai.fi\/karate\/wp-json\/wp\/v2\/pages\/48"}],"wp:featuredmedia":[{"embeddable":true,"href":"https:\/\/www.budokwai.fi\/karate\/wp-json\/wp\/v2\/media\/70"}],"wp:attachment":[{"href":"https:\/\/www.budokwai.fi\/karate\/wp-json\/wp\/v2\/media?parent=68"}],"curies":[{"name":"wp","href":"https:\/\/api.w.org\/{rel}","templated":true}]}}