{"id":666,"date":"2015-10-30T23:16:24","date_gmt":"2015-10-30T21:16:24","guid":{"rendered":"http:\/\/www.budokwai.fi\/karate\/wp\/?page_id=666"},"modified":"2017-04-09T22:30:37","modified_gmt":"2017-04-09T19:30:37","slug":"ippon-kumite-6","status":"publish","type":"page","link":"https:\/\/www.budokwai.fi\/karate\/ippon-kumite-6\/","title":{"rendered":"Ippon kumite 6"},"content":{"rendered":"<h2>Ippon Kumite\u00a0Jodan uke yonhonme (4.)<\/h2>\n<p><strong>Sanallisesti<\/strong><\/p>\n<p>H: Junzuki jodan<\/p>\n<p>P: Hy\u00f6kk\u00e4yslinjalta v\u00e4istet\u00e4\u00e4n puolustajasta n\u00e4hden alavasemmalle kokotsu-dachi \u2013asentoon torjumalla vasemman k\u00e4den k\u00e4sivarrella empi uke \u2013torjunnalla hy\u00f6kk\u00e4ys oikealle yl\u00e4viistoon. Vastahy\u00f6kk\u00e4ys aloitetaan v\u00e4litt\u00f6m\u00e4sti v\u00e4ist\u00f6n ja torjunnan j\u00e4lkeen, jolloin asento muuttuu vasemman puoleiseksi chiko-dachiksi ja vasemmalla k\u00e4dell\u00e4 ly\u00f6d\u00e4\u00e4n uraken chudan.<br \/>\nVastahy\u00f6kk\u00e4yst\u00e4 jatketaan edelleen vasemman puoleisessa zenkutsu-dachi \u2013asennossa ly\u00f6m\u00e4ll\u00e4 oikean k\u00e4den haitozuki chudan.<\/p>\n<p>(Hy\u00f6kk\u00e4yksen v\u00e4ist\u00f6 ja torjunta tulee suorittaa siten, ett\u00e4 lantion liike kokotsu-dachi asentoon on ter\u00e4v\u00e4 ja samanaikainen empi uken kanssa. Erityist\u00e4 huomiota tulee kiinnitt\u00e4\u00e4 puolustajan oikean pituisiin kokotsu-dachi, chiko dachi ja zenkutsu-dachi \u2013asentoihin, jotta optimaalinen et\u00e4isyys hy\u00f6kk\u00e4\u00e4j\u00e4\u00e4n s\u00e4ilyisi).<\/p>\n<p>&nbsp;<\/p>\n<p><strong>Kuvilla<\/strong><\/p>\n<img loading=\"lazy\" decoding=\"async\" class=\"alignnone size-medium wp-image-1099\" src=\"http:\/\/www.budokwai.fi\/karate\/wp\/wp-content\/uploads\/2017\/04\/ippon.kumite.6.clip_.000-300x245.jpg\" alt=\"\" width=\"300\" height=\"245\" srcset=\"https:\/\/www.budokwai.fi\/karate\/wp\/wp-content\/uploads\/2017\/04\/ippon.kumite.6.clip_.000-300x245.jpg 300w, https:\/\/www.budokwai.fi\/karate\/wp\/wp-content\/uploads\/2017\/04\/ippon.kumite.6.clip_.000.jpg 305w\" sizes=\"auto, (max-width: 300px) 100vw, 300px\" \/> <img loading=\"lazy\" decoding=\"async\" class=\"alignnone size-medium wp-image-1097\" src=\"http:\/\/www.budokwai.fi\/karate\/wp\/wp-content\/uploads\/2017\/04\/ippon.kumite.6.clip_.002-300x245.jpg\" alt=\"\" width=\"300\" height=\"245\" srcset=\"https:\/\/www.budokwai.fi\/karate\/wp\/wp-content\/uploads\/2017\/04\/ippon.kumite.6.clip_.002-300x245.jpg 300w, https:\/\/www.budokwai.fi\/karate\/wp\/wp-content\/uploads\/2017\/04\/ippon.kumite.6.clip_.002.jpg 305w\" sizes=\"auto, (max-width: 300px) 100vw, 300px\" \/> <img loading=\"lazy\" decoding=\"async\" class=\"alignnone size-medium wp-image-1098\" src=\"http:\/\/www.budokwai.fi\/karate\/wp\/wp-content\/uploads\/2017\/04\/ippon.kumite.6.clip_.001-300x245.jpg\" alt=\"\" width=\"300\" height=\"245\" srcset=\"https:\/\/www.budokwai.fi\/karate\/wp\/wp-content\/uploads\/2017\/04\/ippon.kumite.6.clip_.001-300x245.jpg 300w, https:\/\/www.budokwai.fi\/karate\/wp\/wp-content\/uploads\/2017\/04\/ippon.kumite.6.clip_.001.jpg 305w\" sizes=\"auto, (max-width: 300px) 100vw, 300px\" \/> <img loading=\"lazy\" decoding=\"async\" class=\"alignnone size-medium wp-image-1096\" src=\"http:\/\/www.budokwai.fi\/karate\/wp\/wp-content\/uploads\/2017\/04\/ippon.kumite.6.clip_.003-300x245.jpg\" alt=\"\" width=\"300\" height=\"245\" srcset=\"https:\/\/www.budokwai.fi\/karate\/wp\/wp-content\/uploads\/2017\/04\/ippon.kumite.6.clip_.003-300x245.jpg 300w, https:\/\/www.budokwai.fi\/karate\/wp\/wp-content\/uploads\/2017\/04\/ippon.kumite.6.clip_.003.jpg 305w\" sizes=\"auto, (max-width: 300px) 100vw, 300px\" \/> <img loading=\"lazy\" decoding=\"async\" class=\"alignnone size-medium wp-image-1095\" src=\"http:\/\/www.budokwai.fi\/karate\/wp\/wp-content\/uploads\/2017\/04\/ippon.kumite.6.clip_.004-300x245.jpg\" alt=\"\" width=\"300\" height=\"245\" srcset=\"https:\/\/www.budokwai.fi\/karate\/wp\/wp-content\/uploads\/2017\/04\/ippon.kumite.6.clip_.004-300x245.jpg 300w, https:\/\/www.budokwai.fi\/karate\/wp\/wp-content\/uploads\/2017\/04\/ippon.kumite.6.clip_.004.jpg 305w\" sizes=\"auto, (max-width: 300px) 100vw, 300px\" \/> <img loading=\"lazy\" decoding=\"async\" class=\"alignnone size-medium wp-image-1094\" src=\"http:\/\/www.budokwai.fi\/karate\/wp\/wp-content\/uploads\/2017\/04\/ippon.kumite.6.clip_.005-300x245.jpg\" alt=\"\" width=\"300\" height=\"245\" srcset=\"https:\/\/www.budokwai.fi\/karate\/wp\/wp-content\/uploads\/2017\/04\/ippon.kumite.6.clip_.005-300x245.jpg 300w, https:\/\/www.budokwai.fi\/karate\/wp\/wp-content\/uploads\/2017\/04\/ippon.kumite.6.clip_.005.jpg 305w\" sizes=\"auto, (max-width: 300px) 100vw, 300px\" \/> <img loading=\"lazy\" decoding=\"async\" class=\"alignnone size-medium wp-image-1093\" src=\"http:\/\/www.budokwai.fi\/karate\/wp\/wp-content\/uploads\/2017\/04\/ippon.kumite.6.clip_.006-300x245.jpg\" alt=\"\" width=\"300\" height=\"245\" srcset=\"https:\/\/www.budokwai.fi\/karate\/wp\/wp-content\/uploads\/2017\/04\/ippon.kumite.6.clip_.006-300x245.jpg 300w, https:\/\/www.budokwai.fi\/karate\/wp\/wp-content\/uploads\/2017\/04\/ippon.kumite.6.clip_.006.jpg 305w\" sizes=\"auto, (max-width: 300px) 100vw, 300px\" \/> <img loading=\"lazy\" decoding=\"async\" class=\"alignnone size-medium wp-image-1091\" src=\"http:\/\/www.budokwai.fi\/karate\/wp\/wp-content\/uploads\/2017\/04\/ippon.kumite.6.clip_.008-300x245.jpg\" alt=\"\" width=\"300\" height=\"245\" srcset=\"https:\/\/www.budokwai.fi\/karate\/wp\/wp-content\/uploads\/2017\/04\/ippon.kumite.6.clip_.008-300x245.jpg 300w, https:\/\/www.budokwai.fi\/karate\/wp\/wp-content\/uploads\/2017\/04\/ippon.kumite.6.clip_.008.jpg 305w\" sizes=\"auto, (max-width: 300px) 100vw, 300px\" \/>\n","protected":false},"excerpt":{"rendered":"<p>Ippon Kumite\u00a0Jodan uke yonhonme (4.) Sanallisesti H: Junzuki jodan P: Hy\u00f6kk\u00e4yslinjalta v\u00e4istet\u00e4\u00e4n puolustajasta n\u00e4hden alavasemmalle kokotsu-dachi \u2013asentoon torjumalla vasemman k\u00e4den k\u00e4sivarrella empi uke \u2013torjunnalla hy\u00f6kk\u00e4ys oikealle yl\u00e4viistoon. Vastahy\u00f6kk\u00e4ys aloitetaan v\u00e4litt\u00f6m\u00e4sti v\u00e4ist\u00f6n ja torjunnan j\u00e4lkeen, jolloin asento muuttuu vasemman puoleiseksi chiko-dachiksi ja vasemmalla k\u00e4dell\u00e4 ly\u00f6d\u00e4\u00e4n uraken chudan. Vastahy\u00f6kk\u00e4yst\u00e4 jatketaan edelleen vasemman puoleisessa zenkutsu-dachi \u2013asennossa ly\u00f6m\u00e4ll\u00e4 oikean&#8230;  <a class=\"excerpt-read-more\" href=\"https:\/\/www.budokwai.fi\/karate\/ippon-kumite-6\/\" title=\"Ippon kumite 6\">Lue lis\u00e4\u00e4 &raquo;<\/a><\/p>\n","protected":false},"author":3,"featured_media":0,"parent":0,"menu_order":0,"comment_status":"closed","ping_status":"closed","template":"full-width.php","meta":{"_acf_changed":false,"_monsterinsights_skip_tracking":false,"_monsterinsights_sitenote_active":false,"_monsterinsights_sitenote_note":"","_monsterinsights_sitenote_category":0,"footnotes":""},"class_list":["post-666","page","type-page","status-publish","hentry"],"acf":[],"yoast_head":"<!-- This site is optimized with the Yoast SEO plugin v27.5 - https:\/\/yoast.com\/product\/yoast-seo-wordpress\/ -->\n<title>Ippon kumite 6 - Budokwai Karate<\/title>\n<meta name=\"robots\" content=\"index, follow, max-snippet:-1, max-image-preview:large, max-video-preview:-1\" \/>\n<link rel=\"canonical\" href=\"https:\/\/www.budokwai.fi\/karate\/ippon-kumite-6\/\" \/>\n<meta property=\"og:locale\" content=\"fi_FI\" \/>\n<meta property=\"og:type\" content=\"article\" \/>\n<meta property=\"og:title\" content=\"Ippon kumite 6 - Budokwai Karate\" \/>\n<meta property=\"og:description\" content=\"Ippon Kumite\u00a0Jodan uke yonhonme (4.) Sanallisesti H: Junzuki jodan P: Hy\u00f6kk\u00e4yslinjalta v\u00e4istet\u00e4\u00e4n puolustajasta n\u00e4hden alavasemmalle kokotsu-dachi \u2013asentoon torjumalla vasemman k\u00e4den k\u00e4sivarrella empi uke \u2013torjunnalla hy\u00f6kk\u00e4ys oikealle yl\u00e4viistoon. Vastahy\u00f6kk\u00e4ys aloitetaan v\u00e4litt\u00f6m\u00e4sti v\u00e4ist\u00f6n ja torjunnan j\u00e4lkeen, jolloin asento muuttuu vasemman puoleiseksi chiko-dachiksi ja vasemmalla k\u00e4dell\u00e4 ly\u00f6d\u00e4\u00e4n uraken chudan. Vastahy\u00f6kk\u00e4yst\u00e4 jatketaan edelleen vasemman puoleisessa zenkutsu-dachi \u2013asennossa ly\u00f6m\u00e4ll\u00e4 oikean... Lue lis\u00e4\u00e4 &raquo;\" \/>\n<meta property=\"og:url\" content=\"https:\/\/www.budokwai.fi\/karate\/ippon-kumite-6\/\" \/>\n<meta property=\"og:site_name\" content=\"Budokwai Karate\" \/>\n<meta property=\"article:publisher\" content=\"https:\/\/www.facebook.com\/budokwaikarateturku\/\" \/>\n<meta property=\"article:modified_time\" content=\"2017-04-09T19:30:37+00:00\" \/>\n<meta property=\"og:image\" content=\"http:\/\/www.budokwai.fi\/karate\/wp\/wp-content\/uploads\/2017\/04\/ippon.kumite.6.clip_.000-300x245.jpg\" \/>\n<meta name=\"twitter:card\" content=\"summary_large_image\" \/>\n<meta name=\"twitter:label1\" content=\"Est. reading time\" \/>\n\t<meta name=\"twitter:data1\" content=\"1 minute\" \/>\n<script type=\"application\/ld+json\" class=\"yoast-schema-graph\">{\"@context\":\"https:\\\/\\\/schema.org\",\"@graph\":[{\"@type\":\"WebPage\",\"@id\":\"https:\\\/\\\/www.budokwai.fi\\\/karate\\\/ippon-kumite-6\\\/\",\"url\":\"https:\\\/\\\/www.budokwai.fi\\\/karate\\\/ippon-kumite-6\\\/\",\"name\":\"Ippon kumite 6 - Budokwai Karate\",\"isPartOf\":{\"@id\":\"https:\\\/\\\/www.budokwai.fi\\\/karate\\\/#website\"},\"primaryImageOfPage\":{\"@id\":\"https:\\\/\\\/www.budokwai.fi\\\/karate\\\/ippon-kumite-6\\\/#primaryimage\"},\"image\":{\"@id\":\"https:\\\/\\\/www.budokwai.fi\\\/karate\\\/ippon-kumite-6\\\/#primaryimage\"},\"thumbnailUrl\":\"http:\\\/\\\/www.budokwai.fi\\\/karate\\\/wp\\\/wp-content\\\/uploads\\\/2017\\\/04\\\/ippon.kumite.6.clip_.000-300x245.jpg\",\"datePublished\":\"2015-10-30T21:16:24+00:00\",\"dateModified\":\"2017-04-09T19:30:37+00:00\",\"breadcrumb\":{\"@id\":\"https:\\\/\\\/www.budokwai.fi\\\/karate\\\/ippon-kumite-6\\\/#breadcrumb\"},\"inLanguage\":\"en-US\",\"potentialAction\":[{\"@type\":\"ReadAction\",\"target\":[\"https:\\\/\\\/www.budokwai.fi\\\/karate\\\/ippon-kumite-6\\\/\"]}]},{\"@type\":\"ImageObject\",\"inLanguage\":\"en-US\",\"@id\":\"https:\\\/\\\/www.budokwai.fi\\\/karate\\\/ippon-kumite-6\\\/#primaryimage\",\"url\":\"https:\\\/\\\/www.budokwai.fi\\\/karate\\\/wp\\\/wp-content\\\/uploads\\\/2017\\\/04\\\/ippon.kumite.6.clip_.000.jpg\",\"contentUrl\":\"https:\\\/\\\/www.budokwai.fi\\\/karate\\\/wp\\\/wp-content\\\/uploads\\\/2017\\\/04\\\/ippon.kumite.6.clip_.000.jpg\",\"width\":305,\"height\":249},{\"@type\":\"BreadcrumbList\",\"@id\":\"https:\\\/\\\/www.budokwai.fi\\\/karate\\\/ippon-kumite-6\\\/#breadcrumb\",\"itemListElement\":[{\"@type\":\"ListItem\",\"position\":1,\"name\":\"Home\",\"item\":\"https:\\\/\\\/www.budokwai.fi\\\/karate\\\/\"},{\"@type\":\"ListItem\",\"position\":2,\"name\":\"Ippon kumite 6\"}]},{\"@type\":\"WebSite\",\"@id\":\"https:\\\/\\\/www.budokwai.fi\\\/karate\\\/#website\",\"url\":\"https:\\\/\\\/www.budokwai.fi\\\/karate\\\/\",\"name\":\"Budokwai Karate\",\"description\":\"Budokwai karate\",\"potentialAction\":[{\"@type\":\"SearchAction\",\"target\":{\"@type\":\"EntryPoint\",\"urlTemplate\":\"https:\\\/\\\/www.budokwai.fi\\\/karate\\\/?s={search_term_string}\"},\"query-input\":{\"@type\":\"PropertyValueSpecification\",\"valueRequired\":true,\"valueName\":\"search_term_string\"}}],\"inLanguage\":\"en-US\"}]}<\/script>\n<!-- \/ Yoast SEO plugin. -->","yoast_head_json":{"title":"Ippon kumite 6 - Budokwai Karate","robots":{"index":"index","follow":"follow","max-snippet":"max-snippet:-1","max-image-preview":"max-image-preview:large","max-video-preview":"max-video-preview:-1"},"canonical":"https:\/\/www.budokwai.fi\/karate\/ippon-kumite-6\/","og_locale":"fi_FI","og_type":"article","og_title":"Ippon kumite 6 - Budokwai Karate","og_description":"Ippon Kumite\u00a0Jodan uke yonhonme (4.) Sanallisesti H: Junzuki jodan P: Hy\u00f6kk\u00e4yslinjalta v\u00e4istet\u00e4\u00e4n puolustajasta n\u00e4hden alavasemmalle kokotsu-dachi \u2013asentoon torjumalla vasemman k\u00e4den k\u00e4sivarrella empi uke \u2013torjunnalla hy\u00f6kk\u00e4ys oikealle yl\u00e4viistoon. Vastahy\u00f6kk\u00e4ys aloitetaan v\u00e4litt\u00f6m\u00e4sti v\u00e4ist\u00f6n ja torjunnan j\u00e4lkeen, jolloin asento muuttuu vasemman puoleiseksi chiko-dachiksi ja vasemmalla k\u00e4dell\u00e4 ly\u00f6d\u00e4\u00e4n uraken chudan. Vastahy\u00f6kk\u00e4yst\u00e4 jatketaan edelleen vasemman puoleisessa zenkutsu-dachi \u2013asennossa ly\u00f6m\u00e4ll\u00e4 oikean... Lue lis\u00e4\u00e4 &raquo;","og_url":"https:\/\/www.budokwai.fi\/karate\/ippon-kumite-6\/","og_site_name":"Budokwai Karate","article_publisher":"https:\/\/www.facebook.com\/budokwaikarateturku\/","article_modified_time":"2017-04-09T19:30:37+00:00","og_image":[{"url":"http:\/\/www.budokwai.fi\/karate\/wp\/wp-content\/uploads\/2017\/04\/ippon.kumite.6.clip_.000-300x245.jpg","type":"","width":"","height":""}],"twitter_card":"summary_large_image","twitter_misc":{"Est. reading time":"1 minute"},"schema":{"@context":"https:\/\/schema.org","@graph":[{"@type":"WebPage","@id":"https:\/\/www.budokwai.fi\/karate\/ippon-kumite-6\/","url":"https:\/\/www.budokwai.fi\/karate\/ippon-kumite-6\/","name":"Ippon kumite 6 - Budokwai Karate","isPartOf":{"@id":"https:\/\/www.budokwai.fi\/karate\/#website"},"primaryImageOfPage":{"@id":"https:\/\/www.budokwai.fi\/karate\/ippon-kumite-6\/#primaryimage"},"image":{"@id":"https:\/\/www.budokwai.fi\/karate\/ippon-kumite-6\/#primaryimage"},"thumbnailUrl":"http:\/\/www.budokwai.fi\/karate\/wp\/wp-content\/uploads\/2017\/04\/ippon.kumite.6.clip_.000-300x245.jpg","datePublished":"2015-10-30T21:16:24+00:00","dateModified":"2017-04-09T19:30:37+00:00","breadcrumb":{"@id":"https:\/\/www.budokwai.fi\/karate\/ippon-kumite-6\/#breadcrumb"},"inLanguage":"en-US","potentialAction":[{"@type":"ReadAction","target":["https:\/\/www.budokwai.fi\/karate\/ippon-kumite-6\/"]}]},{"@type":"ImageObject","inLanguage":"en-US","@id":"https:\/\/www.budokwai.fi\/karate\/ippon-kumite-6\/#primaryimage","url":"https:\/\/www.budokwai.fi\/karate\/wp\/wp-content\/uploads\/2017\/04\/ippon.kumite.6.clip_.000.jpg","contentUrl":"https:\/\/www.budokwai.fi\/karate\/wp\/wp-content\/uploads\/2017\/04\/ippon.kumite.6.clip_.000.jpg","width":305,"height":249},{"@type":"BreadcrumbList","@id":"https:\/\/www.budokwai.fi\/karate\/ippon-kumite-6\/#breadcrumb","itemListElement":[{"@type":"ListItem","position":1,"name":"Home","item":"https:\/\/www.budokwai.fi\/karate\/"},{"@type":"ListItem","position":2,"name":"Ippon kumite 6"}]},{"@type":"WebSite","@id":"https:\/\/www.budokwai.fi\/karate\/#website","url":"https:\/\/www.budokwai.fi\/karate\/","name":"Budokwai Karate","description":"Budokwai karate","potentialAction":[{"@type":"SearchAction","target":{"@type":"EntryPoint","urlTemplate":"https:\/\/www.budokwai.fi\/karate\/?s={search_term_string}"},"query-input":{"@type":"PropertyValueSpecification","valueRequired":true,"valueName":"search_term_string"}}],"inLanguage":"en-US"}]}},"_links":{"self":[{"href":"https:\/\/www.budokwai.fi\/karate\/wp-json\/wp\/v2\/pages\/666","targetHints":{"allow":["GET"]}}],"collection":[{"href":"https:\/\/www.budokwai.fi\/karate\/wp-json\/wp\/v2\/pages"}],"about":[{"href":"https:\/\/www.budokwai.fi\/karate\/wp-json\/wp\/v2\/types\/page"}],"author":[{"embeddable":true,"href":"https:\/\/www.budokwai.fi\/karate\/wp-json\/wp\/v2\/users\/3"}],"replies":[{"embeddable":true,"href":"https:\/\/www.budokwai.fi\/karate\/wp-json\/wp\/v2\/comments?post=666"}],"version-history":[{"count":3,"href":"https:\/\/www.budokwai.fi\/karate\/wp-json\/wp\/v2\/pages\/666\/revisions"}],"predecessor-version":[{"id":1100,"href":"https:\/\/www.budokwai.fi\/karate\/wp-json\/wp\/v2\/pages\/666\/revisions\/1100"}],"wp:attachment":[{"href":"https:\/\/www.budokwai.fi\/karate\/wp-json\/wp\/v2\/media?parent=666"}],"curies":[{"name":"wp","href":"https:\/\/api.w.org\/{rel}","templated":true}]}}