{"id":660,"date":"2015-10-30T23:13:53","date_gmt":"2015-10-30T21:13:53","guid":{"rendered":"http:\/\/www.budokwai.fi\/karate\/wp\/?page_id=660"},"modified":"2017-04-09T22:22:36","modified_gmt":"2017-04-09T19:22:36","slug":"ippon-kumite-3","status":"publish","type":"page","link":"https:\/\/www.budokwai.fi\/karate\/ippon-kumite-3\/","title":{"rendered":"Ippon kumite 3"},"content":{"rendered":"<h2>Ippon Kumite\u00a0Jodan uke ipponme<\/h2>\n<p><strong>Sanallisesti<\/strong><\/p>\n<p>H: Junzuki jodan<\/p>\n<p>P: Hy\u00f6kk\u00e4yslinjalta v\u00e4istet\u00e4\u00e4n puolustajasta n\u00e4hden ly\u00f6nnin oikealle puolelle liikkumalla taakse chiko-dachi \u2013asentoon oikean jalan pysyess\u00e4 paikoillaan. V\u00e4ist\u00f6n kanssa samanaikaisesti torjutaan tuleva ly\u00f6nti ly\u00f6nnin suuntaisella k\u00e4mmensel\u00e4n torjunnalla, haishu ukella, vasemmalla k\u00e4dell\u00e4 ja ly\u00f6d\u00e4\u00e4n hy\u00f6kk\u00e4\u00e4j\u00e4n leukaan alhaalta kohdistettu kagizuki oikealla k\u00e4dell\u00e4. Vastahy\u00f6kk\u00e4yst\u00e4 jatketaan v\u00e4litt\u00f6m\u00e4sti muuttamalla asento oikeanpuoleiseen zenkutsu-dachiin ja suorittamalla vasemmalla k\u00e4dell\u00e4 samanaikaisesti kyyn\u00e4rp\u00e4\u00e4ly\u00f6nti, chudan empi zuki.<\/p>\n<p>(Hy\u00f6kk\u00e4yksen v\u00e4ist\u00f6 tulee suorittaa siten, ett\u00e4 lantion asennon muuttaminen eli rintamasuunnan muutos vasemmalle, chiko-dachiin, tehd\u00e4\u00e4n aivan v\u00e4ist\u00f6liikkeen lopussa yht\u00e4 aikaa k\u00e4mmensel\u00e4n torjunnan ja ly\u00f6nnin kanssa).<\/p>\n<p>&nbsp;<\/p>\n<p><strong>Kuvilla<\/strong><\/p>\n<img loading=\"lazy\" decoding=\"async\" class=\"alignnone size-medium wp-image-1063\" src=\"http:\/\/www.budokwai.fi\/karate\/wp\/wp-content\/uploads\/2017\/04\/ippon.kumite.3.clip_.000-300x245.jpg\" alt=\"\" width=\"300\" height=\"245\" srcset=\"https:\/\/www.budokwai.fi\/karate\/wp\/wp-content\/uploads\/2017\/04\/ippon.kumite.3.clip_.000-300x245.jpg 300w, https:\/\/www.budokwai.fi\/karate\/wp\/wp-content\/uploads\/2017\/04\/ippon.kumite.3.clip_.000.jpg 305w\" sizes=\"auto, (max-width: 300px) 100vw, 300px\" \/> <img loading=\"lazy\" decoding=\"async\" class=\"alignnone size-medium wp-image-1062\" src=\"http:\/\/www.budokwai.fi\/karate\/wp\/wp-content\/uploads\/2017\/04\/ippon.kumite.3.clip_.001-300x245.jpg\" alt=\"\" width=\"300\" height=\"245\" srcset=\"https:\/\/www.budokwai.fi\/karate\/wp\/wp-content\/uploads\/2017\/04\/ippon.kumite.3.clip_.001-300x245.jpg 300w, https:\/\/www.budokwai.fi\/karate\/wp\/wp-content\/uploads\/2017\/04\/ippon.kumite.3.clip_.001.jpg 305w\" sizes=\"auto, (max-width: 300px) 100vw, 300px\" \/> <img loading=\"lazy\" decoding=\"async\" class=\"alignnone size-medium wp-image-1060\" src=\"http:\/\/www.budokwai.fi\/karate\/wp\/wp-content\/uploads\/2017\/04\/ippon.kumite.3.clip_.003-300x245.jpg\" alt=\"\" width=\"300\" height=\"245\" srcset=\"https:\/\/www.budokwai.fi\/karate\/wp\/wp-content\/uploads\/2017\/04\/ippon.kumite.3.clip_.003-300x245.jpg 300w, https:\/\/www.budokwai.fi\/karate\/wp\/wp-content\/uploads\/2017\/04\/ippon.kumite.3.clip_.003.jpg 305w\" sizes=\"auto, (max-width: 300px) 100vw, 300px\" \/> <img loading=\"lazy\" decoding=\"async\" class=\"alignnone size-medium wp-image-1061\" src=\"http:\/\/www.budokwai.fi\/karate\/wp\/wp-content\/uploads\/2017\/04\/ippon.kumite.3.clip_.002-300x245.jpg\" alt=\"\" width=\"300\" height=\"245\" srcset=\"https:\/\/www.budokwai.fi\/karate\/wp\/wp-content\/uploads\/2017\/04\/ippon.kumite.3.clip_.002-300x245.jpg 300w, https:\/\/www.budokwai.fi\/karate\/wp\/wp-content\/uploads\/2017\/04\/ippon.kumite.3.clip_.002.jpg 305w\" sizes=\"auto, (max-width: 300px) 100vw, 300px\" \/> <img loading=\"lazy\" decoding=\"async\" class=\"alignnone size-medium wp-image-1059\" src=\"http:\/\/www.budokwai.fi\/karate\/wp\/wp-content\/uploads\/2017\/04\/ippon.kumite.3.clip_.004-300x245.jpg\" alt=\"\" width=\"300\" height=\"245\" srcset=\"https:\/\/www.budokwai.fi\/karate\/wp\/wp-content\/uploads\/2017\/04\/ippon.kumite.3.clip_.004-300x245.jpg 300w, https:\/\/www.budokwai.fi\/karate\/wp\/wp-content\/uploads\/2017\/04\/ippon.kumite.3.clip_.004.jpg 305w\" sizes=\"auto, (max-width: 300px) 100vw, 300px\" \/> <img loading=\"lazy\" decoding=\"async\" class=\"alignnone size-medium wp-image-1058\" src=\"http:\/\/www.budokwai.fi\/karate\/wp\/wp-content\/uploads\/2017\/04\/ippon.kumite.3.clip_.005-300x245.jpg\" alt=\"\" width=\"300\" height=\"245\" srcset=\"https:\/\/www.budokwai.fi\/karate\/wp\/wp-content\/uploads\/2017\/04\/ippon.kumite.3.clip_.005-300x245.jpg 300w, https:\/\/www.budokwai.fi\/karate\/wp\/wp-content\/uploads\/2017\/04\/ippon.kumite.3.clip_.005.jpg 305w\" sizes=\"auto, (max-width: 300px) 100vw, 300px\" \/>\n<p>&nbsp;<\/p>\n","protected":false},"excerpt":{"rendered":"<p>Ippon Kumite\u00a0Jodan uke ipponme Sanallisesti H: Junzuki jodan P: Hy\u00f6kk\u00e4yslinjalta v\u00e4istet\u00e4\u00e4n puolustajasta n\u00e4hden ly\u00f6nnin oikealle puolelle liikkumalla taakse chiko-dachi \u2013asentoon oikean jalan pysyess\u00e4 paikoillaan. V\u00e4ist\u00f6n kanssa samanaikaisesti torjutaan tuleva ly\u00f6nti ly\u00f6nnin suuntaisella k\u00e4mmensel\u00e4n torjunnalla, haishu ukella, vasemmalla k\u00e4dell\u00e4 ja ly\u00f6d\u00e4\u00e4n hy\u00f6kk\u00e4\u00e4j\u00e4n leukaan alhaalta kohdistettu kagizuki oikealla k\u00e4dell\u00e4. Vastahy\u00f6kk\u00e4yst\u00e4 jatketaan v\u00e4litt\u00f6m\u00e4sti muuttamalla asento oikeanpuoleiseen zenkutsu-dachiin ja&#8230;  <a class=\"excerpt-read-more\" href=\"https:\/\/www.budokwai.fi\/karate\/ippon-kumite-3\/\" title=\"Ippon kumite 3\">Lue lis\u00e4\u00e4 &raquo;<\/a><\/p>\n","protected":false},"author":3,"featured_media":0,"parent":0,"menu_order":0,"comment_status":"closed","ping_status":"closed","template":"full-width.php","meta":{"_acf_changed":false,"_monsterinsights_skip_tracking":false,"_monsterinsights_sitenote_active":false,"_monsterinsights_sitenote_note":"","_monsterinsights_sitenote_category":0,"footnotes":""},"class_list":["post-660","page","type-page","status-publish","hentry"],"acf":[],"yoast_head":"<!-- This site is optimized with the Yoast SEO plugin v27.5 - https:\/\/yoast.com\/product\/yoast-seo-wordpress\/ -->\n<title>Ippon kumite 3 - Budokwai Karate<\/title>\n<meta name=\"robots\" content=\"index, follow, max-snippet:-1, max-image-preview:large, max-video-preview:-1\" \/>\n<link rel=\"canonical\" href=\"https:\/\/www.budokwai.fi\/karate\/ippon-kumite-3\/\" \/>\n<meta property=\"og:locale\" content=\"fi_FI\" \/>\n<meta property=\"og:type\" content=\"article\" \/>\n<meta property=\"og:title\" content=\"Ippon kumite 3 - Budokwai Karate\" \/>\n<meta property=\"og:description\" content=\"Ippon Kumite\u00a0Jodan uke ipponme Sanallisesti H: Junzuki jodan P: Hy\u00f6kk\u00e4yslinjalta v\u00e4istet\u00e4\u00e4n puolustajasta n\u00e4hden ly\u00f6nnin oikealle puolelle liikkumalla taakse chiko-dachi \u2013asentoon oikean jalan pysyess\u00e4 paikoillaan. V\u00e4ist\u00f6n kanssa samanaikaisesti torjutaan tuleva ly\u00f6nti ly\u00f6nnin suuntaisella k\u00e4mmensel\u00e4n torjunnalla, haishu ukella, vasemmalla k\u00e4dell\u00e4 ja ly\u00f6d\u00e4\u00e4n hy\u00f6kk\u00e4\u00e4j\u00e4n leukaan alhaalta kohdistettu kagizuki oikealla k\u00e4dell\u00e4. Vastahy\u00f6kk\u00e4yst\u00e4 jatketaan v\u00e4litt\u00f6m\u00e4sti muuttamalla asento oikeanpuoleiseen zenkutsu-dachiin ja... Lue lis\u00e4\u00e4 &raquo;\" \/>\n<meta property=\"og:url\" content=\"https:\/\/www.budokwai.fi\/karate\/ippon-kumite-3\/\" \/>\n<meta property=\"og:site_name\" content=\"Budokwai Karate\" \/>\n<meta property=\"article:publisher\" content=\"https:\/\/www.facebook.com\/budokwaikarateturku\/\" \/>\n<meta property=\"article:modified_time\" content=\"2017-04-09T19:22:36+00:00\" \/>\n<meta property=\"og:image\" content=\"http:\/\/www.budokwai.fi\/karate\/wp\/wp-content\/uploads\/2017\/04\/ippon.kumite.3.clip_.000-300x245.jpg\" \/>\n<meta name=\"twitter:card\" content=\"summary_large_image\" \/>\n<meta name=\"twitter:label1\" content=\"Est. reading time\" \/>\n\t<meta name=\"twitter:data1\" content=\"1 minute\" \/>\n<script type=\"application\/ld+json\" class=\"yoast-schema-graph\">{\"@context\":\"https:\\\/\\\/schema.org\",\"@graph\":[{\"@type\":\"WebPage\",\"@id\":\"https:\\\/\\\/www.budokwai.fi\\\/karate\\\/ippon-kumite-3\\\/\",\"url\":\"https:\\\/\\\/www.budokwai.fi\\\/karate\\\/ippon-kumite-3\\\/\",\"name\":\"Ippon kumite 3 - Budokwai Karate\",\"isPartOf\":{\"@id\":\"https:\\\/\\\/www.budokwai.fi\\\/karate\\\/#website\"},\"primaryImageOfPage\":{\"@id\":\"https:\\\/\\\/www.budokwai.fi\\\/karate\\\/ippon-kumite-3\\\/#primaryimage\"},\"image\":{\"@id\":\"https:\\\/\\\/www.budokwai.fi\\\/karate\\\/ippon-kumite-3\\\/#primaryimage\"},\"thumbnailUrl\":\"http:\\\/\\\/www.budokwai.fi\\\/karate\\\/wp\\\/wp-content\\\/uploads\\\/2017\\\/04\\\/ippon.kumite.3.clip_.000-300x245.jpg\",\"datePublished\":\"2015-10-30T21:13:53+00:00\",\"dateModified\":\"2017-04-09T19:22:36+00:00\",\"breadcrumb\":{\"@id\":\"https:\\\/\\\/www.budokwai.fi\\\/karate\\\/ippon-kumite-3\\\/#breadcrumb\"},\"inLanguage\":\"en-US\",\"potentialAction\":[{\"@type\":\"ReadAction\",\"target\":[\"https:\\\/\\\/www.budokwai.fi\\\/karate\\\/ippon-kumite-3\\\/\"]}]},{\"@type\":\"ImageObject\",\"inLanguage\":\"en-US\",\"@id\":\"https:\\\/\\\/www.budokwai.fi\\\/karate\\\/ippon-kumite-3\\\/#primaryimage\",\"url\":\"https:\\\/\\\/www.budokwai.fi\\\/karate\\\/wp\\\/wp-content\\\/uploads\\\/2017\\\/04\\\/ippon.kumite.3.clip_.000.jpg\",\"contentUrl\":\"https:\\\/\\\/www.budokwai.fi\\\/karate\\\/wp\\\/wp-content\\\/uploads\\\/2017\\\/04\\\/ippon.kumite.3.clip_.000.jpg\",\"width\":305,\"height\":249},{\"@type\":\"BreadcrumbList\",\"@id\":\"https:\\\/\\\/www.budokwai.fi\\\/karate\\\/ippon-kumite-3\\\/#breadcrumb\",\"itemListElement\":[{\"@type\":\"ListItem\",\"position\":1,\"name\":\"Home\",\"item\":\"https:\\\/\\\/www.budokwai.fi\\\/karate\\\/\"},{\"@type\":\"ListItem\",\"position\":2,\"name\":\"Ippon kumite 3\"}]},{\"@type\":\"WebSite\",\"@id\":\"https:\\\/\\\/www.budokwai.fi\\\/karate\\\/#website\",\"url\":\"https:\\\/\\\/www.budokwai.fi\\\/karate\\\/\",\"name\":\"Budokwai Karate\",\"description\":\"Budokwai karate\",\"potentialAction\":[{\"@type\":\"SearchAction\",\"target\":{\"@type\":\"EntryPoint\",\"urlTemplate\":\"https:\\\/\\\/www.budokwai.fi\\\/karate\\\/?s={search_term_string}\"},\"query-input\":{\"@type\":\"PropertyValueSpecification\",\"valueRequired\":true,\"valueName\":\"search_term_string\"}}],\"inLanguage\":\"en-US\"}]}<\/script>\n<!-- \/ Yoast SEO plugin. -->","yoast_head_json":{"title":"Ippon kumite 3 - Budokwai Karate","robots":{"index":"index","follow":"follow","max-snippet":"max-snippet:-1","max-image-preview":"max-image-preview:large","max-video-preview":"max-video-preview:-1"},"canonical":"https:\/\/www.budokwai.fi\/karate\/ippon-kumite-3\/","og_locale":"fi_FI","og_type":"article","og_title":"Ippon kumite 3 - Budokwai Karate","og_description":"Ippon Kumite\u00a0Jodan uke ipponme Sanallisesti H: Junzuki jodan P: Hy\u00f6kk\u00e4yslinjalta v\u00e4istet\u00e4\u00e4n puolustajasta n\u00e4hden ly\u00f6nnin oikealle puolelle liikkumalla taakse chiko-dachi \u2013asentoon oikean jalan pysyess\u00e4 paikoillaan. V\u00e4ist\u00f6n kanssa samanaikaisesti torjutaan tuleva ly\u00f6nti ly\u00f6nnin suuntaisella k\u00e4mmensel\u00e4n torjunnalla, haishu ukella, vasemmalla k\u00e4dell\u00e4 ja ly\u00f6d\u00e4\u00e4n hy\u00f6kk\u00e4\u00e4j\u00e4n leukaan alhaalta kohdistettu kagizuki oikealla k\u00e4dell\u00e4. Vastahy\u00f6kk\u00e4yst\u00e4 jatketaan v\u00e4litt\u00f6m\u00e4sti muuttamalla asento oikeanpuoleiseen zenkutsu-dachiin ja... Lue lis\u00e4\u00e4 &raquo;","og_url":"https:\/\/www.budokwai.fi\/karate\/ippon-kumite-3\/","og_site_name":"Budokwai Karate","article_publisher":"https:\/\/www.facebook.com\/budokwaikarateturku\/","article_modified_time":"2017-04-09T19:22:36+00:00","og_image":[{"url":"http:\/\/www.budokwai.fi\/karate\/wp\/wp-content\/uploads\/2017\/04\/ippon.kumite.3.clip_.000-300x245.jpg","type":"","width":"","height":""}],"twitter_card":"summary_large_image","twitter_misc":{"Est. reading time":"1 minute"},"schema":{"@context":"https:\/\/schema.org","@graph":[{"@type":"WebPage","@id":"https:\/\/www.budokwai.fi\/karate\/ippon-kumite-3\/","url":"https:\/\/www.budokwai.fi\/karate\/ippon-kumite-3\/","name":"Ippon kumite 3 - Budokwai Karate","isPartOf":{"@id":"https:\/\/www.budokwai.fi\/karate\/#website"},"primaryImageOfPage":{"@id":"https:\/\/www.budokwai.fi\/karate\/ippon-kumite-3\/#primaryimage"},"image":{"@id":"https:\/\/www.budokwai.fi\/karate\/ippon-kumite-3\/#primaryimage"},"thumbnailUrl":"http:\/\/www.budokwai.fi\/karate\/wp\/wp-content\/uploads\/2017\/04\/ippon.kumite.3.clip_.000-300x245.jpg","datePublished":"2015-10-30T21:13:53+00:00","dateModified":"2017-04-09T19:22:36+00:00","breadcrumb":{"@id":"https:\/\/www.budokwai.fi\/karate\/ippon-kumite-3\/#breadcrumb"},"inLanguage":"en-US","potentialAction":[{"@type":"ReadAction","target":["https:\/\/www.budokwai.fi\/karate\/ippon-kumite-3\/"]}]},{"@type":"ImageObject","inLanguage":"en-US","@id":"https:\/\/www.budokwai.fi\/karate\/ippon-kumite-3\/#primaryimage","url":"https:\/\/www.budokwai.fi\/karate\/wp\/wp-content\/uploads\/2017\/04\/ippon.kumite.3.clip_.000.jpg","contentUrl":"https:\/\/www.budokwai.fi\/karate\/wp\/wp-content\/uploads\/2017\/04\/ippon.kumite.3.clip_.000.jpg","width":305,"height":249},{"@type":"BreadcrumbList","@id":"https:\/\/www.budokwai.fi\/karate\/ippon-kumite-3\/#breadcrumb","itemListElement":[{"@type":"ListItem","position":1,"name":"Home","item":"https:\/\/www.budokwai.fi\/karate\/"},{"@type":"ListItem","position":2,"name":"Ippon kumite 3"}]},{"@type":"WebSite","@id":"https:\/\/www.budokwai.fi\/karate\/#website","url":"https:\/\/www.budokwai.fi\/karate\/","name":"Budokwai Karate","description":"Budokwai karate","potentialAction":[{"@type":"SearchAction","target":{"@type":"EntryPoint","urlTemplate":"https:\/\/www.budokwai.fi\/karate\/?s={search_term_string}"},"query-input":{"@type":"PropertyValueSpecification","valueRequired":true,"valueName":"search_term_string"}}],"inLanguage":"en-US"}]}},"_links":{"self":[{"href":"https:\/\/www.budokwai.fi\/karate\/wp-json\/wp\/v2\/pages\/660","targetHints":{"allow":["GET"]}}],"collection":[{"href":"https:\/\/www.budokwai.fi\/karate\/wp-json\/wp\/v2\/pages"}],"about":[{"href":"https:\/\/www.budokwai.fi\/karate\/wp-json\/wp\/v2\/types\/page"}],"author":[{"embeddable":true,"href":"https:\/\/www.budokwai.fi\/karate\/wp-json\/wp\/v2\/users\/3"}],"replies":[{"embeddable":true,"href":"https:\/\/www.budokwai.fi\/karate\/wp-json\/wp\/v2\/comments?post=660"}],"version-history":[{"count":3,"href":"https:\/\/www.budokwai.fi\/karate\/wp-json\/wp\/v2\/pages\/660\/revisions"}],"predecessor-version":[{"id":1064,"href":"https:\/\/www.budokwai.fi\/karate\/wp-json\/wp\/v2\/pages\/660\/revisions\/1064"}],"wp:attachment":[{"href":"https:\/\/www.budokwai.fi\/karate\/wp-json\/wp\/v2\/media?parent=660"}],"curies":[{"name":"wp","href":"https:\/\/api.w.org\/{rel}","templated":true}]}}