{"id":445,"date":"2015-10-19T23:23:37","date_gmt":"2015-10-19T20:23:37","guid":{"rendered":"http:\/\/www.budokwai.fi\/karate\/wp\/?page_id=445"},"modified":"2017-06-06T22:02:17","modified_gmt":"2017-06-06T19:02:17","slug":"sivuston-historia","status":"publish","type":"page","link":"https:\/\/www.budokwai.fi\/karate\/sivuston-historia\/","title":{"rendered":"Budokwai ry karate sivuston historia"},"content":{"rendered":"<h2><\/h2>\n<p>Budokwai ry karatejaoston sivut tulivat Internettiin ensimm\u00e4isen kerran loppusyksyst\u00e4 1994.<\/p>\n<h2>1994<\/h2>\n<p>T\u00e4ll\u00f6in sivut n\u00e4yttiv\u00e4t t\u00e4lt\u00e4.<\/p>\n<a href=\"http:\/\/www.budokwai.fi\/karate\/wp\/wp-content\/uploads\/2015\/10\/bkw_sivusto_1994_01.jpg\"><img loading=\"lazy\" decoding=\"async\" class=\"alignnone wp-image-446 size-medium\" src=\"http:\/\/www.budokwai.fi\/karate\/wp\/wp-content\/uploads\/2015\/10\/bkw_sivusto_1994_01-300x271.jpg\" alt=\"bkw_sivusto_1994_01\" width=\"300\" height=\"271\" srcset=\"https:\/\/www.budokwai.fi\/karate\/wp\/wp-content\/uploads\/2015\/10\/bkw_sivusto_1994_01-300x271.jpg 300w, https:\/\/www.budokwai.fi\/karate\/wp\/wp-content\/uploads\/2015\/10\/bkw_sivusto_1994_01.jpg 810w\" sizes=\"auto, (max-width: 300px) 100vw, 300px\" \/><\/a>\n<p>Julkisuutta sivustolle tuli enemm\u00e4n kun t\u00e4m\u00e4n sivuston yll\u00e4pit\u00e4j\u00e4 teki jutun Suomen Karateliiton BudoExpress lehteen kev\u00e4\u00e4ll\u00e4 1995. T\u00e4ss\u00e4 kuvat kyseisest\u00e4 artikkelista:<\/p>\n<a href=\"http:\/\/www.budokwai.fi\/karate\/wp\/wp-content\/uploads\/2015\/10\/budoexpress.1995.kuva1_.jpg\"><img loading=\"lazy\" decoding=\"async\" class=\"alignnone size-medium wp-image-447\" src=\"http:\/\/www.budokwai.fi\/karate\/wp\/wp-content\/uploads\/2015\/10\/budoexpress.1995.kuva1_-205x300.jpg\" alt=\"budoexpress.1995.kuva1\" width=\"205\" height=\"300\" srcset=\"https:\/\/www.budokwai.fi\/karate\/wp\/wp-content\/uploads\/2015\/10\/budoexpress.1995.kuva1_-205x300.jpg 205w, https:\/\/www.budokwai.fi\/karate\/wp\/wp-content\/uploads\/2015\/10\/budoexpress.1995.kuva1_-700x1024.jpg 700w, https:\/\/www.budokwai.fi\/karate\/wp\/wp-content\/uploads\/2015\/10\/budoexpress.1995.kuva1_.jpg 1024w\" sizes=\"auto, (max-width: 205px) 100vw, 205px\" \/><\/a>\u00a0\u00a0<a href=\"http:\/\/www.budokwai.fi\/karate\/wp\/wp-content\/uploads\/2015\/10\/budoexpress.1995.kuva2_.jpg\"><img loading=\"lazy\" decoding=\"async\" class=\"alignnone size-medium wp-image-448\" src=\"http:\/\/www.budokwai.fi\/karate\/wp\/wp-content\/uploads\/2015\/10\/budoexpress.1995.kuva2_-218x300.jpg\" alt=\"budoexpress.1995.kuva2\" width=\"218\" height=\"300\" srcset=\"https:\/\/www.budokwai.fi\/karate\/wp\/wp-content\/uploads\/2015\/10\/budoexpress.1995.kuva2_-218x300.jpg 218w, https:\/\/www.budokwai.fi\/karate\/wp\/wp-content\/uploads\/2015\/10\/budoexpress.1995.kuva2_-744x1024.jpg 744w, https:\/\/www.budokwai.fi\/karate\/wp\/wp-content\/uploads\/2015\/10\/budoexpress.1995.kuva2_.jpg 1024w\" sizes=\"auto, (max-width: 218px) 100vw, 218px\" \/><\/a>\n<h2>1997<\/h2>\n<a href=\"http:\/\/www.budokwai.fi\/karate\/wp\/wp-content\/uploads\/2015\/10\/bkw_sivusto_1997_01.jpg\"><img loading=\"lazy\" decoding=\"async\" class=\"alignnone size-medium wp-image-449\" src=\"http:\/\/www.budokwai.fi\/karate\/wp\/wp-content\/uploads\/2015\/10\/bkw_sivusto_1997_01-300x271.jpg\" alt=\"bkw_sivusto_1997_01\" width=\"300\" height=\"271\" srcset=\"https:\/\/www.budokwai.fi\/karate\/wp\/wp-content\/uploads\/2015\/10\/bkw_sivusto_1997_01-300x271.jpg 300w, https:\/\/www.budokwai.fi\/karate\/wp\/wp-content\/uploads\/2015\/10\/bkw_sivusto_1997_01.jpg 810w\" sizes=\"auto, (max-width: 300px) 100vw, 300px\" \/><\/a>\n<p>&nbsp;<\/p>\n<h2>2004<\/h2>\n<a href=\"http:\/\/www.budokwai.fi\/karate\/wp\/wp-content\/uploads\/2015\/10\/bkw_sivusto_2004.0.jpg\"><img loading=\"lazy\" decoding=\"async\" class=\"alignnone size-medium wp-image-450\" src=\"http:\/\/www.budokwai.fi\/karate\/wp\/wp-content\/uploads\/2015\/10\/bkw_sivusto_2004.0-285x300.jpg\" alt=\"bkw_sivusto_2004.0\" width=\"285\" height=\"300\" srcset=\"https:\/\/www.budokwai.fi\/karate\/wp\/wp-content\/uploads\/2015\/10\/bkw_sivusto_2004.0-285x300.jpg 285w, https:\/\/www.budokwai.fi\/karate\/wp\/wp-content\/uploads\/2015\/10\/bkw_sivusto_2004.0.jpg 901w\" sizes=\"auto, (max-width: 285px) 100vw, 285px\" \/><\/a>\n<p>&nbsp;<\/p>\n<h2>2005<\/h2>\n<a href=\"http:\/\/www.budokwai.fi\/karate\/wp\/wp-content\/uploads\/2015\/10\/bkw_sivusto_2005_001.jpg\"><img loading=\"lazy\" decoding=\"async\" class=\"alignnone size-medium wp-image-451\" src=\"http:\/\/www.budokwai.fi\/karate\/wp\/wp-content\/uploads\/2015\/10\/bkw_sivusto_2005_001-261x300.jpg\" alt=\"bkw_sivusto_2005_001\" width=\"261\" height=\"300\" srcset=\"https:\/\/www.budokwai.fi\/karate\/wp\/wp-content\/uploads\/2015\/10\/bkw_sivusto_2005_001-261x300.jpg 261w, https:\/\/www.budokwai.fi\/karate\/wp\/wp-content\/uploads\/2015\/10\/bkw_sivusto_2005_001.jpg 792w\" sizes=\"auto, (max-width: 261px) 100vw, 261px\" \/><\/a>\n<p>&nbsp;<\/p>\n<h2>2010<\/h2>\n<a href=\"http:\/\/www.budokwai.fi\/karate\/wp\/wp-content\/uploads\/2015\/10\/Budokwai_karate_main-page_2010.png\" rel=\"attachment wp-att-847\"><img loading=\"lazy\" decoding=\"async\" class=\"alignnone size-medium wp-image-847\" src=\"http:\/\/www.budokwai.fi\/karate\/wp\/wp-content\/uploads\/2015\/10\/Budokwai_karate_main-page_2010-286x300.png\" alt=\"Budokwai_karate_main-page_2010\" width=\"286\" height=\"300\" srcset=\"https:\/\/www.budokwai.fi\/karate\/wp\/wp-content\/uploads\/2015\/10\/Budokwai_karate_main-page_2010-286x300.png 286w, https:\/\/www.budokwai.fi\/karate\/wp\/wp-content\/uploads\/2015\/10\/Budokwai_karate_main-page_2010-768x805.png 768w, https:\/\/www.budokwai.fi\/karate\/wp\/wp-content\/uploads\/2015\/10\/Budokwai_karate_main-page_2010.png 833w\" sizes=\"auto, (max-width: 286px) 100vw, 286px\" \/><\/a>\n<p>&nbsp;<\/p>\n<h2>2017<\/h2>\n<a href=\"http:\/\/www.budokwai.fi\/karate\/wp\/wp-content\/uploads\/2015\/10\/Budokwai_karate_paasivu_2017.png\"><img loading=\"lazy\" decoding=\"async\" class=\"alignleft size-medium wp-image-2762\" src=\"http:\/\/www.budokwai.fi\/karate\/wp\/wp-content\/uploads\/2015\/10\/Budokwai_karate_paasivu_2017-289x300.png\" alt=\"\" width=\"289\" height=\"300\" srcset=\"https:\/\/www.budokwai.fi\/karate\/wp\/wp-content\/uploads\/2015\/10\/Budokwai_karate_paasivu_2017-289x300.png 289w, https:\/\/www.budokwai.fi\/karate\/wp\/wp-content\/uploads\/2015\/10\/Budokwai_karate_paasivu_2017-768x798.png 768w, https:\/\/www.budokwai.fi\/karate\/wp\/wp-content\/uploads\/2015\/10\/Budokwai_karate_paasivu_2017.png 925w\" sizes=\"auto, (max-width: 289px) 100vw, 289px\" \/><\/a>\n","protected":false},"excerpt":{"rendered":"<p>Budokwai ry karatejaoston sivut tulivat Internettiin ensimm\u00e4isen kerran loppusyksyst\u00e4 1994. 1994 T\u00e4ll\u00f6in sivut n\u00e4yttiv\u00e4t t\u00e4lt\u00e4. Julkisuutta sivustolle tuli enemm\u00e4n kun t\u00e4m\u00e4n sivuston yll\u00e4pit\u00e4j\u00e4 teki jutun Suomen Karateliiton BudoExpress lehteen kev\u00e4\u00e4ll\u00e4 1995. T\u00e4ss\u00e4 kuvat kyseisest\u00e4 artikkelista: \u00a0\u00a0 1997 &nbsp; 2004 &nbsp; 2005 &nbsp; 2010 &nbsp; 2017<\/p>\n","protected":false},"author":3,"featured_media":0,"parent":0,"menu_order":0,"comment_status":"closed","ping_status":"closed","template":"","meta":{"_acf_changed":false,"_monsterinsights_skip_tracking":false,"_monsterinsights_sitenote_active":false,"_monsterinsights_sitenote_note":"","_monsterinsights_sitenote_category":0,"footnotes":""},"class_list":["post-445","page","type-page","status-publish","hentry"],"acf":[],"yoast_head":"<!-- This site is optimized with the Yoast SEO plugin v27.4 - https:\/\/yoast.com\/product\/yoast-seo-wordpress\/ -->\n<title>Budokwai ry karate sivuston historia - Budokwai Karate<\/title>\n<meta name=\"robots\" content=\"index, follow, max-snippet:-1, max-image-preview:large, max-video-preview:-1\" \/>\n<link rel=\"canonical\" href=\"https:\/\/www.budokwai.fi\/karate\/sivuston-historia\/\" \/>\n<meta property=\"og:locale\" content=\"fi_FI\" \/>\n<meta property=\"og:type\" content=\"article\" \/>\n<meta property=\"og:title\" content=\"Budokwai ry karate sivuston historia - Budokwai Karate\" \/>\n<meta property=\"og:description\" content=\"Budokwai ry karatejaoston sivut tulivat Internettiin ensimm\u00e4isen kerran loppusyksyst\u00e4 1994. 1994 T\u00e4ll\u00f6in sivut n\u00e4yttiv\u00e4t t\u00e4lt\u00e4. Julkisuutta sivustolle tuli enemm\u00e4n kun t\u00e4m\u00e4n sivuston yll\u00e4pit\u00e4j\u00e4 teki jutun Suomen Karateliiton BudoExpress lehteen kev\u00e4\u00e4ll\u00e4 1995. T\u00e4ss\u00e4 kuvat kyseisest\u00e4 artikkelista: \u00a0\u00a0 1997 &nbsp; 2004 &nbsp; 2005 &nbsp; 2010 &nbsp; 2017\" \/>\n<meta property=\"og:url\" content=\"https:\/\/www.budokwai.fi\/karate\/sivuston-historia\/\" \/>\n<meta property=\"og:site_name\" content=\"Budokwai Karate\" \/>\n<meta property=\"article:publisher\" content=\"https:\/\/www.facebook.com\/budokwaikarateturku\/\" \/>\n<meta property=\"article:modified_time\" content=\"2017-06-06T19:02:17+00:00\" \/>\n<meta property=\"og:image\" content=\"http:\/\/www.budokwai.fi\/karate\/wp\/wp-content\/uploads\/2015\/10\/bkw_sivusto_1994_01-300x271.jpg\" \/>\n<meta name=\"twitter:card\" content=\"summary_large_image\" \/>\n<script type=\"application\/ld+json\" class=\"yoast-schema-graph\">{\"@context\":\"https:\\\/\\\/schema.org\",\"@graph\":[{\"@type\":\"WebPage\",\"@id\":\"https:\\\/\\\/www.budokwai.fi\\\/karate\\\/sivuston-historia\\\/\",\"url\":\"https:\\\/\\\/www.budokwai.fi\\\/karate\\\/sivuston-historia\\\/\",\"name\":\"Budokwai ry karate sivuston historia - Budokwai Karate\",\"isPartOf\":{\"@id\":\"https:\\\/\\\/www.budokwai.fi\\\/karate\\\/#website\"},\"primaryImageOfPage\":{\"@id\":\"https:\\\/\\\/www.budokwai.fi\\\/karate\\\/sivuston-historia\\\/#primaryimage\"},\"image\":{\"@id\":\"https:\\\/\\\/www.budokwai.fi\\\/karate\\\/sivuston-historia\\\/#primaryimage\"},\"thumbnailUrl\":\"http:\\\/\\\/www.budokwai.fi\\\/karate\\\/wp\\\/wp-content\\\/uploads\\\/2015\\\/10\\\/bkw_sivusto_1994_01-300x271.jpg\",\"datePublished\":\"2015-10-19T20:23:37+00:00\",\"dateModified\":\"2017-06-06T19:02:17+00:00\",\"breadcrumb\":{\"@id\":\"https:\\\/\\\/www.budokwai.fi\\\/karate\\\/sivuston-historia\\\/#breadcrumb\"},\"inLanguage\":\"en-US\",\"potentialAction\":[{\"@type\":\"ReadAction\",\"target\":[\"https:\\\/\\\/www.budokwai.fi\\\/karate\\\/sivuston-historia\\\/\"]}]},{\"@type\":\"ImageObject\",\"inLanguage\":\"en-US\",\"@id\":\"https:\\\/\\\/www.budokwai.fi\\\/karate\\\/sivuston-historia\\\/#primaryimage\",\"url\":\"https:\\\/\\\/www.budokwai.fi\\\/karate\\\/wp\\\/wp-content\\\/uploads\\\/2015\\\/10\\\/bkw_sivusto_1994_01.jpg\",\"contentUrl\":\"https:\\\/\\\/www.budokwai.fi\\\/karate\\\/wp\\\/wp-content\\\/uploads\\\/2015\\\/10\\\/bkw_sivusto_1994_01.jpg\",\"width\":810,\"height\":732},{\"@type\":\"BreadcrumbList\",\"@id\":\"https:\\\/\\\/www.budokwai.fi\\\/karate\\\/sivuston-historia\\\/#breadcrumb\",\"itemListElement\":[{\"@type\":\"ListItem\",\"position\":1,\"name\":\"Home\",\"item\":\"https:\\\/\\\/www.budokwai.fi\\\/karate\\\/\"},{\"@type\":\"ListItem\",\"position\":2,\"name\":\"Budokwai ry karate sivuston historia\"}]},{\"@type\":\"WebSite\",\"@id\":\"https:\\\/\\\/www.budokwai.fi\\\/karate\\\/#website\",\"url\":\"https:\\\/\\\/www.budokwai.fi\\\/karate\\\/\",\"name\":\"Budokwai Karate\",\"description\":\"Budokwai karate\",\"potentialAction\":[{\"@type\":\"SearchAction\",\"target\":{\"@type\":\"EntryPoint\",\"urlTemplate\":\"https:\\\/\\\/www.budokwai.fi\\\/karate\\\/?s={search_term_string}\"},\"query-input\":{\"@type\":\"PropertyValueSpecification\",\"valueRequired\":true,\"valueName\":\"search_term_string\"}}],\"inLanguage\":\"en-US\"}]}<\/script>\n<!-- \/ Yoast SEO plugin. -->","yoast_head_json":{"title":"Budokwai ry karate sivuston historia - Budokwai Karate","robots":{"index":"index","follow":"follow","max-snippet":"max-snippet:-1","max-image-preview":"max-image-preview:large","max-video-preview":"max-video-preview:-1"},"canonical":"https:\/\/www.budokwai.fi\/karate\/sivuston-historia\/","og_locale":"fi_FI","og_type":"article","og_title":"Budokwai ry karate sivuston historia - Budokwai Karate","og_description":"Budokwai ry karatejaoston sivut tulivat Internettiin ensimm\u00e4isen kerran loppusyksyst\u00e4 1994. 1994 T\u00e4ll\u00f6in sivut n\u00e4yttiv\u00e4t t\u00e4lt\u00e4. Julkisuutta sivustolle tuli enemm\u00e4n kun t\u00e4m\u00e4n sivuston yll\u00e4pit\u00e4j\u00e4 teki jutun Suomen Karateliiton BudoExpress lehteen kev\u00e4\u00e4ll\u00e4 1995. T\u00e4ss\u00e4 kuvat kyseisest\u00e4 artikkelista: \u00a0\u00a0 1997 &nbsp; 2004 &nbsp; 2005 &nbsp; 2010 &nbsp; 2017","og_url":"https:\/\/www.budokwai.fi\/karate\/sivuston-historia\/","og_site_name":"Budokwai Karate","article_publisher":"https:\/\/www.facebook.com\/budokwaikarateturku\/","article_modified_time":"2017-06-06T19:02:17+00:00","og_image":[{"url":"http:\/\/www.budokwai.fi\/karate\/wp\/wp-content\/uploads\/2015\/10\/bkw_sivusto_1994_01-300x271.jpg","type":"","width":"","height":""}],"twitter_card":"summary_large_image","schema":{"@context":"https:\/\/schema.org","@graph":[{"@type":"WebPage","@id":"https:\/\/www.budokwai.fi\/karate\/sivuston-historia\/","url":"https:\/\/www.budokwai.fi\/karate\/sivuston-historia\/","name":"Budokwai ry karate sivuston historia - Budokwai Karate","isPartOf":{"@id":"https:\/\/www.budokwai.fi\/karate\/#website"},"primaryImageOfPage":{"@id":"https:\/\/www.budokwai.fi\/karate\/sivuston-historia\/#primaryimage"},"image":{"@id":"https:\/\/www.budokwai.fi\/karate\/sivuston-historia\/#primaryimage"},"thumbnailUrl":"http:\/\/www.budokwai.fi\/karate\/wp\/wp-content\/uploads\/2015\/10\/bkw_sivusto_1994_01-300x271.jpg","datePublished":"2015-10-19T20:23:37+00:00","dateModified":"2017-06-06T19:02:17+00:00","breadcrumb":{"@id":"https:\/\/www.budokwai.fi\/karate\/sivuston-historia\/#breadcrumb"},"inLanguage":"en-US","potentialAction":[{"@type":"ReadAction","target":["https:\/\/www.budokwai.fi\/karate\/sivuston-historia\/"]}]},{"@type":"ImageObject","inLanguage":"en-US","@id":"https:\/\/www.budokwai.fi\/karate\/sivuston-historia\/#primaryimage","url":"https:\/\/www.budokwai.fi\/karate\/wp\/wp-content\/uploads\/2015\/10\/bkw_sivusto_1994_01.jpg","contentUrl":"https:\/\/www.budokwai.fi\/karate\/wp\/wp-content\/uploads\/2015\/10\/bkw_sivusto_1994_01.jpg","width":810,"height":732},{"@type":"BreadcrumbList","@id":"https:\/\/www.budokwai.fi\/karate\/sivuston-historia\/#breadcrumb","itemListElement":[{"@type":"ListItem","position":1,"name":"Home","item":"https:\/\/www.budokwai.fi\/karate\/"},{"@type":"ListItem","position":2,"name":"Budokwai ry karate sivuston historia"}]},{"@type":"WebSite","@id":"https:\/\/www.budokwai.fi\/karate\/#website","url":"https:\/\/www.budokwai.fi\/karate\/","name":"Budokwai Karate","description":"Budokwai karate","potentialAction":[{"@type":"SearchAction","target":{"@type":"EntryPoint","urlTemplate":"https:\/\/www.budokwai.fi\/karate\/?s={search_term_string}"},"query-input":{"@type":"PropertyValueSpecification","valueRequired":true,"valueName":"search_term_string"}}],"inLanguage":"en-US"}]}},"_links":{"self":[{"href":"https:\/\/www.budokwai.fi\/karate\/wp-json\/wp\/v2\/pages\/445","targetHints":{"allow":["GET"]}}],"collection":[{"href":"https:\/\/www.budokwai.fi\/karate\/wp-json\/wp\/v2\/pages"}],"about":[{"href":"https:\/\/www.budokwai.fi\/karate\/wp-json\/wp\/v2\/types\/page"}],"author":[{"embeddable":true,"href":"https:\/\/www.budokwai.fi\/karate\/wp-json\/wp\/v2\/users\/3"}],"replies":[{"embeddable":true,"href":"https:\/\/www.budokwai.fi\/karate\/wp-json\/wp\/v2\/comments?post=445"}],"version-history":[{"count":11,"href":"https:\/\/www.budokwai.fi\/karate\/wp-json\/wp\/v2\/pages\/445\/revisions"}],"predecessor-version":[{"id":2764,"href":"https:\/\/www.budokwai.fi\/karate\/wp-json\/wp\/v2\/pages\/445\/revisions\/2764"}],"wp:attachment":[{"href":"https:\/\/www.budokwai.fi\/karate\/wp-json\/wp\/v2\/media?parent=445"}],"curies":[{"name":"wp","href":"https:\/\/api.w.org\/{rel}","templated":true}]}}