{"id":437,"date":"2015-10-19T23:10:46","date_gmt":"2015-10-19T20:10:46","guid":{"rendered":"http:\/\/www.budokwai.fi\/karate\/wp\/?page_id=437"},"modified":"2015-10-30T22:23:13","modified_gmt":"2015-10-30T20:23:13","slug":"pyykkipoikaottelun-saannot-6-9v","status":"publish","type":"page","link":"https:\/\/www.budokwai.fi\/karate\/pyykkipoikaottelun-saannot-6-9v\/","title":{"rendered":"Pyykkipoikaottelun s\u00e4\u00e4nn\u00f6t (6-9v)"},"content":{"rendered":"<h2><\/h2>\n<ul>\n<li>Lasten kilpaileminen on mahdollisimman lajinomaista ja leikinomaista ja sen tulee aina tapahtua lasten ehdoilla.<\/li>\n<li>Otteluaika on 1,5 minuuttia. Ottelu p\u00e4\u00e4ttyy ajan loppuessa tai 8 pisteen erolla. Lis\u00e4ksi ottelut voidaan k\u00e4yd\u00e4 poolina, jos ottelijoita on kuusi tai v\u00e4hemm\u00e4n<\/li>\n<li>Ottelualue on 6 x 6 metri\u00e4<\/li>\n<\/ul>\n<ul>\n<li>Pyykkipoikia on nelj\u00e4, kolme edess\u00e4 ja yksi takana. Pyykkipojan irrotessa tuomari laittaa sen takaisin ottelijan pukuun samalle paikalle<\/li>\n<li>Jos pyykkipojan saa irti vastustajan puvusta lajinomaisella tekniikalla (zuki), mutta se tippuu, annetaan ippon (yksi piste).<\/li>\n<li>Jos pyykkipoika j\u00e4\u00e4 k\u00e4teen, annetaan Nihon (kaksi pistett\u00e4). Jos kumpikin irrottaa pyykkipojan, pisteen saa se ottelija, joka teki suorituksen ensin. Jos suoritus on yht\u00e4aikainen, tuomitaan aiuchi. (vrt. aikuisten s\u00e4\u00e4nn\u00f6t). Sanbon (kolme pistett\u00e4) annetaan selke\u00e4st\u00e4 horjutuksesta (ashibarai) sek\u00e4 irti saadusta pyykkipojasta, riippumatta siit\u00e4 j\u00e4\u00e4k\u00f6 se k\u00e4teen vai ei<\/li>\n<li>Ottelun tuomaristo koostuu kahdesta tuomarista (p\u00e4\u00e4tuomari ja juokseva aputuomari).<\/li>\n<li>Jos kumpikaan ottelijoista ei ottelun p\u00e4\u00e4tytty\u00e4 ole saanut pistett\u00e4, tai jos molemmilla on sama pistem\u00e4\u00e4r\u00e4, tehd\u00e4\u00e4n ratkaisu hanteilla. Tasatilanteessa ei k\u00e4yd\u00e4 uusintaottelua (sai-shiai).<\/li>\n<li>Ly\u00f6nnit, potkut ja maahan asti viedyt kaadot ovat kiellettyj\u00e4. Ashibarai (pyyhk\u00e4isy) on sallittu.<\/li>\n<li>Muilta osin k\u00e4yt\u00f6ss\u00e4 ovat WKF:n s\u00e4\u00e4nn\u00f6t, eli esim. rajanylityksist\u00e4 ja kielletyist\u00e4 toiminnoista varoitetaan normaaliin tapaan. Lis\u00e4ksi kiellettyj\u00e4 kategoria 2 toimintoja ovat:<br \/>\n-suljettu, passiivinen otteluasento, jossa ottelija suojaa k\u00e4sill\u00e4\u00e4n pyykkipoikia<br \/>\n-kaksin k\u00e4sin tehdyt ylh\u00e4\u00e4lt\u00e4 alasp\u00e4in tehdyt torjunnat tai ty\u00f6nn\u00f6t<\/li>\n<li>Annettaessa pistett\u00e4, varoitusta, rangaistusta ym., tulee tuomarin japanilaisten termien lis\u00e4ksi selitt\u00e4\u00e4 termit suomeksi. Lasten tulee aina ymm\u00e4rt\u00e4\u00e4 tuomarin ohjeet.<\/li>\n<li>Tuomarin tulee aina kilpailusarjan alussa selitt\u00e4\u00e4 kilpailijoille voimassa olevat s\u00e4\u00e4nn\u00f6t lapsille tajuttavalla tavalla, sek\u00e4 olla valmis vastaamaan kilpailijoiden, ohjaajien tai vanhempien esitt\u00e4miin kysymyksiin.<\/li>\n<li>Suojat eiv\u00e4t ole pakollisia.<\/li>\n<\/ul>\n","protected":false},"excerpt":{"rendered":"<p>Lasten kilpaileminen on mahdollisimman lajinomaista ja leikinomaista ja sen tulee aina tapahtua lasten ehdoilla. Otteluaika on 1,5 minuuttia. Ottelu p\u00e4\u00e4ttyy ajan loppuessa tai 8 pisteen erolla. Lis\u00e4ksi ottelut voidaan k\u00e4yd\u00e4 poolina, jos ottelijoita on kuusi tai v\u00e4hemm\u00e4n Ottelualue on 6 x 6 metri\u00e4 Pyykkipoikia on nelj\u00e4, kolme edess\u00e4 ja yksi takana. Pyykkipojan irrotessa tuomari laittaa&#8230;  <a class=\"excerpt-read-more\" href=\"https:\/\/www.budokwai.fi\/karate\/pyykkipoikaottelun-saannot-6-9v\/\" title=\"Pyykkipoikaottelun s\u00e4\u00e4nn\u00f6t (6-9v)\">Lue lis\u00e4\u00e4 &raquo;<\/a><\/p>\n","protected":false},"author":3,"featured_media":0,"parent":0,"menu_order":0,"comment_status":"closed","ping_status":"closed","template":"","meta":{"_acf_changed":false,"_monsterinsights_skip_tracking":false,"_monsterinsights_sitenote_active":false,"_monsterinsights_sitenote_note":"","_monsterinsights_sitenote_category":0,"footnotes":""},"class_list":["post-437","page","type-page","status-publish","hentry"],"acf":[],"yoast_head":"<!-- This site is optimized with the Yoast SEO plugin v27.4 - https:\/\/yoast.com\/product\/yoast-seo-wordpress\/ -->\n<title>Pyykkipoikaottelun s\u00e4\u00e4nn\u00f6t (6-9v) - Budokwai Karate<\/title>\n<meta name=\"robots\" content=\"index, follow, max-snippet:-1, max-image-preview:large, max-video-preview:-1\" \/>\n<link rel=\"canonical\" href=\"https:\/\/www.budokwai.fi\/karate\/pyykkipoikaottelun-saannot-6-9v\/\" \/>\n<meta property=\"og:locale\" content=\"fi_FI\" \/>\n<meta property=\"og:type\" content=\"article\" \/>\n<meta property=\"og:title\" content=\"Pyykkipoikaottelun s\u00e4\u00e4nn\u00f6t (6-9v) - Budokwai Karate\" \/>\n<meta property=\"og:description\" content=\"Lasten kilpaileminen on mahdollisimman lajinomaista ja leikinomaista ja sen tulee aina tapahtua lasten ehdoilla. Otteluaika on 1,5 minuuttia. Ottelu p\u00e4\u00e4ttyy ajan loppuessa tai 8 pisteen erolla. Lis\u00e4ksi ottelut voidaan k\u00e4yd\u00e4 poolina, jos ottelijoita on kuusi tai v\u00e4hemm\u00e4n Ottelualue on 6 x 6 metri\u00e4 Pyykkipoikia on nelj\u00e4, kolme edess\u00e4 ja yksi takana. Pyykkipojan irrotessa tuomari laittaa... Lue lis\u00e4\u00e4 &raquo;\" \/>\n<meta property=\"og:url\" content=\"https:\/\/www.budokwai.fi\/karate\/pyykkipoikaottelun-saannot-6-9v\/\" \/>\n<meta property=\"og:site_name\" content=\"Budokwai Karate\" \/>\n<meta property=\"article:publisher\" content=\"https:\/\/www.facebook.com\/budokwaikarateturku\/\" \/>\n<meta property=\"article:modified_time\" content=\"2015-10-30T20:23:13+00:00\" \/>\n<meta property=\"og:image\" content=\"https:\/\/www.budokwai.fi\/karate\/wp\/wp-content\/uploads\/2017\/06\/Budokwai_karate2.png\" \/>\n\t<meta property=\"og:image:width\" content=\"395\" \/>\n\t<meta property=\"og:image:height\" content=\"390\" \/>\n\t<meta property=\"og:image:type\" content=\"image\/png\" \/>\n<meta name=\"twitter:card\" content=\"summary_large_image\" \/>\n<meta name=\"twitter:label1\" content=\"Est. reading time\" \/>\n\t<meta name=\"twitter:data1\" content=\"1 minute\" \/>\n<script type=\"application\/ld+json\" class=\"yoast-schema-graph\">{\"@context\":\"https:\\\/\\\/schema.org\",\"@graph\":[{\"@type\":\"WebPage\",\"@id\":\"https:\\\/\\\/www.budokwai.fi\\\/karate\\\/pyykkipoikaottelun-saannot-6-9v\\\/\",\"url\":\"https:\\\/\\\/www.budokwai.fi\\\/karate\\\/pyykkipoikaottelun-saannot-6-9v\\\/\",\"name\":\"Pyykkipoikaottelun s\u00e4\u00e4nn\u00f6t (6-9v) - Budokwai Karate\",\"isPartOf\":{\"@id\":\"https:\\\/\\\/www.budokwai.fi\\\/karate\\\/#website\"},\"datePublished\":\"2015-10-19T20:10:46+00:00\",\"dateModified\":\"2015-10-30T20:23:13+00:00\",\"breadcrumb\":{\"@id\":\"https:\\\/\\\/www.budokwai.fi\\\/karate\\\/pyykkipoikaottelun-saannot-6-9v\\\/#breadcrumb\"},\"inLanguage\":\"en-US\",\"potentialAction\":[{\"@type\":\"ReadAction\",\"target\":[\"https:\\\/\\\/www.budokwai.fi\\\/karate\\\/pyykkipoikaottelun-saannot-6-9v\\\/\"]}]},{\"@type\":\"BreadcrumbList\",\"@id\":\"https:\\\/\\\/www.budokwai.fi\\\/karate\\\/pyykkipoikaottelun-saannot-6-9v\\\/#breadcrumb\",\"itemListElement\":[{\"@type\":\"ListItem\",\"position\":1,\"name\":\"Home\",\"item\":\"https:\\\/\\\/www.budokwai.fi\\\/karate\\\/\"},{\"@type\":\"ListItem\",\"position\":2,\"name\":\"Pyykkipoikaottelun s\u00e4\u00e4nn\u00f6t (6-9v)\"}]},{\"@type\":\"WebSite\",\"@id\":\"https:\\\/\\\/www.budokwai.fi\\\/karate\\\/#website\",\"url\":\"https:\\\/\\\/www.budokwai.fi\\\/karate\\\/\",\"name\":\"Budokwai Karate\",\"description\":\"Budokwai karate\",\"potentialAction\":[{\"@type\":\"SearchAction\",\"target\":{\"@type\":\"EntryPoint\",\"urlTemplate\":\"https:\\\/\\\/www.budokwai.fi\\\/karate\\\/?s={search_term_string}\"},\"query-input\":{\"@type\":\"PropertyValueSpecification\",\"valueRequired\":true,\"valueName\":\"search_term_string\"}}],\"inLanguage\":\"en-US\"}]}<\/script>\n<!-- \/ Yoast SEO plugin. -->","yoast_head_json":{"title":"Pyykkipoikaottelun s\u00e4\u00e4nn\u00f6t (6-9v) - Budokwai Karate","robots":{"index":"index","follow":"follow","max-snippet":"max-snippet:-1","max-image-preview":"max-image-preview:large","max-video-preview":"max-video-preview:-1"},"canonical":"https:\/\/www.budokwai.fi\/karate\/pyykkipoikaottelun-saannot-6-9v\/","og_locale":"fi_FI","og_type":"article","og_title":"Pyykkipoikaottelun s\u00e4\u00e4nn\u00f6t (6-9v) - Budokwai Karate","og_description":"Lasten kilpaileminen on mahdollisimman lajinomaista ja leikinomaista ja sen tulee aina tapahtua lasten ehdoilla. Otteluaika on 1,5 minuuttia. Ottelu p\u00e4\u00e4ttyy ajan loppuessa tai 8 pisteen erolla. Lis\u00e4ksi ottelut voidaan k\u00e4yd\u00e4 poolina, jos ottelijoita on kuusi tai v\u00e4hemm\u00e4n Ottelualue on 6 x 6 metri\u00e4 Pyykkipoikia on nelj\u00e4, kolme edess\u00e4 ja yksi takana. Pyykkipojan irrotessa tuomari laittaa... Lue lis\u00e4\u00e4 &raquo;","og_url":"https:\/\/www.budokwai.fi\/karate\/pyykkipoikaottelun-saannot-6-9v\/","og_site_name":"Budokwai Karate","article_publisher":"https:\/\/www.facebook.com\/budokwaikarateturku\/","article_modified_time":"2015-10-30T20:23:13+00:00","og_image":[{"width":395,"height":390,"url":"https:\/\/www.budokwai.fi\/karate\/wp\/wp-content\/uploads\/2017\/06\/Budokwai_karate2.png","type":"image\/png"}],"twitter_card":"summary_large_image","twitter_misc":{"Est. reading time":"1 minute"},"schema":{"@context":"https:\/\/schema.org","@graph":[{"@type":"WebPage","@id":"https:\/\/www.budokwai.fi\/karate\/pyykkipoikaottelun-saannot-6-9v\/","url":"https:\/\/www.budokwai.fi\/karate\/pyykkipoikaottelun-saannot-6-9v\/","name":"Pyykkipoikaottelun s\u00e4\u00e4nn\u00f6t (6-9v) - Budokwai Karate","isPartOf":{"@id":"https:\/\/www.budokwai.fi\/karate\/#website"},"datePublished":"2015-10-19T20:10:46+00:00","dateModified":"2015-10-30T20:23:13+00:00","breadcrumb":{"@id":"https:\/\/www.budokwai.fi\/karate\/pyykkipoikaottelun-saannot-6-9v\/#breadcrumb"},"inLanguage":"en-US","potentialAction":[{"@type":"ReadAction","target":["https:\/\/www.budokwai.fi\/karate\/pyykkipoikaottelun-saannot-6-9v\/"]}]},{"@type":"BreadcrumbList","@id":"https:\/\/www.budokwai.fi\/karate\/pyykkipoikaottelun-saannot-6-9v\/#breadcrumb","itemListElement":[{"@type":"ListItem","position":1,"name":"Home","item":"https:\/\/www.budokwai.fi\/karate\/"},{"@type":"ListItem","position":2,"name":"Pyykkipoikaottelun s\u00e4\u00e4nn\u00f6t (6-9v)"}]},{"@type":"WebSite","@id":"https:\/\/www.budokwai.fi\/karate\/#website","url":"https:\/\/www.budokwai.fi\/karate\/","name":"Budokwai Karate","description":"Budokwai karate","potentialAction":[{"@type":"SearchAction","target":{"@type":"EntryPoint","urlTemplate":"https:\/\/www.budokwai.fi\/karate\/?s={search_term_string}"},"query-input":{"@type":"PropertyValueSpecification","valueRequired":true,"valueName":"search_term_string"}}],"inLanguage":"en-US"}]}},"_links":{"self":[{"href":"https:\/\/www.budokwai.fi\/karate\/wp-json\/wp\/v2\/pages\/437","targetHints":{"allow":["GET"]}}],"collection":[{"href":"https:\/\/www.budokwai.fi\/karate\/wp-json\/wp\/v2\/pages"}],"about":[{"href":"https:\/\/www.budokwai.fi\/karate\/wp-json\/wp\/v2\/types\/page"}],"author":[{"embeddable":true,"href":"https:\/\/www.budokwai.fi\/karate\/wp-json\/wp\/v2\/users\/3"}],"replies":[{"embeddable":true,"href":"https:\/\/www.budokwai.fi\/karate\/wp-json\/wp\/v2\/comments?post=437"}],"version-history":[{"count":4,"href":"https:\/\/www.budokwai.fi\/karate\/wp-json\/wp\/v2\/pages\/437\/revisions"}],"predecessor-version":[{"id":604,"href":"https:\/\/www.budokwai.fi\/karate\/wp-json\/wp\/v2\/pages\/437\/revisions\/604"}],"wp:attachment":[{"href":"https:\/\/www.budokwai.fi\/karate\/wp-json\/wp\/v2\/media?parent=437"}],"curies":[{"name":"wp","href":"https:\/\/api.w.org\/{rel}","templated":true}]}}