{"id":424,"date":"2015-10-19T23:02:21","date_gmt":"2015-10-19T20:02:21","guid":{"rendered":"http:\/\/www.budokwai.fi\/karate\/wp\/?page_id=424"},"modified":"2020-10-18T21:58:39","modified_gmt":"2020-10-18T18:58:39","slug":"pelisaannot","status":"publish","type":"page","link":"https:\/\/www.budokwai.fi\/karate\/pelisaannot\/","title":{"rendered":"Pelis\u00e4\u00e4nn\u00f6t"},"content":{"rendered":"<p>Nuori Suomi -toimintaan kuuluu yhten\u00e4 osana yhteisten pelis\u00e4\u00e4nt\u00f6jen laatiminen. T\u00e4ll\u00e4 pyrit\u00e4\u00e4n auttamaan ryhm\u00e4n toimintaa ja kannustamaan liikkumaan.<\/p>\n<p>Ohessa voimassa olevat yhteisesti harjoitusryhmien kesken laaditut Pelis\u00e4\u00e4nn\u00f6t:<\/p>\n<h2><\/h2>\n<h2><a href=\"http:\/\/www.budokwai.fi\/karate\/wp\/wp-content\/uploads\/2015\/10\/2017-04-01.pelisaannot_jatkoryhma1_small.jpg\">Karatekids (Kirsi)<\/a><\/h2>\n<p>\u200b<\/p>\n<table style=\"border-collapse: collapse; width: 100%;\">\n<tbody>\n<tr>\n<td style=\"width: 100%;\"><a href=\"http:\/\/www.budokwai.fi\/karate\/wp\/wp-content\/uploads\/2020\/10\/IMG_3668-Karatekids2-1-e1603046114984.jpg\"><img loading=\"lazy\" decoding=\"async\" class=\"alignleft  wp-image-4098\" src=\"http:\/\/www.budokwai.fi\/karate\/wp\/wp-content\/uploads\/2020\/10\/IMG_3668-Karatekids2-1-e1603046114984-768x1024.jpg\" alt=\"\" width=\"398\" height=\"531\" srcset=\"https:\/\/www.budokwai.fi\/karate\/wp\/wp-content\/uploads\/2020\/10\/IMG_3668-Karatekids2-1-e1603046114984-768x1024.jpg 768w, https:\/\/www.budokwai.fi\/karate\/wp\/wp-content\/uploads\/2020\/10\/IMG_3668-Karatekids2-1-e1603046114984-225x300.jpg 225w, https:\/\/www.budokwai.fi\/karate\/wp\/wp-content\/uploads\/2020\/10\/IMG_3668-Karatekids2-1-e1603046114984-600x800.jpg 600w\" sizes=\"auto, (max-width: 398px) 100vw, 398px\" \/><\/a><\/td>\n<\/tr>\n<\/tbody>\n<\/table>\n<h2><\/h2>\n<h2><a href=\"http:\/\/www.budokwai.fi\/karate\/wp\/wp-content\/uploads\/2015\/10\/2017-04-01.pelisaannot_jatkoryhma1_small.jpg\">Lasten ja Nuorten peruskurssi (Kirsi)<\/a><\/h2>\n<table style=\"border-collapse: collapse; width: 100%;\">\n<tbody>\n<tr>\n<td style=\"width: 100%;\"><a href=\"http:\/\/www.budokwai.fi\/karate\/wp\/wp-content\/uploads\/2020\/10\/IMG_3670-Alkeiskurssi-e1603046203855.jpg\"><img loading=\"lazy\" decoding=\"async\" class=\"alignleft  wp-image-4100\" src=\"http:\/\/www.budokwai.fi\/karate\/wp\/wp-content\/uploads\/2020\/10\/IMG_3670-Alkeiskurssi-e1603046203855-768x1024.jpg\" alt=\"\" width=\"383\" height=\"511\" srcset=\"https:\/\/www.budokwai.fi\/karate\/wp\/wp-content\/uploads\/2020\/10\/IMG_3670-Alkeiskurssi-e1603046203855-768x1024.jpg 768w, https:\/\/www.budokwai.fi\/karate\/wp\/wp-content\/uploads\/2020\/10\/IMG_3670-Alkeiskurssi-e1603046203855-225x300.jpg 225w, https:\/\/www.budokwai.fi\/karate\/wp\/wp-content\/uploads\/2020\/10\/IMG_3670-Alkeiskurssi-e1603046203855-600x800.jpg 600w\" sizes=\"auto, (max-width: 383px) 100vw, 383px\" \/><\/a><\/td>\n<\/tr>\n<\/tbody>\n<\/table>\n<h2><a href=\"http:\/\/www.budokwai.fi\/karate\/wp\/wp-content\/uploads\/2015\/10\/2017-04-01.pelisaannot_jatkoryhma1_small.jpg\">Jatkokurssi 1 (Ismo)<\/a><\/h2>\n<table style=\"border-collapse: collapse; width: 65.3448%; height: 608px;\">\n<tbody>\n<tr>\n<td style=\"width: 100%;\"><a href=\"http:\/\/www.budokwai.fi\/karate\/wp\/wp-content\/uploads\/2020\/10\/Pelis\u00e4\u00e4nn\u00f6t_Jatkokurssi1_2020.jpg\"><img loading=\"lazy\" decoding=\"async\" class=\"alignleft size-large wp-image-4090\" src=\"http:\/\/www.budokwai.fi\/karate\/wp\/wp-content\/uploads\/2020\/10\/Pelis\u00e4\u00e4nn\u00f6t_Jatkokurssi1_2020-768x1024.jpg\" alt=\"\" width=\"640\" height=\"853\" srcset=\"https:\/\/www.budokwai.fi\/karate\/wp\/wp-content\/uploads\/2020\/10\/Pelis\u00e4\u00e4nn\u00f6t_Jatkokurssi1_2020-768x1024.jpg 768w, https:\/\/www.budokwai.fi\/karate\/wp\/wp-content\/uploads\/2020\/10\/Pelis\u00e4\u00e4nn\u00f6t_Jatkokurssi1_2020-225x300.jpg 225w, https:\/\/www.budokwai.fi\/karate\/wp\/wp-content\/uploads\/2020\/10\/Pelis\u00e4\u00e4nn\u00f6t_Jatkokurssi1_2020-600x800.jpg 600w\" sizes=\"auto, (max-width: 640px) 100vw, 640px\" \/><\/a><\/td>\n<\/tr>\n<\/tbody>\n<\/table>\n<h2><\/h2>\n<h2><a href=\"http:\/\/www.budokwai.fi\/karate\/wp\/wp-content\/uploads\/2015\/10\/2017-04-01.pelisaannot_jatkoryhma2_small.jpg\">Jatkokurssi 2 (Mika)<\/a><\/h2>\n<table style=\"border-collapse: collapse; width: 100%;\">\n<tbody>\n<tr>\n<td style=\"width: 100%;\"><a href=\"http:\/\/www.budokwai.fi\/karate\/wp\/wp-content\/uploads\/2020\/10\/Pelis\u00e4\u00e4nn\u00f6t_Jatkokurssi2_2020.jpg\"><img loading=\"lazy\" decoding=\"async\" class=\"alignleft  wp-image-4092\" src=\"http:\/\/www.budokwai.fi\/karate\/wp\/wp-content\/uploads\/2020\/10\/Pelis\u00e4\u00e4nn\u00f6t_Jatkokurssi2_2020-768x1024.jpg\" alt=\"\" width=\"387\" height=\"516\" srcset=\"https:\/\/www.budokwai.fi\/karate\/wp\/wp-content\/uploads\/2020\/10\/Pelis\u00e4\u00e4nn\u00f6t_Jatkokurssi2_2020-768x1024.jpg 768w, https:\/\/www.budokwai.fi\/karate\/wp\/wp-content\/uploads\/2020\/10\/Pelis\u00e4\u00e4nn\u00f6t_Jatkokurssi2_2020-225x300.jpg 225w, https:\/\/www.budokwai.fi\/karate\/wp\/wp-content\/uploads\/2020\/10\/Pelis\u00e4\u00e4nn\u00f6t_Jatkokurssi2_2020-600x800.jpg 600w\" sizes=\"auto, (max-width: 387px) 100vw, 387px\" \/><\/a><\/td>\n<\/tr>\n<\/tbody>\n<\/table>\n","protected":false},"excerpt":{"rendered":"<p>Nuori Suomi -toimintaan kuuluu yhten\u00e4 osana yhteisten pelis\u00e4\u00e4nt\u00f6jen laatiminen. T\u00e4ll\u00e4 pyrit\u00e4\u00e4n auttamaan ryhm\u00e4n toimintaa ja kannustamaan liikkumaan. Ohessa voimassa olevat yhteisesti harjoitusryhmien kesken laaditut Pelis\u00e4\u00e4nn\u00f6t: Karatekids (Kirsi) \u200b Lasten ja Nuorten peruskurssi (Kirsi) Jatkokurssi 1 (Ismo) Jatkokurssi 2 (Mika)<\/p>\n","protected":false},"author":3,"featured_media":0,"parent":0,"menu_order":0,"comment_status":"closed","ping_status":"closed","template":"","meta":{"_acf_changed":false,"_monsterinsights_skip_tracking":false,"_monsterinsights_sitenote_active":false,"_monsterinsights_sitenote_note":"","_monsterinsights_sitenote_category":0,"footnotes":""},"class_list":["post-424","page","type-page","status-publish","hentry"],"acf":[],"yoast_head":"<!-- This site is optimized with the Yoast SEO plugin v27.4 - https:\/\/yoast.com\/product\/yoast-seo-wordpress\/ -->\n<title>Pelis\u00e4\u00e4nn\u00f6t - Budokwai Karate<\/title>\n<meta name=\"robots\" content=\"index, follow, max-snippet:-1, max-image-preview:large, max-video-preview:-1\" \/>\n<link rel=\"canonical\" href=\"https:\/\/www.budokwai.fi\/karate\/pelisaannot\/\" \/>\n<meta property=\"og:locale\" content=\"fi_FI\" \/>\n<meta property=\"og:type\" content=\"article\" \/>\n<meta property=\"og:title\" content=\"Pelis\u00e4\u00e4nn\u00f6t - Budokwai Karate\" \/>\n<meta property=\"og:description\" content=\"Nuori Suomi -toimintaan kuuluu yhten\u00e4 osana yhteisten pelis\u00e4\u00e4nt\u00f6jen laatiminen. T\u00e4ll\u00e4 pyrit\u00e4\u00e4n auttamaan ryhm\u00e4n toimintaa ja kannustamaan liikkumaan. Ohessa voimassa olevat yhteisesti harjoitusryhmien kesken laaditut Pelis\u00e4\u00e4nn\u00f6t: Karatekids (Kirsi) \u200b Lasten ja Nuorten peruskurssi (Kirsi) Jatkokurssi 1 (Ismo) Jatkokurssi 2 (Mika)\" \/>\n<meta property=\"og:url\" content=\"https:\/\/www.budokwai.fi\/karate\/pelisaannot\/\" \/>\n<meta property=\"og:site_name\" content=\"Budokwai Karate\" \/>\n<meta property=\"article:publisher\" content=\"https:\/\/www.facebook.com\/budokwaikarateturku\/\" \/>\n<meta property=\"article:modified_time\" content=\"2020-10-18T18:58:39+00:00\" \/>\n<meta property=\"og:image\" content=\"http:\/\/www.budokwai.fi\/karate\/wp\/wp-content\/uploads\/2020\/10\/IMG_3668-Karatekids2-1-e1603046114984-768x1024.jpg\" \/>\n<meta name=\"twitter:card\" content=\"summary_large_image\" \/>\n<script type=\"application\/ld+json\" class=\"yoast-schema-graph\">{\"@context\":\"https:\\\/\\\/schema.org\",\"@graph\":[{\"@type\":\"WebPage\",\"@id\":\"https:\\\/\\\/www.budokwai.fi\\\/karate\\\/pelisaannot\\\/\",\"url\":\"https:\\\/\\\/www.budokwai.fi\\\/karate\\\/pelisaannot\\\/\",\"name\":\"Pelis\u00e4\u00e4nn\u00f6t - Budokwai Karate\",\"isPartOf\":{\"@id\":\"https:\\\/\\\/www.budokwai.fi\\\/karate\\\/#website\"},\"primaryImageOfPage\":{\"@id\":\"https:\\\/\\\/www.budokwai.fi\\\/karate\\\/pelisaannot\\\/#primaryimage\"},\"image\":{\"@id\":\"https:\\\/\\\/www.budokwai.fi\\\/karate\\\/pelisaannot\\\/#primaryimage\"},\"thumbnailUrl\":\"http:\\\/\\\/www.budokwai.fi\\\/karate\\\/wp\\\/wp-content\\\/uploads\\\/2020\\\/10\\\/IMG_3668-Karatekids2-1-e1603046114984-768x1024.jpg\",\"datePublished\":\"2015-10-19T20:02:21+00:00\",\"dateModified\":\"2020-10-18T18:58:39+00:00\",\"breadcrumb\":{\"@id\":\"https:\\\/\\\/www.budokwai.fi\\\/karate\\\/pelisaannot\\\/#breadcrumb\"},\"inLanguage\":\"en-US\",\"potentialAction\":[{\"@type\":\"ReadAction\",\"target\":[\"https:\\\/\\\/www.budokwai.fi\\\/karate\\\/pelisaannot\\\/\"]}]},{\"@type\":\"ImageObject\",\"inLanguage\":\"en-US\",\"@id\":\"https:\\\/\\\/www.budokwai.fi\\\/karate\\\/pelisaannot\\\/#primaryimage\",\"url\":\"https:\\\/\\\/www.budokwai.fi\\\/karate\\\/wp\\\/wp-content\\\/uploads\\\/2020\\\/10\\\/IMG_3668-Karatekids2-1-e1603046114984.jpg\",\"contentUrl\":\"https:\\\/\\\/www.budokwai.fi\\\/karate\\\/wp\\\/wp-content\\\/uploads\\\/2020\\\/10\\\/IMG_3668-Karatekids2-1-e1603046114984.jpg\",\"width\":3024,\"height\":4032},{\"@type\":\"BreadcrumbList\",\"@id\":\"https:\\\/\\\/www.budokwai.fi\\\/karate\\\/pelisaannot\\\/#breadcrumb\",\"itemListElement\":[{\"@type\":\"ListItem\",\"position\":1,\"name\":\"Home\",\"item\":\"https:\\\/\\\/www.budokwai.fi\\\/karate\\\/\"},{\"@type\":\"ListItem\",\"position\":2,\"name\":\"Pelis\u00e4\u00e4nn\u00f6t\"}]},{\"@type\":\"WebSite\",\"@id\":\"https:\\\/\\\/www.budokwai.fi\\\/karate\\\/#website\",\"url\":\"https:\\\/\\\/www.budokwai.fi\\\/karate\\\/\",\"name\":\"Budokwai Karate\",\"description\":\"Budokwai karate\",\"potentialAction\":[{\"@type\":\"SearchAction\",\"target\":{\"@type\":\"EntryPoint\",\"urlTemplate\":\"https:\\\/\\\/www.budokwai.fi\\\/karate\\\/?s={search_term_string}\"},\"query-input\":{\"@type\":\"PropertyValueSpecification\",\"valueRequired\":true,\"valueName\":\"search_term_string\"}}],\"inLanguage\":\"en-US\"}]}<\/script>\n<!-- \/ Yoast SEO plugin. -->","yoast_head_json":{"title":"Pelis\u00e4\u00e4nn\u00f6t - Budokwai Karate","robots":{"index":"index","follow":"follow","max-snippet":"max-snippet:-1","max-image-preview":"max-image-preview:large","max-video-preview":"max-video-preview:-1"},"canonical":"https:\/\/www.budokwai.fi\/karate\/pelisaannot\/","og_locale":"fi_FI","og_type":"article","og_title":"Pelis\u00e4\u00e4nn\u00f6t - Budokwai Karate","og_description":"Nuori Suomi -toimintaan kuuluu yhten\u00e4 osana yhteisten pelis\u00e4\u00e4nt\u00f6jen laatiminen. T\u00e4ll\u00e4 pyrit\u00e4\u00e4n auttamaan ryhm\u00e4n toimintaa ja kannustamaan liikkumaan. Ohessa voimassa olevat yhteisesti harjoitusryhmien kesken laaditut Pelis\u00e4\u00e4nn\u00f6t: Karatekids (Kirsi) \u200b Lasten ja Nuorten peruskurssi (Kirsi) Jatkokurssi 1 (Ismo) Jatkokurssi 2 (Mika)","og_url":"https:\/\/www.budokwai.fi\/karate\/pelisaannot\/","og_site_name":"Budokwai Karate","article_publisher":"https:\/\/www.facebook.com\/budokwaikarateturku\/","article_modified_time":"2020-10-18T18:58:39+00:00","og_image":[{"url":"http:\/\/www.budokwai.fi\/karate\/wp\/wp-content\/uploads\/2020\/10\/IMG_3668-Karatekids2-1-e1603046114984-768x1024.jpg","type":"","width":"","height":""}],"twitter_card":"summary_large_image","schema":{"@context":"https:\/\/schema.org","@graph":[{"@type":"WebPage","@id":"https:\/\/www.budokwai.fi\/karate\/pelisaannot\/","url":"https:\/\/www.budokwai.fi\/karate\/pelisaannot\/","name":"Pelis\u00e4\u00e4nn\u00f6t - Budokwai Karate","isPartOf":{"@id":"https:\/\/www.budokwai.fi\/karate\/#website"},"primaryImageOfPage":{"@id":"https:\/\/www.budokwai.fi\/karate\/pelisaannot\/#primaryimage"},"image":{"@id":"https:\/\/www.budokwai.fi\/karate\/pelisaannot\/#primaryimage"},"thumbnailUrl":"http:\/\/www.budokwai.fi\/karate\/wp\/wp-content\/uploads\/2020\/10\/IMG_3668-Karatekids2-1-e1603046114984-768x1024.jpg","datePublished":"2015-10-19T20:02:21+00:00","dateModified":"2020-10-18T18:58:39+00:00","breadcrumb":{"@id":"https:\/\/www.budokwai.fi\/karate\/pelisaannot\/#breadcrumb"},"inLanguage":"en-US","potentialAction":[{"@type":"ReadAction","target":["https:\/\/www.budokwai.fi\/karate\/pelisaannot\/"]}]},{"@type":"ImageObject","inLanguage":"en-US","@id":"https:\/\/www.budokwai.fi\/karate\/pelisaannot\/#primaryimage","url":"https:\/\/www.budokwai.fi\/karate\/wp\/wp-content\/uploads\/2020\/10\/IMG_3668-Karatekids2-1-e1603046114984.jpg","contentUrl":"https:\/\/www.budokwai.fi\/karate\/wp\/wp-content\/uploads\/2020\/10\/IMG_3668-Karatekids2-1-e1603046114984.jpg","width":3024,"height":4032},{"@type":"BreadcrumbList","@id":"https:\/\/www.budokwai.fi\/karate\/pelisaannot\/#breadcrumb","itemListElement":[{"@type":"ListItem","position":1,"name":"Home","item":"https:\/\/www.budokwai.fi\/karate\/"},{"@type":"ListItem","position":2,"name":"Pelis\u00e4\u00e4nn\u00f6t"}]},{"@type":"WebSite","@id":"https:\/\/www.budokwai.fi\/karate\/#website","url":"https:\/\/www.budokwai.fi\/karate\/","name":"Budokwai Karate","description":"Budokwai karate","potentialAction":[{"@type":"SearchAction","target":{"@type":"EntryPoint","urlTemplate":"https:\/\/www.budokwai.fi\/karate\/?s={search_term_string}"},"query-input":{"@type":"PropertyValueSpecification","valueRequired":true,"valueName":"search_term_string"}}],"inLanguage":"en-US"}]}},"_links":{"self":[{"href":"https:\/\/www.budokwai.fi\/karate\/wp-json\/wp\/v2\/pages\/424","targetHints":{"allow":["GET"]}}],"collection":[{"href":"https:\/\/www.budokwai.fi\/karate\/wp-json\/wp\/v2\/pages"}],"about":[{"href":"https:\/\/www.budokwai.fi\/karate\/wp-json\/wp\/v2\/types\/page"}],"author":[{"embeddable":true,"href":"https:\/\/www.budokwai.fi\/karate\/wp-json\/wp\/v2\/users\/3"}],"replies":[{"embeddable":true,"href":"https:\/\/www.budokwai.fi\/karate\/wp-json\/wp\/v2\/comments?post=424"}],"version-history":[{"count":16,"href":"https:\/\/www.budokwai.fi\/karate\/wp-json\/wp\/v2\/pages\/424\/revisions"}],"predecessor-version":[{"id":4101,"href":"https:\/\/www.budokwai.fi\/karate\/wp-json\/wp\/v2\/pages\/424\/revisions\/4101"}],"wp:attachment":[{"href":"https:\/\/www.budokwai.fi\/karate\/wp-json\/wp\/v2\/media?parent=424"}],"curies":[{"name":"wp","href":"https:\/\/api.w.org\/{rel}","templated":true}]}}