{"id":3545,"date":"2018-05-07T20:27:34","date_gmt":"2018-05-07T17:27:34","guid":{"rendered":"http:\/\/www.budokwai.fi\/karate\/?page_id=3545"},"modified":"2024-01-03T09:37:10","modified_gmt":"2024-01-03T07:37:10","slug":"tahtiseura","status":"publish","type":"page","link":"https:\/\/www.budokwai.fi\/karate\/tahtiseura\/","title":{"rendered":"T\u00e4htiseura"},"content":{"rendered":"\n<figure class=\"wp-block-image\"><a href=\"http:\/\/www.budokwai.fi\/karate\/wp\/wp-content\/uploads\/2018\/05\/budokwaikarate_tahtiseura_2018_small.jpg\"><img loading=\"lazy\" decoding=\"async\" width=\"216\" height=\"300\" src=\"http:\/\/www.budokwai.fi\/karate\/wp\/wp-content\/uploads\/2018\/05\/budokwaikarate_tahtiseura_2018_small-216x300.jpg\" alt=\"\" class=\"wp-image-3541\" srcset=\"https:\/\/www.budokwai.fi\/karate\/wp\/wp-content\/uploads\/2018\/05\/budokwaikarate_tahtiseura_2018_small-216x300.jpg 216w, https:\/\/www.budokwai.fi\/karate\/wp\/wp-content\/uploads\/2018\/05\/budokwaikarate_tahtiseura_2018_small.jpg 250w\" sizes=\"auto, (max-width: 216px) 100vw, 216px\" \/><\/a><\/figure>\n\n\n\n<p class=\"has-text-align-center\"><\/p>\n\n\n\n<p>Budokwain karatejaosto j\u00e4rjest\u00e4\u00e4 nuorisotoimintaa 2 \u2013 14 -vuotiaille tyt\u00f6ille ja pojille. Nuorimmat harjoittelevat yhdess\u00e4 perheen kanssa <a href=\"http:\/\/www.budokwai.fi\/karate\/perhebudo\/\" target=\"_blank\" rel=\"noopener\">perhebudossa<\/a>, sit\u00e4 vanhemmat <a href=\"http:\/\/www.budokwai.fi\/karate\/karatekids-5-6v-kurssi\/\" target=\"_blank\" rel=\"noopener\">Karatekids<\/a> -ryhm\u00e4ss\u00e4 ja kolmas ik\u00e4ryhm\u00e4 on <a href=\"http:\/\/www.budokwai.fi\/karate\/lasten-7-14v-peruskurssi\/\" target=\"_blank\" rel=\"noopener\">juniorikarate<\/a>.&nbsp;Omia junioreille tarkoitettuja peruskursseja on j\u00e4rjestetty vuodesta 1994 l\u00e4htien. Kymmenvuotisen nuorisoty\u00f6n kunniaksi toimintamme ansaitsi alkuvuodesta 2004 Nuori Suomi sinettiseuran tunnustuksen.&nbsp;Jokainen sinettiseura t\u00e4ytt\u00e4\u00e4 Nuoren Suomen ja Karateliiton asettamat laatuvaatimukset. Karateliitto tarkkailee sinettiseurojen tasoa, niin ett\u00e4 laatuvaatimukset s\u00e4ilyv\u00e4t ja toiminta seuroissa kehittyy.&nbsp;Harjoituksista vastaavat lajiliiton ja Nuori Suomi -ohjelman kouluttamat ohjaajat.<\/p>\n\n\n\n<p>Budokwai Karate on auditoitu Suomen Olympiakomitean auditointij\u00e4rjestelm\u00e4n toimesta viimeksi loppusyksyll\u00e4 2023 jolloin seuramme sai j\u00e4lleen luvan k\u00e4ytt\u00e4\u00e4 Lasten ja Nuorten T\u00e4htiseura tunnusta.<\/p>\n","protected":false},"excerpt":{"rendered":"<p>Budokwain karatejaosto j\u00e4rjest\u00e4\u00e4 nuorisotoimintaa 2 \u2013 14 -vuotiaille tyt\u00f6ille ja pojille. Nuorimmat harjoittelevat yhdess\u00e4 perheen kanssa perhebudossa, sit\u00e4 vanhemmat Karatekids -ryhm\u00e4ss\u00e4 ja kolmas ik\u00e4ryhm\u00e4 on juniorikarate.&nbsp;Omia junioreille tarkoitettuja peruskursseja on j\u00e4rjestetty vuodesta 1994 l\u00e4htien. Kymmenvuotisen nuorisoty\u00f6n kunniaksi toimintamme ansaitsi alkuvuodesta 2004 Nuori Suomi sinettiseuran tunnustuksen.&nbsp;Jokainen sinettiseura t\u00e4ytt\u00e4\u00e4 Nuoren Suomen ja Karateliiton asettamat laatuvaatimukset. Karateliitto tarkkailee&#8230;  <a class=\"excerpt-read-more\" href=\"https:\/\/www.budokwai.fi\/karate\/tahtiseura\/\" title=\"T\u00e4htiseura\">Lue lis\u00e4\u00e4 &raquo;<\/a><\/p>\n","protected":false},"author":3,"featured_media":0,"parent":0,"menu_order":0,"comment_status":"closed","ping_status":"closed","template":"","meta":{"_acf_changed":false,"_monsterinsights_skip_tracking":false,"_monsterinsights_sitenote_active":false,"_monsterinsights_sitenote_note":"","_monsterinsights_sitenote_category":0,"footnotes":""},"class_list":["post-3545","page","type-page","status-publish","hentry"],"acf":[],"yoast_head":"<!-- This site is optimized with the Yoast SEO plugin v27.4 - https:\/\/yoast.com\/product\/yoast-seo-wordpress\/ -->\n<title>T\u00e4htiseura - Budokwai Karate<\/title>\n<meta name=\"robots\" content=\"index, follow, max-snippet:-1, max-image-preview:large, max-video-preview:-1\" \/>\n<link rel=\"canonical\" href=\"https:\/\/www.budokwai.fi\/karate\/tahtiseura\/\" \/>\n<meta property=\"og:locale\" content=\"fi_FI\" \/>\n<meta property=\"og:type\" content=\"article\" \/>\n<meta property=\"og:title\" content=\"T\u00e4htiseura - Budokwai Karate\" \/>\n<meta property=\"og:description\" content=\"Budokwain karatejaosto j\u00e4rjest\u00e4\u00e4 nuorisotoimintaa 2 \u2013 14 -vuotiaille tyt\u00f6ille ja pojille. Nuorimmat harjoittelevat yhdess\u00e4 perheen kanssa perhebudossa, sit\u00e4 vanhemmat Karatekids -ryhm\u00e4ss\u00e4 ja kolmas ik\u00e4ryhm\u00e4 on juniorikarate.&nbsp;Omia junioreille tarkoitettuja peruskursseja on j\u00e4rjestetty vuodesta 1994 l\u00e4htien. Kymmenvuotisen nuorisoty\u00f6n kunniaksi toimintamme ansaitsi alkuvuodesta 2004 Nuori Suomi sinettiseuran tunnustuksen.&nbsp;Jokainen sinettiseura t\u00e4ytt\u00e4\u00e4 Nuoren Suomen ja Karateliiton asettamat laatuvaatimukset. Karateliitto tarkkailee... Lue lis\u00e4\u00e4 &raquo;\" \/>\n<meta property=\"og:url\" content=\"https:\/\/www.budokwai.fi\/karate\/tahtiseura\/\" \/>\n<meta property=\"og:site_name\" content=\"Budokwai Karate\" \/>\n<meta property=\"article:publisher\" content=\"https:\/\/www.facebook.com\/budokwaikarateturku\/\" \/>\n<meta property=\"article:modified_time\" content=\"2024-01-03T07:37:10+00:00\" \/>\n<meta property=\"og:image\" content=\"http:\/\/www.budokwai.fi\/karate\/wp\/wp-content\/uploads\/2018\/05\/budokwaikarate_tahtiseura_2018_small-216x300.jpg\" \/>\n<meta name=\"twitter:card\" content=\"summary_large_image\" \/>\n<meta name=\"twitter:label1\" content=\"Est. reading time\" \/>\n\t<meta name=\"twitter:data1\" content=\"1 minute\" \/>\n<script type=\"application\/ld+json\" class=\"yoast-schema-graph\">{\"@context\":\"https:\\\/\\\/schema.org\",\"@graph\":[{\"@type\":\"WebPage\",\"@id\":\"https:\\\/\\\/www.budokwai.fi\\\/karate\\\/tahtiseura\\\/\",\"url\":\"https:\\\/\\\/www.budokwai.fi\\\/karate\\\/tahtiseura\\\/\",\"name\":\"T\u00e4htiseura - Budokwai Karate\",\"isPartOf\":{\"@id\":\"https:\\\/\\\/www.budokwai.fi\\\/karate\\\/#website\"},\"primaryImageOfPage\":{\"@id\":\"https:\\\/\\\/www.budokwai.fi\\\/karate\\\/tahtiseura\\\/#primaryimage\"},\"image\":{\"@id\":\"https:\\\/\\\/www.budokwai.fi\\\/karate\\\/tahtiseura\\\/#primaryimage\"},\"thumbnailUrl\":\"http:\\\/\\\/www.budokwai.fi\\\/karate\\\/wp\\\/wp-content\\\/uploads\\\/2018\\\/05\\\/budokwaikarate_tahtiseura_2018_small-216x300.jpg\",\"datePublished\":\"2018-05-07T17:27:34+00:00\",\"dateModified\":\"2024-01-03T07:37:10+00:00\",\"breadcrumb\":{\"@id\":\"https:\\\/\\\/www.budokwai.fi\\\/karate\\\/tahtiseura\\\/#breadcrumb\"},\"inLanguage\":\"en-US\",\"potentialAction\":[{\"@type\":\"ReadAction\",\"target\":[\"https:\\\/\\\/www.budokwai.fi\\\/karate\\\/tahtiseura\\\/\"]}]},{\"@type\":\"ImageObject\",\"inLanguage\":\"en-US\",\"@id\":\"https:\\\/\\\/www.budokwai.fi\\\/karate\\\/tahtiseura\\\/#primaryimage\",\"url\":\"https:\\\/\\\/www.budokwai.fi\\\/karate\\\/wp\\\/wp-content\\\/uploads\\\/2018\\\/05\\\/budokwaikarate_tahtiseura_2018_small.jpg\",\"contentUrl\":\"https:\\\/\\\/www.budokwai.fi\\\/karate\\\/wp\\\/wp-content\\\/uploads\\\/2018\\\/05\\\/budokwaikarate_tahtiseura_2018_small.jpg\",\"width\":250,\"height\":348},{\"@type\":\"BreadcrumbList\",\"@id\":\"https:\\\/\\\/www.budokwai.fi\\\/karate\\\/tahtiseura\\\/#breadcrumb\",\"itemListElement\":[{\"@type\":\"ListItem\",\"position\":1,\"name\":\"Home\",\"item\":\"https:\\\/\\\/www.budokwai.fi\\\/karate\\\/\"},{\"@type\":\"ListItem\",\"position\":2,\"name\":\"T\u00e4htiseura\"}]},{\"@type\":\"WebSite\",\"@id\":\"https:\\\/\\\/www.budokwai.fi\\\/karate\\\/#website\",\"url\":\"https:\\\/\\\/www.budokwai.fi\\\/karate\\\/\",\"name\":\"Budokwai Karate\",\"description\":\"Budokwai karate\",\"potentialAction\":[{\"@type\":\"SearchAction\",\"target\":{\"@type\":\"EntryPoint\",\"urlTemplate\":\"https:\\\/\\\/www.budokwai.fi\\\/karate\\\/?s={search_term_string}\"},\"query-input\":{\"@type\":\"PropertyValueSpecification\",\"valueRequired\":true,\"valueName\":\"search_term_string\"}}],\"inLanguage\":\"en-US\"}]}<\/script>\n<!-- \/ Yoast SEO plugin. -->","yoast_head_json":{"title":"T\u00e4htiseura - Budokwai Karate","robots":{"index":"index","follow":"follow","max-snippet":"max-snippet:-1","max-image-preview":"max-image-preview:large","max-video-preview":"max-video-preview:-1"},"canonical":"https:\/\/www.budokwai.fi\/karate\/tahtiseura\/","og_locale":"fi_FI","og_type":"article","og_title":"T\u00e4htiseura - Budokwai Karate","og_description":"Budokwain karatejaosto j\u00e4rjest\u00e4\u00e4 nuorisotoimintaa 2 \u2013 14 -vuotiaille tyt\u00f6ille ja pojille. Nuorimmat harjoittelevat yhdess\u00e4 perheen kanssa perhebudossa, sit\u00e4 vanhemmat Karatekids -ryhm\u00e4ss\u00e4 ja kolmas ik\u00e4ryhm\u00e4 on juniorikarate.&nbsp;Omia junioreille tarkoitettuja peruskursseja on j\u00e4rjestetty vuodesta 1994 l\u00e4htien. Kymmenvuotisen nuorisoty\u00f6n kunniaksi toimintamme ansaitsi alkuvuodesta 2004 Nuori Suomi sinettiseuran tunnustuksen.&nbsp;Jokainen sinettiseura t\u00e4ytt\u00e4\u00e4 Nuoren Suomen ja Karateliiton asettamat laatuvaatimukset. Karateliitto tarkkailee... Lue lis\u00e4\u00e4 &raquo;","og_url":"https:\/\/www.budokwai.fi\/karate\/tahtiseura\/","og_site_name":"Budokwai Karate","article_publisher":"https:\/\/www.facebook.com\/budokwaikarateturku\/","article_modified_time":"2024-01-03T07:37:10+00:00","og_image":[{"url":"http:\/\/www.budokwai.fi\/karate\/wp\/wp-content\/uploads\/2018\/05\/budokwaikarate_tahtiseura_2018_small-216x300.jpg","type":"","width":"","height":""}],"twitter_card":"summary_large_image","twitter_misc":{"Est. reading time":"1 minute"},"schema":{"@context":"https:\/\/schema.org","@graph":[{"@type":"WebPage","@id":"https:\/\/www.budokwai.fi\/karate\/tahtiseura\/","url":"https:\/\/www.budokwai.fi\/karate\/tahtiseura\/","name":"T\u00e4htiseura - Budokwai Karate","isPartOf":{"@id":"https:\/\/www.budokwai.fi\/karate\/#website"},"primaryImageOfPage":{"@id":"https:\/\/www.budokwai.fi\/karate\/tahtiseura\/#primaryimage"},"image":{"@id":"https:\/\/www.budokwai.fi\/karate\/tahtiseura\/#primaryimage"},"thumbnailUrl":"http:\/\/www.budokwai.fi\/karate\/wp\/wp-content\/uploads\/2018\/05\/budokwaikarate_tahtiseura_2018_small-216x300.jpg","datePublished":"2018-05-07T17:27:34+00:00","dateModified":"2024-01-03T07:37:10+00:00","breadcrumb":{"@id":"https:\/\/www.budokwai.fi\/karate\/tahtiseura\/#breadcrumb"},"inLanguage":"en-US","potentialAction":[{"@type":"ReadAction","target":["https:\/\/www.budokwai.fi\/karate\/tahtiseura\/"]}]},{"@type":"ImageObject","inLanguage":"en-US","@id":"https:\/\/www.budokwai.fi\/karate\/tahtiseura\/#primaryimage","url":"https:\/\/www.budokwai.fi\/karate\/wp\/wp-content\/uploads\/2018\/05\/budokwaikarate_tahtiseura_2018_small.jpg","contentUrl":"https:\/\/www.budokwai.fi\/karate\/wp\/wp-content\/uploads\/2018\/05\/budokwaikarate_tahtiseura_2018_small.jpg","width":250,"height":348},{"@type":"BreadcrumbList","@id":"https:\/\/www.budokwai.fi\/karate\/tahtiseura\/#breadcrumb","itemListElement":[{"@type":"ListItem","position":1,"name":"Home","item":"https:\/\/www.budokwai.fi\/karate\/"},{"@type":"ListItem","position":2,"name":"T\u00e4htiseura"}]},{"@type":"WebSite","@id":"https:\/\/www.budokwai.fi\/karate\/#website","url":"https:\/\/www.budokwai.fi\/karate\/","name":"Budokwai Karate","description":"Budokwai karate","potentialAction":[{"@type":"SearchAction","target":{"@type":"EntryPoint","urlTemplate":"https:\/\/www.budokwai.fi\/karate\/?s={search_term_string}"},"query-input":{"@type":"PropertyValueSpecification","valueRequired":true,"valueName":"search_term_string"}}],"inLanguage":"en-US"}]}},"_links":{"self":[{"href":"https:\/\/www.budokwai.fi\/karate\/wp-json\/wp\/v2\/pages\/3545","targetHints":{"allow":["GET"]}}],"collection":[{"href":"https:\/\/www.budokwai.fi\/karate\/wp-json\/wp\/v2\/pages"}],"about":[{"href":"https:\/\/www.budokwai.fi\/karate\/wp-json\/wp\/v2\/types\/page"}],"author":[{"embeddable":true,"href":"https:\/\/www.budokwai.fi\/karate\/wp-json\/wp\/v2\/users\/3"}],"replies":[{"embeddable":true,"href":"https:\/\/www.budokwai.fi\/karate\/wp-json\/wp\/v2\/comments?post=3545"}],"version-history":[{"count":6,"href":"https:\/\/www.budokwai.fi\/karate\/wp-json\/wp\/v2\/pages\/3545\/revisions"}],"predecessor-version":[{"id":4460,"href":"https:\/\/www.budokwai.fi\/karate\/wp-json\/wp\/v2\/pages\/3545\/revisions\/4460"}],"wp:attachment":[{"href":"https:\/\/www.budokwai.fi\/karate\/wp-json\/wp\/v2\/media?parent=3545"}],"curies":[{"name":"wp","href":"https:\/\/api.w.org\/{rel}","templated":true}]}}