{"id":3492,"date":"2018-04-15T18:10:08","date_gmt":"2018-04-15T15:10:08","guid":{"rendered":"http:\/\/www.budokwai.fi\/karate\/?page_id=3492"},"modified":"2018-05-16T22:09:48","modified_gmt":"2018-05-16T19:09:48","slug":"kilpailumenestys","status":"publish","type":"page","link":"https:\/\/www.budokwai.fi\/karate\/kilpailumenestys\/","title":{"rendered":"Kilpailumenestys"},"content":{"rendered":"<h1>Budokwai karaten kilpailumenstys<\/h1>\n<h2>2018<\/h2>\n<table style=\"height: 115px; width: 721px; background-color: #ffffff;\">\n<thead>\n<tr style=\"border-color: #fafafa; background-color: #000000; height: 24px;\">\n<td style=\"width: 103px; height: 24px;\"><span style=\"color: #ffffff;\"><strong>P\u00e4iv\u00e4m\u00e4\u00e4r\u00e4<\/strong><\/span><\/td>\n<td style=\"width: 257px; height: 24px;\"><span style=\"color: #ffffff;\"><strong>Kilpailut<\/strong><\/span><\/td>\n<td style=\"width: 347px; height: 24px;\"><span style=\"color: #ffffff;\"><strong>Menestys<\/strong><\/span><\/td>\n<\/tr>\n<\/thead>\n<tbody>\n<tr style=\"height: 152px; background-color: #ffffff;\">\n<td style=\"width: 103px; height: 152px;\">5.5.2018<\/td>\n<td style=\"width: 257px; height: 152px;\">Kuopio Suomi Cup<\/td>\n<td style=\"width: 347px; height: 152px;\">Viola Hyv\u00f6nen:<br \/>\n-Hopeaa, Tyt\u00f6t U18<br \/>\n-Hopeaa Naiset<\/p>\n<p>Veikko-Vikram Banauliker:<br \/>\n-Kumite pojat, kultaa<br \/>\n-Kata pojat, hopeaa<\/td>\n<\/tr>\n<tr style=\"height: 152px; background-color: #ffffff;\">\n<td style=\"width: 103px; height: 152px;\">21.4.2018<\/td>\n<td style=\"width: 257px; height: 152px;\"><a href=\"http:\/\/www.budokwai.fi\/karate\/2018\/04\/25\/violalle-hopeaa-puolassa-tczew-karate-open-cupissa\/\" target=\"_blank\" rel=\"noopener\">Tczew Karate Open Cup, Puola<\/a><\/td>\n<td style=\"width: 347px; height: 152px;\">Viola Hyv\u00f6nen:<br \/>\n-Hopeaa, Tyt\u00f6t U18, -59kg<br \/>\n-Hopeaa Tyt\u00f6t Joukkuekilpailu U18<\/td>\n<\/tr>\n<tr style=\"height: 152px; background-color: #ffffff;\">\n<td style=\"width: 103px; height: 152px;\">\u00a014.4.2018<\/td>\n<td style=\"width: 257px; height: 152px;\"><a href=\"http:\/\/www.budokwai.fi\/karate\/2016\/11\/12\/karhukarate-kilpailut-porissa\/\" target=\"_blank\" rel=\"noopener\">Suomen Mestaruus -kilpailut, Lohja<\/a><\/td>\n<td style=\"width: 347px; height: 152px;\">\u00a0Viola Hyv\u00f6nen:<br \/>\n-SM kultaa U18 tytt\u00f6jen katassa<br \/>\n-SM hopeaa U18 tytt\u00f6jen kumitessaKartik-Otto Banauliker:<br \/>\n5. sija U14 -45kg poikien sarjassa<\/td>\n<\/tr>\n<tr style=\"height: 168px; background-color: #ffffff;\">\n<td style=\"width: 103px; height: 168px;\">\u00a017.3.2018<\/td>\n<td style=\"width: 257px; height: 168px;\"><a href=\"http:\/\/www.budokwai.fi\/karate\/2018\/03\/18\/orimattilan-juniorikaratekilpailut\/\" target=\"_blank\" rel=\"noopener\">Orimattilan juniorikilpailut, Orimattila<\/a><\/td>\n<td style=\"width: 347px; height: 168px;\">Veikko-Vikram Banauliker:<br \/>\nPronssia poikien katasta<br \/>\nAlma Toivola:<br \/>\nPronssia tytt\u00f6jen kumitessa<br \/>\nViola Hyv\u00f6nen:<br \/>\nHopeaa tytt\u00f6jen katasta.<br \/>\nBudokwai tytt\u00f6jen kumitejoukkueelle hopeaa<\/td>\n<\/tr>\n<tr style=\"height: 72px;\">\n<td style=\"width: 103px; height: 72px;\">\u00a03.3.2018<\/td>\n<td style=\"width: 257px; height: 72px;\"><a href=\"http:\/\/www.budokwai.fi\/karate\/2018\/03\/04\/tallinn-bulldog-2018\/\" target=\"_blank\" rel=\"noopener\">Talinn Bulldog, Tallinna\u00a0<\/a><\/td>\n<td style=\"width: 347px; height: 72px;\">Viola Hyv\u00f6nen:<br \/>\n-Hopeaa oman painoluokan Kumitesta.<br \/>\n-Pronssia tytt\u00f6jen avoimesta sarjasta kumitessa<\/td>\n<\/tr>\n<tr style=\"height: 240px; background-color: #ffffff;\">\n<td style=\"width: 103px; height: 240px;\">\u00a027.1.2018<\/td>\n<td style=\"width: 257px; height: 240px;\"><a href=\"http:\/\/www.budokwai.fi\/karate\/2018\/01\/30\/tawastia-open\/\" target=\"_blank\" rel=\"noopener\">Tawastia Open, H\u00e4meenlinna<\/a><\/td>\n<td style=\"width: 347px; height: 240px;\">Viola Hyv\u00f6nen:<br \/>\nKultaa U16 tytt\u00f6jen kumitessa.<br \/>\nPronssia U16 tytt\u00f6jen katassa.Veikko-Vikram Banauliker:<br \/>\nKultaa poikien kumitessa<br \/>\nPronssia poikien katassa.Alma Toivola:<br \/>\nPronssia tytt\u00f6jen kumitessa.<\/td>\n<\/tr>\n<tr style=\"height: 48px;\">\n<td style=\"width: 103px; height: 48px;\">\u00a020.1.2018<\/td>\n<td style=\"width: 257px; height: 48px;\">Estonia Open, Tallinna<\/td>\n<td style=\"width: 347px; height: 48px;\">Viola Hyv\u00f6nen:<br \/>\nPronssia U16 tyt\u00f6t kumitesta.<\/td>\n<\/tr>\n<tr style=\"height: 24px; background-color: #ffffff;\">\n<td style=\"width: 103px; height: 24px;\"><\/td>\n<td style=\"width: 257px; height: 24px;\"><\/td>\n<td style=\"width: 347px; height: 24px;\"><\/td>\n<\/tr>\n<tr>\n<td style=\"width: 103px;\"><strong>\u00a02017<\/strong><\/td>\n<td style=\"width: 257px;\"><strong>\u00a0<\/strong><\/td>\n<td style=\"width: 347px;\"><strong>\u00a0<\/strong><\/td>\n<\/tr>\n<tr style=\"background-color: #ffffff;\">\n<td style=\"width: 103px;\">25.11.2017<\/td>\n<td style=\"width: 257px;\"><a href=\"http:\/\/www.budokwai.fi\/karate\/2017\/11\/26\/katana-shiai-lahti\/\" target=\"_blank\" rel=\"noopener\">Katana Shiai, Lahti<\/a><\/td>\n<td style=\"width: 347px;\">Viola Hyv\u00f6nen:<br \/>\nKultaa U16 tyt\u00f6t kumite<br \/>\nPronssia U16 tyt\u00f6t kataVeikko-Vikram Banauliker:<br \/>\nHopeaa pojat kumite<br \/>\nPronssia pojat kata<\/td>\n<\/tr>\n<tr>\n<td style=\"width: 103px;\">\u00a011.11.2017<\/td>\n<td style=\"width: 257px;\"><a href=\"http:\/\/www.budokwai.fi\/karate\/2017\/11\/12\/karhukarate-kisat\/\" target=\"_blank\" rel=\"noopener\">Karhukarate, Pori<\/a><\/td>\n<td style=\"width: 347px;\">Viola Hyv\u00f6nen:<br \/>\nKultaa U16 tyt\u00f6t kumiteKartik-Otto Banauliker:<br \/>\n4. sija sek\u00e4 katasta ett\u00e4 kumitesta.Veikko-Vikram Banauliker:<br \/>\nHopeaa katasta<br \/>\nPronssia kumitestaEeli Lehtonen<br \/>\nPronssi pojat kumitesta.Emma Gr\u00f6nfors:<br \/>\nPronssia kata tyt\u00f6t<\/td>\n<\/tr>\n<tr>\n<td style=\"width: 103px;\">\u00a019.8.2017<\/td>\n<td style=\"width: 257px;\"><a href=\"http:\/\/www.budokwai.fi\/karate\/2017\/08\/19\/helsinki-karate-open\/\" target=\"_blank\" rel=\"noopener\">Helsinki Karate Open, Helsinki<\/a><\/td>\n<td style=\"width: 347px;\">Viola Hyv\u00f6nen:<br \/>\nPronssia U16 +54kg kumite<\/td>\n<\/tr>\n<tr>\n<td style=\"width: 103px;\">1.4.2017<\/td>\n<td style=\"width: 257px;\"><a href=\"http:\/\/www.budokwai.fi\/karate\/2017\/04\/01\/karaten-sm-kisat-tampereella\/\" target=\"_blank\" rel=\"noopener\">Suomen Mestaruus kilpailut, Tampere<\/a><\/td>\n<td style=\"width: 347px;\">Viola Hyv\u00f6nen,<br \/>\n4. sija U16 tyt\u00f6t kumite<\/td>\n<\/tr>\n<tr>\n<td style=\"width: 103px;\">21.1.2017<\/td>\n<td style=\"width: 257px;\">Tawastia Open, H\u00e4meenlinna<\/td>\n<td style=\"width: 347px;\">Viola Hyv\u00f6nen:<br \/>\nKultaa U16 tyt\u00f6t kataVikram-Veikko Banauliker:<br \/>\nPronssia pojat kumite<\/td>\n<\/tr>\n<tr>\n<td style=\"width: 103px;\"><\/td>\n<td style=\"width: 257px;\"><\/td>\n<td style=\"width: 347px;\"><\/td>\n<\/tr>\n<tr>\n<td style=\"width: 103px;\"><\/td>\n<td style=\"width: 257px;\"><\/td>\n<td style=\"width: 347px;\"><\/td>\n<\/tr>\n<\/tbody>\n<\/table>\n<h2><\/h2>\n<p>&nbsp;<\/p>\n<p>&nbsp;<\/p>\n","protected":false},"excerpt":{"rendered":"<p>Budokwai karaten kilpailumenstys 2018 P\u00e4iv\u00e4m\u00e4\u00e4r\u00e4 Kilpailut Menestys 5.5.2018 Kuopio Suomi Cup Viola Hyv\u00f6nen: -Hopeaa, Tyt\u00f6t U18 -Hopeaa Naiset Veikko-Vikram Banauliker: -Kumite pojat, kultaa -Kata pojat, hopeaa 21.4.2018 Tczew Karate Open Cup, Puola Viola Hyv\u00f6nen: -Hopeaa, Tyt\u00f6t U18, -59kg -Hopeaa Tyt\u00f6t Joukkuekilpailu U18 \u00a014.4.2018 Suomen Mestaruus -kilpailut, Lohja \u00a0Viola Hyv\u00f6nen: -SM kultaa U18 tytt\u00f6jen katassa -SM&#8230;  <a class=\"excerpt-read-more\" href=\"https:\/\/www.budokwai.fi\/karate\/kilpailumenestys\/\" title=\"Kilpailumenestys\">Lue lis\u00e4\u00e4 &raquo;<\/a><\/p>\n","protected":false},"author":3,"featured_media":0,"parent":0,"menu_order":0,"comment_status":"closed","ping_status":"closed","template":"","meta":{"_acf_changed":false,"_monsterinsights_skip_tracking":false,"_monsterinsights_sitenote_active":false,"_monsterinsights_sitenote_note":"","_monsterinsights_sitenote_category":0,"footnotes":""},"class_list":["post-3492","page","type-page","status-publish","hentry"],"acf":[],"yoast_head":"<!-- This site is optimized with the Yoast SEO plugin v27.4 - https:\/\/yoast.com\/product\/yoast-seo-wordpress\/ -->\n<title>Kilpailumenestys - Budokwai Karate<\/title>\n<meta name=\"robots\" content=\"index, follow, max-snippet:-1, max-image-preview:large, max-video-preview:-1\" \/>\n<link rel=\"canonical\" href=\"https:\/\/www.budokwai.fi\/karate\/kilpailumenestys\/\" \/>\n<meta property=\"og:locale\" content=\"fi_FI\" \/>\n<meta property=\"og:type\" content=\"article\" \/>\n<meta property=\"og:title\" content=\"Kilpailumenestys - Budokwai Karate\" \/>\n<meta property=\"og:description\" content=\"Budokwai karaten kilpailumenstys 2018 P\u00e4iv\u00e4m\u00e4\u00e4r\u00e4 Kilpailut Menestys 5.5.2018 Kuopio Suomi Cup Viola Hyv\u00f6nen: -Hopeaa, Tyt\u00f6t U18 -Hopeaa Naiset Veikko-Vikram Banauliker: -Kumite pojat, kultaa -Kata pojat, hopeaa 21.4.2018 Tczew Karate Open Cup, Puola Viola Hyv\u00f6nen: -Hopeaa, Tyt\u00f6t U18, -59kg -Hopeaa Tyt\u00f6t Joukkuekilpailu U18 \u00a014.4.2018 Suomen Mestaruus -kilpailut, Lohja \u00a0Viola Hyv\u00f6nen: -SM kultaa U18 tytt\u00f6jen katassa -SM... Lue lis\u00e4\u00e4 &raquo;\" \/>\n<meta property=\"og:url\" content=\"https:\/\/www.budokwai.fi\/karate\/kilpailumenestys\/\" \/>\n<meta property=\"og:site_name\" content=\"Budokwai Karate\" \/>\n<meta property=\"article:publisher\" content=\"https:\/\/www.facebook.com\/budokwaikarateturku\/\" \/>\n<meta property=\"article:modified_time\" content=\"2018-05-16T19:09:48+00:00\" \/>\n<meta property=\"og:image\" content=\"https:\/\/www.budokwai.fi\/karate\/wp\/wp-content\/uploads\/2017\/06\/Budokwai_karate2.png\" \/>\n\t<meta property=\"og:image:width\" content=\"395\" \/>\n\t<meta property=\"og:image:height\" content=\"390\" \/>\n\t<meta property=\"og:image:type\" content=\"image\/png\" \/>\n<meta name=\"twitter:card\" content=\"summary_large_image\" \/>\n<meta name=\"twitter:label1\" content=\"Est. reading time\" \/>\n\t<meta name=\"twitter:data1\" content=\"1 minute\" \/>\n<script type=\"application\/ld+json\" class=\"yoast-schema-graph\">{\"@context\":\"https:\\\/\\\/schema.org\",\"@graph\":[{\"@type\":\"WebPage\",\"@id\":\"https:\\\/\\\/www.budokwai.fi\\\/karate\\\/kilpailumenestys\\\/\",\"url\":\"https:\\\/\\\/www.budokwai.fi\\\/karate\\\/kilpailumenestys\\\/\",\"name\":\"Kilpailumenestys - Budokwai Karate\",\"isPartOf\":{\"@id\":\"https:\\\/\\\/www.budokwai.fi\\\/karate\\\/#website\"},\"datePublished\":\"2018-04-15T15:10:08+00:00\",\"dateModified\":\"2018-05-16T19:09:48+00:00\",\"breadcrumb\":{\"@id\":\"https:\\\/\\\/www.budokwai.fi\\\/karate\\\/kilpailumenestys\\\/#breadcrumb\"},\"inLanguage\":\"en-US\",\"potentialAction\":[{\"@type\":\"ReadAction\",\"target\":[\"https:\\\/\\\/www.budokwai.fi\\\/karate\\\/kilpailumenestys\\\/\"]}]},{\"@type\":\"BreadcrumbList\",\"@id\":\"https:\\\/\\\/www.budokwai.fi\\\/karate\\\/kilpailumenestys\\\/#breadcrumb\",\"itemListElement\":[{\"@type\":\"ListItem\",\"position\":1,\"name\":\"Home\",\"item\":\"https:\\\/\\\/www.budokwai.fi\\\/karate\\\/\"},{\"@type\":\"ListItem\",\"position\":2,\"name\":\"Kilpailumenestys\"}]},{\"@type\":\"WebSite\",\"@id\":\"https:\\\/\\\/www.budokwai.fi\\\/karate\\\/#website\",\"url\":\"https:\\\/\\\/www.budokwai.fi\\\/karate\\\/\",\"name\":\"Budokwai Karate\",\"description\":\"Budokwai karate\",\"potentialAction\":[{\"@type\":\"SearchAction\",\"target\":{\"@type\":\"EntryPoint\",\"urlTemplate\":\"https:\\\/\\\/www.budokwai.fi\\\/karate\\\/?s={search_term_string}\"},\"query-input\":{\"@type\":\"PropertyValueSpecification\",\"valueRequired\":true,\"valueName\":\"search_term_string\"}}],\"inLanguage\":\"en-US\"}]}<\/script>\n<!-- \/ Yoast SEO plugin. -->","yoast_head_json":{"title":"Kilpailumenestys - Budokwai Karate","robots":{"index":"index","follow":"follow","max-snippet":"max-snippet:-1","max-image-preview":"max-image-preview:large","max-video-preview":"max-video-preview:-1"},"canonical":"https:\/\/www.budokwai.fi\/karate\/kilpailumenestys\/","og_locale":"fi_FI","og_type":"article","og_title":"Kilpailumenestys - Budokwai Karate","og_description":"Budokwai karaten kilpailumenstys 2018 P\u00e4iv\u00e4m\u00e4\u00e4r\u00e4 Kilpailut Menestys 5.5.2018 Kuopio Suomi Cup Viola Hyv\u00f6nen: -Hopeaa, Tyt\u00f6t U18 -Hopeaa Naiset Veikko-Vikram Banauliker: -Kumite pojat, kultaa -Kata pojat, hopeaa 21.4.2018 Tczew Karate Open Cup, Puola Viola Hyv\u00f6nen: -Hopeaa, Tyt\u00f6t U18, -59kg -Hopeaa Tyt\u00f6t Joukkuekilpailu U18 \u00a014.4.2018 Suomen Mestaruus -kilpailut, Lohja \u00a0Viola Hyv\u00f6nen: -SM kultaa U18 tytt\u00f6jen katassa -SM... Lue lis\u00e4\u00e4 &raquo;","og_url":"https:\/\/www.budokwai.fi\/karate\/kilpailumenestys\/","og_site_name":"Budokwai Karate","article_publisher":"https:\/\/www.facebook.com\/budokwaikarateturku\/","article_modified_time":"2018-05-16T19:09:48+00:00","og_image":[{"width":395,"height":390,"url":"https:\/\/www.budokwai.fi\/karate\/wp\/wp-content\/uploads\/2017\/06\/Budokwai_karate2.png","type":"image\/png"}],"twitter_card":"summary_large_image","twitter_misc":{"Est. reading time":"1 minute"},"schema":{"@context":"https:\/\/schema.org","@graph":[{"@type":"WebPage","@id":"https:\/\/www.budokwai.fi\/karate\/kilpailumenestys\/","url":"https:\/\/www.budokwai.fi\/karate\/kilpailumenestys\/","name":"Kilpailumenestys - Budokwai Karate","isPartOf":{"@id":"https:\/\/www.budokwai.fi\/karate\/#website"},"datePublished":"2018-04-15T15:10:08+00:00","dateModified":"2018-05-16T19:09:48+00:00","breadcrumb":{"@id":"https:\/\/www.budokwai.fi\/karate\/kilpailumenestys\/#breadcrumb"},"inLanguage":"en-US","potentialAction":[{"@type":"ReadAction","target":["https:\/\/www.budokwai.fi\/karate\/kilpailumenestys\/"]}]},{"@type":"BreadcrumbList","@id":"https:\/\/www.budokwai.fi\/karate\/kilpailumenestys\/#breadcrumb","itemListElement":[{"@type":"ListItem","position":1,"name":"Home","item":"https:\/\/www.budokwai.fi\/karate\/"},{"@type":"ListItem","position":2,"name":"Kilpailumenestys"}]},{"@type":"WebSite","@id":"https:\/\/www.budokwai.fi\/karate\/#website","url":"https:\/\/www.budokwai.fi\/karate\/","name":"Budokwai Karate","description":"Budokwai karate","potentialAction":[{"@type":"SearchAction","target":{"@type":"EntryPoint","urlTemplate":"https:\/\/www.budokwai.fi\/karate\/?s={search_term_string}"},"query-input":{"@type":"PropertyValueSpecification","valueRequired":true,"valueName":"search_term_string"}}],"inLanguage":"en-US"}]}},"_links":{"self":[{"href":"https:\/\/www.budokwai.fi\/karate\/wp-json\/wp\/v2\/pages\/3492","targetHints":{"allow":["GET"]}}],"collection":[{"href":"https:\/\/www.budokwai.fi\/karate\/wp-json\/wp\/v2\/pages"}],"about":[{"href":"https:\/\/www.budokwai.fi\/karate\/wp-json\/wp\/v2\/types\/page"}],"author":[{"embeddable":true,"href":"https:\/\/www.budokwai.fi\/karate\/wp-json\/wp\/v2\/users\/3"}],"replies":[{"embeddable":true,"href":"https:\/\/www.budokwai.fi\/karate\/wp-json\/wp\/v2\/comments?post=3492"}],"version-history":[{"count":19,"href":"https:\/\/www.budokwai.fi\/karate\/wp-json\/wp\/v2\/pages\/3492\/revisions"}],"predecessor-version":[{"id":3557,"href":"https:\/\/www.budokwai.fi\/karate\/wp-json\/wp\/v2\/pages\/3492\/revisions\/3557"}],"wp:attachment":[{"href":"https:\/\/www.budokwai.fi\/karate\/wp-json\/wp\/v2\/media?parent=3492"}],"curies":[{"name":"wp","href":"https:\/\/api.w.org\/{rel}","templated":true}]}}