{"id":3439,"date":"2018-02-19T16:30:33","date_gmt":"2018-02-19T14:30:33","guid":{"rendered":"http:\/\/www.budokwai.fi\/karate\/?page_id=3439"},"modified":"2026-01-07T21:06:56","modified_gmt":"2026-01-07T19:06:56","slug":"kalenteri","status":"publish","type":"page","link":"https:\/\/www.budokwai.fi\/karate\/kalenteri\/","title":{"rendered":"Kalenteri"},"content":{"rendered":"<h2>Toimintakalenteri 2026<\/h2>\n<table style=\"height: 967px; width: 88.2084%;\">\n<tbody>\n<tr style=\"height: 24px;\">\n<td style=\"border-color: #000000; background-color: #000000; width: 20.5128%; height: 24px;\"><span style=\"color: #ffffff;\"><strong>Tammikuu<\/strong><\/span><\/td>\n<td style=\"border-color: #000000; background-color: #000000; width: 70.7788%; height: 24px;\"><span style=\"color: #ffffff;\">\u00a0<\/span><\/td>\n<td style=\"border-color: #000000; background-color: #000000; width: 39.8726%; height: 24px;\"><span style=\"color: #ffffff;\">\u00a0<\/span><\/td>\n<\/tr>\n<tr style=\"height: 24px;\">\n<td style=\"width: 20.5128%; height: 24px;\">Su 11.1.<\/td>\n<td style=\"width: 70.7788%; height: 24px;\">Lasten ja Nuorten jatkoryhmien harjoitukset jatkuvat<\/td>\n<td style=\"width: 39.8726%; height: 24px;\"><\/td>\n<\/tr>\n<tr style=\"height: 24px;\">\n<td style=\"width: 20.5128%; height: 24px;\">Ma 12.1.<\/td>\n<td style=\"width: 70.7788%; height: 24px;\">Aikuisten harjoitukset alkavat<\/td>\n<td style=\"width: 39.8726%; height: 24px;\"><\/td>\n<\/tr>\n<tr style=\"height: 24px;\">\n<td style=\"width: 20.5128%; height: 24px;\">Ti 13.1.<\/td>\n<td style=\"width: 70.7788%; height: 24px;\">Perhebudo alkaa<\/td>\n<td style=\"width: 39.8726%; height: 24px;\"><\/td>\n<\/tr>\n<tr style=\"height: 52px;\">\n<td style=\"width: 20.5128%; height: 52px;\">Pe 16.1.<\/td>\n<td style=\"width: 70.7788%; height: 52px;\">Lasten ja Nuorten peruskurssi alkaa<br \/>\nKarateKids alkaa<\/td>\n<td style=\"width: 39.8726%; height: 52px;\"><\/td>\n<\/tr>\n<tr style=\"height: 26px;\">\n<td style=\"width: 20.5128%; height: 26px;\">La 24.1.<\/td>\n<td style=\"width: 70.7788%; height: 26px;\">SuomiCup Imatra Karatekilpailut<\/td>\n<td style=\"width: 39.8726%; height: 26px;\"><\/td>\n<\/tr>\n<tr style=\"height: 26px;\">\n<td style=\"width: 20.5128%; height: 26px;\"><\/td>\n<td style=\"width: 70.7788%; height: 26px;\"><\/td>\n<td style=\"width: 39.8726%; height: 26px;\"><\/td>\n<\/tr>\n<tr style=\"border-color: #000000; background-color: #000000;\">\n<td style=\"width: 20.5128%; height: 24px;\"><span style=\"color: #ffffff;\"><strong>Helmikuu<\/strong><\/span><\/td>\n<td style=\"width: 70.7788%; height: 24px;\"><span style=\"color: #ffffff;\">\u00a0<\/span><\/td>\n<td style=\"width: 39.8726%; height: 24px;\"><span style=\"color: #ffffff;\">\u00a0<\/span><\/td>\n<\/tr>\n<tr style=\"height: 24px;\">\n<td style=\"width: 20.5128%; height: 24px;\">Ma 2.2.<\/td>\n<td style=\"width: 70.7788%; height: 24px;\">Aikuisten peruskurssi alkaa<\/td>\n<td style=\"width: 39.8726%; height: 24px;\"><\/td>\n<\/tr>\n<tr style=\"height: 26px;\">\n<td style=\"width: 20.5128%; height: 26px;\"><\/td>\n<td style=\"width: 70.7788%; height: 26px;\"><\/td>\n<td style=\"width: 39.8726%; height: 26px;\"><\/td>\n<\/tr>\n<tr style=\"border-color: #000000; background-color: #000000;\">\n<td style=\"width: 20.5128%; height: 24px;\"><span style=\"color: #ffffff;\"><strong>Maaliskuu<\/strong><\/span><\/td>\n<td style=\"width: 70.7788%; height: 24px;\"><span style=\"color: #ffffff;\">\u00a0<\/span><\/td>\n<td style=\"width: 39.8726%; height: 24px;\"><span style=\"color: #ffffff;\">\u00a0<\/span><\/td>\n<\/tr>\n<tr style=\"height: 24px;\">\n<td style=\"width: 20.5128%; height: 24px;\">La 14.3.<\/td>\n<td style=\"width: 70.7788%; height: 24px;\">Matalan kynnyksen kilpailut, Hyvink\u00e4\u00e4<\/td>\n<td style=\"width: 39.8726%; height: 24px;\"><\/td>\n<\/tr>\n<tr style=\"height: 24px;\">\n<td style=\"width: 20.5128%; height: 24px;\">La 28.3.<\/td>\n<td style=\"width: 70.7788%; height: 24px;\">Karaten SM-kilpailut, H\u00e4meenlinna<\/td>\n<td style=\"width: 39.8726%; height: 24px;\"><\/td>\n<\/tr>\n<tr style=\"height: 26px;\">\n<td style=\"width: 20.5128%; height: 26px;\"><\/td>\n<td style=\"width: 70.7788%; height: 26px;\"><\/td>\n<td style=\"width: 39.8726%; height: 26px;\"><\/td>\n<\/tr>\n<tr style=\"border-color: #000000; background-color: #000000;\">\n<td style=\"width: 20.5128%; height: 24px;\"><span style=\"color: #ffffff;\"><strong>Huhtikuu<\/strong><\/span><\/td>\n<td style=\"width: 70.7788%; height: 24px;\"><span style=\"color: #ffffff;\">\u00a0<\/span><\/td>\n<td style=\"width: 39.8726%; height: 24px;\"><span style=\"color: #ffffff;\">\u00a0<\/span><\/td>\n<\/tr>\n<tr style=\"height: 24px;\">\n<td style=\"width: 20.5128%; height: 24px;\">La 18.4.<\/td>\n<td style=\"width: 70.7788%; height: 24px;\">SuomiCup V\u00e4\u00e4ksy Karatekilpailut<\/td>\n<td style=\"width: 39.8726%; height: 24px;\"><\/td>\n<\/tr>\n<tr style=\"height: 24px;\">\n<td style=\"width: 20.5128%; height: 24px;\"><\/td>\n<td style=\"width: 70.7788%; height: 24px;\"><\/td>\n<td style=\"width: 39.8726%; height: 24px;\"><\/td>\n<\/tr>\n<tr style=\"height: 24px;\">\n<td style=\"width: 20.5128%; height: 24px;\"><\/td>\n<td style=\"width: 70.7788%; height: 24px;\"><\/td>\n<td style=\"width: 39.8726%; height: 24px;\"><\/td>\n<\/tr>\n<tr style=\"border-color: #000000; background-color: #000000;\">\n<td style=\"width: 20.5128%; height: 24px;\"><span style=\"color: #ffffff;\"><strong>Toukokuu<\/strong><\/span><\/td>\n<td style=\"width: 70.7788%; height: 24px;\"><span style=\"color: #ffffff;\">\u00a0<\/span><\/td>\n<td style=\"width: 39.8726%; height: 24px;\"><span style=\"color: #ffffff;\">\u00a0<\/span><\/td>\n<\/tr>\n<tr style=\"height: 24px;\">\n<td style=\"width: 20.5128%; height: 24px;\">Pe 15.- Su 17.5.<\/td>\n<td style=\"width: 70.7788%; height: 24px;\">Wadokai Technical Seminar with Shimura sensei, Ahvenanmaa<\/td>\n<td style=\"width: 39.8726%; height: 24px;\"><\/td>\n<\/tr>\n<tr style=\"height: 24px;\">\n<td style=\"width: 20.5128%; height: 24px;\"><\/td>\n<td style=\"width: 70.7788%; height: 24px;\"><\/td>\n<td style=\"width: 39.8726%; height: 24px;\"><\/td>\n<\/tr>\n<tr style=\"height: 24px;\">\n<td style=\"width: 20.5128%; height: 24px;\"><\/td>\n<td style=\"width: 70.7788%; height: 24px;\"><\/td>\n<td style=\"width: 39.8726%; height: 24px;\"><\/td>\n<\/tr>\n<tr style=\"border-color: #000000; background-color: #000000;\">\n<td style=\"width: 20.5128%; height: 24px;\"><span style=\"color: #ffffff;\"><strong>Kes\u00e4kuu<\/strong><\/span><\/td>\n<td style=\"width: 70.7788%; height: 24px;\"><span style=\"color: #ffffff;\">\u00a0<\/span><\/td>\n<td style=\"width: 39.8726%; height: 24px;\"><span style=\"color: #ffffff;\">\u00a0<\/span><\/td>\n<\/tr>\n<tr style=\"height: 48px;\">\n<td style=\"width: 20.5128%; height: 48px;\"><\/td>\n<td style=\"width: 70.7788%; height: 48px;\"><\/td>\n<td style=\"width: 39.8726%; height: 48px;\"><\/td>\n<\/tr>\n<tr style=\"height: 24px;\">\n<td style=\"width: 20.5128%; height: 24px;\"><\/td>\n<td style=\"width: 70.7788%; height: 24px;\"><\/td>\n<td style=\"width: 39.8726%; height: 24px;\"><\/td>\n<\/tr>\n<tr style=\"border-color: #000000; background-color: #000000;\">\n<td style=\"width: 20.5128%; height: 24px;\"><span style=\"color: #ffffff;\"><strong>Elokuu<\/strong><\/span><\/td>\n<td style=\"width: 70.7788%; height: 24px;\"><span style=\"color: #ffffff;\">\u00a0<\/span><\/td>\n<td style=\"width: 39.8726%; height: 24px;\"><span style=\"color: #ffffff;\">\u00a0<\/span><\/td>\n<\/tr>\n<tr style=\"height: 24px;\">\n<td style=\"width: 20.5128%; height: 24px;\"><\/td>\n<td style=\"width: 70.7788%; height: 24px;\"><\/td>\n<td style=\"width: 39.8726%; height: 24px;\"><\/td>\n<\/tr>\n<tr style=\"height: 24px;\">\n<td style=\"width: 20.5128%; height: 24px;\"><\/td>\n<td style=\"width: 70.7788%; height: 24px;\"><\/td>\n<td style=\"width: 39.8726%; height: 24px;\"><\/td>\n<\/tr>\n<tr style=\"border-color: #000000; background-color: #000000;\">\n<td style=\"width: 20.5128%; height: 24px;\"><span style=\"color: #ffffff;\"><strong>Syyskuu<\/strong><\/span><\/td>\n<td style=\"width: 70.7788%; height: 24px;\"><span style=\"color: #ffffff;\">\u00a0<\/span><\/td>\n<td style=\"width: 39.8726%; height: 24px;\"><span style=\"color: #ffffff;\">\u00a0<\/span><\/td>\n<\/tr>\n<tr style=\"height: 24px;\">\n<td style=\"width: 20.5128%; height: 24px;\">La 19.9. &#8211; Su 20.9.<\/td>\n<td style=\"width: 70.7788%; height: 24px;\">Wado-tekniikkaleiri, Kouvola<\/td>\n<td style=\"width: 39.8726%; height: 24px;\"><\/td>\n<\/tr>\n<tr style=\"height: 24px;\">\n<td style=\"width: 20.5128%; height: 24px;\"><\/td>\n<td style=\"width: 70.7788%; height: 24px;\"><\/td>\n<td style=\"width: 39.8726%; height: 24px;\"><\/td>\n<\/tr>\n<tr>\n<td style=\"width: 20.5128%;\"><\/td>\n<td style=\"width: 70.7788%;\"><\/td>\n<td style=\"width: 39.8726%;\"><\/td>\n<\/tr>\n<tr style=\"border-color: #000000; background-color: #000000;\">\n<td style=\"width: 20.5128%; height: 24px;\"><span style=\"color: #ffffff;\"><strong>Lokakuu<\/strong><\/span><\/td>\n<td style=\"width: 70.7788%; height: 24px;\"><span style=\"color: #ffffff;\">\u00a0<\/span><\/td>\n<td style=\"width: 39.8726%; height: 24px;\"><span style=\"color: #ffffff;\">\u00a0<\/span><\/td>\n<\/tr>\n<tr>\n<td style=\"width: 20.5128%;\"><\/td>\n<td style=\"width: 70.7788%;\"><\/td>\n<td style=\"width: 39.8726%;\"><\/td>\n<\/tr>\n<tr style=\"height: 24px;\">\n<td style=\"width: 20.5128%; height: 24px;\"><\/td>\n<td style=\"width: 70.7788%; height: 24px;\"><\/td>\n<td style=\"width: 39.8726%; height: 24px;\">&#8211;<\/td>\n<\/tr>\n<tr style=\"border-color: #000000; background-color: #000000;\">\n<td style=\"width: 20.5128%; height: 24px;\"><span style=\"color: #ffffff;\"><strong>Marraskuu<\/strong><\/span><\/td>\n<td style=\"width: 70.7788%; height: 24px;\"><span style=\"color: #ffffff;\">\u00a0<\/span><\/td>\n<td style=\"width: 39.8726%; height: 24px;\"><span style=\"color: #ffffff;\">\u00a0<\/span><\/td>\n<\/tr>\n<tr style=\"height: 23px;\">\n<td style=\"width: 20.5128%; height: 23px;\"><\/td>\n<td style=\"width: 70.7788%; height: 23px;\"><\/td>\n<td style=\"width: 39.8726%; height: 23px;\"><\/td>\n<\/tr>\n<tr style=\"height: 23px;\">\n<td style=\"width: 20.5128%; height: 23px;\"><\/td>\n<td style=\"width: 70.7788%; height: 23px;\"><\/td>\n<td style=\"width: 39.8726%; height: 23px;\"><\/td>\n<\/tr>\n<tr style=\"border-color: #000000; background-color: #000000;\">\n<td style=\"width: 20.5128%; height: 24px;\"><span style=\"color: #ffffff;\"><strong>Joulukuu<\/strong><\/span><\/td>\n<td style=\"width: 70.7788%; height: 24px;\"><span style=\"color: #ffffff;\">\u00a0<\/span><\/td>\n<td style=\"width: 39.8726%; height: 24px;\"><span style=\"color: #ffffff;\">\u00a0<\/span><\/td>\n<\/tr>\n<tr style=\"height: 23px;\">\n<td style=\"width: 20.5128%; height: 23px;\"><\/td>\n<td style=\"width: 70.7788%; height: 23px;\"><\/td>\n<td style=\"width: 39.8726%; height: 23px;\"><\/td>\n<\/tr>\n<\/tbody>\n<\/table>\n","protected":false},"excerpt":{"rendered":"<p>Toimintakalenteri 2026 Tammikuu \u00a0 \u00a0 Su 11.1. Lasten ja Nuorten jatkoryhmien harjoitukset jatkuvat Ma 12.1. Aikuisten harjoitukset alkavat Ti 13.1. Perhebudo alkaa Pe 16.1. Lasten ja Nuorten peruskurssi alkaa KarateKids alkaa La 24.1. SuomiCup Imatra Karatekilpailut Helmikuu \u00a0 \u00a0 Ma 2.2. Aikuisten peruskurssi alkaa Maaliskuu \u00a0 \u00a0 La 14.3. Matalan kynnyksen kilpailut, Hyvink\u00e4\u00e4 La 28.3&#8230;.  <a class=\"excerpt-read-more\" href=\"https:\/\/www.budokwai.fi\/karate\/kalenteri\/\" title=\"Kalenteri\">Lue lis\u00e4\u00e4 &raquo;<\/a><\/p>\n","protected":false},"author":3,"featured_media":0,"parent":0,"menu_order":0,"comment_status":"closed","ping_status":"closed","template":"","meta":{"_acf_changed":false,"_monsterinsights_skip_tracking":false,"_monsterinsights_sitenote_active":false,"_monsterinsights_sitenote_note":"","_monsterinsights_sitenote_category":0,"footnotes":""},"class_list":["post-3439","page","type-page","status-publish","hentry"],"acf":[],"yoast_head":"<!-- This site is optimized with the Yoast SEO plugin v27.5 - https:\/\/yoast.com\/product\/yoast-seo-wordpress\/ -->\n<title>Kalenteri - Budokwai Karate<\/title>\n<meta name=\"robots\" content=\"index, follow, max-snippet:-1, max-image-preview:large, max-video-preview:-1\" \/>\n<link rel=\"canonical\" href=\"https:\/\/www.budokwai.fi\/karate\/kalenteri\/\" \/>\n<meta property=\"og:locale\" content=\"fi_FI\" \/>\n<meta property=\"og:type\" content=\"article\" \/>\n<meta property=\"og:title\" content=\"Kalenteri - Budokwai Karate\" \/>\n<meta property=\"og:description\" content=\"Toimintakalenteri 2026 Tammikuu \u00a0 \u00a0 Su 11.1. Lasten ja Nuorten jatkoryhmien harjoitukset jatkuvat Ma 12.1. Aikuisten harjoitukset alkavat Ti 13.1. Perhebudo alkaa Pe 16.1. Lasten ja Nuorten peruskurssi alkaa KarateKids alkaa La 24.1. SuomiCup Imatra Karatekilpailut Helmikuu \u00a0 \u00a0 Ma 2.2. Aikuisten peruskurssi alkaa Maaliskuu \u00a0 \u00a0 La 14.3. Matalan kynnyksen kilpailut, Hyvink\u00e4\u00e4 La 28.3.... Lue lis\u00e4\u00e4 &raquo;\" \/>\n<meta property=\"og:url\" content=\"https:\/\/www.budokwai.fi\/karate\/kalenteri\/\" \/>\n<meta property=\"og:site_name\" content=\"Budokwai Karate\" \/>\n<meta property=\"article:publisher\" content=\"https:\/\/www.facebook.com\/budokwaikarateturku\/\" \/>\n<meta property=\"article:modified_time\" content=\"2026-01-07T19:06:56+00:00\" \/>\n<meta property=\"og:image\" content=\"https:\/\/www.budokwai.fi\/karate\/wp\/wp-content\/uploads\/2017\/06\/Budokwai_karate2.png\" \/>\n\t<meta property=\"og:image:width\" content=\"395\" \/>\n\t<meta property=\"og:image:height\" content=\"390\" \/>\n\t<meta property=\"og:image:type\" content=\"image\/png\" \/>\n<meta name=\"twitter:card\" content=\"summary_large_image\" \/>\n<meta name=\"twitter:label1\" content=\"Est. reading time\" \/>\n\t<meta name=\"twitter:data1\" content=\"1 minute\" \/>\n<script type=\"application\/ld+json\" class=\"yoast-schema-graph\">{\"@context\":\"https:\\\/\\\/schema.org\",\"@graph\":[{\"@type\":\"WebPage\",\"@id\":\"https:\\\/\\\/www.budokwai.fi\\\/karate\\\/kalenteri\\\/\",\"url\":\"https:\\\/\\\/www.budokwai.fi\\\/karate\\\/kalenteri\\\/\",\"name\":\"Kalenteri - Budokwai Karate\",\"isPartOf\":{\"@id\":\"https:\\\/\\\/www.budokwai.fi\\\/karate\\\/#website\"},\"datePublished\":\"2018-02-19T14:30:33+00:00\",\"dateModified\":\"2026-01-07T19:06:56+00:00\",\"breadcrumb\":{\"@id\":\"https:\\\/\\\/www.budokwai.fi\\\/karate\\\/kalenteri\\\/#breadcrumb\"},\"inLanguage\":\"en-US\",\"potentialAction\":[{\"@type\":\"ReadAction\",\"target\":[\"https:\\\/\\\/www.budokwai.fi\\\/karate\\\/kalenteri\\\/\"]}]},{\"@type\":\"BreadcrumbList\",\"@id\":\"https:\\\/\\\/www.budokwai.fi\\\/karate\\\/kalenteri\\\/#breadcrumb\",\"itemListElement\":[{\"@type\":\"ListItem\",\"position\":1,\"name\":\"Home\",\"item\":\"https:\\\/\\\/www.budokwai.fi\\\/karate\\\/\"},{\"@type\":\"ListItem\",\"position\":2,\"name\":\"Kalenteri\"}]},{\"@type\":\"WebSite\",\"@id\":\"https:\\\/\\\/www.budokwai.fi\\\/karate\\\/#website\",\"url\":\"https:\\\/\\\/www.budokwai.fi\\\/karate\\\/\",\"name\":\"Budokwai Karate\",\"description\":\"Budokwai karate\",\"potentialAction\":[{\"@type\":\"SearchAction\",\"target\":{\"@type\":\"EntryPoint\",\"urlTemplate\":\"https:\\\/\\\/www.budokwai.fi\\\/karate\\\/?s={search_term_string}\"},\"query-input\":{\"@type\":\"PropertyValueSpecification\",\"valueRequired\":true,\"valueName\":\"search_term_string\"}}],\"inLanguage\":\"en-US\"}]}<\/script>\n<!-- \/ Yoast SEO plugin. -->","yoast_head_json":{"title":"Kalenteri - Budokwai Karate","robots":{"index":"index","follow":"follow","max-snippet":"max-snippet:-1","max-image-preview":"max-image-preview:large","max-video-preview":"max-video-preview:-1"},"canonical":"https:\/\/www.budokwai.fi\/karate\/kalenteri\/","og_locale":"fi_FI","og_type":"article","og_title":"Kalenteri - Budokwai Karate","og_description":"Toimintakalenteri 2026 Tammikuu \u00a0 \u00a0 Su 11.1. Lasten ja Nuorten jatkoryhmien harjoitukset jatkuvat Ma 12.1. Aikuisten harjoitukset alkavat Ti 13.1. Perhebudo alkaa Pe 16.1. Lasten ja Nuorten peruskurssi alkaa KarateKids alkaa La 24.1. SuomiCup Imatra Karatekilpailut Helmikuu \u00a0 \u00a0 Ma 2.2. Aikuisten peruskurssi alkaa Maaliskuu \u00a0 \u00a0 La 14.3. Matalan kynnyksen kilpailut, Hyvink\u00e4\u00e4 La 28.3.... Lue lis\u00e4\u00e4 &raquo;","og_url":"https:\/\/www.budokwai.fi\/karate\/kalenteri\/","og_site_name":"Budokwai Karate","article_publisher":"https:\/\/www.facebook.com\/budokwaikarateturku\/","article_modified_time":"2026-01-07T19:06:56+00:00","og_image":[{"width":395,"height":390,"url":"https:\/\/www.budokwai.fi\/karate\/wp\/wp-content\/uploads\/2017\/06\/Budokwai_karate2.png","type":"image\/png"}],"twitter_card":"summary_large_image","twitter_misc":{"Est. reading time":"1 minute"},"schema":{"@context":"https:\/\/schema.org","@graph":[{"@type":"WebPage","@id":"https:\/\/www.budokwai.fi\/karate\/kalenteri\/","url":"https:\/\/www.budokwai.fi\/karate\/kalenteri\/","name":"Kalenteri - Budokwai Karate","isPartOf":{"@id":"https:\/\/www.budokwai.fi\/karate\/#website"},"datePublished":"2018-02-19T14:30:33+00:00","dateModified":"2026-01-07T19:06:56+00:00","breadcrumb":{"@id":"https:\/\/www.budokwai.fi\/karate\/kalenteri\/#breadcrumb"},"inLanguage":"en-US","potentialAction":[{"@type":"ReadAction","target":["https:\/\/www.budokwai.fi\/karate\/kalenteri\/"]}]},{"@type":"BreadcrumbList","@id":"https:\/\/www.budokwai.fi\/karate\/kalenteri\/#breadcrumb","itemListElement":[{"@type":"ListItem","position":1,"name":"Home","item":"https:\/\/www.budokwai.fi\/karate\/"},{"@type":"ListItem","position":2,"name":"Kalenteri"}]},{"@type":"WebSite","@id":"https:\/\/www.budokwai.fi\/karate\/#website","url":"https:\/\/www.budokwai.fi\/karate\/","name":"Budokwai Karate","description":"Budokwai karate","potentialAction":[{"@type":"SearchAction","target":{"@type":"EntryPoint","urlTemplate":"https:\/\/www.budokwai.fi\/karate\/?s={search_term_string}"},"query-input":{"@type":"PropertyValueSpecification","valueRequired":true,"valueName":"search_term_string"}}],"inLanguage":"en-US"}]}},"_links":{"self":[{"href":"https:\/\/www.budokwai.fi\/karate\/wp-json\/wp\/v2\/pages\/3439","targetHints":{"allow":["GET"]}}],"collection":[{"href":"https:\/\/www.budokwai.fi\/karate\/wp-json\/wp\/v2\/pages"}],"about":[{"href":"https:\/\/www.budokwai.fi\/karate\/wp-json\/wp\/v2\/types\/page"}],"author":[{"embeddable":true,"href":"https:\/\/www.budokwai.fi\/karate\/wp-json\/wp\/v2\/users\/3"}],"replies":[{"embeddable":true,"href":"https:\/\/www.budokwai.fi\/karate\/wp-json\/wp\/v2\/comments?post=3439"}],"version-history":[{"count":11,"href":"https:\/\/www.budokwai.fi\/karate\/wp-json\/wp\/v2\/pages\/3439\/revisions"}],"predecessor-version":[{"id":4588,"href":"https:\/\/www.budokwai.fi\/karate\/wp-json\/wp\/v2\/pages\/3439\/revisions\/4588"}],"wp:attachment":[{"href":"https:\/\/www.budokwai.fi\/karate\/wp-json\/wp\/v2\/media?parent=3439"}],"curies":[{"name":"wp","href":"https:\/\/api.w.org\/{rel}","templated":true}]}}