{"id":287,"date":"2015-10-16T17:02:56","date_gmt":"2015-10-16T14:02:56","guid":{"rendered":"http:\/\/www.budokwai.fi\/karate\/wp\/?page_id=287"},"modified":"2015-12-20T01:06:30","modified_gmt":"2015-12-19T23:06:30","slug":"6-mon","status":"publish","type":"page","link":"https:\/\/www.budokwai.fi\/karate\/6-mon\/","title":{"rendered":"6 MON,  juniorivihre\u00e4 + #"},"content":{"rendered":"<h2>Termist\u00f6n tunteminen<\/h2>\n<ul>\n<li>Tekniikoiden yhteydess\u00e4 esiin tulleet sanat<\/li>\n<\/ul>\n<h2>Uke (torjunta)<\/h2>\n<p>Suoritetaan otteluasennosta, paikaltaan, v\u00e4ist\u00e4en hy\u00f6kk\u00e4yslinjalta (Hamnikamae-Dachi)<\/p>\n<ul>\n<li>Jodan Uke, Hamnigamae -Dachi<\/li>\n<li>Gedan Barai, Hamnigamae-Dachi<br \/>\n<span style=\"line-height: 1.5;\">Aiemmin treenatut:\u00a0<\/span><\/li>\n<li>Chudan Soto Uke, Kiba-Dachi<\/li>\n<li>Chudan Uchi Uke, Kiba-Dachi<\/li>\n<li>Jodan Uke, Kiba-Dachi<\/li>\n<li>Gedan Barai, Kiba-DachiSuoritetaan otteluasennosta, askeleella taaksep\u00e4in, v\u00e4ist\u00e4en hy\u00f6kk\u00e4yslinjalta (Hamnigamae-Dachi)<\/li>\n<li>Chudan Soto Uke<\/li>\n<li>Chudan Uchi Uke<\/li>\n<\/ul>\n<h2>Geri (potku)<\/h2>\n<ul>\n<li>Surikomi Sokuto Chudan<br \/>\nAiemmin treenatut:<\/li>\n<li>Maegeri Chudan<\/li>\n<li>Sokuto Fumikomi<\/li>\n<li>Surikomi Maegeri Chudan<\/li>\n<li>Mawashigeri Chudan<\/li>\n<li>Sokuto Chudan<\/li>\n<li>Surikomi Mawashigeri Jodan<\/li>\n<\/ul>\n<h2>Zuki (ly\u00f6nti)<\/h2>\n<ul>\n<li>Tobikomizuki, Shizentai &#8211; Dachi<br \/>\nAiemmin treenatut:<\/li>\n<li>Junzuki Chudan<\/li>\n<li>Gyakuzuki Chudan<\/li>\n<li>Junzuki No Tsukkomi<\/li>\n<li>Gyakuzuki No Tsukkomi<\/li>\n<li>Kette Junzuki<\/li>\n<li>Kette Gyakuzuki<\/li>\n<\/ul>\n<h2>Renraku Waza (yhdistelm\u00e4tekniikka)<\/h2>\n<ul>\n<li>Gedan Barai &#8211; Gyakuzuki Jodan \u2013 Surikomi Sokuto Chudan<\/li>\n<\/ul>\n<h2>Ippon kumite<\/h2>\n<ul>\n<li>Maegeri Uke Gohonme (5.), Ropponme (6.)<br \/>\nAiemmin treenatut:<\/li>\n<li>Chudan Uke Ipponme (1.), Nihonme (2.)<\/li>\n<li>Jodan Uke Ipponme (1.), Nihonme (2.), Sanbonme (3.), Yohonme (4.)<\/li>\n<li>Maegeri Uke Ipponme (1.), Nihonme (2.), Sanbonme (3.), Yohonme (4.)<\/li>\n<\/ul>\n<h2>Ohyo Kumite<\/h2>\n<ul>\n<li>Ohyo Kumite Ipponme (1.)<\/li>\n<\/ul>\n<h2>Kata<\/h2>\n<ul>\n<li>Pinan Yodan<br \/>\nAiemmin treenatut:<\/li>\n<li>Pinan Nidan<\/li>\n<li>Pinan Shodan<\/li>\n<li>Pinan Sandan<\/li>\n<\/ul>\n<p>&nbsp;<\/p>\n","protected":false},"excerpt":{"rendered":"<p>Termist\u00f6n tunteminen Tekniikoiden yhteydess\u00e4 esiin tulleet sanat Uke (torjunta) Suoritetaan otteluasennosta, paikaltaan, v\u00e4ist\u00e4en hy\u00f6kk\u00e4yslinjalta (Hamnikamae-Dachi) Jodan Uke, Hamnigamae -Dachi Gedan Barai, Hamnigamae-Dachi Aiemmin treenatut:\u00a0 Chudan Soto Uke, Kiba-Dachi Chudan Uchi Uke, Kiba-Dachi Jodan Uke, Kiba-Dachi Gedan Barai, Kiba-DachiSuoritetaan otteluasennosta, askeleella taaksep\u00e4in, v\u00e4ist\u00e4en hy\u00f6kk\u00e4yslinjalta (Hamnigamae-Dachi) Chudan Soto Uke Chudan Uchi Uke Geri (potku) Surikomi Sokuto Chudan&#8230;  <a class=\"excerpt-read-more\" href=\"https:\/\/www.budokwai.fi\/karate\/6-mon\/\" title=\"6 MON,  juniorivihre\u00e4 + #\">Lue lis\u00e4\u00e4 &raquo;<\/a><\/p>\n","protected":false},"author":3,"featured_media":0,"parent":0,"menu_order":0,"comment_status":"closed","ping_status":"closed","template":"full-width.php","meta":{"_acf_changed":false,"_monsterinsights_skip_tracking":false,"_monsterinsights_sitenote_active":false,"_monsterinsights_sitenote_note":"","_monsterinsights_sitenote_category":0,"footnotes":""},"class_list":["post-287","page","type-page","status-publish","hentry"],"acf":[],"yoast_head":"<!-- This site is optimized with the Yoast SEO plugin v27.4 - https:\/\/yoast.com\/product\/yoast-seo-wordpress\/ -->\n<title>6 MON, juniorivihre\u00e4 + # - Budokwai Karate<\/title>\n<meta name=\"robots\" content=\"index, follow, max-snippet:-1, max-image-preview:large, max-video-preview:-1\" \/>\n<link rel=\"canonical\" href=\"https:\/\/www.budokwai.fi\/karate\/6-mon\/\" \/>\n<meta property=\"og:locale\" content=\"fi_FI\" \/>\n<meta property=\"og:type\" content=\"article\" \/>\n<meta property=\"og:title\" content=\"6 MON, juniorivihre\u00e4 + # - Budokwai Karate\" \/>\n<meta property=\"og:description\" content=\"Termist\u00f6n tunteminen Tekniikoiden yhteydess\u00e4 esiin tulleet sanat Uke (torjunta) Suoritetaan otteluasennosta, paikaltaan, v\u00e4ist\u00e4en hy\u00f6kk\u00e4yslinjalta (Hamnikamae-Dachi) Jodan Uke, Hamnigamae -Dachi Gedan Barai, Hamnigamae-Dachi Aiemmin treenatut:\u00a0 Chudan Soto Uke, Kiba-Dachi Chudan Uchi Uke, Kiba-Dachi Jodan Uke, Kiba-Dachi Gedan Barai, Kiba-DachiSuoritetaan otteluasennosta, askeleella taaksep\u00e4in, v\u00e4ist\u00e4en hy\u00f6kk\u00e4yslinjalta (Hamnigamae-Dachi) Chudan Soto Uke Chudan Uchi Uke Geri (potku) Surikomi Sokuto Chudan... Lue lis\u00e4\u00e4 &raquo;\" \/>\n<meta property=\"og:url\" content=\"https:\/\/www.budokwai.fi\/karate\/6-mon\/\" \/>\n<meta property=\"og:site_name\" content=\"Budokwai Karate\" \/>\n<meta property=\"article:publisher\" content=\"https:\/\/www.facebook.com\/budokwaikarateturku\/\" \/>\n<meta property=\"article:modified_time\" content=\"2015-12-19T23:06:30+00:00\" \/>\n<meta property=\"og:image\" content=\"https:\/\/www.budokwai.fi\/karate\/wp\/wp-content\/uploads\/2017\/06\/Budokwai_karate2.png\" \/>\n\t<meta property=\"og:image:width\" content=\"395\" \/>\n\t<meta property=\"og:image:height\" content=\"390\" \/>\n\t<meta property=\"og:image:type\" content=\"image\/png\" \/>\n<meta name=\"twitter:card\" content=\"summary_large_image\" \/>\n<meta name=\"twitter:label1\" content=\"Est. reading time\" \/>\n\t<meta name=\"twitter:data1\" content=\"1 minute\" \/>\n<script type=\"application\/ld+json\" class=\"yoast-schema-graph\">{\"@context\":\"https:\\\/\\\/schema.org\",\"@graph\":[{\"@type\":\"WebPage\",\"@id\":\"https:\\\/\\\/www.budokwai.fi\\\/karate\\\/6-mon\\\/\",\"url\":\"https:\\\/\\\/www.budokwai.fi\\\/karate\\\/6-mon\\\/\",\"name\":\"6 MON, juniorivihre\u00e4 + # - Budokwai Karate\",\"isPartOf\":{\"@id\":\"https:\\\/\\\/www.budokwai.fi\\\/karate\\\/#website\"},\"datePublished\":\"2015-10-16T14:02:56+00:00\",\"dateModified\":\"2015-12-19T23:06:30+00:00\",\"breadcrumb\":{\"@id\":\"https:\\\/\\\/www.budokwai.fi\\\/karate\\\/6-mon\\\/#breadcrumb\"},\"inLanguage\":\"en-US\",\"potentialAction\":[{\"@type\":\"ReadAction\",\"target\":[\"https:\\\/\\\/www.budokwai.fi\\\/karate\\\/6-mon\\\/\"]}]},{\"@type\":\"BreadcrumbList\",\"@id\":\"https:\\\/\\\/www.budokwai.fi\\\/karate\\\/6-mon\\\/#breadcrumb\",\"itemListElement\":[{\"@type\":\"ListItem\",\"position\":1,\"name\":\"Home\",\"item\":\"https:\\\/\\\/www.budokwai.fi\\\/karate\\\/\"},{\"@type\":\"ListItem\",\"position\":2,\"name\":\"6 MON, juniorivihre\u00e4 + #\"}]},{\"@type\":\"WebSite\",\"@id\":\"https:\\\/\\\/www.budokwai.fi\\\/karate\\\/#website\",\"url\":\"https:\\\/\\\/www.budokwai.fi\\\/karate\\\/\",\"name\":\"Budokwai Karate\",\"description\":\"Budokwai karate\",\"potentialAction\":[{\"@type\":\"SearchAction\",\"target\":{\"@type\":\"EntryPoint\",\"urlTemplate\":\"https:\\\/\\\/www.budokwai.fi\\\/karate\\\/?s={search_term_string}\"},\"query-input\":{\"@type\":\"PropertyValueSpecification\",\"valueRequired\":true,\"valueName\":\"search_term_string\"}}],\"inLanguage\":\"en-US\"}]}<\/script>\n<!-- \/ Yoast SEO plugin. -->","yoast_head_json":{"title":"6 MON, juniorivihre\u00e4 + # - Budokwai Karate","robots":{"index":"index","follow":"follow","max-snippet":"max-snippet:-1","max-image-preview":"max-image-preview:large","max-video-preview":"max-video-preview:-1"},"canonical":"https:\/\/www.budokwai.fi\/karate\/6-mon\/","og_locale":"fi_FI","og_type":"article","og_title":"6 MON, juniorivihre\u00e4 + # - Budokwai Karate","og_description":"Termist\u00f6n tunteminen Tekniikoiden yhteydess\u00e4 esiin tulleet sanat Uke (torjunta) Suoritetaan otteluasennosta, paikaltaan, v\u00e4ist\u00e4en hy\u00f6kk\u00e4yslinjalta (Hamnikamae-Dachi) Jodan Uke, Hamnigamae -Dachi Gedan Barai, Hamnigamae-Dachi Aiemmin treenatut:\u00a0 Chudan Soto Uke, Kiba-Dachi Chudan Uchi Uke, Kiba-Dachi Jodan Uke, Kiba-Dachi Gedan Barai, Kiba-DachiSuoritetaan otteluasennosta, askeleella taaksep\u00e4in, v\u00e4ist\u00e4en hy\u00f6kk\u00e4yslinjalta (Hamnigamae-Dachi) Chudan Soto Uke Chudan Uchi Uke Geri (potku) Surikomi Sokuto Chudan... Lue lis\u00e4\u00e4 &raquo;","og_url":"https:\/\/www.budokwai.fi\/karate\/6-mon\/","og_site_name":"Budokwai Karate","article_publisher":"https:\/\/www.facebook.com\/budokwaikarateturku\/","article_modified_time":"2015-12-19T23:06:30+00:00","og_image":[{"width":395,"height":390,"url":"https:\/\/www.budokwai.fi\/karate\/wp\/wp-content\/uploads\/2017\/06\/Budokwai_karate2.png","type":"image\/png"}],"twitter_card":"summary_large_image","twitter_misc":{"Est. reading time":"1 minute"},"schema":{"@context":"https:\/\/schema.org","@graph":[{"@type":"WebPage","@id":"https:\/\/www.budokwai.fi\/karate\/6-mon\/","url":"https:\/\/www.budokwai.fi\/karate\/6-mon\/","name":"6 MON, juniorivihre\u00e4 + # - Budokwai Karate","isPartOf":{"@id":"https:\/\/www.budokwai.fi\/karate\/#website"},"datePublished":"2015-10-16T14:02:56+00:00","dateModified":"2015-12-19T23:06:30+00:00","breadcrumb":{"@id":"https:\/\/www.budokwai.fi\/karate\/6-mon\/#breadcrumb"},"inLanguage":"en-US","potentialAction":[{"@type":"ReadAction","target":["https:\/\/www.budokwai.fi\/karate\/6-mon\/"]}]},{"@type":"BreadcrumbList","@id":"https:\/\/www.budokwai.fi\/karate\/6-mon\/#breadcrumb","itemListElement":[{"@type":"ListItem","position":1,"name":"Home","item":"https:\/\/www.budokwai.fi\/karate\/"},{"@type":"ListItem","position":2,"name":"6 MON, juniorivihre\u00e4 + #"}]},{"@type":"WebSite","@id":"https:\/\/www.budokwai.fi\/karate\/#website","url":"https:\/\/www.budokwai.fi\/karate\/","name":"Budokwai Karate","description":"Budokwai karate","potentialAction":[{"@type":"SearchAction","target":{"@type":"EntryPoint","urlTemplate":"https:\/\/www.budokwai.fi\/karate\/?s={search_term_string}"},"query-input":{"@type":"PropertyValueSpecification","valueRequired":true,"valueName":"search_term_string"}}],"inLanguage":"en-US"}]}},"_links":{"self":[{"href":"https:\/\/www.budokwai.fi\/karate\/wp-json\/wp\/v2\/pages\/287","targetHints":{"allow":["GET"]}}],"collection":[{"href":"https:\/\/www.budokwai.fi\/karate\/wp-json\/wp\/v2\/pages"}],"about":[{"href":"https:\/\/www.budokwai.fi\/karate\/wp-json\/wp\/v2\/types\/page"}],"author":[{"embeddable":true,"href":"https:\/\/www.budokwai.fi\/karate\/wp-json\/wp\/v2\/users\/3"}],"replies":[{"embeddable":true,"href":"https:\/\/www.budokwai.fi\/karate\/wp-json\/wp\/v2\/comments?post=287"}],"version-history":[{"count":2,"href":"https:\/\/www.budokwai.fi\/karate\/wp-json\/wp\/v2\/pages\/287\/revisions"}],"predecessor-version":[{"id":611,"href":"https:\/\/www.budokwai.fi\/karate\/wp-json\/wp\/v2\/pages\/287\/revisions\/611"}],"wp:attachment":[{"href":"https:\/\/www.budokwai.fi\/karate\/wp-json\/wp\/v2\/media?parent=287"}],"curies":[{"name":"wp","href":"https:\/\/api.w.org\/{rel}","templated":true}]}}