{"id":2697,"date":"2017-06-01T23:00:06","date_gmt":"2017-06-01T20:00:06","guid":{"rendered":"http:\/\/www.budokwai.fi\/karate\/wp\/?page_id=2697"},"modified":"2025-11-30T19:58:11","modified_gmt":"2025-11-30T17:58:11","slug":"perhebudo","status":"publish","type":"page","link":"https:\/\/www.budokwai.fi\/karate\/perhebudo\/","title":{"rendered":"Perhebudo 2\u20136-vuotiaille"},"content":{"rendered":"\n<p><br><strong><span style=\"color: #ff0000;\">P\u00e4ivitys 30.11.2025:<\/span><\/strong> <strong><span style=\"color: #ff0000;\"> Ilmoittauminen kev\u00e4\u00e4n ryhm\u00e4\u00e4n on avattu.\u00a0<\/span><\/strong><\/p>\n\n\n\n<p>Perhebudossa p\u00e4\u00e4paino on liikkumisen ilo, leikkimielisyys ja tutustuminen monipuoliseen ja vaativaan kamppailulajiin aikuinen ja lapsi yhdess\u00e4. Perhebudon t\u00e4rkeit\u00e4 asioita ovat lapsen liikunnallisten taitojen, nopeuden, ketteryyden ja motoriikan kehitt\u00e4minen monipuolisilla harjoitteilla ja leikeill\u00e4.<\/p>\n\n\n\n<p>Harjoitukset ovat tarpeeksi lyhyit\u00e4 ja innostavia, jotta lapset jaksavat innostua leikin varjolla tapahtuvaan opetukseen. My\u00f6s sosiaaliset taidot kehittyv\u00e4t ryhm\u00e4ss\u00e4 liikkuessa. Tutustumme samalla budoetikettiin.<\/p>\n\n\n\n<p>Harjoituksiin tullaan yhdess\u00e4 2\u20136-vuotiaan lapsen kanssa. Harjoittelemaan voi tulla joko vain toinen vanhempi, molemmat vanhemmat, isovanhempi, kummi jne. Perhebudo on yhteist\u00e4 perheliikuntaa. Harjoituksen kesto on 45 minuuttia. Osallistumismaksu on perhekohtainen 100e\/kausi.<br> Mukaan voi tulla koska tahansa.<\/p>\n\n\n\n<p><strong><span style=\"text-decoration: underline;\">Harjoitusajat:<\/span><\/strong><br> Kev\u00e4\u00e4ll\u00e4 2026 perhebudo alkaa tiistaina<strong> 13.1.2026 klo 17.15-18.00.<\/strong><br> Harjoitukset ovat joka tiistai klo 17.15-18.00<\/p>\n\n\n\n<p><a href=\"http:\/\/www.budokwai.fi\/karate\/peruskurssille_ilmoittautuminen\/\">Ilmoittaudu kurssille<\/a> lomakkeen kautta.<\/p>\n","protected":false},"excerpt":{"rendered":"<p>P\u00e4ivitys 30.11.2025: Ilmoittauminen kev\u00e4\u00e4n ryhm\u00e4\u00e4n on avattu.\u00a0 Perhebudossa p\u00e4\u00e4paino on liikkumisen ilo, leikkimielisyys ja tutustuminen monipuoliseen ja vaativaan kamppailulajiin aikuinen ja lapsi yhdess\u00e4. Perhebudon t\u00e4rkeit\u00e4 asioita ovat lapsen liikunnallisten taitojen, nopeuden, ketteryyden ja motoriikan kehitt\u00e4minen monipuolisilla harjoitteilla ja leikeill\u00e4. Harjoitukset ovat tarpeeksi lyhyit\u00e4 ja innostavia, jotta lapset jaksavat innostua leikin varjolla tapahtuvaan opetukseen. My\u00f6s sosiaaliset&#8230;  <a class=\"excerpt-read-more\" href=\"https:\/\/www.budokwai.fi\/karate\/perhebudo\/\" title=\"Perhebudo 2\u20136-vuotiaille\">Lue lis\u00e4\u00e4 &raquo;<\/a><\/p>\n","protected":false},"author":3,"featured_media":0,"parent":0,"menu_order":0,"comment_status":"closed","ping_status":"closed","template":"","meta":{"_acf_changed":false,"_monsterinsights_skip_tracking":false,"_monsterinsights_sitenote_active":false,"_monsterinsights_sitenote_note":"","_monsterinsights_sitenote_category":0,"footnotes":""},"class_list":["post-2697","page","type-page","status-publish","hentry"],"acf":[],"yoast_head":"<!-- This site is optimized with the Yoast SEO plugin v27.4 - https:\/\/yoast.com\/product\/yoast-seo-wordpress\/ -->\n<title>Perhebudo 2\u20136-vuotiaille - Budokwai Karate<\/title>\n<meta name=\"robots\" content=\"index, follow, max-snippet:-1, max-image-preview:large, max-video-preview:-1\" \/>\n<link rel=\"canonical\" href=\"https:\/\/www.budokwai.fi\/karate\/perhebudo\/\" \/>\n<meta property=\"og:locale\" content=\"fi_FI\" \/>\n<meta property=\"og:type\" content=\"article\" \/>\n<meta property=\"og:title\" content=\"Perhebudo 2\u20136-vuotiaille - Budokwai Karate\" \/>\n<meta property=\"og:description\" content=\"P\u00e4ivitys 30.11.2025: Ilmoittauminen kev\u00e4\u00e4n ryhm\u00e4\u00e4n on avattu.\u00a0 Perhebudossa p\u00e4\u00e4paino on liikkumisen ilo, leikkimielisyys ja tutustuminen monipuoliseen ja vaativaan kamppailulajiin aikuinen ja lapsi yhdess\u00e4. Perhebudon t\u00e4rkeit\u00e4 asioita ovat lapsen liikunnallisten taitojen, nopeuden, ketteryyden ja motoriikan kehitt\u00e4minen monipuolisilla harjoitteilla ja leikeill\u00e4. Harjoitukset ovat tarpeeksi lyhyit\u00e4 ja innostavia, jotta lapset jaksavat innostua leikin varjolla tapahtuvaan opetukseen. My\u00f6s sosiaaliset... Lue lis\u00e4\u00e4 &raquo;\" \/>\n<meta property=\"og:url\" content=\"https:\/\/www.budokwai.fi\/karate\/perhebudo\/\" \/>\n<meta property=\"og:site_name\" content=\"Budokwai Karate\" \/>\n<meta property=\"article:publisher\" content=\"https:\/\/www.facebook.com\/budokwaikarateturku\/\" \/>\n<meta property=\"article:modified_time\" content=\"2025-11-30T17:58:11+00:00\" \/>\n<meta property=\"og:image\" content=\"https:\/\/www.budokwai.fi\/karate\/wp\/wp-content\/uploads\/2017\/06\/Budokwai_karate2.png\" \/>\n\t<meta property=\"og:image:width\" content=\"395\" \/>\n\t<meta property=\"og:image:height\" content=\"390\" \/>\n\t<meta property=\"og:image:type\" content=\"image\/png\" \/>\n<meta name=\"twitter:card\" content=\"summary_large_image\" \/>\n<meta name=\"twitter:label1\" content=\"Est. reading time\" \/>\n\t<meta name=\"twitter:data1\" content=\"1 minute\" \/>\n<script type=\"application\/ld+json\" class=\"yoast-schema-graph\">{\"@context\":\"https:\\\/\\\/schema.org\",\"@graph\":[{\"@type\":\"WebPage\",\"@id\":\"https:\\\/\\\/www.budokwai.fi\\\/karate\\\/perhebudo\\\/\",\"url\":\"https:\\\/\\\/www.budokwai.fi\\\/karate\\\/perhebudo\\\/\",\"name\":\"Perhebudo 2\u20136-vuotiaille - Budokwai Karate\",\"isPartOf\":{\"@id\":\"https:\\\/\\\/www.budokwai.fi\\\/karate\\\/#website\"},\"datePublished\":\"2017-06-01T20:00:06+00:00\",\"dateModified\":\"2025-11-30T17:58:11+00:00\",\"breadcrumb\":{\"@id\":\"https:\\\/\\\/www.budokwai.fi\\\/karate\\\/perhebudo\\\/#breadcrumb\"},\"inLanguage\":\"en-US\",\"potentialAction\":[{\"@type\":\"ReadAction\",\"target\":[\"https:\\\/\\\/www.budokwai.fi\\\/karate\\\/perhebudo\\\/\"]}]},{\"@type\":\"BreadcrumbList\",\"@id\":\"https:\\\/\\\/www.budokwai.fi\\\/karate\\\/perhebudo\\\/#breadcrumb\",\"itemListElement\":[{\"@type\":\"ListItem\",\"position\":1,\"name\":\"Home\",\"item\":\"https:\\\/\\\/www.budokwai.fi\\\/karate\\\/\"},{\"@type\":\"ListItem\",\"position\":2,\"name\":\"Perhebudo 2\u20136-vuotiaille\"}]},{\"@type\":\"WebSite\",\"@id\":\"https:\\\/\\\/www.budokwai.fi\\\/karate\\\/#website\",\"url\":\"https:\\\/\\\/www.budokwai.fi\\\/karate\\\/\",\"name\":\"Budokwai Karate\",\"description\":\"Budokwai karate\",\"potentialAction\":[{\"@type\":\"SearchAction\",\"target\":{\"@type\":\"EntryPoint\",\"urlTemplate\":\"https:\\\/\\\/www.budokwai.fi\\\/karate\\\/?s={search_term_string}\"},\"query-input\":{\"@type\":\"PropertyValueSpecification\",\"valueRequired\":true,\"valueName\":\"search_term_string\"}}],\"inLanguage\":\"en-US\"}]}<\/script>\n<!-- \/ Yoast SEO plugin. -->","yoast_head_json":{"title":"Perhebudo 2\u20136-vuotiaille - Budokwai Karate","robots":{"index":"index","follow":"follow","max-snippet":"max-snippet:-1","max-image-preview":"max-image-preview:large","max-video-preview":"max-video-preview:-1"},"canonical":"https:\/\/www.budokwai.fi\/karate\/perhebudo\/","og_locale":"fi_FI","og_type":"article","og_title":"Perhebudo 2\u20136-vuotiaille - Budokwai Karate","og_description":"P\u00e4ivitys 30.11.2025: Ilmoittauminen kev\u00e4\u00e4n ryhm\u00e4\u00e4n on avattu.\u00a0 Perhebudossa p\u00e4\u00e4paino on liikkumisen ilo, leikkimielisyys ja tutustuminen monipuoliseen ja vaativaan kamppailulajiin aikuinen ja lapsi yhdess\u00e4. Perhebudon t\u00e4rkeit\u00e4 asioita ovat lapsen liikunnallisten taitojen, nopeuden, ketteryyden ja motoriikan kehitt\u00e4minen monipuolisilla harjoitteilla ja leikeill\u00e4. Harjoitukset ovat tarpeeksi lyhyit\u00e4 ja innostavia, jotta lapset jaksavat innostua leikin varjolla tapahtuvaan opetukseen. My\u00f6s sosiaaliset... Lue lis\u00e4\u00e4 &raquo;","og_url":"https:\/\/www.budokwai.fi\/karate\/perhebudo\/","og_site_name":"Budokwai Karate","article_publisher":"https:\/\/www.facebook.com\/budokwaikarateturku\/","article_modified_time":"2025-11-30T17:58:11+00:00","og_image":[{"width":395,"height":390,"url":"https:\/\/www.budokwai.fi\/karate\/wp\/wp-content\/uploads\/2017\/06\/Budokwai_karate2.png","type":"image\/png"}],"twitter_card":"summary_large_image","twitter_misc":{"Est. reading time":"1 minute"},"schema":{"@context":"https:\/\/schema.org","@graph":[{"@type":"WebPage","@id":"https:\/\/www.budokwai.fi\/karate\/perhebudo\/","url":"https:\/\/www.budokwai.fi\/karate\/perhebudo\/","name":"Perhebudo 2\u20136-vuotiaille - Budokwai Karate","isPartOf":{"@id":"https:\/\/www.budokwai.fi\/karate\/#website"},"datePublished":"2017-06-01T20:00:06+00:00","dateModified":"2025-11-30T17:58:11+00:00","breadcrumb":{"@id":"https:\/\/www.budokwai.fi\/karate\/perhebudo\/#breadcrumb"},"inLanguage":"en-US","potentialAction":[{"@type":"ReadAction","target":["https:\/\/www.budokwai.fi\/karate\/perhebudo\/"]}]},{"@type":"BreadcrumbList","@id":"https:\/\/www.budokwai.fi\/karate\/perhebudo\/#breadcrumb","itemListElement":[{"@type":"ListItem","position":1,"name":"Home","item":"https:\/\/www.budokwai.fi\/karate\/"},{"@type":"ListItem","position":2,"name":"Perhebudo 2\u20136-vuotiaille"}]},{"@type":"WebSite","@id":"https:\/\/www.budokwai.fi\/karate\/#website","url":"https:\/\/www.budokwai.fi\/karate\/","name":"Budokwai Karate","description":"Budokwai karate","potentialAction":[{"@type":"SearchAction","target":{"@type":"EntryPoint","urlTemplate":"https:\/\/www.budokwai.fi\/karate\/?s={search_term_string}"},"query-input":{"@type":"PropertyValueSpecification","valueRequired":true,"valueName":"search_term_string"}}],"inLanguage":"en-US"}]}},"_links":{"self":[{"href":"https:\/\/www.budokwai.fi\/karate\/wp-json\/wp\/v2\/pages\/2697","targetHints":{"allow":["GET"]}}],"collection":[{"href":"https:\/\/www.budokwai.fi\/karate\/wp-json\/wp\/v2\/pages"}],"about":[{"href":"https:\/\/www.budokwai.fi\/karate\/wp-json\/wp\/v2\/types\/page"}],"author":[{"embeddable":true,"href":"https:\/\/www.budokwai.fi\/karate\/wp-json\/wp\/v2\/users\/3"}],"replies":[{"embeddable":true,"href":"https:\/\/www.budokwai.fi\/karate\/wp-json\/wp\/v2\/comments?post=2697"}],"version-history":[{"count":50,"href":"https:\/\/www.budokwai.fi\/karate\/wp-json\/wp\/v2\/pages\/2697\/revisions"}],"predecessor-version":[{"id":4564,"href":"https:\/\/www.budokwai.fi\/karate\/wp-json\/wp\/v2\/pages\/2697\/revisions\/4564"}],"wp:attachment":[{"href":"https:\/\/www.budokwai.fi\/karate\/wp-json\/wp\/v2\/media?parent=2697"}],"curies":[{"name":"wp","href":"https:\/\/api.w.org\/{rel}","templated":true}]}}