{"id":171,"date":"2015-10-14T23:43:29","date_gmt":"2015-10-14T20:43:29","guid":{"rendered":"http:\/\/www.budokwai.fi\/karate\/wp\/?page_id=171"},"modified":"2015-10-14T23:43:29","modified_gmt":"2015-10-14T20:43:29","slug":"kumarrus","status":"publish","type":"page","link":"https:\/\/www.budokwai.fi\/karate\/kumarrus\/","title":{"rendered":"Kumarrus"},"content":{"rendered":"<p>Koska karate on per\u00e4isin Japanista (ks. historia) on lajissa mukana runsaasti tapoja japanilaisesta kulttuurista. Suurin eroavaisuus suomalaisen ja japanilaisen yhteiskunnan v\u00e4lill\u00e4 lienee sik\u00e4l\u00e4inen pitk\u00e4\u00e4 kokemusta arvostava yhteiskunta.<br \/>\nT\u00e4st\u00e4 syyst\u00e4 karatessakin osoitetaan kunnioitusta opettajaa kohtaan joka on harjoitellut pitemp\u00e4\u00e4n.<br \/>\nSalille tultaessa ja sielt\u00e4 l\u00e4hdett\u00e4ess\u00e4 budoka kumartaa pystyst\u00e4 salin suuntaan. Harjoituksen alussa harjoittelijat kokoontuvat riviin opettajan eteen ja polvistuvat komennolla seiza ja kumartavat kaksi (joskus 3) kertaa: ensin sempai\/sensei ni rei opettajalle ja sitten otagai ni rei toisille harjoittelijoille. Nimityst\u00e4 sensei k\u00e4ytet\u00e4\u00e4n yleens\u00e4 kolmannen asteen mustan vy\u00f6n saavuttaneesta karatekoista.<br \/>\nLis\u00e4ksi harjoitellessa parin kanssa kumarretaan aina uudelle parille. Lukuisat kumarrukset ilment\u00e4v\u00e4t toisen kunnioitusta.<\/p>\n<p>T\u00e4ytyy kuitenkin muistaa ett\u00e4 Rei ei ole pelkk\u00e4 kumarrus. Sill\u00e4 Rei:hin sis\u00e4ltyv\u00e4t my\u00f6s etiketti, siveellisyys, rehellisyys, armeliaisuus, rohkeus, uskollisuus, luottamus, velvollisuus ja uhrautuvaisuus. Koska karatessa harjoitellaan potkuja ly\u00f6ntej\u00e4, heittoja, kuristuksia, lukkoja jne. on harjoittelijan pystytt\u00e4v\u00e4 luottamaan vastustajaan.<\/p>\n<p>&nbsp;<\/p>\n","protected":false},"excerpt":{"rendered":"<p>Koska karate on per\u00e4isin Japanista (ks. historia) on lajissa mukana runsaasti tapoja japanilaisesta kulttuurista. Suurin eroavaisuus suomalaisen ja japanilaisen yhteiskunnan v\u00e4lill\u00e4 lienee sik\u00e4l\u00e4inen pitk\u00e4\u00e4 kokemusta arvostava yhteiskunta. T\u00e4st\u00e4 syyst\u00e4 karatessakin osoitetaan kunnioitusta opettajaa kohtaan joka on harjoitellut pitemp\u00e4\u00e4n. Salille tultaessa ja sielt\u00e4 l\u00e4hdett\u00e4ess\u00e4 budoka kumartaa pystyst\u00e4 salin suuntaan. Harjoituksen alussa harjoittelijat kokoontuvat riviin opettajan eteen&#8230;  <a class=\"excerpt-read-more\" href=\"https:\/\/www.budokwai.fi\/karate\/kumarrus\/\" title=\"Kumarrus\">Lue lis\u00e4\u00e4 &raquo;<\/a><\/p>\n","protected":false},"author":3,"featured_media":0,"parent":0,"menu_order":0,"comment_status":"closed","ping_status":"closed","template":"","meta":{"_acf_changed":false,"_monsterinsights_skip_tracking":false,"_monsterinsights_sitenote_active":false,"_monsterinsights_sitenote_note":"","_monsterinsights_sitenote_category":0,"footnotes":""},"class_list":["post-171","page","type-page","status-publish","hentry"],"acf":[],"yoast_head":"<!-- This site is optimized with the Yoast SEO plugin v27.5 - https:\/\/yoast.com\/product\/yoast-seo-wordpress\/ -->\n<title>Kumarrus - Budokwai Karate<\/title>\n<meta name=\"robots\" content=\"index, follow, max-snippet:-1, max-image-preview:large, max-video-preview:-1\" \/>\n<link rel=\"canonical\" href=\"https:\/\/www.budokwai.fi\/karate\/kumarrus\/\" \/>\n<meta property=\"og:locale\" content=\"fi_FI\" \/>\n<meta property=\"og:type\" content=\"article\" \/>\n<meta property=\"og:title\" content=\"Kumarrus - Budokwai Karate\" \/>\n<meta property=\"og:description\" content=\"Koska karate on per\u00e4isin Japanista (ks. historia) on lajissa mukana runsaasti tapoja japanilaisesta kulttuurista. Suurin eroavaisuus suomalaisen ja japanilaisen yhteiskunnan v\u00e4lill\u00e4 lienee sik\u00e4l\u00e4inen pitk\u00e4\u00e4 kokemusta arvostava yhteiskunta. T\u00e4st\u00e4 syyst\u00e4 karatessakin osoitetaan kunnioitusta opettajaa kohtaan joka on harjoitellut pitemp\u00e4\u00e4n. Salille tultaessa ja sielt\u00e4 l\u00e4hdett\u00e4ess\u00e4 budoka kumartaa pystyst\u00e4 salin suuntaan. Harjoituksen alussa harjoittelijat kokoontuvat riviin opettajan eteen... Lue lis\u00e4\u00e4 &raquo;\" \/>\n<meta property=\"og:url\" content=\"https:\/\/www.budokwai.fi\/karate\/kumarrus\/\" \/>\n<meta property=\"og:site_name\" content=\"Budokwai Karate\" \/>\n<meta property=\"article:publisher\" content=\"https:\/\/www.facebook.com\/budokwaikarateturku\/\" \/>\n<meta property=\"og:image\" content=\"https:\/\/www.budokwai.fi\/karate\/wp\/wp-content\/uploads\/2017\/06\/Budokwai_karate2.png\" \/>\n\t<meta property=\"og:image:width\" content=\"395\" \/>\n\t<meta property=\"og:image:height\" content=\"390\" \/>\n\t<meta property=\"og:image:type\" content=\"image\/png\" \/>\n<meta name=\"twitter:card\" content=\"summary_large_image\" \/>\n<meta name=\"twitter:label1\" content=\"Est. reading time\" \/>\n\t<meta name=\"twitter:data1\" content=\"1 minute\" \/>\n<script type=\"application\/ld+json\" class=\"yoast-schema-graph\">{\"@context\":\"https:\\\/\\\/schema.org\",\"@graph\":[{\"@type\":\"WebPage\",\"@id\":\"https:\\\/\\\/www.budokwai.fi\\\/karate\\\/kumarrus\\\/\",\"url\":\"https:\\\/\\\/www.budokwai.fi\\\/karate\\\/kumarrus\\\/\",\"name\":\"Kumarrus - Budokwai Karate\",\"isPartOf\":{\"@id\":\"https:\\\/\\\/www.budokwai.fi\\\/karate\\\/#website\"},\"datePublished\":\"2015-10-14T20:43:29+00:00\",\"breadcrumb\":{\"@id\":\"https:\\\/\\\/www.budokwai.fi\\\/karate\\\/kumarrus\\\/#breadcrumb\"},\"inLanguage\":\"en-US\",\"potentialAction\":[{\"@type\":\"ReadAction\",\"target\":[\"https:\\\/\\\/www.budokwai.fi\\\/karate\\\/kumarrus\\\/\"]}]},{\"@type\":\"BreadcrumbList\",\"@id\":\"https:\\\/\\\/www.budokwai.fi\\\/karate\\\/kumarrus\\\/#breadcrumb\",\"itemListElement\":[{\"@type\":\"ListItem\",\"position\":1,\"name\":\"Home\",\"item\":\"https:\\\/\\\/www.budokwai.fi\\\/karate\\\/\"},{\"@type\":\"ListItem\",\"position\":2,\"name\":\"Kumarrus\"}]},{\"@type\":\"WebSite\",\"@id\":\"https:\\\/\\\/www.budokwai.fi\\\/karate\\\/#website\",\"url\":\"https:\\\/\\\/www.budokwai.fi\\\/karate\\\/\",\"name\":\"Budokwai Karate\",\"description\":\"Budokwai karate\",\"potentialAction\":[{\"@type\":\"SearchAction\",\"target\":{\"@type\":\"EntryPoint\",\"urlTemplate\":\"https:\\\/\\\/www.budokwai.fi\\\/karate\\\/?s={search_term_string}\"},\"query-input\":{\"@type\":\"PropertyValueSpecification\",\"valueRequired\":true,\"valueName\":\"search_term_string\"}}],\"inLanguage\":\"en-US\"}]}<\/script>\n<!-- \/ Yoast SEO plugin. -->","yoast_head_json":{"title":"Kumarrus - Budokwai Karate","robots":{"index":"index","follow":"follow","max-snippet":"max-snippet:-1","max-image-preview":"max-image-preview:large","max-video-preview":"max-video-preview:-1"},"canonical":"https:\/\/www.budokwai.fi\/karate\/kumarrus\/","og_locale":"fi_FI","og_type":"article","og_title":"Kumarrus - Budokwai Karate","og_description":"Koska karate on per\u00e4isin Japanista (ks. historia) on lajissa mukana runsaasti tapoja japanilaisesta kulttuurista. Suurin eroavaisuus suomalaisen ja japanilaisen yhteiskunnan v\u00e4lill\u00e4 lienee sik\u00e4l\u00e4inen pitk\u00e4\u00e4 kokemusta arvostava yhteiskunta. T\u00e4st\u00e4 syyst\u00e4 karatessakin osoitetaan kunnioitusta opettajaa kohtaan joka on harjoitellut pitemp\u00e4\u00e4n. Salille tultaessa ja sielt\u00e4 l\u00e4hdett\u00e4ess\u00e4 budoka kumartaa pystyst\u00e4 salin suuntaan. Harjoituksen alussa harjoittelijat kokoontuvat riviin opettajan eteen... Lue lis\u00e4\u00e4 &raquo;","og_url":"https:\/\/www.budokwai.fi\/karate\/kumarrus\/","og_site_name":"Budokwai Karate","article_publisher":"https:\/\/www.facebook.com\/budokwaikarateturku\/","og_image":[{"width":395,"height":390,"url":"https:\/\/www.budokwai.fi\/karate\/wp\/wp-content\/uploads\/2017\/06\/Budokwai_karate2.png","type":"image\/png"}],"twitter_card":"summary_large_image","twitter_misc":{"Est. reading time":"1 minute"},"schema":{"@context":"https:\/\/schema.org","@graph":[{"@type":"WebPage","@id":"https:\/\/www.budokwai.fi\/karate\/kumarrus\/","url":"https:\/\/www.budokwai.fi\/karate\/kumarrus\/","name":"Kumarrus - Budokwai Karate","isPartOf":{"@id":"https:\/\/www.budokwai.fi\/karate\/#website"},"datePublished":"2015-10-14T20:43:29+00:00","breadcrumb":{"@id":"https:\/\/www.budokwai.fi\/karate\/kumarrus\/#breadcrumb"},"inLanguage":"en-US","potentialAction":[{"@type":"ReadAction","target":["https:\/\/www.budokwai.fi\/karate\/kumarrus\/"]}]},{"@type":"BreadcrumbList","@id":"https:\/\/www.budokwai.fi\/karate\/kumarrus\/#breadcrumb","itemListElement":[{"@type":"ListItem","position":1,"name":"Home","item":"https:\/\/www.budokwai.fi\/karate\/"},{"@type":"ListItem","position":2,"name":"Kumarrus"}]},{"@type":"WebSite","@id":"https:\/\/www.budokwai.fi\/karate\/#website","url":"https:\/\/www.budokwai.fi\/karate\/","name":"Budokwai Karate","description":"Budokwai karate","potentialAction":[{"@type":"SearchAction","target":{"@type":"EntryPoint","urlTemplate":"https:\/\/www.budokwai.fi\/karate\/?s={search_term_string}"},"query-input":{"@type":"PropertyValueSpecification","valueRequired":true,"valueName":"search_term_string"}}],"inLanguage":"en-US"}]}},"_links":{"self":[{"href":"https:\/\/www.budokwai.fi\/karate\/wp-json\/wp\/v2\/pages\/171","targetHints":{"allow":["GET"]}}],"collection":[{"href":"https:\/\/www.budokwai.fi\/karate\/wp-json\/wp\/v2\/pages"}],"about":[{"href":"https:\/\/www.budokwai.fi\/karate\/wp-json\/wp\/v2\/types\/page"}],"author":[{"embeddable":true,"href":"https:\/\/www.budokwai.fi\/karate\/wp-json\/wp\/v2\/users\/3"}],"replies":[{"embeddable":true,"href":"https:\/\/www.budokwai.fi\/karate\/wp-json\/wp\/v2\/comments?post=171"}],"version-history":[{"count":1,"href":"https:\/\/www.budokwai.fi\/karate\/wp-json\/wp\/v2\/pages\/171\/revisions"}],"predecessor-version":[{"id":172,"href":"https:\/\/www.budokwai.fi\/karate\/wp-json\/wp\/v2\/pages\/171\/revisions\/172"}],"wp:attachment":[{"href":"https:\/\/www.budokwai.fi\/karate\/wp-json\/wp\/v2\/media?parent=171"}],"curies":[{"name":"wp","href":"https:\/\/api.w.org\/{rel}","templated":true}]}}