{"id":153,"date":"2015-10-14T23:28:49","date_gmt":"2015-10-14T20:28:49","guid":{"rendered":"http:\/\/www.budokwai.fi\/karate\/wp\/?page_id=153"},"modified":"2015-10-14T23:41:58","modified_gmt":"2015-10-14T20:41:58","slug":"karaten-aseita","status":"publish","type":"page","link":"https:\/\/www.budokwai.fi\/karate\/karaten-aseita\/","title":{"rendered":"Karaten aseita"},"content":{"rendered":"<h2>Johdatus<\/h2>\n<p>T\u00e4ss\u00e4 perehdymme perinteiseen Okinawalaiseen kobujutsuun. Okinavalainen kobujutsu perustuu silloisen tavallisen kansan (1600-luku) ty\u00f6v\u00e4lineiden k\u00e4ytt\u00f6\u00f6n taistelu tarkoituksiin. En\u00e4\u00e4 nyky\u00e4\u00e4n kyseiset v\u00e4lineet eiv\u00e4t kuulu k\u00e4ytett\u00e4vien ty\u00f6v\u00e4lineiden joukkoon Okinawalla. Okinawalaisia asetaitoja (Ryukuy Kobujutsu) ei pid\u00e4 sekoittaa Japanin kobujutsuun. Japanin vanhat asetaidot sis\u00e4lt\u00e4v\u00e4t mm. kenjutsun (miekkailu- taito), kyujutsun (jousiammunta), naginatajutsun (peitsitaistelutaito), sojutsu (keih\u00e4staistelu) jne. Sanan kobujutsu voidaan yritt\u00e4\u00e4 k\u00e4\u00e4nt\u00e4\u00e4 seuraavalla tavalla : Ko = vanha, Bu=soturi, Jutsu= taito.<\/p>\n<h2>Historia<\/h2>\n<p>Kertomusten mukaan 1600-luvulla Okinawa joutui japanilaisten hallintaan. Hallitseva luokka halusi riisua v\u00e4est\u00f6n aseista, ja n\u00e4in saada vahvemman otteen saaren v\u00e4est\u00f6\u00f6n. N\u00e4in ollen saaren uudet hallitsijat kielsiv\u00e4t aseiden k\u00e4yt\u00f6n. Saaren asukkaat kuitenkin saivat kuljettaa mukanaan ty\u00f6v\u00e4lineit\u00e4\u00e4n. N\u00e4it\u00e4 ty\u00f6v\u00e4lineit\u00e4 saaren asukkaat alkoivat k\u00e4ytt\u00e4\u00e4 muuhunkin kuin maataloust\u00f6ihin &#8211; he kehittiv\u00e4t taistelutaidon perustuen niiden, sek\u00e4 k\u00e4sien ett\u00e4 jalkojen k\u00e4ytt\u00f6\u00f6n. Karate syntyy &#8230;.<br \/>\nOkinawalainen kobujutsu ei suoranaisesti kuulu karateen mutta on kuitenkin historiallisesti erottamaton osa sit\u00e4. Monet jotka harrastavat kobujutusua eiv\u00e4t kuitenkaan hallitse koko ase arsenaalia &#8211; eiv\u00e4t my\u00f6s kaikki opettajat, koska aseita on niin monta.<\/p>\n<h2>Aseet:<\/h2>\n<p>Motokatsu Inoue on sanonut seuraavasti kobujutsun harjoittamisesta:<\/p>\n<p>&#8221;<br \/>\nOpittuasi hallitsemaan asetekniikat et vain opi k\u00e4ytt\u00e4m\u00e4\u00e4n kaikkia ymp\u00e4rill\u00e4si olevia esineit\u00e4 puolustautumiseen. Opit my\u00f6s arvioimaan et\u00e4isyyden asetta k\u00e4ytt\u00e4v\u00e4\u00e4n vastustajaan, etk\u00e4 joudu pelon valtaan aseellisenkaan hy\u00f6kk\u00e4\u00e4j\u00e4n edess\u00e4, sill\u00e4 tied\u00e4t miten erilaisia aseita on mahdollista k\u00e4ytt\u00e4\u00e4 ja miten niit\u00e4 vastaan voi puolustautua.<br \/>\n&#8221;<\/p>\n<p>Tavallisimmat kobujutsu aseet ovat bo, sai, tonfa, nunchaku ja kama. Kaiken kaikkiaan aseita voidaan laskea olevan yhteens\u00e4 parikymment\u00e4. Jokaiselle aseelle on omat liikesarjansa mutta suurin osa on suunniteltu viidelle perusaseelle, jotka lueteltiin kappaleen alussa.<\/p>\n<p>&nbsp;<\/p>\n<p><strong>BO<\/strong><\/p>\n<img loading=\"lazy\" decoding=\"async\" class=\"alignnone size-full wp-image-156\" src=\"http:\/\/www.budokwai.fi\/karate\/wp\/wp-content\/uploads\/2015\/10\/aseita_bo.gif\" alt=\"aseita_bo\" width=\"251\" height=\"250\" \/>\n<p>Bo on yksi vanhimpia aseita. Se lienee saanut alkunsa vaellussauvasta tai vedenkantoriusta. Bo on er\u00e4s kobujutsun suosituimmista aseista, vahva ase jonka etuja ovat sen ulottuvuus ja muunneltavuus. Bot ovat yleens\u00e4 valmistettu tammipuusta. Okinavailainen bo (kiinalaisilla oma bo) suippenee p\u00e4it\u00e4 kohti, jotta painopiste sijaitsisi mahdollisimman keskell\u00e4. Parhaiten bolla p\u00e4rj\u00e4\u00e4 sellaista vastustajaa vastaan jonka ase ei ole yht\u00e4 ulottuva. Bon pituus asettaa omat rajoituksensa bon tehokkaalle k\u00e4yt\u00f6lle. Bo on n. 180 cm pitk\u00e4.<\/p>\n<p>&nbsp;<\/p>\n<p><strong>SAI<\/strong><\/p>\n<img loading=\"lazy\" decoding=\"async\" class=\"alignnone size-full wp-image-160\" src=\"http:\/\/www.budokwai.fi\/karate\/wp\/wp-content\/uploads\/2015\/10\/aseita_sai.gif\" alt=\"aseita_sai\" width=\"208\" height=\"191\" \/>\n<p>Sai on erikoisesti muotoiltu lyhyt ter\u00e4ase, jolla on pitk\u00e4 historia. Muinaisia saita on l\u00f6ydetty niin Intiasta, Kiinasta, Indonesiasta, Filippiineilt\u00e4 kuin Javalta. Saiden olemassaolo Okinawalla perustuukin n\u00e4iden maiden vaikutukseen. Saita k\u00e4ytettiin maanviljelyss\u00e4 siten, ett\u00e4 sen ter\u00e4ll\u00e4 vedettiin maahan vako, mihin siemenet istutettiin. Sain pituus vaihtelee 45 sentist\u00e4 60 senttiin. Se on valmistettu raudasta tai ter\u00e4ksest\u00e4 ja paino vaihtelee 500 grammasta puoleentoista kiloon. Talonpoika kantoi yleens\u00e4 mukanaan kolmea saita, yht\u00e4 kummassakin k\u00e4dess\u00e4 ja yht\u00e4 vy\u00f6h\u00f6n ty\u00f6nnettyn\u00e4. Kolmas oli mukana silt\u00e4 varalta ett\u00e4 jompikumpi katoaisi tai se saatettiin my\u00f6s heitt\u00e4\u00e4. Jotkut okinawalaiset mestarit olivat eritt\u00e4in taitavia sain heitt\u00e4misess\u00e4.<\/p>\n<p>&nbsp;<\/p>\n<p><strong>TONFA<\/strong><\/p>\n<img loading=\"lazy\" decoding=\"async\" class=\"alignnone size-full wp-image-161\" src=\"http:\/\/www.budokwai.fi\/karate\/wp\/wp-content\/uploads\/2015\/10\/aseita_tonfa.gif\" alt=\"aseita_tonfa\" width=\"253\" height=\"194\" \/>\n<p>Tonfa on puinen, alunperin myllynkiven k\u00e4densijana toiminut puuase. Puinen varsiosa ty\u00f6nnettiin myllynkiven sivussa olevaan sille varattuun reik\u00e4\u00e4n. Tonfa oli p\u00e4\u00e4st\u00e4\u00e4n suippeneva ja toisessa p\u00e4\u00e4ss\u00e4 oli k\u00e4densija. Aseen oikea pituus on kahvasta kiinni pidett\u00e4ess\u00e4 aseen ollessa k\u00e4sivartta vasten vasten pari sentti\u00e4 yli kyynerp\u00e4\u00e4n. Yleens\u00e4 k\u00e4ytet\u00e4\u00e4n kahta asetta, yht\u00e4 kummassakin k\u00e4dess\u00e4. Tonfan k\u00e4sittely perustuu pitk\u00e4lle karateliikkeisiin, aseen k\u00e4sittelij\u00e4 voi ly\u00f6d\u00e4 kovalla voimalla puun toimiessa osumapintana. Seitsem\u00e4nkymment\u00e4luvulla tonfa otettiin k\u00e4ytt\u00f6\u00f6n Amerikan poliisivoimissa, jossa se yleistyi nopeasti. Amerikkalaiset poliisit antoivat aseelle nimen PR 24 &#8211; &#8216;syytt\u00e4j\u00e4&#8217;. Luku tulee varren pituudesta tuumina. Kyseinen ase on n\u00e4ht\u00e4viss\u00e4 monissa tv:n poliisi sarjoissa roikkumassa poliisin vy\u00f6ll\u00e4.<\/p>\n<p>&nbsp;<\/p>\n<p><strong>NUNCHAKU<\/strong><\/p>\n<img loading=\"lazy\" decoding=\"async\" class=\"alignnone size-full wp-image-162\" src=\"http:\/\/www.budokwai.fi\/karate\/wp\/wp-content\/uploads\/2015\/10\/aseita_nuncha.gif\" alt=\"aseita_nuncha\" width=\"168\" height=\"243\" \/>\n<p>T\u00e4m\u00e4 ase nousi budomaailman tietoisuuteen Bruce Leen elokuvien my\u00f6t\u00e4. Nunchakua, kahta toisiinsa liitetty\u00e4 puukapulaa, jotka on yhdistetty joko nuoralla tai ketjulla, k\u00e4ytettiin alunperin viljanpuinnissa varstana. Aseen alkuper\u00e4 saattaa olla Kiinassa, tosin Filippiineill\u00e4kin tunnettiin t\u00e4m\u00e4nkaltainen ase nimell\u00e4 tabak-toyok. Puuosat ovat identtiset. Osien pituudet ovat v\u00e4lill\u00e4 30 &#8211; 45 cm. Niiden leikkaukset voivat olla joko py\u00f6re\u00e4t, kuusi- tai kahdeksankulmaiset. Nunchaku on l\u00e4hiet\u00e4isyyden ase ja erityisen tehokas se on vastustajan kehon heikkoja kohteita (kylkiluut, ranteet, k\u00e4densel\u00e4t, kasvot, polvet) vastaan. Asetta voidaan k\u00e4ytt\u00e4\u00e4 my\u00f6s lukitseviin tekniikoihin. Nunchakua heilutellessa toisella k\u00e4dell\u00e4 toista k\u00e4tt\u00e4 k\u00e4ytet\u00e4\u00e4n suojaukseen. Yleens\u00e4 poliisivoimat ovat pit\u00e4neet nunchakua liian agressiivisena poliisity\u00f6h\u00f6n, mutta poikkeuksiakin on. USA:ssa New Jerseyn ja Floridan poliisit ovat vaihtaneet perinteiset pamppunsa nunchakuihin.<\/p>\n<p>Nunchaku kilpailut ovat yleistyneet Euroopassa. Onpa j\u00e4rjestetty jo Euroopan mestaruuskilpailut. Nunchaku kilpailut tuomitaan paljolti karateottelun tapaan. Ottelussa jaetaan wazareita ja ipponeita. Ottelijat k\u00e4ytt\u00e4v\u00e4t mm. p\u00e4\u00e4suojusta. Nunchakut ovat kumilla suojatut. Nunchaku otteluiden lis\u00e4ksi j\u00e4rjestet\u00e4\u00e4n nunchaku katoja. Eli tehd\u00e4\u00e4n ennalta m\u00e4\u00e4r\u00e4tty liikesarja nunchakulla.<\/p>\n<p>Nunchaku on vaarallinen ase! Sek\u00e4 itselle \ud83d\ude42 ett\u00e4 muille. Siksi on ehdottoman t\u00e4rke\u00e4\u00e4 ett\u00e4 nunchakun opetteleminen on tapahduttava asiantuntevien silmien alla, eli karateseurassa.<\/p>\n<p>&nbsp;<\/p>\n<p><strong>KAMA<\/strong><\/p>\n<img loading=\"lazy\" decoding=\"async\" class=\"alignnone size-full wp-image-163\" src=\"http:\/\/www.budokwai.fi\/karate\/wp\/wp-content\/uploads\/2015\/10\/aseita_kama.gif\" alt=\"aseita_kama\" width=\"245\" height=\"234\" \/>\n<p>Maanviljelij\u00e4t ovat k\u00e4ytt\u00e4neet sirppi\u00e4 niist\u00e4 p\u00e4ivist\u00e4 kun riisi\u00e4 ruvettiin kasvattamaan. Sirpin l\u00f6yt\u00e4\u00e4 eri muodossa kautta koko etel\u00e4isen Aasian ja jo kauan se on samalla palvellut tehokkaana aseena. Okinawalla sirppi\u00e4 kutsuttiin nimell\u00e4 kama. Ilmeisesti sirppi on kotiutunut sinne jostain osasta Aasiaa. Aseessa on kovapuinen varsiosa ja puolikuun muotoinen, yksipuolisesti teroitettu ter\u00e4. Kama on hyvin vaikea ase k\u00e4sitell\u00e4, mutta l\u00e4hiet\u00e4isyydelt\u00e4 mestarin k\u00e4siss\u00e4 vaarallinen ase.<\/p>\n<p>&nbsp;<\/p>\n<p><strong>TEKKO<\/strong><\/p>\n<img loading=\"lazy\" decoding=\"async\" class=\"alignnone size-full wp-image-164\" src=\"http:\/\/www.budokwai.fi\/karate\/wp\/wp-content\/uploads\/2015\/10\/aseita_tekko.gif\" alt=\"aseita_tekko\" width=\"170\" height=\"161\" \/>\n<p>Tekko eli nyrkkirauta on ase, joka oli yleinen monissa Aasian maissa. Samankaltaista asetta k\u00e4yttiv\u00e4t niin Rooman gladiaattorit kuin Afrikan heimot. Tekkot voivat olla puiset tai metalliset ja niit\u00e4 k\u00e4ytet\u00e4\u00e4n parina. Tekkojen k\u00e4ytt\u00f6 perustuu normaalien ly\u00f6ntitekniikkojen tehostamiseen. Tekosta mahdollisesti esiin ty\u00f6ntyv\u00e4t ter\u00e4t tulee silloin aina osoittaa eteenp\u00e4in.<\/p>\n<p>&nbsp;<\/p>\n<p><strong>NUNTE<\/strong><\/p>\n<img loading=\"lazy\" decoding=\"async\" class=\"alignnone size-full wp-image-165\" src=\"http:\/\/www.budokwai.fi\/karate\/wp\/wp-content\/uploads\/2015\/10\/aseita_nunte.gif\" alt=\"aseita_nunte\" width=\"187\" height=\"231\" \/>\n<p>Nunte on samankaltainen ase kuin sai, toinen haarukoista on vain k\u00e4\u00e4nnetty toisinp\u00e4in. Asetta kutsutaan my\u00f6s nimell\u00e4 manji-sai. Nunte oli vaarallinen heittoase. Kun nunte kiinnitettiin sitomalla bon nen\u00e4\u00e4n, se toimi kalastajalla koukkuna, jolla saattoi vet\u00e4\u00e4 saaliin kuiville.<\/p>\n<p>&nbsp;<\/p>\n<p><strong>ROCHIN<\/strong><\/p>\n<img loading=\"lazy\" decoding=\"async\" class=\"alignnone size-full wp-image-166\" src=\"http:\/\/www.budokwai.fi\/karate\/wp\/wp-content\/uploads\/2015\/10\/aseita_rochin.gif\" alt=\"aseita_rochin\" width=\"73\" height=\"273\" \/>\n<p>Rochinia eli lyhytt\u00e4 keih\u00e4st\u00e4 k\u00e4ytet\u00e4\u00e4n timbein eli kilven kanssa. T\u00e4llainen aseiden yhdist\u00e4minen on yhteist\u00e4 l\u00e4hes kaikille taistelukulttuureille. Rochinin pituus on n. 40 sentti\u00e4. Keih\u00e4\u00e4n p\u00e4\u00e4ss\u00e4 on ter\u00e4osa.<\/p>\n<p>&nbsp;<\/p>\n<p><strong>TIMBEI<\/strong><\/p>\n<img loading=\"lazy\" decoding=\"async\" class=\"alignnone size-full wp-image-167\" src=\"http:\/\/www.budokwai.fi\/karate\/wp\/wp-content\/uploads\/2015\/10\/aseita_timbei.gif\" alt=\"aseita_timbei\" width=\"219\" height=\"297\" \/>\n<p>Kuten Rochinin yhteydess\u00e4 mainitsin timbeit\u00e4 ja rochinia k\u00e4ytet\u00e4\u00e4n yhdess\u00e4. Okinawalaiselle kilvelle luonteenomaista on, ett\u00e4 se on valmistettu suuren merikilpikonnan kilvest\u00e4, jonka taakse on kiinnitetty k\u00e4densijat. Modernimmat timbeit ovat valmistettu nahalla p\u00e4\u00e4llystetyst\u00e4 puusta, lasikuidusta tai kevytmetallista.<\/p>\n<p>&nbsp;<\/p>\n<p><strong>SURUJIN<\/strong><\/p>\n<img loading=\"lazy\" decoding=\"async\" class=\"alignnone size-full wp-image-168\" src=\"http:\/\/www.budokwai.fi\/karate\/wp\/wp-content\/uploads\/2015\/10\/aseita_surujin.gif\" alt=\"aseita_surujin\" width=\"221\" height=\"223\" \/>\n<p>Surujin on ketju, jonka p\u00e4\u00e4ss\u00e4 on painot. Ketjua saatettiin k\u00e4ytt\u00e4\u00e4 my\u00f6s my\u00f6s sirppiin kiinnitettyn\u00e4. T\u00e4m\u00e4ntyyppisi\u00e4 aseita on ollut l\u00e4hes kaikkialla alkukantaisilla kansoilla. Niit\u00e4 saatettiin k\u00e4ytt\u00e4\u00e4 mm. suurten lintujen mets\u00e4styksess\u00e4.<\/p>\n<p>&nbsp;<\/p>\n<p><strong>EIKU<\/strong><\/p>\n<img loading=\"lazy\" decoding=\"async\" class=\"alignnone size-full wp-image-169\" src=\"http:\/\/www.budokwai.fi\/karate\/wp\/wp-content\/uploads\/2015\/10\/aseita_eiku.gif\" alt=\"aseita_eiku\" width=\"150\" height=\"215\" \/>\n<p>Eiku on sauva levennetyll\u00e4 p\u00e4\u00e4ll\u00e4. Alkumuodossaan sit\u00e4 k\u00e4ytettiin veneen ohjailuun tai melomiseen. Okinawalainen mela oli puuta ja se saatettiin asettaa hakaimiin. Usein niit\u00e4 kuitenkin k\u00e4ytettiin k\u00e4dess\u00e4 vartalon jatkeena. Harjaantuneen k\u00e4sittelij\u00e4n k\u00e4siss\u00e4 melasta tulee bon kaltainen pitk\u00e4 ase. Eikun perinteiset katat sis\u00e4lt\u00e4v\u00e4t melomisen omaisia liikkeit\u00e4 kuvaamaan taistelua veneess\u00e4.<\/p>\n<p>&nbsp;<\/p>\n<p>T\u00e4m\u00e4n artikkelin tiedot ovat ker\u00e4tty Karateka lehdest\u00e4 sek\u00e4 Jarmo \u00d6stermannin kirjasta <em>Maailman kamppailutaidot<\/em>.<\/p>\n<p>&nbsp;<\/p>\n<p>&nbsp;<\/p>\n<p>&nbsp;<\/p>\n","protected":false},"excerpt":{"rendered":"<p>Johdatus T\u00e4ss\u00e4 perehdymme perinteiseen Okinawalaiseen kobujutsuun. Okinavalainen kobujutsu perustuu silloisen tavallisen kansan (1600-luku) ty\u00f6v\u00e4lineiden k\u00e4ytt\u00f6\u00f6n taistelu tarkoituksiin. En\u00e4\u00e4 nyky\u00e4\u00e4n kyseiset v\u00e4lineet eiv\u00e4t kuulu k\u00e4ytett\u00e4vien ty\u00f6v\u00e4lineiden joukkoon Okinawalla. Okinawalaisia asetaitoja (Ryukuy Kobujutsu) ei pid\u00e4 sekoittaa Japanin kobujutsuun. Japanin vanhat asetaidot sis\u00e4lt\u00e4v\u00e4t mm. kenjutsun (miekkailu- taito), kyujutsun (jousiammunta), naginatajutsun (peitsitaistelutaito), sojutsu (keih\u00e4staistelu) jne. Sanan kobujutsu voidaan yritt\u00e4\u00e4&#8230;  <a class=\"excerpt-read-more\" href=\"https:\/\/www.budokwai.fi\/karate\/karaten-aseita\/\" title=\"Karaten aseita\">Lue lis\u00e4\u00e4 &raquo;<\/a><\/p>\n","protected":false},"author":3,"featured_media":0,"parent":0,"menu_order":0,"comment_status":"closed","ping_status":"closed","template":"","meta":{"_acf_changed":false,"_monsterinsights_skip_tracking":false,"_monsterinsights_sitenote_active":false,"_monsterinsights_sitenote_note":"","_monsterinsights_sitenote_category":0,"footnotes":""},"class_list":["post-153","page","type-page","status-publish","hentry"],"acf":[],"yoast_head":"<!-- This site is optimized with the Yoast SEO plugin v27.4 - https:\/\/yoast.com\/product\/yoast-seo-wordpress\/ -->\n<title>Karaten aseita - Budokwai Karate<\/title>\n<meta name=\"robots\" content=\"index, follow, max-snippet:-1, max-image-preview:large, max-video-preview:-1\" \/>\n<link rel=\"canonical\" href=\"https:\/\/www.budokwai.fi\/karate\/karaten-aseita\/\" \/>\n<meta property=\"og:locale\" content=\"fi_FI\" \/>\n<meta property=\"og:type\" content=\"article\" \/>\n<meta property=\"og:title\" content=\"Karaten aseita - Budokwai Karate\" \/>\n<meta property=\"og:description\" content=\"Johdatus T\u00e4ss\u00e4 perehdymme perinteiseen Okinawalaiseen kobujutsuun. Okinavalainen kobujutsu perustuu silloisen tavallisen kansan (1600-luku) ty\u00f6v\u00e4lineiden k\u00e4ytt\u00f6\u00f6n taistelu tarkoituksiin. En\u00e4\u00e4 nyky\u00e4\u00e4n kyseiset v\u00e4lineet eiv\u00e4t kuulu k\u00e4ytett\u00e4vien ty\u00f6v\u00e4lineiden joukkoon Okinawalla. Okinawalaisia asetaitoja (Ryukuy Kobujutsu) ei pid\u00e4 sekoittaa Japanin kobujutsuun. Japanin vanhat asetaidot sis\u00e4lt\u00e4v\u00e4t mm. kenjutsun (miekkailu- taito), kyujutsun (jousiammunta), naginatajutsun (peitsitaistelutaito), sojutsu (keih\u00e4staistelu) jne. Sanan kobujutsu voidaan yritt\u00e4\u00e4... Lue lis\u00e4\u00e4 &raquo;\" \/>\n<meta property=\"og:url\" content=\"https:\/\/www.budokwai.fi\/karate\/karaten-aseita\/\" \/>\n<meta property=\"og:site_name\" content=\"Budokwai Karate\" \/>\n<meta property=\"article:publisher\" content=\"https:\/\/www.facebook.com\/budokwaikarateturku\/\" \/>\n<meta property=\"article:modified_time\" content=\"2015-10-14T20:41:58+00:00\" \/>\n<meta property=\"og:image\" content=\"http:\/\/www.budokwai.fi\/karate\/wp\/wp-content\/uploads\/2015\/10\/aseita_bo.gif\" \/>\n<meta name=\"twitter:card\" content=\"summary_large_image\" \/>\n<meta name=\"twitter:label1\" content=\"Est. reading time\" \/>\n\t<meta name=\"twitter:data1\" content=\"6 minutes\" \/>\n<script type=\"application\/ld+json\" class=\"yoast-schema-graph\">{\"@context\":\"https:\\\/\\\/schema.org\",\"@graph\":[{\"@type\":\"WebPage\",\"@id\":\"https:\\\/\\\/www.budokwai.fi\\\/karate\\\/karaten-aseita\\\/\",\"url\":\"https:\\\/\\\/www.budokwai.fi\\\/karate\\\/karaten-aseita\\\/\",\"name\":\"Karaten aseita - Budokwai Karate\",\"isPartOf\":{\"@id\":\"https:\\\/\\\/www.budokwai.fi\\\/karate\\\/#website\"},\"primaryImageOfPage\":{\"@id\":\"https:\\\/\\\/www.budokwai.fi\\\/karate\\\/karaten-aseita\\\/#primaryimage\"},\"image\":{\"@id\":\"https:\\\/\\\/www.budokwai.fi\\\/karate\\\/karaten-aseita\\\/#primaryimage\"},\"thumbnailUrl\":\"http:\\\/\\\/www.budokwai.fi\\\/karate\\\/wp\\\/wp-content\\\/uploads\\\/2015\\\/10\\\/aseita_bo.gif\",\"datePublished\":\"2015-10-14T20:28:49+00:00\",\"dateModified\":\"2015-10-14T20:41:58+00:00\",\"breadcrumb\":{\"@id\":\"https:\\\/\\\/www.budokwai.fi\\\/karate\\\/karaten-aseita\\\/#breadcrumb\"},\"inLanguage\":\"en-US\",\"potentialAction\":[{\"@type\":\"ReadAction\",\"target\":[\"https:\\\/\\\/www.budokwai.fi\\\/karate\\\/karaten-aseita\\\/\"]}]},{\"@type\":\"ImageObject\",\"inLanguage\":\"en-US\",\"@id\":\"https:\\\/\\\/www.budokwai.fi\\\/karate\\\/karaten-aseita\\\/#primaryimage\",\"url\":\"https:\\\/\\\/www.budokwai.fi\\\/karate\\\/wp\\\/wp-content\\\/uploads\\\/2015\\\/10\\\/aseita_bo.gif\",\"contentUrl\":\"https:\\\/\\\/www.budokwai.fi\\\/karate\\\/wp\\\/wp-content\\\/uploads\\\/2015\\\/10\\\/aseita_bo.gif\",\"width\":251,\"height\":250},{\"@type\":\"BreadcrumbList\",\"@id\":\"https:\\\/\\\/www.budokwai.fi\\\/karate\\\/karaten-aseita\\\/#breadcrumb\",\"itemListElement\":[{\"@type\":\"ListItem\",\"position\":1,\"name\":\"Home\",\"item\":\"https:\\\/\\\/www.budokwai.fi\\\/karate\\\/\"},{\"@type\":\"ListItem\",\"position\":2,\"name\":\"Karaten aseita\"}]},{\"@type\":\"WebSite\",\"@id\":\"https:\\\/\\\/www.budokwai.fi\\\/karate\\\/#website\",\"url\":\"https:\\\/\\\/www.budokwai.fi\\\/karate\\\/\",\"name\":\"Budokwai Karate\",\"description\":\"Budokwai karate\",\"potentialAction\":[{\"@type\":\"SearchAction\",\"target\":{\"@type\":\"EntryPoint\",\"urlTemplate\":\"https:\\\/\\\/www.budokwai.fi\\\/karate\\\/?s={search_term_string}\"},\"query-input\":{\"@type\":\"PropertyValueSpecification\",\"valueRequired\":true,\"valueName\":\"search_term_string\"}}],\"inLanguage\":\"en-US\"}]}<\/script>\n<!-- \/ Yoast SEO plugin. -->","yoast_head_json":{"title":"Karaten aseita - Budokwai Karate","robots":{"index":"index","follow":"follow","max-snippet":"max-snippet:-1","max-image-preview":"max-image-preview:large","max-video-preview":"max-video-preview:-1"},"canonical":"https:\/\/www.budokwai.fi\/karate\/karaten-aseita\/","og_locale":"fi_FI","og_type":"article","og_title":"Karaten aseita - Budokwai Karate","og_description":"Johdatus T\u00e4ss\u00e4 perehdymme perinteiseen Okinawalaiseen kobujutsuun. Okinavalainen kobujutsu perustuu silloisen tavallisen kansan (1600-luku) ty\u00f6v\u00e4lineiden k\u00e4ytt\u00f6\u00f6n taistelu tarkoituksiin. En\u00e4\u00e4 nyky\u00e4\u00e4n kyseiset v\u00e4lineet eiv\u00e4t kuulu k\u00e4ytett\u00e4vien ty\u00f6v\u00e4lineiden joukkoon Okinawalla. Okinawalaisia asetaitoja (Ryukuy Kobujutsu) ei pid\u00e4 sekoittaa Japanin kobujutsuun. Japanin vanhat asetaidot sis\u00e4lt\u00e4v\u00e4t mm. kenjutsun (miekkailu- taito), kyujutsun (jousiammunta), naginatajutsun (peitsitaistelutaito), sojutsu (keih\u00e4staistelu) jne. Sanan kobujutsu voidaan yritt\u00e4\u00e4... Lue lis\u00e4\u00e4 &raquo;","og_url":"https:\/\/www.budokwai.fi\/karate\/karaten-aseita\/","og_site_name":"Budokwai Karate","article_publisher":"https:\/\/www.facebook.com\/budokwaikarateturku\/","article_modified_time":"2015-10-14T20:41:58+00:00","og_image":[{"url":"http:\/\/www.budokwai.fi\/karate\/wp\/wp-content\/uploads\/2015\/10\/aseita_bo.gif","type":"","width":"","height":""}],"twitter_card":"summary_large_image","twitter_misc":{"Est. reading time":"6 minutes"},"schema":{"@context":"https:\/\/schema.org","@graph":[{"@type":"WebPage","@id":"https:\/\/www.budokwai.fi\/karate\/karaten-aseita\/","url":"https:\/\/www.budokwai.fi\/karate\/karaten-aseita\/","name":"Karaten aseita - Budokwai Karate","isPartOf":{"@id":"https:\/\/www.budokwai.fi\/karate\/#website"},"primaryImageOfPage":{"@id":"https:\/\/www.budokwai.fi\/karate\/karaten-aseita\/#primaryimage"},"image":{"@id":"https:\/\/www.budokwai.fi\/karate\/karaten-aseita\/#primaryimage"},"thumbnailUrl":"http:\/\/www.budokwai.fi\/karate\/wp\/wp-content\/uploads\/2015\/10\/aseita_bo.gif","datePublished":"2015-10-14T20:28:49+00:00","dateModified":"2015-10-14T20:41:58+00:00","breadcrumb":{"@id":"https:\/\/www.budokwai.fi\/karate\/karaten-aseita\/#breadcrumb"},"inLanguage":"en-US","potentialAction":[{"@type":"ReadAction","target":["https:\/\/www.budokwai.fi\/karate\/karaten-aseita\/"]}]},{"@type":"ImageObject","inLanguage":"en-US","@id":"https:\/\/www.budokwai.fi\/karate\/karaten-aseita\/#primaryimage","url":"https:\/\/www.budokwai.fi\/karate\/wp\/wp-content\/uploads\/2015\/10\/aseita_bo.gif","contentUrl":"https:\/\/www.budokwai.fi\/karate\/wp\/wp-content\/uploads\/2015\/10\/aseita_bo.gif","width":251,"height":250},{"@type":"BreadcrumbList","@id":"https:\/\/www.budokwai.fi\/karate\/karaten-aseita\/#breadcrumb","itemListElement":[{"@type":"ListItem","position":1,"name":"Home","item":"https:\/\/www.budokwai.fi\/karate\/"},{"@type":"ListItem","position":2,"name":"Karaten aseita"}]},{"@type":"WebSite","@id":"https:\/\/www.budokwai.fi\/karate\/#website","url":"https:\/\/www.budokwai.fi\/karate\/","name":"Budokwai Karate","description":"Budokwai karate","potentialAction":[{"@type":"SearchAction","target":{"@type":"EntryPoint","urlTemplate":"https:\/\/www.budokwai.fi\/karate\/?s={search_term_string}"},"query-input":{"@type":"PropertyValueSpecification","valueRequired":true,"valueName":"search_term_string"}}],"inLanguage":"en-US"}]}},"_links":{"self":[{"href":"https:\/\/www.budokwai.fi\/karate\/wp-json\/wp\/v2\/pages\/153","targetHints":{"allow":["GET"]}}],"collection":[{"href":"https:\/\/www.budokwai.fi\/karate\/wp-json\/wp\/v2\/pages"}],"about":[{"href":"https:\/\/www.budokwai.fi\/karate\/wp-json\/wp\/v2\/types\/page"}],"author":[{"embeddable":true,"href":"https:\/\/www.budokwai.fi\/karate\/wp-json\/wp\/v2\/users\/3"}],"replies":[{"embeddable":true,"href":"https:\/\/www.budokwai.fi\/karate\/wp-json\/wp\/v2\/comments?post=153"}],"version-history":[{"count":5,"href":"https:\/\/www.budokwai.fi\/karate\/wp-json\/wp\/v2\/pages\/153\/revisions"}],"predecessor-version":[{"id":170,"href":"https:\/\/www.budokwai.fi\/karate\/wp-json\/wp\/v2\/pages\/153\/revisions\/170"}],"wp:attachment":[{"href":"https:\/\/www.budokwai.fi\/karate\/wp-json\/wp\/v2\/media?parent=153"}],"curies":[{"name":"wp","href":"https:\/\/api.w.org\/{rel}","templated":true}]}}