{"id":149,"date":"2015-10-14T23:25:27","date_gmt":"2015-10-14T20:25:27","guid":{"rendered":"http:\/\/www.budokwai.fi\/karate\/wp\/?page_id=149"},"modified":"2015-10-14T23:27:18","modified_gmt":"2015-10-14T20:27:18","slug":"dojo","status":"publish","type":"page","link":"https:\/\/www.budokwai.fi\/karate\/dojo\/","title":{"rendered":"Dojo"},"content":{"rendered":"<p>Dojon (harjoittelusalin) k\u00e4ytt\u00e4ytymiss\u00e4\u00e4nn\u00f6t ovat kaikkia karate dojoja varten. Kuitenkin n\u00e4it\u00e4 ohjeita voi olla eri saleilla hieman erilaisessa muodossa.<\/p>\n<ul>\n<li><strong>Reisetsu O Mamori (seuraa s\u00e4\u00e4nt\u00f6j\u00e4<\/strong>)\u00a0K\u00e4ytt\u00e4ydy hyvin salilla seuraamalla s\u00e4\u00e4nt\u00f6j\u00e4.<\/li>\n<li><strong>Shingi O Omanji (oppilaan tulee olla lojaali opettajalleen)<\/strong>.\u00a0T\u00e4m\u00e4 on yksi taistelulajien t\u00e4rkeimmist\u00e4 asioista.<\/li>\n<li><strong>Jojistsu Ni Oberezu (opettaja ja oppilas eiv\u00e4t ole samanarvoisia)<\/strong>.\u00a0Salin ulkopuolella voit olla opettajasi kaveri, mutta \u00e4l\u00e4 hae etua t\u00e4st\u00e4 yst\u00e4vyydest\u00e4. Kunnioita h\u00e4nt\u00e4 salilla.<\/li>\n<li><strong>Shinkenmi Ni Tesseyo (ole vakaa pyrkimyksess\u00e4si)<\/strong>.\u00a0\u00c4l\u00e4 pelleile, naureskele, polta, pure purukumia, sy\u00f6 tai juo salilla. Keskity ainoastaan karateen ja harjoittele kovaa kaikkea mit\u00e4 teet. Sali ei ole seurustelupaikka ja yht\u00e4lailla vierailijoiden kuin oppilaiden tulee kunnioittaa s\u00e4\u00e4nt\u00f6j\u00e4 ja ohjeita.<\/li>\n<\/ul>\n<p>&nbsp;<\/p>\n","protected":false},"excerpt":{"rendered":"<p>Dojon (harjoittelusalin) k\u00e4ytt\u00e4ytymiss\u00e4\u00e4nn\u00f6t ovat kaikkia karate dojoja varten. Kuitenkin n\u00e4it\u00e4 ohjeita voi olla eri saleilla hieman erilaisessa muodossa. Reisetsu O Mamori (seuraa s\u00e4\u00e4nt\u00f6j\u00e4)\u00a0K\u00e4ytt\u00e4ydy hyvin salilla seuraamalla s\u00e4\u00e4nt\u00f6j\u00e4. Shingi O Omanji (oppilaan tulee olla lojaali opettajalleen).\u00a0T\u00e4m\u00e4 on yksi taistelulajien t\u00e4rkeimmist\u00e4 asioista. Jojistsu Ni Oberezu (opettaja ja oppilas eiv\u00e4t ole samanarvoisia).\u00a0Salin ulkopuolella voit olla opettajasi kaveri, mutta&#8230;  <a class=\"excerpt-read-more\" href=\"https:\/\/www.budokwai.fi\/karate\/dojo\/\" title=\"Dojo\">Lue lis\u00e4\u00e4 &raquo;<\/a><\/p>\n","protected":false},"author":3,"featured_media":0,"parent":0,"menu_order":0,"comment_status":"closed","ping_status":"closed","template":"","meta":{"_acf_changed":false,"_monsterinsights_skip_tracking":false,"_monsterinsights_sitenote_active":false,"_monsterinsights_sitenote_note":"","_monsterinsights_sitenote_category":0,"footnotes":""},"class_list":["post-149","page","type-page","status-publish","hentry"],"acf":[],"yoast_head":"<!-- This site is optimized with the Yoast SEO plugin v27.4 - https:\/\/yoast.com\/product\/yoast-seo-wordpress\/ -->\n<title>Dojo - Budokwai Karate<\/title>\n<meta name=\"robots\" content=\"index, follow, max-snippet:-1, max-image-preview:large, max-video-preview:-1\" \/>\n<link rel=\"canonical\" href=\"https:\/\/www.budokwai.fi\/karate\/dojo\/\" \/>\n<meta property=\"og:locale\" content=\"fi_FI\" \/>\n<meta property=\"og:type\" content=\"article\" \/>\n<meta property=\"og:title\" content=\"Dojo - Budokwai Karate\" \/>\n<meta property=\"og:description\" content=\"Dojon (harjoittelusalin) k\u00e4ytt\u00e4ytymiss\u00e4\u00e4nn\u00f6t ovat kaikkia karate dojoja varten. Kuitenkin n\u00e4it\u00e4 ohjeita voi olla eri saleilla hieman erilaisessa muodossa. Reisetsu O Mamori (seuraa s\u00e4\u00e4nt\u00f6j\u00e4)\u00a0K\u00e4ytt\u00e4ydy hyvin salilla seuraamalla s\u00e4\u00e4nt\u00f6j\u00e4. Shingi O Omanji (oppilaan tulee olla lojaali opettajalleen).\u00a0T\u00e4m\u00e4 on yksi taistelulajien t\u00e4rkeimmist\u00e4 asioista. Jojistsu Ni Oberezu (opettaja ja oppilas eiv\u00e4t ole samanarvoisia).\u00a0Salin ulkopuolella voit olla opettajasi kaveri, mutta... Lue lis\u00e4\u00e4 &raquo;\" \/>\n<meta property=\"og:url\" content=\"https:\/\/www.budokwai.fi\/karate\/dojo\/\" \/>\n<meta property=\"og:site_name\" content=\"Budokwai Karate\" \/>\n<meta property=\"article:publisher\" content=\"https:\/\/www.facebook.com\/budokwaikarateturku\/\" \/>\n<meta property=\"article:modified_time\" content=\"2015-10-14T20:27:18+00:00\" \/>\n<meta property=\"og:image\" content=\"https:\/\/www.budokwai.fi\/karate\/wp\/wp-content\/uploads\/2017\/06\/Budokwai_karate2.png\" \/>\n\t<meta property=\"og:image:width\" content=\"395\" \/>\n\t<meta property=\"og:image:height\" content=\"390\" \/>\n\t<meta property=\"og:image:type\" content=\"image\/png\" \/>\n<meta name=\"twitter:card\" content=\"summary_large_image\" \/>\n<meta name=\"twitter:label1\" content=\"Est. reading time\" \/>\n\t<meta name=\"twitter:data1\" content=\"1 minute\" \/>\n<script type=\"application\/ld+json\" class=\"yoast-schema-graph\">{\"@context\":\"https:\\\/\\\/schema.org\",\"@graph\":[{\"@type\":\"WebPage\",\"@id\":\"https:\\\/\\\/www.budokwai.fi\\\/karate\\\/dojo\\\/\",\"url\":\"https:\\\/\\\/www.budokwai.fi\\\/karate\\\/dojo\\\/\",\"name\":\"Dojo - Budokwai Karate\",\"isPartOf\":{\"@id\":\"https:\\\/\\\/www.budokwai.fi\\\/karate\\\/#website\"},\"datePublished\":\"2015-10-14T20:25:27+00:00\",\"dateModified\":\"2015-10-14T20:27:18+00:00\",\"breadcrumb\":{\"@id\":\"https:\\\/\\\/www.budokwai.fi\\\/karate\\\/dojo\\\/#breadcrumb\"},\"inLanguage\":\"en-US\",\"potentialAction\":[{\"@type\":\"ReadAction\",\"target\":[\"https:\\\/\\\/www.budokwai.fi\\\/karate\\\/dojo\\\/\"]}]},{\"@type\":\"BreadcrumbList\",\"@id\":\"https:\\\/\\\/www.budokwai.fi\\\/karate\\\/dojo\\\/#breadcrumb\",\"itemListElement\":[{\"@type\":\"ListItem\",\"position\":1,\"name\":\"Home\",\"item\":\"https:\\\/\\\/www.budokwai.fi\\\/karate\\\/\"},{\"@type\":\"ListItem\",\"position\":2,\"name\":\"Dojo\"}]},{\"@type\":\"WebSite\",\"@id\":\"https:\\\/\\\/www.budokwai.fi\\\/karate\\\/#website\",\"url\":\"https:\\\/\\\/www.budokwai.fi\\\/karate\\\/\",\"name\":\"Budokwai Karate\",\"description\":\"Budokwai karate\",\"potentialAction\":[{\"@type\":\"SearchAction\",\"target\":{\"@type\":\"EntryPoint\",\"urlTemplate\":\"https:\\\/\\\/www.budokwai.fi\\\/karate\\\/?s={search_term_string}\"},\"query-input\":{\"@type\":\"PropertyValueSpecification\",\"valueRequired\":true,\"valueName\":\"search_term_string\"}}],\"inLanguage\":\"en-US\"}]}<\/script>\n<!-- \/ Yoast SEO plugin. -->","yoast_head_json":{"title":"Dojo - Budokwai Karate","robots":{"index":"index","follow":"follow","max-snippet":"max-snippet:-1","max-image-preview":"max-image-preview:large","max-video-preview":"max-video-preview:-1"},"canonical":"https:\/\/www.budokwai.fi\/karate\/dojo\/","og_locale":"fi_FI","og_type":"article","og_title":"Dojo - Budokwai Karate","og_description":"Dojon (harjoittelusalin) k\u00e4ytt\u00e4ytymiss\u00e4\u00e4nn\u00f6t ovat kaikkia karate dojoja varten. Kuitenkin n\u00e4it\u00e4 ohjeita voi olla eri saleilla hieman erilaisessa muodossa. Reisetsu O Mamori (seuraa s\u00e4\u00e4nt\u00f6j\u00e4)\u00a0K\u00e4ytt\u00e4ydy hyvin salilla seuraamalla s\u00e4\u00e4nt\u00f6j\u00e4. Shingi O Omanji (oppilaan tulee olla lojaali opettajalleen).\u00a0T\u00e4m\u00e4 on yksi taistelulajien t\u00e4rkeimmist\u00e4 asioista. Jojistsu Ni Oberezu (opettaja ja oppilas eiv\u00e4t ole samanarvoisia).\u00a0Salin ulkopuolella voit olla opettajasi kaveri, mutta... Lue lis\u00e4\u00e4 &raquo;","og_url":"https:\/\/www.budokwai.fi\/karate\/dojo\/","og_site_name":"Budokwai Karate","article_publisher":"https:\/\/www.facebook.com\/budokwaikarateturku\/","article_modified_time":"2015-10-14T20:27:18+00:00","og_image":[{"width":395,"height":390,"url":"https:\/\/www.budokwai.fi\/karate\/wp\/wp-content\/uploads\/2017\/06\/Budokwai_karate2.png","type":"image\/png"}],"twitter_card":"summary_large_image","twitter_misc":{"Est. reading time":"1 minute"},"schema":{"@context":"https:\/\/schema.org","@graph":[{"@type":"WebPage","@id":"https:\/\/www.budokwai.fi\/karate\/dojo\/","url":"https:\/\/www.budokwai.fi\/karate\/dojo\/","name":"Dojo - Budokwai Karate","isPartOf":{"@id":"https:\/\/www.budokwai.fi\/karate\/#website"},"datePublished":"2015-10-14T20:25:27+00:00","dateModified":"2015-10-14T20:27:18+00:00","breadcrumb":{"@id":"https:\/\/www.budokwai.fi\/karate\/dojo\/#breadcrumb"},"inLanguage":"en-US","potentialAction":[{"@type":"ReadAction","target":["https:\/\/www.budokwai.fi\/karate\/dojo\/"]}]},{"@type":"BreadcrumbList","@id":"https:\/\/www.budokwai.fi\/karate\/dojo\/#breadcrumb","itemListElement":[{"@type":"ListItem","position":1,"name":"Home","item":"https:\/\/www.budokwai.fi\/karate\/"},{"@type":"ListItem","position":2,"name":"Dojo"}]},{"@type":"WebSite","@id":"https:\/\/www.budokwai.fi\/karate\/#website","url":"https:\/\/www.budokwai.fi\/karate\/","name":"Budokwai Karate","description":"Budokwai karate","potentialAction":[{"@type":"SearchAction","target":{"@type":"EntryPoint","urlTemplate":"https:\/\/www.budokwai.fi\/karate\/?s={search_term_string}"},"query-input":{"@type":"PropertyValueSpecification","valueRequired":true,"valueName":"search_term_string"}}],"inLanguage":"en-US"}]}},"_links":{"self":[{"href":"https:\/\/www.budokwai.fi\/karate\/wp-json\/wp\/v2\/pages\/149","targetHints":{"allow":["GET"]}}],"collection":[{"href":"https:\/\/www.budokwai.fi\/karate\/wp-json\/wp\/v2\/pages"}],"about":[{"href":"https:\/\/www.budokwai.fi\/karate\/wp-json\/wp\/v2\/types\/page"}],"author":[{"embeddable":true,"href":"https:\/\/www.budokwai.fi\/karate\/wp-json\/wp\/v2\/users\/3"}],"replies":[{"embeddable":true,"href":"https:\/\/www.budokwai.fi\/karate\/wp-json\/wp\/v2\/comments?post=149"}],"version-history":[{"count":2,"href":"https:\/\/www.budokwai.fi\/karate\/wp-json\/wp\/v2\/pages\/149\/revisions"}],"predecessor-version":[{"id":152,"href":"https:\/\/www.budokwai.fi\/karate\/wp-json\/wp\/v2\/pages\/149\/revisions\/152"}],"wp:attachment":[{"href":"https:\/\/www.budokwai.fi\/karate\/wp-json\/wp\/v2\/media?parent=149"}],"curies":[{"name":"wp","href":"https:\/\/api.w.org\/{rel}","templated":true}]}}