{"id":143,"date":"2015-10-14T23:15:35","date_gmt":"2015-10-14T20:15:35","guid":{"rendered":"http:\/\/www.budokwai.fi\/karate\/wp\/?page_id=143"},"modified":"2015-10-14T23:15:35","modified_gmt":"2015-10-14T20:15:35","slug":"karaten-historia","status":"publish","type":"page","link":"https:\/\/www.budokwai.fi\/karate\/karaten-historia\/","title":{"rendered":"Karaten historia"},"content":{"rendered":"<h2>Karaten synty<\/h2>\n<p>Tutkittaessa karaten ja muiden budolajien juuria t\u00e4ytyy historiassa palata taaksep\u00e4in aina samuraiden ja shogunien aikaan ja viel\u00e4 siit\u00e4kin taaksep\u00e4in. Tarkkaa aikaa karaten syntym\u00e4lle on mahdotonta antaa, mutta voidaan sanoa, ett\u00e4 budolajit perustuvat Zen-filosofiaan. Zen-filosofian perustajan, munkki Bodhiharman, asettuessa asumaan Shao-lin temppeliin n. vuonna 520 jKr., h\u00e4n ryhtyi opettamaan siell\u00e4 munkeille Zen-filosofiaa, johon h\u00e4n lis\u00e4si fyysisi\u00e4 harjoituksia. N\u00e4m\u00e4 harjoitukset pitiv\u00e4t sis\u00e4ll\u00e4\u00e4n itsepuolustustekniikoita, sill\u00e4 munkkien piti osata puolustaa itse\u00e4\u00e4n pitkill\u00e4 matkoillaan. N\u00e4ist\u00e4 harjoitteista sanotaan kung-fu:n kehittyneen. Selvennykseksi mainittakoon, ett\u00e4 Zen ei ole uskonto, vaan er\u00e4\u00e4nlaista &#8216;el\u00e4m\u00e4n ymm\u00e4rt\u00e4mist\u00e4 sellaisena kuin se on&#8217;. Er\u00e4\u00e4n teorian mukaan Kiinassa oli jo erilaisia itsepuolustustaitoja ennen Bodhiharman tuloa, ja h\u00e4n toi mukaan vain henkisen puolen.<\/p>\n<p>Kiinalaiset taistelumuodot kulkeutuivat Tang-dynastian aikana (n.600-900 luvulla) Okinawan saarelle, joka kuuluu Japanin etel\u00e4puolella olevaan Ryuryu-saariryhm\u00e4\u00e4n. Okinawalla oli tuolloin oma taistelumuoto Tode. Karaten katsotaankin syntyneen n\u00e4iden taistelumuotojen yhdistyess\u00e4.<\/p>\n<p>Kun japanilainen Satsuma-klaani valloitti saaret 1600-luvulla, kansalaisilta kiellettiin kaikki aseet. Sen seurauksena asukkaat alkoivat kehitt\u00e4\u00e4 itsepuolustusmenetelmi\u00e4, joissa k\u00e4ytettiin aseina pelkki\u00e4 k\u00e4si\u00e4 tai jalkoja sek\u00e4 erilaisia ty\u00f6kaluja. Tuolloin karate-sana tarkoitti viel\u00e4 &#8216;kiinalaisen k\u00e4den taitoa&#8217; lajin alkuper\u00e4maan vuoksi.<\/p>\n<p>1900-luvun alussa karate hyv\u00e4ksyttiin okinawalaisten koulujen opetusohjelmaan. Japanin p\u00e4\u00e4saarella Honsulla karate esiteltiin vasta v.1915, jolloin opetusviranomaiset pyysiv\u00e4t sen esittely\u00e4. T\u00e4h\u00e4n vaikuttivat Japanissa jo tunnetut judo ja aikido. Okinawalaiset valitsivat n\u00e4yt\u00f6st\u00e4 pit\u00e4m\u00e4\u00e4n my\u00f6hemmin karaten is\u00e4ksi mainitun Gichin Funakoshin, joka palasi Japaniin opettamaan karatea 1921.<\/p>\n<p>Funakoshi muutti my\u00f6hemmin karate-sanan merkityksen &#8216;tyhj\u00e4ksi k\u00e4deksi&#8217; tuodakseen paremmin esille lajin luonteen. Uusi karatetyyli ei my\u00f6sk\u00e4\u00e4n vastannut aivan alkur\u00e4ist\u00e4, johon kuuluivat my\u00f6s aseet. Karate sai valtavan suosion Japanissa, ja sinne siirtyi lis\u00e4\u00e4 opettajia Okinawalta. Samalla saivat alkunsa karaten lukuisat tyylisuunnat, koska opettajien k\u00e4sitykset ja painotukset lajista olivat erilaiset.<\/p>\n<p>Japanin ulkopuolelle karate levisi voimakkaasti vasta II maailmansodan j\u00e4lkeen ensisijaisesti amerikkalaisten sotilaiden mukana.<\/p>\n<h2>Karate suomessa<\/h2>\n<p>Suomeen karate saapui v.1967. Ulkomailla oppinsa saanut kaksinkertainen judon Suomen mestari Max Jensen alkoi opettaa pient\u00e4 joukkoa kiinnostuneita Helsingiss\u00e4. Alussa harjoitteluun vaikuttivat japanilaiset opettajat, esimerkiksi Tatsuo Suzuki, jonka ansiosta ensimm\u00e4isen karateseuran, Wadokanin, tyylisuunta oli Wadoryu.<\/p>\n<p>Karate sai vankan jalansijan Suomessa, ja alkoi levitt\u00e4yty\u00e4 muualle suomeen, ensin Turkuun ja Tampereelle. Suomen karateliitto r.y. perustettiin 6.12.1968. Liittoon kuuluu nykyisin suurin osa suomalaisista karatekoista, n.90% (SLU tutkimus 1995).<\/p>\n","protected":false},"excerpt":{"rendered":"<p>Karaten synty Tutkittaessa karaten ja muiden budolajien juuria t\u00e4ytyy historiassa palata taaksep\u00e4in aina samuraiden ja shogunien aikaan ja viel\u00e4 siit\u00e4kin taaksep\u00e4in. Tarkkaa aikaa karaten syntym\u00e4lle on mahdotonta antaa, mutta voidaan sanoa, ett\u00e4 budolajit perustuvat Zen-filosofiaan. Zen-filosofian perustajan, munkki Bodhiharman, asettuessa asumaan Shao-lin temppeliin n. vuonna 520 jKr., h\u00e4n ryhtyi opettamaan siell\u00e4 munkeille Zen-filosofiaa, johon h\u00e4n&#8230;  <a class=\"excerpt-read-more\" href=\"https:\/\/www.budokwai.fi\/karate\/karaten-historia\/\" title=\"Karaten historia\">Lue lis\u00e4\u00e4 &raquo;<\/a><\/p>\n","protected":false},"author":3,"featured_media":0,"parent":0,"menu_order":0,"comment_status":"closed","ping_status":"closed","template":"","meta":{"_acf_changed":false,"_monsterinsights_skip_tracking":false,"_monsterinsights_sitenote_active":false,"_monsterinsights_sitenote_note":"","_monsterinsights_sitenote_category":0,"footnotes":""},"class_list":["post-143","page","type-page","status-publish","hentry"],"acf":[],"yoast_head":"<!-- This site is optimized with the Yoast SEO plugin v27.5 - https:\/\/yoast.com\/product\/yoast-seo-wordpress\/ -->\n<title>Karaten historia - Budokwai Karate<\/title>\n<meta name=\"robots\" content=\"index, follow, max-snippet:-1, max-image-preview:large, max-video-preview:-1\" \/>\n<link rel=\"canonical\" href=\"https:\/\/www.budokwai.fi\/karate\/karaten-historia\/\" \/>\n<meta property=\"og:locale\" content=\"fi_FI\" \/>\n<meta property=\"og:type\" content=\"article\" \/>\n<meta property=\"og:title\" content=\"Karaten historia - Budokwai Karate\" \/>\n<meta property=\"og:description\" content=\"Karaten synty Tutkittaessa karaten ja muiden budolajien juuria t\u00e4ytyy historiassa palata taaksep\u00e4in aina samuraiden ja shogunien aikaan ja viel\u00e4 siit\u00e4kin taaksep\u00e4in. Tarkkaa aikaa karaten syntym\u00e4lle on mahdotonta antaa, mutta voidaan sanoa, ett\u00e4 budolajit perustuvat Zen-filosofiaan. Zen-filosofian perustajan, munkki Bodhiharman, asettuessa asumaan Shao-lin temppeliin n. vuonna 520 jKr., h\u00e4n ryhtyi opettamaan siell\u00e4 munkeille Zen-filosofiaa, johon h\u00e4n... Lue lis\u00e4\u00e4 &raquo;\" \/>\n<meta property=\"og:url\" content=\"https:\/\/www.budokwai.fi\/karate\/karaten-historia\/\" \/>\n<meta property=\"og:site_name\" content=\"Budokwai Karate\" \/>\n<meta property=\"article:publisher\" content=\"https:\/\/www.facebook.com\/budokwaikarateturku\/\" \/>\n<meta property=\"og:image\" content=\"https:\/\/www.budokwai.fi\/karate\/wp\/wp-content\/uploads\/2017\/06\/Budokwai_karate2.png\" \/>\n\t<meta property=\"og:image:width\" content=\"395\" \/>\n\t<meta property=\"og:image:height\" content=\"390\" \/>\n\t<meta property=\"og:image:type\" content=\"image\/png\" \/>\n<meta name=\"twitter:card\" content=\"summary_large_image\" \/>\n<meta name=\"twitter:label1\" content=\"Est. reading time\" \/>\n\t<meta name=\"twitter:data1\" content=\"2 minutes\" \/>\n<script type=\"application\/ld+json\" class=\"yoast-schema-graph\">{\"@context\":\"https:\\\/\\\/schema.org\",\"@graph\":[{\"@type\":\"WebPage\",\"@id\":\"https:\\\/\\\/www.budokwai.fi\\\/karate\\\/karaten-historia\\\/\",\"url\":\"https:\\\/\\\/www.budokwai.fi\\\/karate\\\/karaten-historia\\\/\",\"name\":\"Karaten historia - Budokwai Karate\",\"isPartOf\":{\"@id\":\"https:\\\/\\\/www.budokwai.fi\\\/karate\\\/#website\"},\"datePublished\":\"2015-10-14T20:15:35+00:00\",\"breadcrumb\":{\"@id\":\"https:\\\/\\\/www.budokwai.fi\\\/karate\\\/karaten-historia\\\/#breadcrumb\"},\"inLanguage\":\"en-US\",\"potentialAction\":[{\"@type\":\"ReadAction\",\"target\":[\"https:\\\/\\\/www.budokwai.fi\\\/karate\\\/karaten-historia\\\/\"]}]},{\"@type\":\"BreadcrumbList\",\"@id\":\"https:\\\/\\\/www.budokwai.fi\\\/karate\\\/karaten-historia\\\/#breadcrumb\",\"itemListElement\":[{\"@type\":\"ListItem\",\"position\":1,\"name\":\"Home\",\"item\":\"https:\\\/\\\/www.budokwai.fi\\\/karate\\\/\"},{\"@type\":\"ListItem\",\"position\":2,\"name\":\"Karaten historia\"}]},{\"@type\":\"WebSite\",\"@id\":\"https:\\\/\\\/www.budokwai.fi\\\/karate\\\/#website\",\"url\":\"https:\\\/\\\/www.budokwai.fi\\\/karate\\\/\",\"name\":\"Budokwai Karate\",\"description\":\"Budokwai karate\",\"potentialAction\":[{\"@type\":\"SearchAction\",\"target\":{\"@type\":\"EntryPoint\",\"urlTemplate\":\"https:\\\/\\\/www.budokwai.fi\\\/karate\\\/?s={search_term_string}\"},\"query-input\":{\"@type\":\"PropertyValueSpecification\",\"valueRequired\":true,\"valueName\":\"search_term_string\"}}],\"inLanguage\":\"en-US\"}]}<\/script>\n<!-- \/ Yoast SEO plugin. -->","yoast_head_json":{"title":"Karaten historia - Budokwai Karate","robots":{"index":"index","follow":"follow","max-snippet":"max-snippet:-1","max-image-preview":"max-image-preview:large","max-video-preview":"max-video-preview:-1"},"canonical":"https:\/\/www.budokwai.fi\/karate\/karaten-historia\/","og_locale":"fi_FI","og_type":"article","og_title":"Karaten historia - Budokwai Karate","og_description":"Karaten synty Tutkittaessa karaten ja muiden budolajien juuria t\u00e4ytyy historiassa palata taaksep\u00e4in aina samuraiden ja shogunien aikaan ja viel\u00e4 siit\u00e4kin taaksep\u00e4in. Tarkkaa aikaa karaten syntym\u00e4lle on mahdotonta antaa, mutta voidaan sanoa, ett\u00e4 budolajit perustuvat Zen-filosofiaan. Zen-filosofian perustajan, munkki Bodhiharman, asettuessa asumaan Shao-lin temppeliin n. vuonna 520 jKr., h\u00e4n ryhtyi opettamaan siell\u00e4 munkeille Zen-filosofiaa, johon h\u00e4n... Lue lis\u00e4\u00e4 &raquo;","og_url":"https:\/\/www.budokwai.fi\/karate\/karaten-historia\/","og_site_name":"Budokwai Karate","article_publisher":"https:\/\/www.facebook.com\/budokwaikarateturku\/","og_image":[{"width":395,"height":390,"url":"https:\/\/www.budokwai.fi\/karate\/wp\/wp-content\/uploads\/2017\/06\/Budokwai_karate2.png","type":"image\/png"}],"twitter_card":"summary_large_image","twitter_misc":{"Est. reading time":"2 minutes"},"schema":{"@context":"https:\/\/schema.org","@graph":[{"@type":"WebPage","@id":"https:\/\/www.budokwai.fi\/karate\/karaten-historia\/","url":"https:\/\/www.budokwai.fi\/karate\/karaten-historia\/","name":"Karaten historia - Budokwai Karate","isPartOf":{"@id":"https:\/\/www.budokwai.fi\/karate\/#website"},"datePublished":"2015-10-14T20:15:35+00:00","breadcrumb":{"@id":"https:\/\/www.budokwai.fi\/karate\/karaten-historia\/#breadcrumb"},"inLanguage":"en-US","potentialAction":[{"@type":"ReadAction","target":["https:\/\/www.budokwai.fi\/karate\/karaten-historia\/"]}]},{"@type":"BreadcrumbList","@id":"https:\/\/www.budokwai.fi\/karate\/karaten-historia\/#breadcrumb","itemListElement":[{"@type":"ListItem","position":1,"name":"Home","item":"https:\/\/www.budokwai.fi\/karate\/"},{"@type":"ListItem","position":2,"name":"Karaten historia"}]},{"@type":"WebSite","@id":"https:\/\/www.budokwai.fi\/karate\/#website","url":"https:\/\/www.budokwai.fi\/karate\/","name":"Budokwai Karate","description":"Budokwai karate","potentialAction":[{"@type":"SearchAction","target":{"@type":"EntryPoint","urlTemplate":"https:\/\/www.budokwai.fi\/karate\/?s={search_term_string}"},"query-input":{"@type":"PropertyValueSpecification","valueRequired":true,"valueName":"search_term_string"}}],"inLanguage":"en-US"}]}},"_links":{"self":[{"href":"https:\/\/www.budokwai.fi\/karate\/wp-json\/wp\/v2\/pages\/143","targetHints":{"allow":["GET"]}}],"collection":[{"href":"https:\/\/www.budokwai.fi\/karate\/wp-json\/wp\/v2\/pages"}],"about":[{"href":"https:\/\/www.budokwai.fi\/karate\/wp-json\/wp\/v2\/types\/page"}],"author":[{"embeddable":true,"href":"https:\/\/www.budokwai.fi\/karate\/wp-json\/wp\/v2\/users\/3"}],"replies":[{"embeddable":true,"href":"https:\/\/www.budokwai.fi\/karate\/wp-json\/wp\/v2\/comments?post=143"}],"version-history":[{"count":1,"href":"https:\/\/www.budokwai.fi\/karate\/wp-json\/wp\/v2\/pages\/143\/revisions"}],"predecessor-version":[{"id":144,"href":"https:\/\/www.budokwai.fi\/karate\/wp-json\/wp\/v2\/pages\/143\/revisions\/144"}],"wp:attachment":[{"href":"https:\/\/www.budokwai.fi\/karate\/wp-json\/wp\/v2\/media?parent=143"}],"curies":[{"name":"wp","href":"https:\/\/api.w.org\/{rel}","templated":true}]}}