{"id":1361,"date":"2017-04-09T23:52:44","date_gmt":"2017-04-09T20:52:44","guid":{"rendered":"http:\/\/www.budokwai.fi\/karate\/wp\/?page_id=1361"},"modified":"2017-04-09T23:52:44","modified_gmt":"2017-04-09T20:52:44","slug":"kihon-kumite-8","status":"publish","type":"page","link":"https:\/\/www.budokwai.fi\/karate\/kihon-kumite-8\/","title":{"rendered":"Kihon Kumite 8"},"content":{"rendered":"<h2>Kihon Kumite happonme (8.)<\/h2>\n<p><strong><br \/>\nSanallisesti<\/strong><\/p>\n<p>H: Migi tate seishan dachi<br \/>\nTobikomizuki yodan, gyakuzuki yodan.<\/p>\n<p>P: Migi tate seishan dachi<br \/>\nPuolustajan rintakeh\u00e4n korkeudelle tuleva tobikomizuki v\u00e4istet\u00e4\u00e4n liu\u2019utuksella taakse ja samanaikaisesti torjutaan oikean k\u00e4den uchi ukella. Gyakuzuki torjutaan saman k\u00e4den empi ukella alhaalta yl\u00f6sp\u00e4in chikodachi asennossa painopiste hieman vasemman jalan puolella. Vastahy\u00f6kk\u00e4yksen\u00e4 oikean k\u00e4den ippon-ken vastustajan vasempaan reiteen ja liu\u2019uttamalla chiko dachissa vasemmalla k\u00e4dell\u00e4 tuettu oikean k\u00e4den empi zuki chudan ja horjuttamalla vastustajaa oikealla polvella. Vastahy\u00f6kk\u00e4yksen j\u00e4lkeen tilanteesta poistutaan est\u00e4m\u00e4ll\u00e4 hy\u00f6kk\u00e4\u00e4j\u00e4n oikean k\u00e4den k\u00e4ytt\u00f6 kummankin k\u00e4den k\u00e4mmensyrjill\u00e4 painamalla k\u00e4si hy\u00f6kk\u00e4\u00e4j\u00e4n vartaloa vasten.<\/p>\n<p><strong><br \/>\nKuvilla<\/strong><\/p>\n<img loading=\"lazy\" decoding=\"async\" class=\"alignnone size-medium wp-image-1314\" src=\"http:\/\/www.budokwai.fi\/karate\/wp\/wp-content\/uploads\/2017\/04\/kihon.kumite.8.clip_.000-300x245.jpg\" alt=\"\" width=\"300\" height=\"245\" srcset=\"https:\/\/www.budokwai.fi\/karate\/wp\/wp-content\/uploads\/2017\/04\/kihon.kumite.8.clip_.000-300x245.jpg 300w, https:\/\/www.budokwai.fi\/karate\/wp\/wp-content\/uploads\/2017\/04\/kihon.kumite.8.clip_.000.jpg 305w\" sizes=\"auto, (max-width: 300px) 100vw, 300px\" \/> <img loading=\"lazy\" decoding=\"async\" class=\"alignnone size-medium wp-image-1313\" src=\"http:\/\/www.budokwai.fi\/karate\/wp\/wp-content\/uploads\/2017\/04\/kihon.kumite.8.clip_.001-300x245.jpg\" alt=\"\" width=\"300\" height=\"245\" srcset=\"https:\/\/www.budokwai.fi\/karate\/wp\/wp-content\/uploads\/2017\/04\/kihon.kumite.8.clip_.001-300x245.jpg 300w, https:\/\/www.budokwai.fi\/karate\/wp\/wp-content\/uploads\/2017\/04\/kihon.kumite.8.clip_.001.jpg 305w\" sizes=\"auto, (max-width: 300px) 100vw, 300px\" \/> <img loading=\"lazy\" decoding=\"async\" class=\"alignnone size-medium wp-image-1312\" src=\"http:\/\/www.budokwai.fi\/karate\/wp\/wp-content\/uploads\/2017\/04\/kihon.kumite.8.clip_.002-300x245.jpg\" alt=\"\" width=\"300\" height=\"245\" srcset=\"https:\/\/www.budokwai.fi\/karate\/wp\/wp-content\/uploads\/2017\/04\/kihon.kumite.8.clip_.002-300x245.jpg 300w, https:\/\/www.budokwai.fi\/karate\/wp\/wp-content\/uploads\/2017\/04\/kihon.kumite.8.clip_.002.jpg 305w\" sizes=\"auto, (max-width: 300px) 100vw, 300px\" \/> <img loading=\"lazy\" decoding=\"async\" class=\"alignnone size-medium wp-image-1311\" src=\"http:\/\/www.budokwai.fi\/karate\/wp\/wp-content\/uploads\/2017\/04\/kihon.kumite.8.clip_.003-300x245.jpg\" alt=\"\" width=\"300\" height=\"245\" srcset=\"https:\/\/www.budokwai.fi\/karate\/wp\/wp-content\/uploads\/2017\/04\/kihon.kumite.8.clip_.003-300x245.jpg 300w, https:\/\/www.budokwai.fi\/karate\/wp\/wp-content\/uploads\/2017\/04\/kihon.kumite.8.clip_.003.jpg 305w\" sizes=\"auto, (max-width: 300px) 100vw, 300px\" \/> <img loading=\"lazy\" decoding=\"async\" class=\"alignnone size-medium wp-image-1310\" src=\"http:\/\/www.budokwai.fi\/karate\/wp\/wp-content\/uploads\/2017\/04\/kihon.kumite.8.clip_.004-300x245.jpg\" alt=\"\" width=\"300\" height=\"245\" srcset=\"https:\/\/www.budokwai.fi\/karate\/wp\/wp-content\/uploads\/2017\/04\/kihon.kumite.8.clip_.004-300x245.jpg 300w, https:\/\/www.budokwai.fi\/karate\/wp\/wp-content\/uploads\/2017\/04\/kihon.kumite.8.clip_.004.jpg 305w\" sizes=\"auto, (max-width: 300px) 100vw, 300px\" \/> <img loading=\"lazy\" decoding=\"async\" class=\"alignnone size-medium wp-image-1309\" src=\"http:\/\/www.budokwai.fi\/karate\/wp\/wp-content\/uploads\/2017\/04\/kihon.kumite.8.clip_.005-300x245.jpg\" alt=\"\" width=\"300\" height=\"245\" srcset=\"https:\/\/www.budokwai.fi\/karate\/wp\/wp-content\/uploads\/2017\/04\/kihon.kumite.8.clip_.005-300x245.jpg 300w, https:\/\/www.budokwai.fi\/karate\/wp\/wp-content\/uploads\/2017\/04\/kihon.kumite.8.clip_.005.jpg 305w\" sizes=\"auto, (max-width: 300px) 100vw, 300px\" \/> <img loading=\"lazy\" decoding=\"async\" class=\"alignnone size-medium wp-image-1308\" src=\"http:\/\/www.budokwai.fi\/karate\/wp\/wp-content\/uploads\/2017\/04\/kihon.kumite.8.clip_.006-300x245.jpg\" alt=\"\" width=\"300\" height=\"245\" srcset=\"https:\/\/www.budokwai.fi\/karate\/wp\/wp-content\/uploads\/2017\/04\/kihon.kumite.8.clip_.006-300x245.jpg 300w, https:\/\/www.budokwai.fi\/karate\/wp\/wp-content\/uploads\/2017\/04\/kihon.kumite.8.clip_.006.jpg 305w\" sizes=\"auto, (max-width: 300px) 100vw, 300px\" \/> <img loading=\"lazy\" decoding=\"async\" class=\"alignnone size-medium wp-image-1307\" src=\"http:\/\/www.budokwai.fi\/karate\/wp\/wp-content\/uploads\/2017\/04\/kihon.kumite.8.clip_.007-300x245.jpg\" alt=\"\" width=\"300\" height=\"245\" srcset=\"https:\/\/www.budokwai.fi\/karate\/wp\/wp-content\/uploads\/2017\/04\/kihon.kumite.8.clip_.007-300x245.jpg 300w, https:\/\/www.budokwai.fi\/karate\/wp\/wp-content\/uploads\/2017\/04\/kihon.kumite.8.clip_.007.jpg 305w\" sizes=\"auto, (max-width: 300px) 100vw, 300px\" \/> <img loading=\"lazy\" decoding=\"async\" class=\"alignnone size-medium wp-image-1306\" src=\"http:\/\/www.budokwai.fi\/karate\/wp\/wp-content\/uploads\/2017\/04\/kihon.kumite.8.clip_.008-300x245.jpg\" alt=\"\" width=\"300\" height=\"245\" srcset=\"https:\/\/www.budokwai.fi\/karate\/wp\/wp-content\/uploads\/2017\/04\/kihon.kumite.8.clip_.008-300x245.jpg 300w, https:\/\/www.budokwai.fi\/karate\/wp\/wp-content\/uploads\/2017\/04\/kihon.kumite.8.clip_.008.jpg 305w\" sizes=\"auto, (max-width: 300px) 100vw, 300px\" \/> <img loading=\"lazy\" decoding=\"async\" class=\"alignnone size-medium wp-image-1305\" src=\"http:\/\/www.budokwai.fi\/karate\/wp\/wp-content\/uploads\/2017\/04\/kihon.kumite.8.clip_.009-300x245.jpg\" alt=\"\" width=\"300\" height=\"245\" srcset=\"https:\/\/www.budokwai.fi\/karate\/wp\/wp-content\/uploads\/2017\/04\/kihon.kumite.8.clip_.009-300x245.jpg 300w, https:\/\/www.budokwai.fi\/karate\/wp\/wp-content\/uploads\/2017\/04\/kihon.kumite.8.clip_.009.jpg 305w\" sizes=\"auto, (max-width: 300px) 100vw, 300px\" \/>\n","protected":false},"excerpt":{"rendered":"<p>Kihon Kumite happonme (8.) Sanallisesti H: Migi tate seishan dachi Tobikomizuki yodan, gyakuzuki yodan. P: Migi tate seishan dachi Puolustajan rintakeh\u00e4n korkeudelle tuleva tobikomizuki v\u00e4istet\u00e4\u00e4n liu\u2019utuksella taakse ja samanaikaisesti torjutaan oikean k\u00e4den uchi ukella. Gyakuzuki torjutaan saman k\u00e4den empi ukella alhaalta yl\u00f6sp\u00e4in chikodachi asennossa painopiste hieman vasemman jalan puolella. Vastahy\u00f6kk\u00e4yksen\u00e4 oikean k\u00e4den ippon-ken vastustajan vasempaan&#8230;  <a class=\"excerpt-read-more\" href=\"https:\/\/www.budokwai.fi\/karate\/kihon-kumite-8\/\" title=\"Kihon Kumite 8\">Lue lis\u00e4\u00e4 &raquo;<\/a><\/p>\n","protected":false},"author":3,"featured_media":0,"parent":0,"menu_order":0,"comment_status":"closed","ping_status":"closed","template":"full-width.php","meta":{"_acf_changed":false,"_monsterinsights_skip_tracking":false,"_monsterinsights_sitenote_active":false,"_monsterinsights_sitenote_note":"","_monsterinsights_sitenote_category":0,"footnotes":""},"class_list":["post-1361","page","type-page","status-publish","hentry"],"acf":[],"yoast_head":"<!-- This site is optimized with the Yoast SEO plugin v27.5 - https:\/\/yoast.com\/product\/yoast-seo-wordpress\/ -->\n<title>Kihon Kumite 8 - Budokwai Karate<\/title>\n<meta name=\"robots\" content=\"index, follow, max-snippet:-1, max-image-preview:large, max-video-preview:-1\" \/>\n<link rel=\"canonical\" href=\"https:\/\/www.budokwai.fi\/karate\/kihon-kumite-8\/\" \/>\n<meta property=\"og:locale\" content=\"fi_FI\" \/>\n<meta property=\"og:type\" content=\"article\" \/>\n<meta property=\"og:title\" content=\"Kihon Kumite 8 - Budokwai Karate\" \/>\n<meta property=\"og:description\" content=\"Kihon Kumite happonme (8.) Sanallisesti H: Migi tate seishan dachi Tobikomizuki yodan, gyakuzuki yodan. P: Migi tate seishan dachi Puolustajan rintakeh\u00e4n korkeudelle tuleva tobikomizuki v\u00e4istet\u00e4\u00e4n liu\u2019utuksella taakse ja samanaikaisesti torjutaan oikean k\u00e4den uchi ukella. Gyakuzuki torjutaan saman k\u00e4den empi ukella alhaalta yl\u00f6sp\u00e4in chikodachi asennossa painopiste hieman vasemman jalan puolella. Vastahy\u00f6kk\u00e4yksen\u00e4 oikean k\u00e4den ippon-ken vastustajan vasempaan... Lue lis\u00e4\u00e4 &raquo;\" \/>\n<meta property=\"og:url\" content=\"https:\/\/www.budokwai.fi\/karate\/kihon-kumite-8\/\" \/>\n<meta property=\"og:site_name\" content=\"Budokwai Karate\" \/>\n<meta property=\"article:publisher\" content=\"https:\/\/www.facebook.com\/budokwaikarateturku\/\" \/>\n<meta property=\"og:image\" content=\"http:\/\/www.budokwai.fi\/karate\/wp\/wp-content\/uploads\/2017\/04\/kihon.kumite.8.clip_.000-300x245.jpg\" \/>\n<meta name=\"twitter:card\" content=\"summary_large_image\" \/>\n<meta name=\"twitter:label1\" content=\"Est. reading time\" \/>\n\t<meta name=\"twitter:data1\" content=\"1 minute\" \/>\n<script type=\"application\/ld+json\" class=\"yoast-schema-graph\">{\"@context\":\"https:\\\/\\\/schema.org\",\"@graph\":[{\"@type\":\"WebPage\",\"@id\":\"https:\\\/\\\/www.budokwai.fi\\\/karate\\\/kihon-kumite-8\\\/\",\"url\":\"https:\\\/\\\/www.budokwai.fi\\\/karate\\\/kihon-kumite-8\\\/\",\"name\":\"Kihon Kumite 8 - Budokwai Karate\",\"isPartOf\":{\"@id\":\"https:\\\/\\\/www.budokwai.fi\\\/karate\\\/#website\"},\"primaryImageOfPage\":{\"@id\":\"https:\\\/\\\/www.budokwai.fi\\\/karate\\\/kihon-kumite-8\\\/#primaryimage\"},\"image\":{\"@id\":\"https:\\\/\\\/www.budokwai.fi\\\/karate\\\/kihon-kumite-8\\\/#primaryimage\"},\"thumbnailUrl\":\"http:\\\/\\\/www.budokwai.fi\\\/karate\\\/wp\\\/wp-content\\\/uploads\\\/2017\\\/04\\\/kihon.kumite.8.clip_.000-300x245.jpg\",\"datePublished\":\"2017-04-09T20:52:44+00:00\",\"breadcrumb\":{\"@id\":\"https:\\\/\\\/www.budokwai.fi\\\/karate\\\/kihon-kumite-8\\\/#breadcrumb\"},\"inLanguage\":\"en-US\",\"potentialAction\":[{\"@type\":\"ReadAction\",\"target\":[\"https:\\\/\\\/www.budokwai.fi\\\/karate\\\/kihon-kumite-8\\\/\"]}]},{\"@type\":\"ImageObject\",\"inLanguage\":\"en-US\",\"@id\":\"https:\\\/\\\/www.budokwai.fi\\\/karate\\\/kihon-kumite-8\\\/#primaryimage\",\"url\":\"https:\\\/\\\/www.budokwai.fi\\\/karate\\\/wp\\\/wp-content\\\/uploads\\\/2017\\\/04\\\/kihon.kumite.8.clip_.000.jpg\",\"contentUrl\":\"https:\\\/\\\/www.budokwai.fi\\\/karate\\\/wp\\\/wp-content\\\/uploads\\\/2017\\\/04\\\/kihon.kumite.8.clip_.000.jpg\",\"width\":305,\"height\":249},{\"@type\":\"BreadcrumbList\",\"@id\":\"https:\\\/\\\/www.budokwai.fi\\\/karate\\\/kihon-kumite-8\\\/#breadcrumb\",\"itemListElement\":[{\"@type\":\"ListItem\",\"position\":1,\"name\":\"Home\",\"item\":\"https:\\\/\\\/www.budokwai.fi\\\/karate\\\/\"},{\"@type\":\"ListItem\",\"position\":2,\"name\":\"Kihon Kumite 8\"}]},{\"@type\":\"WebSite\",\"@id\":\"https:\\\/\\\/www.budokwai.fi\\\/karate\\\/#website\",\"url\":\"https:\\\/\\\/www.budokwai.fi\\\/karate\\\/\",\"name\":\"Budokwai Karate\",\"description\":\"Budokwai karate\",\"potentialAction\":[{\"@type\":\"SearchAction\",\"target\":{\"@type\":\"EntryPoint\",\"urlTemplate\":\"https:\\\/\\\/www.budokwai.fi\\\/karate\\\/?s={search_term_string}\"},\"query-input\":{\"@type\":\"PropertyValueSpecification\",\"valueRequired\":true,\"valueName\":\"search_term_string\"}}],\"inLanguage\":\"en-US\"}]}<\/script>\n<!-- \/ Yoast SEO plugin. -->","yoast_head_json":{"title":"Kihon Kumite 8 - Budokwai Karate","robots":{"index":"index","follow":"follow","max-snippet":"max-snippet:-1","max-image-preview":"max-image-preview:large","max-video-preview":"max-video-preview:-1"},"canonical":"https:\/\/www.budokwai.fi\/karate\/kihon-kumite-8\/","og_locale":"fi_FI","og_type":"article","og_title":"Kihon Kumite 8 - Budokwai Karate","og_description":"Kihon Kumite happonme (8.) Sanallisesti H: Migi tate seishan dachi Tobikomizuki yodan, gyakuzuki yodan. P: Migi tate seishan dachi Puolustajan rintakeh\u00e4n korkeudelle tuleva tobikomizuki v\u00e4istet\u00e4\u00e4n liu\u2019utuksella taakse ja samanaikaisesti torjutaan oikean k\u00e4den uchi ukella. Gyakuzuki torjutaan saman k\u00e4den empi ukella alhaalta yl\u00f6sp\u00e4in chikodachi asennossa painopiste hieman vasemman jalan puolella. Vastahy\u00f6kk\u00e4yksen\u00e4 oikean k\u00e4den ippon-ken vastustajan vasempaan... Lue lis\u00e4\u00e4 &raquo;","og_url":"https:\/\/www.budokwai.fi\/karate\/kihon-kumite-8\/","og_site_name":"Budokwai Karate","article_publisher":"https:\/\/www.facebook.com\/budokwaikarateturku\/","og_image":[{"url":"http:\/\/www.budokwai.fi\/karate\/wp\/wp-content\/uploads\/2017\/04\/kihon.kumite.8.clip_.000-300x245.jpg","type":"","width":"","height":""}],"twitter_card":"summary_large_image","twitter_misc":{"Est. reading time":"1 minute"},"schema":{"@context":"https:\/\/schema.org","@graph":[{"@type":"WebPage","@id":"https:\/\/www.budokwai.fi\/karate\/kihon-kumite-8\/","url":"https:\/\/www.budokwai.fi\/karate\/kihon-kumite-8\/","name":"Kihon Kumite 8 - Budokwai Karate","isPartOf":{"@id":"https:\/\/www.budokwai.fi\/karate\/#website"},"primaryImageOfPage":{"@id":"https:\/\/www.budokwai.fi\/karate\/kihon-kumite-8\/#primaryimage"},"image":{"@id":"https:\/\/www.budokwai.fi\/karate\/kihon-kumite-8\/#primaryimage"},"thumbnailUrl":"http:\/\/www.budokwai.fi\/karate\/wp\/wp-content\/uploads\/2017\/04\/kihon.kumite.8.clip_.000-300x245.jpg","datePublished":"2017-04-09T20:52:44+00:00","breadcrumb":{"@id":"https:\/\/www.budokwai.fi\/karate\/kihon-kumite-8\/#breadcrumb"},"inLanguage":"en-US","potentialAction":[{"@type":"ReadAction","target":["https:\/\/www.budokwai.fi\/karate\/kihon-kumite-8\/"]}]},{"@type":"ImageObject","inLanguage":"en-US","@id":"https:\/\/www.budokwai.fi\/karate\/kihon-kumite-8\/#primaryimage","url":"https:\/\/www.budokwai.fi\/karate\/wp\/wp-content\/uploads\/2017\/04\/kihon.kumite.8.clip_.000.jpg","contentUrl":"https:\/\/www.budokwai.fi\/karate\/wp\/wp-content\/uploads\/2017\/04\/kihon.kumite.8.clip_.000.jpg","width":305,"height":249},{"@type":"BreadcrumbList","@id":"https:\/\/www.budokwai.fi\/karate\/kihon-kumite-8\/#breadcrumb","itemListElement":[{"@type":"ListItem","position":1,"name":"Home","item":"https:\/\/www.budokwai.fi\/karate\/"},{"@type":"ListItem","position":2,"name":"Kihon Kumite 8"}]},{"@type":"WebSite","@id":"https:\/\/www.budokwai.fi\/karate\/#website","url":"https:\/\/www.budokwai.fi\/karate\/","name":"Budokwai Karate","description":"Budokwai karate","potentialAction":[{"@type":"SearchAction","target":{"@type":"EntryPoint","urlTemplate":"https:\/\/www.budokwai.fi\/karate\/?s={search_term_string}"},"query-input":{"@type":"PropertyValueSpecification","valueRequired":true,"valueName":"search_term_string"}}],"inLanguage":"en-US"}]}},"_links":{"self":[{"href":"https:\/\/www.budokwai.fi\/karate\/wp-json\/wp\/v2\/pages\/1361","targetHints":{"allow":["GET"]}}],"collection":[{"href":"https:\/\/www.budokwai.fi\/karate\/wp-json\/wp\/v2\/pages"}],"about":[{"href":"https:\/\/www.budokwai.fi\/karate\/wp-json\/wp\/v2\/types\/page"}],"author":[{"embeddable":true,"href":"https:\/\/www.budokwai.fi\/karate\/wp-json\/wp\/v2\/users\/3"}],"replies":[{"embeddable":true,"href":"https:\/\/www.budokwai.fi\/karate\/wp-json\/wp\/v2\/comments?post=1361"}],"version-history":[{"count":1,"href":"https:\/\/www.budokwai.fi\/karate\/wp-json\/wp\/v2\/pages\/1361\/revisions"}],"predecessor-version":[{"id":1362,"href":"https:\/\/www.budokwai.fi\/karate\/wp-json\/wp\/v2\/pages\/1361\/revisions\/1362"}],"wp:attachment":[{"href":"https:\/\/www.budokwai.fi\/karate\/wp-json\/wp\/v2\/media?parent=1361"}],"curies":[{"name":"wp","href":"https:\/\/api.w.org\/{rel}","templated":true}]}}