{"id":1352,"date":"2017-04-09T23:46:40","date_gmt":"2017-04-09T20:46:40","guid":{"rendered":"http:\/\/www.budokwai.fi\/karate\/wp\/?page_id=1352"},"modified":"2017-04-09T23:46:40","modified_gmt":"2017-04-09T20:46:40","slug":"kihon-kumite-5","status":"publish","type":"page","link":"https:\/\/www.budokwai.fi\/karate\/kihon-kumite-5\/","title":{"rendered":"Kihon Kumite 5"},"content":{"rendered":"<h2>Kihon Kumite gohonme (5.)<\/h2>\n<p><strong><br \/>\nSanallisesti<\/strong><\/p>\n<p>H: Hidari tate seishan dachi<br \/>\nTobikomitsuki yodan, gyakuzuki chudan<\/p>\n<p>P: Tobikomizuki torjutaan v\u00e4ist\u00e4m\u00e4ll\u00e4 hy\u00f6kk\u00e4yslinjalta ja varmistamalla v\u00e4ist\u00f6\u00e4 samanaikaisesti oikean k\u00e4den empi ukella. Gyakuzukia v\u00e4istet\u00e4\u00e4n taakse siirt\u00e4m\u00e4ll\u00e4 painopistett\u00e4 taakse p\u00e4in ja k\u00e4\u00e4nt\u00e4m\u00e4ll\u00e4 rintamasuunta vastustajaa kohti. V\u00e4ist\u00f6\u00e4 varmistetaan pudottamalla oikea k\u00e4si alas pyyhk\u00e4isem\u00e4ll\u00e4 oikean k\u00e4den k\u00e4mmensel\u00e4ll\u00e4 torjunta ly\u00f6v\u00e4\u00e4n k\u00e4teen ylh\u00e4\u00e4lt\u00e4 alasp\u00e4in. Torjunnan j\u00e4lkeen tartutaan vasemman k\u00e4den vastaotteella hy\u00f6kk\u00e4\u00e4j\u00e4n oikeaan k\u00e4teen ja ly\u00f6d\u00e4\u00e4n oikean k\u00e4den haito yodan. Hy\u00f6kk\u00e4yst\u00e4 jatketaan oikeanpuoleisessa shiko dachissa chudan empi zukilla, tartutaan vastustajan ly\u00f6v\u00e4\u00e4n k\u00e4teen my\u00f6s oikealla k\u00e4dell\u00e4, vied\u00e4\u00e4n uke maahan k\u00e4\u00e4nt\u00e4m\u00e4ll\u00e4 rintamasuuntaa vasemmalle ja lukitsemalla oikean k\u00e4den rannetta ja k\u00e4sivartta. Uken oikean k\u00e4den kyyn\u00e4rp\u00e4\u00e4t\u00e4\/kyyn\u00e4rvartta painetaan oikealla polvella ja ly\u00f6d\u00e4\u00e4n oikealla k\u00e4dell\u00e4 yodan zuki.<\/p>\n<p><strong><br \/>\nKuvilla<\/strong><\/p>\n<img loading=\"lazy\" decoding=\"async\" class=\"alignnone size-medium wp-image-1288\" src=\"http:\/\/www.budokwai.fi\/karate\/wp\/wp-content\/uploads\/2017\/04\/kihon.kumite.5.clip_.000-300x245.jpg\" alt=\"\" width=\"300\" height=\"245\" srcset=\"https:\/\/www.budokwai.fi\/karate\/wp\/wp-content\/uploads\/2017\/04\/kihon.kumite.5.clip_.000-300x245.jpg 300w, https:\/\/www.budokwai.fi\/karate\/wp\/wp-content\/uploads\/2017\/04\/kihon.kumite.5.clip_.000.jpg 305w\" sizes=\"auto, (max-width: 300px) 100vw, 300px\" \/> <img loading=\"lazy\" decoding=\"async\" class=\"alignnone size-medium wp-image-1287\" src=\"http:\/\/www.budokwai.fi\/karate\/wp\/wp-content\/uploads\/2017\/04\/kihon.kumite.5.clip_.001-300x245.jpg\" alt=\"\" width=\"300\" height=\"245\" srcset=\"https:\/\/www.budokwai.fi\/karate\/wp\/wp-content\/uploads\/2017\/04\/kihon.kumite.5.clip_.001-300x245.jpg 300w, https:\/\/www.budokwai.fi\/karate\/wp\/wp-content\/uploads\/2017\/04\/kihon.kumite.5.clip_.001.jpg 305w\" sizes=\"auto, (max-width: 300px) 100vw, 300px\" \/> <img loading=\"lazy\" decoding=\"async\" class=\"alignnone size-medium wp-image-1286\" src=\"http:\/\/www.budokwai.fi\/karate\/wp\/wp-content\/uploads\/2017\/04\/kihon.kumite.5.clip_.002-300x245.jpg\" alt=\"\" width=\"300\" height=\"245\" srcset=\"https:\/\/www.budokwai.fi\/karate\/wp\/wp-content\/uploads\/2017\/04\/kihon.kumite.5.clip_.002-300x245.jpg 300w, https:\/\/www.budokwai.fi\/karate\/wp\/wp-content\/uploads\/2017\/04\/kihon.kumite.5.clip_.002.jpg 305w\" sizes=\"auto, (max-width: 300px) 100vw, 300px\" \/> <img loading=\"lazy\" decoding=\"async\" class=\"alignnone size-medium wp-image-1285\" src=\"http:\/\/www.budokwai.fi\/karate\/wp\/wp-content\/uploads\/2017\/04\/kihon.kumite.5.clip_.003-300x245.jpg\" alt=\"\" width=\"300\" height=\"245\" srcset=\"https:\/\/www.budokwai.fi\/karate\/wp\/wp-content\/uploads\/2017\/04\/kihon.kumite.5.clip_.003-300x245.jpg 300w, https:\/\/www.budokwai.fi\/karate\/wp\/wp-content\/uploads\/2017\/04\/kihon.kumite.5.clip_.003.jpg 305w\" sizes=\"auto, (max-width: 300px) 100vw, 300px\" \/> <img loading=\"lazy\" decoding=\"async\" class=\"alignnone size-medium wp-image-1284\" src=\"http:\/\/www.budokwai.fi\/karate\/wp\/wp-content\/uploads\/2017\/04\/kihon.kumite.5.clip_.004-300x245.jpg\" alt=\"\" width=\"300\" height=\"245\" srcset=\"https:\/\/www.budokwai.fi\/karate\/wp\/wp-content\/uploads\/2017\/04\/kihon.kumite.5.clip_.004-300x245.jpg 300w, https:\/\/www.budokwai.fi\/karate\/wp\/wp-content\/uploads\/2017\/04\/kihon.kumite.5.clip_.004.jpg 305w\" sizes=\"auto, (max-width: 300px) 100vw, 300px\" \/> <img loading=\"lazy\" decoding=\"async\" class=\"alignnone size-medium wp-image-1283\" src=\"http:\/\/www.budokwai.fi\/karate\/wp\/wp-content\/uploads\/2017\/04\/kihon.kumite.5.clip_.005-300x245.jpg\" alt=\"\" width=\"300\" height=\"245\" srcset=\"https:\/\/www.budokwai.fi\/karate\/wp\/wp-content\/uploads\/2017\/04\/kihon.kumite.5.clip_.005-300x245.jpg 300w, https:\/\/www.budokwai.fi\/karate\/wp\/wp-content\/uploads\/2017\/04\/kihon.kumite.5.clip_.005.jpg 305w\" sizes=\"auto, (max-width: 300px) 100vw, 300px\" \/> <img loading=\"lazy\" decoding=\"async\" class=\"alignnone size-medium wp-image-1282\" src=\"http:\/\/www.budokwai.fi\/karate\/wp\/wp-content\/uploads\/2017\/04\/kihon.kumite.5.clip_.006-300x245.jpg\" alt=\"\" width=\"300\" height=\"245\" srcset=\"https:\/\/www.budokwai.fi\/karate\/wp\/wp-content\/uploads\/2017\/04\/kihon.kumite.5.clip_.006-300x245.jpg 300w, https:\/\/www.budokwai.fi\/karate\/wp\/wp-content\/uploads\/2017\/04\/kihon.kumite.5.clip_.006.jpg 305w\" sizes=\"auto, (max-width: 300px) 100vw, 300px\" \/> <img loading=\"lazy\" decoding=\"async\" class=\"alignnone size-medium wp-image-1281\" src=\"http:\/\/www.budokwai.fi\/karate\/wp\/wp-content\/uploads\/2017\/04\/kihon.kumite.5.clip_.007-300x245.jpg\" alt=\"\" width=\"300\" height=\"245\" srcset=\"https:\/\/www.budokwai.fi\/karate\/wp\/wp-content\/uploads\/2017\/04\/kihon.kumite.5.clip_.007-300x245.jpg 300w, https:\/\/www.budokwai.fi\/karate\/wp\/wp-content\/uploads\/2017\/04\/kihon.kumite.5.clip_.007.jpg 305w\" sizes=\"auto, (max-width: 300px) 100vw, 300px\" \/> <img loading=\"lazy\" decoding=\"async\" class=\"alignnone size-medium wp-image-1280\" src=\"http:\/\/www.budokwai.fi\/karate\/wp\/wp-content\/uploads\/2017\/04\/kihon.kumite.5.clip_.007-1-300x245.jpg\" alt=\"\" width=\"300\" height=\"245\" srcset=\"https:\/\/www.budokwai.fi\/karate\/wp\/wp-content\/uploads\/2017\/04\/kihon.kumite.5.clip_.007-1-300x245.jpg 300w, https:\/\/www.budokwai.fi\/karate\/wp\/wp-content\/uploads\/2017\/04\/kihon.kumite.5.clip_.007-1.jpg 305w\" sizes=\"auto, (max-width: 300px) 100vw, 300px\" \/> <img loading=\"lazy\" decoding=\"async\" class=\"alignnone size-medium wp-image-1279\" src=\"http:\/\/www.budokwai.fi\/karate\/wp\/wp-content\/uploads\/2017\/04\/kihon.kumite.5.clip_.008-300x245.jpg\" alt=\"\" width=\"300\" height=\"245\" srcset=\"https:\/\/www.budokwai.fi\/karate\/wp\/wp-content\/uploads\/2017\/04\/kihon.kumite.5.clip_.008-300x245.jpg 300w, https:\/\/www.budokwai.fi\/karate\/wp\/wp-content\/uploads\/2017\/04\/kihon.kumite.5.clip_.008.jpg 305w\" sizes=\"auto, (max-width: 300px) 100vw, 300px\" \/> <img loading=\"lazy\" decoding=\"async\" class=\"alignnone size-medium wp-image-1278\" src=\"http:\/\/www.budokwai.fi\/karate\/wp\/wp-content\/uploads\/2017\/04\/kihon.kumite.5.clip_.009-300x245.jpg\" alt=\"\" width=\"300\" height=\"245\" srcset=\"https:\/\/www.budokwai.fi\/karate\/wp\/wp-content\/uploads\/2017\/04\/kihon.kumite.5.clip_.009-300x245.jpg 300w, https:\/\/www.budokwai.fi\/karate\/wp\/wp-content\/uploads\/2017\/04\/kihon.kumite.5.clip_.009.jpg 305w\" sizes=\"auto, (max-width: 300px) 100vw, 300px\" \/> <img loading=\"lazy\" decoding=\"async\" class=\"alignnone size-medium wp-image-1277\" src=\"http:\/\/www.budokwai.fi\/karate\/wp\/wp-content\/uploads\/2017\/04\/kihon.kumite.5.clip_.010-300x245.jpg\" alt=\"\" width=\"300\" height=\"245\" srcset=\"https:\/\/www.budokwai.fi\/karate\/wp\/wp-content\/uploads\/2017\/04\/kihon.kumite.5.clip_.010-300x245.jpg 300w, https:\/\/www.budokwai.fi\/karate\/wp\/wp-content\/uploads\/2017\/04\/kihon.kumite.5.clip_.010.jpg 305w\" sizes=\"auto, (max-width: 300px) 100vw, 300px\" \/> <img loading=\"lazy\" decoding=\"async\" class=\"alignnone size-medium wp-image-1276\" src=\"http:\/\/www.budokwai.fi\/karate\/wp\/wp-content\/uploads\/2017\/04\/kihon.kumite.5.clip_.011-300x245.jpg\" alt=\"\" width=\"300\" height=\"245\" srcset=\"https:\/\/www.budokwai.fi\/karate\/wp\/wp-content\/uploads\/2017\/04\/kihon.kumite.5.clip_.011-300x245.jpg 300w, https:\/\/www.budokwai.fi\/karate\/wp\/wp-content\/uploads\/2017\/04\/kihon.kumite.5.clip_.011.jpg 305w\" sizes=\"auto, (max-width: 300px) 100vw, 300px\" \/> <img loading=\"lazy\" decoding=\"async\" class=\"alignnone size-medium wp-image-1275\" src=\"http:\/\/www.budokwai.fi\/karate\/wp\/wp-content\/uploads\/2017\/04\/kihon.kumite.5.clip_.012-300x245.jpg\" alt=\"\" width=\"300\" height=\"245\" srcset=\"https:\/\/www.budokwai.fi\/karate\/wp\/wp-content\/uploads\/2017\/04\/kihon.kumite.5.clip_.012-300x245.jpg 300w, https:\/\/www.budokwai.fi\/karate\/wp\/wp-content\/uploads\/2017\/04\/kihon.kumite.5.clip_.012.jpg 305w\" sizes=\"auto, (max-width: 300px) 100vw, 300px\" \/> <img loading=\"lazy\" decoding=\"async\" class=\"alignnone size-medium wp-image-1274\" src=\"http:\/\/www.budokwai.fi\/karate\/wp\/wp-content\/uploads\/2017\/04\/kihon.kumite.5.clip_.013-300x245.jpg\" alt=\"\" width=\"300\" height=\"245\" srcset=\"https:\/\/www.budokwai.fi\/karate\/wp\/wp-content\/uploads\/2017\/04\/kihon.kumite.5.clip_.013-300x245.jpg 300w, https:\/\/www.budokwai.fi\/karate\/wp\/wp-content\/uploads\/2017\/04\/kihon.kumite.5.clip_.013.jpg 305w\" sizes=\"auto, (max-width: 300px) 100vw, 300px\" \/>\n","protected":false},"excerpt":{"rendered":"<p>Kihon Kumite gohonme (5.) Sanallisesti H: Hidari tate seishan dachi Tobikomitsuki yodan, gyakuzuki chudan P: Tobikomizuki torjutaan v\u00e4ist\u00e4m\u00e4ll\u00e4 hy\u00f6kk\u00e4yslinjalta ja varmistamalla v\u00e4ist\u00f6\u00e4 samanaikaisesti oikean k\u00e4den empi ukella. Gyakuzukia v\u00e4istet\u00e4\u00e4n taakse siirt\u00e4m\u00e4ll\u00e4 painopistett\u00e4 taakse p\u00e4in ja k\u00e4\u00e4nt\u00e4m\u00e4ll\u00e4 rintamasuunta vastustajaa kohti. V\u00e4ist\u00f6\u00e4 varmistetaan pudottamalla oikea k\u00e4si alas pyyhk\u00e4isem\u00e4ll\u00e4 oikean k\u00e4den k\u00e4mmensel\u00e4ll\u00e4 torjunta ly\u00f6v\u00e4\u00e4n k\u00e4teen ylh\u00e4\u00e4lt\u00e4 alasp\u00e4in. Torjunnan&#8230;  <a class=\"excerpt-read-more\" href=\"https:\/\/www.budokwai.fi\/karate\/kihon-kumite-5\/\" title=\"Kihon Kumite 5\">Lue lis\u00e4\u00e4 &raquo;<\/a><\/p>\n","protected":false},"author":3,"featured_media":0,"parent":0,"menu_order":0,"comment_status":"closed","ping_status":"closed","template":"full-width.php","meta":{"_acf_changed":false,"_monsterinsights_skip_tracking":false,"_monsterinsights_sitenote_active":false,"_monsterinsights_sitenote_note":"","_monsterinsights_sitenote_category":0,"footnotes":""},"class_list":["post-1352","page","type-page","status-publish","hentry"],"acf":[],"yoast_head":"<!-- This site is optimized with the Yoast SEO plugin v27.5 - https:\/\/yoast.com\/product\/yoast-seo-wordpress\/ -->\n<title>Kihon Kumite 5 - Budokwai Karate<\/title>\n<meta name=\"robots\" content=\"index, follow, max-snippet:-1, max-image-preview:large, max-video-preview:-1\" \/>\n<link rel=\"canonical\" href=\"https:\/\/www.budokwai.fi\/karate\/kihon-kumite-5\/\" \/>\n<meta property=\"og:locale\" content=\"fi_FI\" \/>\n<meta property=\"og:type\" content=\"article\" \/>\n<meta property=\"og:title\" content=\"Kihon Kumite 5 - Budokwai Karate\" \/>\n<meta property=\"og:description\" content=\"Kihon Kumite gohonme (5.) Sanallisesti H: Hidari tate seishan dachi Tobikomitsuki yodan, gyakuzuki chudan P: Tobikomizuki torjutaan v\u00e4ist\u00e4m\u00e4ll\u00e4 hy\u00f6kk\u00e4yslinjalta ja varmistamalla v\u00e4ist\u00f6\u00e4 samanaikaisesti oikean k\u00e4den empi ukella. Gyakuzukia v\u00e4istet\u00e4\u00e4n taakse siirt\u00e4m\u00e4ll\u00e4 painopistett\u00e4 taakse p\u00e4in ja k\u00e4\u00e4nt\u00e4m\u00e4ll\u00e4 rintamasuunta vastustajaa kohti. V\u00e4ist\u00f6\u00e4 varmistetaan pudottamalla oikea k\u00e4si alas pyyhk\u00e4isem\u00e4ll\u00e4 oikean k\u00e4den k\u00e4mmensel\u00e4ll\u00e4 torjunta ly\u00f6v\u00e4\u00e4n k\u00e4teen ylh\u00e4\u00e4lt\u00e4 alasp\u00e4in. Torjunnan... Lue lis\u00e4\u00e4 &raquo;\" \/>\n<meta property=\"og:url\" content=\"https:\/\/www.budokwai.fi\/karate\/kihon-kumite-5\/\" \/>\n<meta property=\"og:site_name\" content=\"Budokwai Karate\" \/>\n<meta property=\"article:publisher\" content=\"https:\/\/www.facebook.com\/budokwaikarateturku\/\" \/>\n<meta property=\"og:image\" content=\"http:\/\/www.budokwai.fi\/karate\/wp\/wp-content\/uploads\/2017\/04\/kihon.kumite.5.clip_.000-300x245.jpg\" \/>\n<meta name=\"twitter:card\" content=\"summary_large_image\" \/>\n<meta name=\"twitter:label1\" content=\"Est. reading time\" \/>\n\t<meta name=\"twitter:data1\" content=\"1 minute\" \/>\n<script type=\"application\/ld+json\" class=\"yoast-schema-graph\">{\"@context\":\"https:\\\/\\\/schema.org\",\"@graph\":[{\"@type\":\"WebPage\",\"@id\":\"https:\\\/\\\/www.budokwai.fi\\\/karate\\\/kihon-kumite-5\\\/\",\"url\":\"https:\\\/\\\/www.budokwai.fi\\\/karate\\\/kihon-kumite-5\\\/\",\"name\":\"Kihon Kumite 5 - Budokwai Karate\",\"isPartOf\":{\"@id\":\"https:\\\/\\\/www.budokwai.fi\\\/karate\\\/#website\"},\"primaryImageOfPage\":{\"@id\":\"https:\\\/\\\/www.budokwai.fi\\\/karate\\\/kihon-kumite-5\\\/#primaryimage\"},\"image\":{\"@id\":\"https:\\\/\\\/www.budokwai.fi\\\/karate\\\/kihon-kumite-5\\\/#primaryimage\"},\"thumbnailUrl\":\"http:\\\/\\\/www.budokwai.fi\\\/karate\\\/wp\\\/wp-content\\\/uploads\\\/2017\\\/04\\\/kihon.kumite.5.clip_.000-300x245.jpg\",\"datePublished\":\"2017-04-09T20:46:40+00:00\",\"breadcrumb\":{\"@id\":\"https:\\\/\\\/www.budokwai.fi\\\/karate\\\/kihon-kumite-5\\\/#breadcrumb\"},\"inLanguage\":\"en-US\",\"potentialAction\":[{\"@type\":\"ReadAction\",\"target\":[\"https:\\\/\\\/www.budokwai.fi\\\/karate\\\/kihon-kumite-5\\\/\"]}]},{\"@type\":\"ImageObject\",\"inLanguage\":\"en-US\",\"@id\":\"https:\\\/\\\/www.budokwai.fi\\\/karate\\\/kihon-kumite-5\\\/#primaryimage\",\"url\":\"https:\\\/\\\/www.budokwai.fi\\\/karate\\\/wp\\\/wp-content\\\/uploads\\\/2017\\\/04\\\/kihon.kumite.5.clip_.000.jpg\",\"contentUrl\":\"https:\\\/\\\/www.budokwai.fi\\\/karate\\\/wp\\\/wp-content\\\/uploads\\\/2017\\\/04\\\/kihon.kumite.5.clip_.000.jpg\",\"width\":305,\"height\":249},{\"@type\":\"BreadcrumbList\",\"@id\":\"https:\\\/\\\/www.budokwai.fi\\\/karate\\\/kihon-kumite-5\\\/#breadcrumb\",\"itemListElement\":[{\"@type\":\"ListItem\",\"position\":1,\"name\":\"Home\",\"item\":\"https:\\\/\\\/www.budokwai.fi\\\/karate\\\/\"},{\"@type\":\"ListItem\",\"position\":2,\"name\":\"Kihon Kumite 5\"}]},{\"@type\":\"WebSite\",\"@id\":\"https:\\\/\\\/www.budokwai.fi\\\/karate\\\/#website\",\"url\":\"https:\\\/\\\/www.budokwai.fi\\\/karate\\\/\",\"name\":\"Budokwai Karate\",\"description\":\"Budokwai karate\",\"potentialAction\":[{\"@type\":\"SearchAction\",\"target\":{\"@type\":\"EntryPoint\",\"urlTemplate\":\"https:\\\/\\\/www.budokwai.fi\\\/karate\\\/?s={search_term_string}\"},\"query-input\":{\"@type\":\"PropertyValueSpecification\",\"valueRequired\":true,\"valueName\":\"search_term_string\"}}],\"inLanguage\":\"en-US\"}]}<\/script>\n<!-- \/ Yoast SEO plugin. -->","yoast_head_json":{"title":"Kihon Kumite 5 - Budokwai Karate","robots":{"index":"index","follow":"follow","max-snippet":"max-snippet:-1","max-image-preview":"max-image-preview:large","max-video-preview":"max-video-preview:-1"},"canonical":"https:\/\/www.budokwai.fi\/karate\/kihon-kumite-5\/","og_locale":"fi_FI","og_type":"article","og_title":"Kihon Kumite 5 - Budokwai Karate","og_description":"Kihon Kumite gohonme (5.) Sanallisesti H: Hidari tate seishan dachi Tobikomitsuki yodan, gyakuzuki chudan P: Tobikomizuki torjutaan v\u00e4ist\u00e4m\u00e4ll\u00e4 hy\u00f6kk\u00e4yslinjalta ja varmistamalla v\u00e4ist\u00f6\u00e4 samanaikaisesti oikean k\u00e4den empi ukella. Gyakuzukia v\u00e4istet\u00e4\u00e4n taakse siirt\u00e4m\u00e4ll\u00e4 painopistett\u00e4 taakse p\u00e4in ja k\u00e4\u00e4nt\u00e4m\u00e4ll\u00e4 rintamasuunta vastustajaa kohti. V\u00e4ist\u00f6\u00e4 varmistetaan pudottamalla oikea k\u00e4si alas pyyhk\u00e4isem\u00e4ll\u00e4 oikean k\u00e4den k\u00e4mmensel\u00e4ll\u00e4 torjunta ly\u00f6v\u00e4\u00e4n k\u00e4teen ylh\u00e4\u00e4lt\u00e4 alasp\u00e4in. Torjunnan... Lue lis\u00e4\u00e4 &raquo;","og_url":"https:\/\/www.budokwai.fi\/karate\/kihon-kumite-5\/","og_site_name":"Budokwai Karate","article_publisher":"https:\/\/www.facebook.com\/budokwaikarateturku\/","og_image":[{"url":"http:\/\/www.budokwai.fi\/karate\/wp\/wp-content\/uploads\/2017\/04\/kihon.kumite.5.clip_.000-300x245.jpg","type":"","width":"","height":""}],"twitter_card":"summary_large_image","twitter_misc":{"Est. reading time":"1 minute"},"schema":{"@context":"https:\/\/schema.org","@graph":[{"@type":"WebPage","@id":"https:\/\/www.budokwai.fi\/karate\/kihon-kumite-5\/","url":"https:\/\/www.budokwai.fi\/karate\/kihon-kumite-5\/","name":"Kihon Kumite 5 - Budokwai Karate","isPartOf":{"@id":"https:\/\/www.budokwai.fi\/karate\/#website"},"primaryImageOfPage":{"@id":"https:\/\/www.budokwai.fi\/karate\/kihon-kumite-5\/#primaryimage"},"image":{"@id":"https:\/\/www.budokwai.fi\/karate\/kihon-kumite-5\/#primaryimage"},"thumbnailUrl":"http:\/\/www.budokwai.fi\/karate\/wp\/wp-content\/uploads\/2017\/04\/kihon.kumite.5.clip_.000-300x245.jpg","datePublished":"2017-04-09T20:46:40+00:00","breadcrumb":{"@id":"https:\/\/www.budokwai.fi\/karate\/kihon-kumite-5\/#breadcrumb"},"inLanguage":"en-US","potentialAction":[{"@type":"ReadAction","target":["https:\/\/www.budokwai.fi\/karate\/kihon-kumite-5\/"]}]},{"@type":"ImageObject","inLanguage":"en-US","@id":"https:\/\/www.budokwai.fi\/karate\/kihon-kumite-5\/#primaryimage","url":"https:\/\/www.budokwai.fi\/karate\/wp\/wp-content\/uploads\/2017\/04\/kihon.kumite.5.clip_.000.jpg","contentUrl":"https:\/\/www.budokwai.fi\/karate\/wp\/wp-content\/uploads\/2017\/04\/kihon.kumite.5.clip_.000.jpg","width":305,"height":249},{"@type":"BreadcrumbList","@id":"https:\/\/www.budokwai.fi\/karate\/kihon-kumite-5\/#breadcrumb","itemListElement":[{"@type":"ListItem","position":1,"name":"Home","item":"https:\/\/www.budokwai.fi\/karate\/"},{"@type":"ListItem","position":2,"name":"Kihon Kumite 5"}]},{"@type":"WebSite","@id":"https:\/\/www.budokwai.fi\/karate\/#website","url":"https:\/\/www.budokwai.fi\/karate\/","name":"Budokwai Karate","description":"Budokwai karate","potentialAction":[{"@type":"SearchAction","target":{"@type":"EntryPoint","urlTemplate":"https:\/\/www.budokwai.fi\/karate\/?s={search_term_string}"},"query-input":{"@type":"PropertyValueSpecification","valueRequired":true,"valueName":"search_term_string"}}],"inLanguage":"en-US"}]}},"_links":{"self":[{"href":"https:\/\/www.budokwai.fi\/karate\/wp-json\/wp\/v2\/pages\/1352","targetHints":{"allow":["GET"]}}],"collection":[{"href":"https:\/\/www.budokwai.fi\/karate\/wp-json\/wp\/v2\/pages"}],"about":[{"href":"https:\/\/www.budokwai.fi\/karate\/wp-json\/wp\/v2\/types\/page"}],"author":[{"embeddable":true,"href":"https:\/\/www.budokwai.fi\/karate\/wp-json\/wp\/v2\/users\/3"}],"replies":[{"embeddable":true,"href":"https:\/\/www.budokwai.fi\/karate\/wp-json\/wp\/v2\/comments?post=1352"}],"version-history":[{"count":1,"href":"https:\/\/www.budokwai.fi\/karate\/wp-json\/wp\/v2\/pages\/1352\/revisions"}],"predecessor-version":[{"id":1353,"href":"https:\/\/www.budokwai.fi\/karate\/wp-json\/wp\/v2\/pages\/1352\/revisions\/1353"}],"wp:attachment":[{"href":"https:\/\/www.budokwai.fi\/karate\/wp-json\/wp\/v2\/media?parent=1352"}],"curies":[{"name":"wp","href":"https:\/\/api.w.org\/{rel}","templated":true}]}}