{"id":1335,"date":"2017-04-09T23:28:43","date_gmt":"2017-04-09T20:28:43","guid":{"rendered":"http:\/\/www.budokwai.fi\/karate\/wp\/?page_id=1335"},"modified":"2017-04-09T23:28:43","modified_gmt":"2017-04-09T20:28:43","slug":"kihon-kumite-yleista","status":"publish","type":"page","link":"https:\/\/www.budokwai.fi\/karate\/kihon-kumite-yleista\/","title":{"rendered":"Kihon kumite yleist\u00e4"},"content":{"rendered":"<h2>PERUSTEKNIIKKAOTTELU<br \/>\n(KIHON KUMITE)<\/h2>\n<p>Kihon Kumite \u2013pariharjoitteissa tulee parhaiten esille Wadoryu \u2013tyylisuunnalle ominainen liikkuminen, v\u00e4ist\u00f6 hy\u00f6kk\u00e4yslinjalta ja samanaikaisesti suoritettava torjunta ja vastahy\u00f6kk\u00e4ys. Kihon Kumite \u2013pariharjoitteiden avulla harjoiteltaessa tavoitteena on oppia oikean et\u00e4isyyden k\u00e4ytt\u00e4minen. Tavoitteena on my\u00f6s kehitt\u00e4\u00e4 taloudellista, tehokasta ja tasapainoista tekniikan suoritustapaa ja liikkumista.<\/p>\n<p>Kihon Kumite \u2013pariharjoitteiden alussa suoritetaan muiden pariharjoitteiden tapaan kumarrukset, joiden j\u00e4lkeen harjoittelu on alkanut t\u00e4ydell\u00e4 tehokkuudella ja jatkuu t\u00e4ydell\u00e4 teholla aina loppukumarruksiin saakka. Koko pariharjoitteiden keston aikana on kummankin osapuolen valppauden s\u00e4ilytt\u00e4v\u00e4.<\/p>\n<p>Hy\u00f6kk\u00e4\u00e4j\u00e4 liikkuu alkukumarruksien j\u00e4lkeen eteenp\u00e4in joko oikean- tai vasemman- puoleiseen Tate seishan dachiin ja puolustaja liikkuu saman periaatteen mukaisesti hy\u00f6kk\u00e4\u00e4j\u00e4n aloitteesta taaksep\u00e4in.<br \/>\nKihon kumite -pariharjoitteiden aloituset\u00e4isyys on riitt\u00e4v\u00e4 kun k\u00e4sivarret ojentamalla ei yll\u00e4 tarttumaan vastustajaan tai tehd\u00e4 lajisuoritusta osuen kohteeseen liikkumatta paikaltaan.<br \/>\nEt\u00e4isyyden on oltava kuitenkin sellainen, ett\u00e4 vastustaja on mahdollista saavuttaa lajitekniikalla liikkumalla eteenp\u00e4in.<\/p>\n","protected":false},"excerpt":{"rendered":"<p>PERUSTEKNIIKKAOTTELU (KIHON KUMITE) Kihon Kumite \u2013pariharjoitteissa tulee parhaiten esille Wadoryu \u2013tyylisuunnalle ominainen liikkuminen, v\u00e4ist\u00f6 hy\u00f6kk\u00e4yslinjalta ja samanaikaisesti suoritettava torjunta ja vastahy\u00f6kk\u00e4ys. Kihon Kumite \u2013pariharjoitteiden avulla harjoiteltaessa tavoitteena on oppia oikean et\u00e4isyyden k\u00e4ytt\u00e4minen. Tavoitteena on my\u00f6s kehitt\u00e4\u00e4 taloudellista, tehokasta ja tasapainoista tekniikan suoritustapaa ja liikkumista. Kihon Kumite \u2013pariharjoitteiden alussa suoritetaan muiden pariharjoitteiden tapaan kumarrukset, joiden j\u00e4lkeen&#8230;  <a class=\"excerpt-read-more\" href=\"https:\/\/www.budokwai.fi\/karate\/kihon-kumite-yleista\/\" title=\"Kihon kumite yleist\u00e4\">Lue lis\u00e4\u00e4 &raquo;<\/a><\/p>\n","protected":false},"author":3,"featured_media":0,"parent":0,"menu_order":0,"comment_status":"closed","ping_status":"closed","template":"full-width.php","meta":{"_acf_changed":false,"_monsterinsights_skip_tracking":false,"_monsterinsights_sitenote_active":false,"_monsterinsights_sitenote_note":"","_monsterinsights_sitenote_category":0,"footnotes":""},"class_list":["post-1335","page","type-page","status-publish","hentry"],"acf":[],"yoast_head":"<!-- This site is optimized with the Yoast SEO plugin v27.5 - https:\/\/yoast.com\/product\/yoast-seo-wordpress\/ -->\n<title>Kihon kumite yleist\u00e4 - Budokwai Karate<\/title>\n<meta name=\"robots\" content=\"index, follow, max-snippet:-1, max-image-preview:large, max-video-preview:-1\" \/>\n<link rel=\"canonical\" href=\"https:\/\/www.budokwai.fi\/karate\/kihon-kumite-yleista\/\" \/>\n<meta property=\"og:locale\" content=\"fi_FI\" \/>\n<meta property=\"og:type\" content=\"article\" \/>\n<meta property=\"og:title\" content=\"Kihon kumite yleist\u00e4 - Budokwai Karate\" \/>\n<meta property=\"og:description\" content=\"PERUSTEKNIIKKAOTTELU (KIHON KUMITE) Kihon Kumite \u2013pariharjoitteissa tulee parhaiten esille Wadoryu \u2013tyylisuunnalle ominainen liikkuminen, v\u00e4ist\u00f6 hy\u00f6kk\u00e4yslinjalta ja samanaikaisesti suoritettava torjunta ja vastahy\u00f6kk\u00e4ys. Kihon Kumite \u2013pariharjoitteiden avulla harjoiteltaessa tavoitteena on oppia oikean et\u00e4isyyden k\u00e4ytt\u00e4minen. Tavoitteena on my\u00f6s kehitt\u00e4\u00e4 taloudellista, tehokasta ja tasapainoista tekniikan suoritustapaa ja liikkumista. Kihon Kumite \u2013pariharjoitteiden alussa suoritetaan muiden pariharjoitteiden tapaan kumarrukset, joiden j\u00e4lkeen... Lue lis\u00e4\u00e4 &raquo;\" \/>\n<meta property=\"og:url\" content=\"https:\/\/www.budokwai.fi\/karate\/kihon-kumite-yleista\/\" \/>\n<meta property=\"og:site_name\" content=\"Budokwai Karate\" \/>\n<meta property=\"article:publisher\" content=\"https:\/\/www.facebook.com\/budokwaikarateturku\/\" \/>\n<meta property=\"og:image\" content=\"https:\/\/www.budokwai.fi\/karate\/wp\/wp-content\/uploads\/2017\/06\/Budokwai_karate2.png\" \/>\n\t<meta property=\"og:image:width\" content=\"395\" \/>\n\t<meta property=\"og:image:height\" content=\"390\" \/>\n\t<meta property=\"og:image:type\" content=\"image\/png\" \/>\n<meta name=\"twitter:card\" content=\"summary_large_image\" \/>\n<meta name=\"twitter:label1\" content=\"Est. reading time\" \/>\n\t<meta name=\"twitter:data1\" content=\"1 minute\" \/>\n<script type=\"application\/ld+json\" class=\"yoast-schema-graph\">{\"@context\":\"https:\\\/\\\/schema.org\",\"@graph\":[{\"@type\":\"WebPage\",\"@id\":\"https:\\\/\\\/www.budokwai.fi\\\/karate\\\/kihon-kumite-yleista\\\/\",\"url\":\"https:\\\/\\\/www.budokwai.fi\\\/karate\\\/kihon-kumite-yleista\\\/\",\"name\":\"Kihon kumite yleist\u00e4 - Budokwai Karate\",\"isPartOf\":{\"@id\":\"https:\\\/\\\/www.budokwai.fi\\\/karate\\\/#website\"},\"datePublished\":\"2017-04-09T20:28:43+00:00\",\"breadcrumb\":{\"@id\":\"https:\\\/\\\/www.budokwai.fi\\\/karate\\\/kihon-kumite-yleista\\\/#breadcrumb\"},\"inLanguage\":\"en-US\",\"potentialAction\":[{\"@type\":\"ReadAction\",\"target\":[\"https:\\\/\\\/www.budokwai.fi\\\/karate\\\/kihon-kumite-yleista\\\/\"]}]},{\"@type\":\"BreadcrumbList\",\"@id\":\"https:\\\/\\\/www.budokwai.fi\\\/karate\\\/kihon-kumite-yleista\\\/#breadcrumb\",\"itemListElement\":[{\"@type\":\"ListItem\",\"position\":1,\"name\":\"Home\",\"item\":\"https:\\\/\\\/www.budokwai.fi\\\/karate\\\/\"},{\"@type\":\"ListItem\",\"position\":2,\"name\":\"Kihon kumite yleist\u00e4\"}]},{\"@type\":\"WebSite\",\"@id\":\"https:\\\/\\\/www.budokwai.fi\\\/karate\\\/#website\",\"url\":\"https:\\\/\\\/www.budokwai.fi\\\/karate\\\/\",\"name\":\"Budokwai Karate\",\"description\":\"Budokwai karate\",\"potentialAction\":[{\"@type\":\"SearchAction\",\"target\":{\"@type\":\"EntryPoint\",\"urlTemplate\":\"https:\\\/\\\/www.budokwai.fi\\\/karate\\\/?s={search_term_string}\"},\"query-input\":{\"@type\":\"PropertyValueSpecification\",\"valueRequired\":true,\"valueName\":\"search_term_string\"}}],\"inLanguage\":\"en-US\"}]}<\/script>\n<!-- \/ Yoast SEO plugin. -->","yoast_head_json":{"title":"Kihon kumite yleist\u00e4 - Budokwai Karate","robots":{"index":"index","follow":"follow","max-snippet":"max-snippet:-1","max-image-preview":"max-image-preview:large","max-video-preview":"max-video-preview:-1"},"canonical":"https:\/\/www.budokwai.fi\/karate\/kihon-kumite-yleista\/","og_locale":"fi_FI","og_type":"article","og_title":"Kihon kumite yleist\u00e4 - Budokwai Karate","og_description":"PERUSTEKNIIKKAOTTELU (KIHON KUMITE) Kihon Kumite \u2013pariharjoitteissa tulee parhaiten esille Wadoryu \u2013tyylisuunnalle ominainen liikkuminen, v\u00e4ist\u00f6 hy\u00f6kk\u00e4yslinjalta ja samanaikaisesti suoritettava torjunta ja vastahy\u00f6kk\u00e4ys. Kihon Kumite \u2013pariharjoitteiden avulla harjoiteltaessa tavoitteena on oppia oikean et\u00e4isyyden k\u00e4ytt\u00e4minen. Tavoitteena on my\u00f6s kehitt\u00e4\u00e4 taloudellista, tehokasta ja tasapainoista tekniikan suoritustapaa ja liikkumista. Kihon Kumite \u2013pariharjoitteiden alussa suoritetaan muiden pariharjoitteiden tapaan kumarrukset, joiden j\u00e4lkeen... Lue lis\u00e4\u00e4 &raquo;","og_url":"https:\/\/www.budokwai.fi\/karate\/kihon-kumite-yleista\/","og_site_name":"Budokwai Karate","article_publisher":"https:\/\/www.facebook.com\/budokwaikarateturku\/","og_image":[{"width":395,"height":390,"url":"https:\/\/www.budokwai.fi\/karate\/wp\/wp-content\/uploads\/2017\/06\/Budokwai_karate2.png","type":"image\/png"}],"twitter_card":"summary_large_image","twitter_misc":{"Est. reading time":"1 minute"},"schema":{"@context":"https:\/\/schema.org","@graph":[{"@type":"WebPage","@id":"https:\/\/www.budokwai.fi\/karate\/kihon-kumite-yleista\/","url":"https:\/\/www.budokwai.fi\/karate\/kihon-kumite-yleista\/","name":"Kihon kumite yleist\u00e4 - Budokwai Karate","isPartOf":{"@id":"https:\/\/www.budokwai.fi\/karate\/#website"},"datePublished":"2017-04-09T20:28:43+00:00","breadcrumb":{"@id":"https:\/\/www.budokwai.fi\/karate\/kihon-kumite-yleista\/#breadcrumb"},"inLanguage":"en-US","potentialAction":[{"@type":"ReadAction","target":["https:\/\/www.budokwai.fi\/karate\/kihon-kumite-yleista\/"]}]},{"@type":"BreadcrumbList","@id":"https:\/\/www.budokwai.fi\/karate\/kihon-kumite-yleista\/#breadcrumb","itemListElement":[{"@type":"ListItem","position":1,"name":"Home","item":"https:\/\/www.budokwai.fi\/karate\/"},{"@type":"ListItem","position":2,"name":"Kihon kumite yleist\u00e4"}]},{"@type":"WebSite","@id":"https:\/\/www.budokwai.fi\/karate\/#website","url":"https:\/\/www.budokwai.fi\/karate\/","name":"Budokwai Karate","description":"Budokwai karate","potentialAction":[{"@type":"SearchAction","target":{"@type":"EntryPoint","urlTemplate":"https:\/\/www.budokwai.fi\/karate\/?s={search_term_string}"},"query-input":{"@type":"PropertyValueSpecification","valueRequired":true,"valueName":"search_term_string"}}],"inLanguage":"en-US"}]}},"_links":{"self":[{"href":"https:\/\/www.budokwai.fi\/karate\/wp-json\/wp\/v2\/pages\/1335","targetHints":{"allow":["GET"]}}],"collection":[{"href":"https:\/\/www.budokwai.fi\/karate\/wp-json\/wp\/v2\/pages"}],"about":[{"href":"https:\/\/www.budokwai.fi\/karate\/wp-json\/wp\/v2\/types\/page"}],"author":[{"embeddable":true,"href":"https:\/\/www.budokwai.fi\/karate\/wp-json\/wp\/v2\/users\/3"}],"replies":[{"embeddable":true,"href":"https:\/\/www.budokwai.fi\/karate\/wp-json\/wp\/v2\/comments?post=1335"}],"version-history":[{"count":1,"href":"https:\/\/www.budokwai.fi\/karate\/wp-json\/wp\/v2\/pages\/1335\/revisions"}],"predecessor-version":[{"id":1336,"href":"https:\/\/www.budokwai.fi\/karate\/wp-json\/wp\/v2\/pages\/1335\/revisions\/1336"}],"wp:attachment":[{"href":"https:\/\/www.budokwai.fi\/karate\/wp-json\/wp\/v2\/media?parent=1335"}],"curies":[{"name":"wp","href":"https:\/\/api.w.org\/{rel}","templated":true}]}}