{"id":113,"date":"2015-10-14T22:48:09","date_gmt":"2015-10-14T19:48:09","guid":{"rendered":"http:\/\/www.budokwai.fi\/karate\/wp\/?page_id=113"},"modified":"2026-03-15T21:20:24","modified_gmt":"2026-03-15T19:20:24","slug":"aikuisten-peruskurssi","status":"publish","type":"page","link":"https:\/\/www.budokwai.fi\/karate\/aikuisten-peruskurssi\/","title":{"rendered":"Budokwai karaten aikuisten peruskurssi kev\u00e4\u00e4ll\u00e4 2026"},"content":{"rendered":"\n<p>Kev\u00e4\u00e4n 2026 uusi peruskurssi:<\/p>\n\n\n\n<p>Harjoitukset pidet\u00e4\u00e4n:<br> maanantaisin klo 20.15-21.30<br> torstaisin klo 19.45 &#8211; 21.00<\/p>\n\n\n\n<ul class=\"wp-block-list\">\n<li>Kurssin alaik\u00e4raja on 15 vuotta. Yl\u00e4ik\u00e4rajaa ei ole, joten my\u00f6s sin\u00e4 20, 30, 40 tai 50 -vuotias mies tai nainen &#8211; aloita uusi harrastus!<\/li>\n\n\n\n<li>Kurssi alkaa <strong>ma 2.2.2026 klo 20.15<\/strong>. <br>Viikon toinen harjoitus on torstaisin <strong>klo 19.45-21.00<\/strong>.<br>Peruskurssi kest\u00e4\u00e4 6 viikkoa, jonka j\u00e4lkeen harjoitukset jatkuvat jatkoryhm\u00e4ss\u00e4 loppuvuoden. <br><\/li>\n\n\n\n<li>Kurssin hinta on 50 \u20ac . Voit tutustua lajiin ensimm\u00e4isiss\u00e4 harjoituksissa ilman maksuja.<br>Samalla kurssimaksulla voit jatkaa harjoittelua peruskurssin j\u00e4lkeen kev\u00e4\u00e4n loppuun saakka.<br>Kurssin hintaan kuuluu keltaisenvy\u00f6n vy\u00f6koemaksu.<\/li>\n\n\n\n<li>Kurssin kouluttajina toimivat Karateliiton kouluttamat ohjaajat.<\/li>\n\n\n\n<li>Harjoituspaikka on Budokwain harjoitussali Uhril\u00e4hteenkatu 2:ssa<\/li>\n\n\n\n<li>Kurssin kuvaus l\u00f6ytyy <a href=\"http:\/\/www.budokwai.fi\/karate\/aikuiset\/\" target=\"_blank\" rel=\"noopener noreferrer\">t\u00e4\u00e4lt\u00e4.<\/a><\/li>\n\n\n\n<li>Kurssille voit ilmoittautua <a href=\"http:\/\/www.budokwai.fi\/karate\/peruskurssille_ilmoittautuminen\/\" target=\"_blank\" rel=\"noopener noreferrer\">t\u00e4\u00e4ll\u00e4<\/a>.<\/li>\n\n\n\n<li>Ennakkoilmoittautuminen web -lomakkeen kautta on pakollista. Kurssi pidet\u00e4\u00e4n kun ilmoittautuneita on v\u00e4hint\u00e4\u00e4n 10.<\/li>\n\n\n\n<li>Harjoitusasu on verryttelyhousut ja t-paita. Ei kenki\u00e4.<\/li>\n\n\n\n<li>Lis\u00e4tietoja antaa Mika Rintam\u00e4ki 050-3291855 (iltaisin)<\/li>\n<\/ul>\n","protected":false},"excerpt":{"rendered":"<p>Kev\u00e4\u00e4n 2026 uusi peruskurssi: Harjoitukset pidet\u00e4\u00e4n: maanantaisin klo 20.15-21.30 torstaisin klo 19.45 &#8211; 21.00<\/p>\n","protected":false},"author":3,"featured_media":459,"parent":0,"menu_order":0,"comment_status":"closed","ping_status":"closed","template":"","meta":{"_acf_changed":false,"_monsterinsights_skip_tracking":false,"_monsterinsights_sitenote_active":false,"_monsterinsights_sitenote_note":"","_monsterinsights_sitenote_category":0,"footnotes":""},"class_list":["post-113","page","type-page","status-publish","has-post-thumbnail","hentry"],"acf":[],"yoast_head":"<!-- This site is optimized with the Yoast SEO plugin v27.4 - https:\/\/yoast.com\/product\/yoast-seo-wordpress\/ -->\n<title>Budokwai karaten aikuisten peruskurssi kev\u00e4\u00e4ll\u00e4 2026 - Budokwai Karate<\/title>\n<meta name=\"robots\" content=\"index, follow, max-snippet:-1, max-image-preview:large, max-video-preview:-1\" \/>\n<link rel=\"canonical\" href=\"https:\/\/www.budokwai.fi\/karate\/aikuisten-peruskurssi\/\" \/>\n<meta property=\"og:locale\" content=\"fi_FI\" \/>\n<meta property=\"og:type\" content=\"article\" \/>\n<meta property=\"og:title\" content=\"Budokwai karaten aikuisten peruskurssi kev\u00e4\u00e4ll\u00e4 2026 - Budokwai Karate\" \/>\n<meta property=\"og:description\" content=\"Kev\u00e4\u00e4n 2026 uusi peruskurssi: Harjoitukset pidet\u00e4\u00e4n: maanantaisin klo 20.15-21.30 torstaisin klo 19.45 &#8211; 21.00\" \/>\n<meta property=\"og:url\" content=\"https:\/\/www.budokwai.fi\/karate\/aikuisten-peruskurssi\/\" \/>\n<meta property=\"og:site_name\" content=\"Budokwai Karate\" \/>\n<meta property=\"article:publisher\" content=\"https:\/\/www.facebook.com\/budokwaikarateturku\/\" \/>\n<meta property=\"article:modified_time\" content=\"2026-03-15T19:20:24+00:00\" \/>\n<meta property=\"og:image\" content=\"http:\/\/www.budokwai.fi\/karate\/wp\/wp-content\/uploads\/2015\/10\/main_page_start3.jpg\" \/>\n\t<meta property=\"og:image:width\" content=\"540\" \/>\n\t<meta property=\"og:image:height\" content=\"376\" \/>\n\t<meta property=\"og:image:type\" content=\"image\/jpeg\" \/>\n<meta name=\"twitter:card\" content=\"summary_large_image\" \/>\n<meta name=\"twitter:label1\" content=\"Est. reading time\" \/>\n\t<meta name=\"twitter:data1\" content=\"1 minute\" \/>\n<script type=\"application\/ld+json\" class=\"yoast-schema-graph\">{\"@context\":\"https:\\\/\\\/schema.org\",\"@graph\":[{\"@type\":\"WebPage\",\"@id\":\"https:\\\/\\\/www.budokwai.fi\\\/karate\\\/aikuisten-peruskurssi\\\/\",\"url\":\"https:\\\/\\\/www.budokwai.fi\\\/karate\\\/aikuisten-peruskurssi\\\/\",\"name\":\"Budokwai karaten aikuisten peruskurssi kev\u00e4\u00e4ll\u00e4 2026 - Budokwai Karate\",\"isPartOf\":{\"@id\":\"https:\\\/\\\/www.budokwai.fi\\\/karate\\\/#website\"},\"primaryImageOfPage\":{\"@id\":\"https:\\\/\\\/www.budokwai.fi\\\/karate\\\/aikuisten-peruskurssi\\\/#primaryimage\"},\"image\":{\"@id\":\"https:\\\/\\\/www.budokwai.fi\\\/karate\\\/aikuisten-peruskurssi\\\/#primaryimage\"},\"thumbnailUrl\":\"https:\\\/\\\/www.budokwai.fi\\\/karate\\\/wp\\\/wp-content\\\/uploads\\\/2015\\\/10\\\/main_page_start3.jpg\",\"datePublished\":\"2015-10-14T19:48:09+00:00\",\"dateModified\":\"2026-03-15T19:20:24+00:00\",\"breadcrumb\":{\"@id\":\"https:\\\/\\\/www.budokwai.fi\\\/karate\\\/aikuisten-peruskurssi\\\/#breadcrumb\"},\"inLanguage\":\"en-US\",\"potentialAction\":[{\"@type\":\"ReadAction\",\"target\":[\"https:\\\/\\\/www.budokwai.fi\\\/karate\\\/aikuisten-peruskurssi\\\/\"]}]},{\"@type\":\"ImageObject\",\"inLanguage\":\"en-US\",\"@id\":\"https:\\\/\\\/www.budokwai.fi\\\/karate\\\/aikuisten-peruskurssi\\\/#primaryimage\",\"url\":\"https:\\\/\\\/www.budokwai.fi\\\/karate\\\/wp\\\/wp-content\\\/uploads\\\/2015\\\/10\\\/main_page_start3.jpg\",\"contentUrl\":\"https:\\\/\\\/www.budokwai.fi\\\/karate\\\/wp\\\/wp-content\\\/uploads\\\/2015\\\/10\\\/main_page_start3.jpg\",\"width\":540,\"height\":376},{\"@type\":\"BreadcrumbList\",\"@id\":\"https:\\\/\\\/www.budokwai.fi\\\/karate\\\/aikuisten-peruskurssi\\\/#breadcrumb\",\"itemListElement\":[{\"@type\":\"ListItem\",\"position\":1,\"name\":\"Home\",\"item\":\"https:\\\/\\\/www.budokwai.fi\\\/karate\\\/\"},{\"@type\":\"ListItem\",\"position\":2,\"name\":\"Budokwai karaten aikuisten peruskurssi kev\u00e4\u00e4ll\u00e4 2026\"}]},{\"@type\":\"WebSite\",\"@id\":\"https:\\\/\\\/www.budokwai.fi\\\/karate\\\/#website\",\"url\":\"https:\\\/\\\/www.budokwai.fi\\\/karate\\\/\",\"name\":\"Budokwai Karate\",\"description\":\"Budokwai karate\",\"potentialAction\":[{\"@type\":\"SearchAction\",\"target\":{\"@type\":\"EntryPoint\",\"urlTemplate\":\"https:\\\/\\\/www.budokwai.fi\\\/karate\\\/?s={search_term_string}\"},\"query-input\":{\"@type\":\"PropertyValueSpecification\",\"valueRequired\":true,\"valueName\":\"search_term_string\"}}],\"inLanguage\":\"en-US\"}]}<\/script>\n<!-- \/ Yoast SEO plugin. -->","yoast_head_json":{"title":"Budokwai karaten aikuisten peruskurssi kev\u00e4\u00e4ll\u00e4 2026 - Budokwai Karate","robots":{"index":"index","follow":"follow","max-snippet":"max-snippet:-1","max-image-preview":"max-image-preview:large","max-video-preview":"max-video-preview:-1"},"canonical":"https:\/\/www.budokwai.fi\/karate\/aikuisten-peruskurssi\/","og_locale":"fi_FI","og_type":"article","og_title":"Budokwai karaten aikuisten peruskurssi kev\u00e4\u00e4ll\u00e4 2026 - Budokwai Karate","og_description":"Kev\u00e4\u00e4n 2026 uusi peruskurssi: Harjoitukset pidet\u00e4\u00e4n: maanantaisin klo 20.15-21.30 torstaisin klo 19.45 &#8211; 21.00","og_url":"https:\/\/www.budokwai.fi\/karate\/aikuisten-peruskurssi\/","og_site_name":"Budokwai Karate","article_publisher":"https:\/\/www.facebook.com\/budokwaikarateturku\/","article_modified_time":"2026-03-15T19:20:24+00:00","og_image":[{"width":540,"height":376,"url":"http:\/\/www.budokwai.fi\/karate\/wp\/wp-content\/uploads\/2015\/10\/main_page_start3.jpg","type":"image\/jpeg"}],"twitter_card":"summary_large_image","twitter_misc":{"Est. reading time":"1 minute"},"schema":{"@context":"https:\/\/schema.org","@graph":[{"@type":"WebPage","@id":"https:\/\/www.budokwai.fi\/karate\/aikuisten-peruskurssi\/","url":"https:\/\/www.budokwai.fi\/karate\/aikuisten-peruskurssi\/","name":"Budokwai karaten aikuisten peruskurssi kev\u00e4\u00e4ll\u00e4 2026 - Budokwai Karate","isPartOf":{"@id":"https:\/\/www.budokwai.fi\/karate\/#website"},"primaryImageOfPage":{"@id":"https:\/\/www.budokwai.fi\/karate\/aikuisten-peruskurssi\/#primaryimage"},"image":{"@id":"https:\/\/www.budokwai.fi\/karate\/aikuisten-peruskurssi\/#primaryimage"},"thumbnailUrl":"https:\/\/www.budokwai.fi\/karate\/wp\/wp-content\/uploads\/2015\/10\/main_page_start3.jpg","datePublished":"2015-10-14T19:48:09+00:00","dateModified":"2026-03-15T19:20:24+00:00","breadcrumb":{"@id":"https:\/\/www.budokwai.fi\/karate\/aikuisten-peruskurssi\/#breadcrumb"},"inLanguage":"en-US","potentialAction":[{"@type":"ReadAction","target":["https:\/\/www.budokwai.fi\/karate\/aikuisten-peruskurssi\/"]}]},{"@type":"ImageObject","inLanguage":"en-US","@id":"https:\/\/www.budokwai.fi\/karate\/aikuisten-peruskurssi\/#primaryimage","url":"https:\/\/www.budokwai.fi\/karate\/wp\/wp-content\/uploads\/2015\/10\/main_page_start3.jpg","contentUrl":"https:\/\/www.budokwai.fi\/karate\/wp\/wp-content\/uploads\/2015\/10\/main_page_start3.jpg","width":540,"height":376},{"@type":"BreadcrumbList","@id":"https:\/\/www.budokwai.fi\/karate\/aikuisten-peruskurssi\/#breadcrumb","itemListElement":[{"@type":"ListItem","position":1,"name":"Home","item":"https:\/\/www.budokwai.fi\/karate\/"},{"@type":"ListItem","position":2,"name":"Budokwai karaten aikuisten peruskurssi kev\u00e4\u00e4ll\u00e4 2026"}]},{"@type":"WebSite","@id":"https:\/\/www.budokwai.fi\/karate\/#website","url":"https:\/\/www.budokwai.fi\/karate\/","name":"Budokwai Karate","description":"Budokwai karate","potentialAction":[{"@type":"SearchAction","target":{"@type":"EntryPoint","urlTemplate":"https:\/\/www.budokwai.fi\/karate\/?s={search_term_string}"},"query-input":{"@type":"PropertyValueSpecification","valueRequired":true,"valueName":"search_term_string"}}],"inLanguage":"en-US"}]}},"_links":{"self":[{"href":"https:\/\/www.budokwai.fi\/karate\/wp-json\/wp\/v2\/pages\/113","targetHints":{"allow":["GET"]}}],"collection":[{"href":"https:\/\/www.budokwai.fi\/karate\/wp-json\/wp\/v2\/pages"}],"about":[{"href":"https:\/\/www.budokwai.fi\/karate\/wp-json\/wp\/v2\/types\/page"}],"author":[{"embeddable":true,"href":"https:\/\/www.budokwai.fi\/karate\/wp-json\/wp\/v2\/users\/3"}],"replies":[{"embeddable":true,"href":"https:\/\/www.budokwai.fi\/karate\/wp-json\/wp\/v2\/comments?post=113"}],"version-history":[{"count":40,"href":"https:\/\/www.budokwai.fi\/karate\/wp-json\/wp\/v2\/pages\/113\/revisions"}],"predecessor-version":[{"id":4610,"href":"https:\/\/www.budokwai.fi\/karate\/wp-json\/wp\/v2\/pages\/113\/revisions\/4610"}],"wp:featuredmedia":[{"embeddable":true,"href":"https:\/\/www.budokwai.fi\/karate\/wp-json\/wp\/v2\/media\/459"}],"wp:attachment":[{"href":"https:\/\/www.budokwai.fi\/karate\/wp-json\/wp\/v2\/media?parent=113"}],"curies":[{"name":"wp","href":"https:\/\/api.w.org\/{rel}","templated":true}]}}